{"id":100733,"date":"2021-05-18T09:52:07","date_gmt":"2021-05-18T09:52:10","guid":{"rendered":"https:\/\/www.erresse-shop.it\/?post_type=product&#038;p=100733"},"modified":"2025-01-13T15:00:41","modified_gmt":"2025-01-13T15:00:41","slug":"taitu-theiere-mer","status":"publish","type":"product","link":"https:\/\/www.erresse-shop.it\/fr\/shop\/table-fr-2\/tasses\/theieres-sucriers-pots-a-lait\/taitu-theiere-mer\/","title":{"rendered":"TAIT\u00d9 Mare Th\u00e9i\u00e8re"},"content":{"rendered":"<p><strong>Peint \u00e0 la main<br \/>\nMat\u00e9rial:<\/strong> Fine Bone China<\/p>\n<p><strong>La mer avec vous, o\u00f9 que vous soyez !<\/strong><br \/>\nNous voulons la mer (<strong>MARE<\/strong>) de plus en plus ! Pour l&#8217;\u00e9t\u00e9 2021, <strong>TAIT\u00d9<\/strong> \u00e9largit sa collection, un Best Seller mondial, avec 3 accessoires de table inspir\u00e9s par l&#8217;irr\u00e9sistible envie d&#8217;avoir la mer chez soi. Des objets de grand impact et sc\u00e9niques, \u00e0 vivre et \u00e0 partager, pour apporter la mer o\u00f9 que vous soyez. La collection <strong>MARE<\/strong> devient ainsi encore plus pr\u00e9cieuse et luxueuse, pour la maison en ville ou au bord de la mer, \u00e0 vivre toute l&#8217;ann\u00e9e. Pour r\u00eaver et se sentir libre dans un monde sous-marin plein de charme et de joie de vivre.<\/p>\n","protected":false},"excerpt":{"rendered":"<p>Peint \u00e0 la main Mat\u00e9rial: Fine Bone China La mer avec vous, o\u00f9 que vous soyez ! Nous voulons la<\/p>\n","protected":false},"featured_media":100763,"template":"","meta":{"_acf_changed":false,"inline_featured_image":false},"product_cat":[12782,12760],"product_tag":[25086,23910,13555,23690,25021,24397,15421,14282,21821],"acf":[],"yoast_head":"<!-- This site is optimized with the Yoast SEO Premium plugin v18.6 (Yoast SEO v19.13) - https:\/\/yoast.com\/wordpress\/plugins\/seo\/ -->\n<title>TAIT\u00d9 Mare Th\u00e9i\u00e8re<\/title>\n<meta name=\"description\" content=\"D\u00e9couvrez TAIT\u00d9 Mare Th\u00e9i\u00e8re sur ErresseShop. Qualit\u00e9, prix r\u00e9duits et achat s\u00e9curis\u00e9 \u2013 commandez d\u00e8s maintenant en ligne !\" \/>\n<meta name=\"robots\" content=\"index, follow, max-snippet:-1, max-image-preview:large, max-video-preview:-1\" \/>\n<link rel=\"canonical\" href=\"https:\/\/www.erresse-shop.it\/fr\/shop\/table-fr-2\/tasses\/theieres-sucriers-pots-a-lait\/taitu-theiere-mer\/\" \/>\n<meta property=\"og:locale\" content=\"fr_FR\" \/>\n<meta property=\"og:type\" content=\"article\" \/>\n<meta property=\"og:title\" content=\"TAIT\u00d9 Mare Th\u00e9i\u00e8re\" \/>\n<meta property=\"og:description\" content=\"D\u00e9couvrez TAIT\u00d9 Mare Th\u00e9i\u00e8re sur ErresseShop. Qualit\u00e9, prix r\u00e9duits et achat s\u00e9curis\u00e9 \u2013 commandez d\u00e8s maintenant en ligne !\" \/>\n<meta property=\"og:url\" content=\"https:\/\/www.erresse-shop.it\/fr\/shop\/table-fr-2\/tasses\/theieres-sucriers-pots-a-lait\/taitu-theiere-mer\/\" \/>\n<meta property=\"og:site_name\" content=\"Erresse Shop\" \/>\n<meta property=\"article:modified_time\" content=\"2025-01-13T15:00:41+00:00\" \/>\n<meta property=\"og:image\" content=\"https:\/\/www.erresse-shop.it\/wp-content\/uploads\/2021\/05\/TAITU-Mare-Teiera.jpg\" \/>\n\t<meta property=\"og:image:width\" content=\"1000\" \/>\n\t<meta property=\"og:image:height\" content=\"1000\" \/>\n\t<meta property=\"og:image:type\" content=\"image\/jpeg\" \/>\n<meta name=\"twitter:card\" content=\"summary_large_image\" \/>\n<script type=\"application\/ld+json\" class=\"yoast-schema-graph\">{\"@context\":\"https:\/\/schema.org\",\"@graph\":[{\"@type\":\"WebPage\",\"@id\":\"https:\/\/www.erresse-shop.it\/fr\/shop\/table-fr-2\/tasses\/theieres-sucriers-pots-a-lait\/taitu-theiere-mer\/\",\"url\":\"https:\/\/www.erresse-shop.it\/fr\/shop\/table-fr-2\/tasses\/theieres-sucriers-pots-a-lait\/taitu-theiere-mer\/\",\"name\":\"TAIT\u00d9 Mare Th\u00e9i\u00e8re\",\"isPartOf\":{\"@id\":\"https:\/\/www.erresse-shop.it\/fr\/#website\"},\"datePublished\":\"2021-05-18T09:52:10+00:00\",\"dateModified\":\"2025-01-13T15:00:41+00:00\",\"description\":\"D\u00e9couvrez TAIT\u00d9 Mare Th\u00e9i\u00e8re sur ErresseShop. Qualit\u00e9, prix r\u00e9duits et achat s\u00e9curis\u00e9 \u2013 commandez d\u00e8s maintenant en ligne !\",\"breadcrumb\":{\"@id\":\"https:\/\/www.erresse-shop.it\/fr\/shop\/table-fr-2\/tasses\/theieres-sucriers-pots-a-lait\/taitu-theiere-mer\/#breadcrumb\"},\"inLanguage\":\"fr-FR\",\"potentialAction\":[{\"@type\":\"ReadAction\",\"target\":[\"https:\/\/www.erresse-shop.it\/fr\/shop\/table-fr-2\/tasses\/theieres-sucriers-pots-a-lait\/taitu-theiere-mer\/\"]}]},{\"@type\":\"BreadcrumbList\",\"@id\":\"https:\/\/www.erresse-shop.it\/fr\/shop\/table-fr-2\/tasses\/theieres-sucriers-pots-a-lait\/taitu-theiere-mer\/#breadcrumb\",\"itemListElement\":[{\"@type\":\"ListItem\",\"position\":1,\"name\":\"Home\",\"item\":\"https:\/\/www.erresse-shop.it\/fr\/\"},{\"@type\":\"ListItem\",\"position\":2,\"name\":\"Shop\",\"item\":\"https:\/\/www.erresse-shop.it\/fr\/shop\/\"},{\"@type\":\"ListItem\",\"position\":3,\"name\":\"TAIT\u00d9 Mare Th\u00e9i\u00e8re\"}]},{\"@type\":\"WebSite\",\"@id\":\"https:\/\/www.erresse-shop.it\/fr\/#website\",\"url\":\"https:\/\/www.erresse-shop.it\/fr\/\",\"name\":\"Erresse Shop\",\"description\":\"Articoli di qualit\u00e0 per la casa\",\"potentialAction\":[{\"@type\":\"SearchAction\",\"target\":{\"@type\":\"EntryPoint\",\"urlTemplate\":\"https:\/\/www.erresse-shop.it\/fr\/?s={search_term_string}\"},\"query-input\":\"required name=search_term_string\"}],\"inLanguage\":\"fr-FR\"}]}<\/script>\n<!-- \/ Yoast SEO Premium plugin. -->","yoast_head_json":{"title":"TAIT\u00d9 Mare Th\u00e9i\u00e8re","description":"D\u00e9couvrez TAIT\u00d9 Mare Th\u00e9i\u00e8re sur ErresseShop. Qualit\u00e9, prix r\u00e9duits et achat s\u00e9curis\u00e9 \u2013 commandez d\u00e8s maintenant en ligne !","robots":{"index":"index","follow":"follow","max-snippet":"max-snippet:-1","max-image-preview":"max-image-preview:large","max-video-preview":"max-video-preview:-1"},"canonical":"https:\/\/www.erresse-shop.it\/fr\/shop\/table-fr-2\/tasses\/theieres-sucriers-pots-a-lait\/taitu-theiere-mer\/","og_locale":"fr_FR","og_type":"article","og_title":"TAIT\u00d9 Mare Th\u00e9i\u00e8re","og_description":"D\u00e9couvrez TAIT\u00d9 Mare Th\u00e9i\u00e8re sur ErresseShop. Qualit\u00e9, prix r\u00e9duits et achat s\u00e9curis\u00e9 \u2013 commandez d\u00e8s maintenant en ligne !","og_url":"https:\/\/www.erresse-shop.it\/fr\/shop\/table-fr-2\/tasses\/theieres-sucriers-pots-a-lait\/taitu-theiere-mer\/","og_site_name":"Erresse Shop","article_modified_time":"2025-01-13T15:00:41+00:00","og_image":[{"width":1000,"height":1000,"url":"https:\/\/www.erresse-shop.it\/wp-content\/uploads\/2021\/05\/TAITU-Mare-Teiera.jpg","type":"image\/jpeg"}],"twitter_card":"summary_large_image","schema":{"@context":"https:\/\/schema.org","@graph":[{"@type":"WebPage","@id":"https:\/\/www.erresse-shop.it\/fr\/shop\/table-fr-2\/tasses\/theieres-sucriers-pots-a-lait\/taitu-theiere-mer\/","url":"https:\/\/www.erresse-shop.it\/fr\/shop\/table-fr-2\/tasses\/theieres-sucriers-pots-a-lait\/taitu-theiere-mer\/","name":"TAIT\u00d9 Mare Th\u00e9i\u00e8re","isPartOf":{"@id":"https:\/\/www.erresse-shop.it\/fr\/#website"},"datePublished":"2021-05-18T09:52:10+00:00","dateModified":"2025-01-13T15:00:41+00:00","description":"D\u00e9couvrez TAIT\u00d9 Mare Th\u00e9i\u00e8re sur ErresseShop. Qualit\u00e9, prix r\u00e9duits et achat s\u00e9curis\u00e9 \u2013 commandez d\u00e8s maintenant en ligne !","breadcrumb":{"@id":"https:\/\/www.erresse-shop.it\/fr\/shop\/table-fr-2\/tasses\/theieres-sucriers-pots-a-lait\/taitu-theiere-mer\/#breadcrumb"},"inLanguage":"fr-FR","potentialAction":[{"@type":"ReadAction","target":["https:\/\/www.erresse-shop.it\/fr\/shop\/table-fr-2\/tasses\/theieres-sucriers-pots-a-lait\/taitu-theiere-mer\/"]}]},{"@type":"BreadcrumbList","@id":"https:\/\/www.erresse-shop.it\/fr\/shop\/table-fr-2\/tasses\/theieres-sucriers-pots-a-lait\/taitu-theiere-mer\/#breadcrumb","itemListElement":[{"@type":"ListItem","position":1,"name":"Home","item":"https:\/\/www.erresse-shop.it\/fr\/"},{"@type":"ListItem","position":2,"name":"Shop","item":"https:\/\/www.erresse-shop.it\/fr\/shop\/"},{"@type":"ListItem","position":3,"name":"TAIT\u00d9 Mare Th\u00e9i\u00e8re"}]},{"@type":"WebSite","@id":"https:\/\/www.erresse-shop.it\/fr\/#website","url":"https:\/\/www.erresse-shop.it\/fr\/","name":"Erresse Shop","description":"Articoli di qualit\u00e0 per la casa","potentialAction":[{"@type":"SearchAction","target":{"@type":"EntryPoint","urlTemplate":"https:\/\/www.erresse-shop.it\/fr\/?s={search_term_string}"},"query-input":"required name=search_term_string"}],"inLanguage":"fr-FR"}]}},"df_price":90.75000000000001,"df_sale_price":90.75000000000001,"df_regular_price":165,"df_image_link":"https:\/\/www.erresse-shop.it\/wp-content\/uploads\/2021\/05\/TAITU-Mare-Teiera-300x300.jpg","_links":{"self":[{"href":"https:\/\/www.erresse-shop.it\/fr\/wp-json\/wp\/v2\/product\/100733"}],"collection":[{"href":"https:\/\/www.erresse-shop.it\/fr\/wp-json\/wp\/v2\/product"}],"about":[{"href":"https:\/\/www.erresse-shop.it\/fr\/wp-json\/wp\/v2\/types\/product"}],"wp:featuredmedia":[{"embeddable":true,"href":"https:\/\/www.erresse-shop.it\/fr\/wp-json\/wp\/v2\/media\/100763"}],"wp:attachment":[{"href":"https:\/\/www.erresse-shop.it\/fr\/wp-json\/wp\/v2\/media?parent=100733"}],"wp:term":[{"taxonomy":"product_cat","embeddable":true,"href":"https:\/\/www.erresse-shop.it\/fr\/wp-json\/wp\/v2\/product_cat?post=100733"},{"taxonomy":"product_tag","embeddable":true,"href":"https:\/\/www.erresse-shop.it\/fr\/wp-json\/wp\/v2\/product_tag?post=100733"}],"curies":[{"name":"wp","href":"https:\/\/api.w.org\/{rel}","templated":true}]}}