{"id":100209,"date":"2021-05-14T13:12:31","date_gmt":"2021-05-14T13:12:34","guid":{"rendered":"https:\/\/www.erresse-shop.it\/?post_type=product&#038;p=100209"},"modified":"2025-01-13T15:00:14","modified_gmt":"2025-01-13T15:00:14","slug":"zwilling-jeu-de-4-couteaux-a-steak-pro","status":"publish","type":"product","link":"https:\/\/www.erresse-shop.it\/fr\/shop\/cuisine\/couteaux\/zwilling-jeu-de-4-couteaux-a-steak-pro\/","title":{"rendered":"ZWILLING Jeu de 4 couteaux \u00e0 steak PRO"},"content":{"rendered":"<p>Les 4 couteaux \u00e0 steak <strong>ZWILLING<\/strong> de ce set sont de haute qualit\u00e9 et durables. Ils peuvent \u00eatre utilis\u00e9s pour d\u00e9couper un steak de b\u0153uf juteux cuit \u00e0 la po\u00eale, un steak marin\u00e9 cuit au barbecue ou une c\u00f4telette de veau. Ils peuvent couper de d\u00e9licieux steaks de barbecue et d&#8217;autres aliments saut\u00e9s avec facilit\u00e9. Le design classique \u00e0 trois rivets donne \u00e0 ces magnifiques articles de cuisine un aspect accrocheur. Gr\u00e2ce \u00e0 l&#8217;aff\u00fbtage en deux phases du tranchant en V, ces couteaux garantissent une performance de coupe excellente et inchang\u00e9e ainsi qu&#8217;un excellent tranchant. Le mat\u00e9riau n&#8217;alt\u00e8re pas le go\u00fbt et r\u00e9siste \u00e0 la corrosion. Ces couteaux r\u00e9sistants aux chocs sont incroyablement r\u00e9sistants \u00e0 l&#8217;usure et robustes. Gr\u00e2ce aux lames tranchantes de ce set, vous aurez toujours les bons couteaux \u00e0 port\u00e9e de main. Le bord aff\u00fbt\u00e9 de la lame, la surface de coupe lisse et le manche en ABS de haute qualit\u00e9 conf\u00e8rent aux couteaux un aspect attrayant. Les couteaux SIGMAFORGE sont forg\u00e9s \u00e0 partir d&#8217;une seule pi\u00e8ce d&#8217;acier selon un proc\u00e9d\u00e9 sp\u00e9cial qui permet d&#8217;obtenir une r\u00e9tention du tranchant, une flexibilit\u00e9 et une duret\u00e9 extraordinaires. Gr\u00e2ce \u00e0 la forme sp\u00e9ciale du manche, les couteaux sont faciles \u00e0 manier et s\u00fbrs \u00e0 utiliser. Ce set ZWILLING\u00ae Pro vous offre une collection de couteaux \u00e0 steak de premi\u00e8re classe que vous pouvez utiliser sur la table tous les jours ou lors d&#8217;occasions sp\u00e9ciales.<br \/>\n&#8211; Le renfort incurv\u00e9 favorise une coupe plus pr\u00e9cise, plus s\u00fbre et plus confortable.<br \/>\n&#8211; La poign\u00e9e en POM est durable et r\u00e9sistante<br \/>\n&#8211; Le couteau SIGMAFORGE est forg\u00e9 \u00e0 partir d&#8217;une seule pi\u00e8ce d&#8217;acier inoxydable NO STAIN de formule sp\u00e9ciale \u00e0 haute teneur en carbone.<br \/>\n&#8211; Lame FRIODUR\u00ae \u00e0 durcissement cryog\u00e9nique offrant une durabilit\u00e9 et une r\u00e9sistance \u00e0 la corrosion exceptionnelles<br \/>\n&#8211; La lame aff\u00fbt\u00e9e avec pr\u00e9cision et le bord contr\u00f4l\u00e9 par laser offrent un angle de coupe id\u00e9al ainsi qu&#8217;un tranchant et une durabilit\u00e9.<br \/>\n&#8211; La tige et le manche sont compl\u00e9t\u00e9s par 3 rivets pour une stabilit\u00e9 optimale.<br \/>\n&#8211; Lavable au lave-vaisselle, lavage \u00e0 la main recommand\u00e9<br \/>\n&#8211; Fabriqu\u00e9 en Allemagne<\/p>\n","protected":false},"excerpt":{"rendered":"<p>Les 4 couteaux \u00e0 steak ZWILLING de ce set sont de haute qualit\u00e9 et durables. Ils peuvent \u00eatre utilis\u00e9s pour<\/p>\n","protected":false},"featured_media":100214,"template":"","meta":{"_acf_changed":false,"inline_featured_image":false},"product_cat":[12742,14452,12748],"product_tag":[12838,12839,13621,15400,24603,15403,15401,15402],"acf":[],"yoast_head":"<!-- This site is optimized with the Yoast SEO Premium plugin v18.6 (Yoast SEO v19.13) - https:\/\/yoast.com\/wordpress\/plugins\/seo\/ -->\n<title>ZWILLING Jeu de 4 couteaux \u00e0 steak PRO<\/title>\n<meta name=\"description\" content=\"D\u00e9couvrez ZWILLING Jeu de 4 couteaux \u00e0 steak PRO sur ErresseShop. Qualit\u00e9, prix r\u00e9duits et achat s\u00e9curis\u00e9 \u2013 commandez d\u00e8s maintenant en ligne !\" \/>\n<meta name=\"robots\" content=\"index, follow, max-snippet:-1, max-image-preview:large, max-video-preview:-1\" \/>\n<link rel=\"canonical\" href=\"https:\/\/www.erresse-shop.it\/fr\/shop\/cuisine\/couteaux\/zwilling-jeu-de-4-couteaux-a-steak-pro\/\" \/>\n<meta property=\"og:locale\" content=\"fr_FR\" \/>\n<meta property=\"og:type\" content=\"article\" \/>\n<meta property=\"og:title\" content=\"ZWILLING Jeu de 4 couteaux \u00e0 steak PRO\" \/>\n<meta property=\"og:description\" content=\"D\u00e9couvrez ZWILLING Jeu de 4 couteaux \u00e0 steak PRO sur ErresseShop. Qualit\u00e9, prix r\u00e9duits et achat s\u00e9curis\u00e9 \u2013 commandez d\u00e8s maintenant en ligne !\" \/>\n<meta property=\"og:url\" content=\"https:\/\/www.erresse-shop.it\/fr\/shop\/cuisine\/couteaux\/zwilling-jeu-de-4-couteaux-a-steak-pro\/\" \/>\n<meta property=\"og:site_name\" content=\"Erresse Shop\" \/>\n<meta property=\"article:modified_time\" content=\"2025-01-13T15:00:14+00:00\" \/>\n<meta property=\"og:image\" content=\"https:\/\/www.erresse-shop.it\/wp-content\/uploads\/2021\/05\/38430-002-0_1.jpg\" \/>\n\t<meta property=\"og:image:width\" content=\"1350\" \/>\n\t<meta property=\"og:image:height\" content=\"1350\" \/>\n\t<meta property=\"og:image:type\" content=\"image\/jpeg\" \/>\n<meta name=\"twitter:card\" content=\"summary_large_image\" \/>\n<script type=\"application\/ld+json\" class=\"yoast-schema-graph\">{\"@context\":\"https:\/\/schema.org\",\"@graph\":[{\"@type\":\"WebPage\",\"@id\":\"https:\/\/www.erresse-shop.it\/fr\/shop\/cuisine\/couteaux\/zwilling-jeu-de-4-couteaux-a-steak-pro\/\",\"url\":\"https:\/\/www.erresse-shop.it\/fr\/shop\/cuisine\/couteaux\/zwilling-jeu-de-4-couteaux-a-steak-pro\/\",\"name\":\"ZWILLING Jeu de 4 couteaux \u00e0 steak PRO\",\"isPartOf\":{\"@id\":\"https:\/\/www.erresse-shop.it\/fr\/#website\"},\"datePublished\":\"2021-05-14T13:12:34+00:00\",\"dateModified\":\"2025-01-13T15:00:14+00:00\",\"description\":\"D\u00e9couvrez ZWILLING Jeu de 4 couteaux \u00e0 steak PRO sur ErresseShop. Qualit\u00e9, prix r\u00e9duits et achat s\u00e9curis\u00e9 \u2013 commandez d\u00e8s maintenant en ligne !\",\"breadcrumb\":{\"@id\":\"https:\/\/www.erresse-shop.it\/fr\/shop\/cuisine\/couteaux\/zwilling-jeu-de-4-couteaux-a-steak-pro\/#breadcrumb\"},\"inLanguage\":\"fr-FR\",\"potentialAction\":[{\"@type\":\"ReadAction\",\"target\":[\"https:\/\/www.erresse-shop.it\/fr\/shop\/cuisine\/couteaux\/zwilling-jeu-de-4-couteaux-a-steak-pro\/\"]}]},{\"@type\":\"BreadcrumbList\",\"@id\":\"https:\/\/www.erresse-shop.it\/fr\/shop\/cuisine\/couteaux\/zwilling-jeu-de-4-couteaux-a-steak-pro\/#breadcrumb\",\"itemListElement\":[{\"@type\":\"ListItem\",\"position\":1,\"name\":\"Home\",\"item\":\"https:\/\/www.erresse-shop.it\/fr\/\"},{\"@type\":\"ListItem\",\"position\":2,\"name\":\"Shop\",\"item\":\"https:\/\/www.erresse-shop.it\/fr\/shop\/\"},{\"@type\":\"ListItem\",\"position\":3,\"name\":\"ZWILLING Jeu de 4 couteaux \u00e0 steak PRO\"}]},{\"@type\":\"WebSite\",\"@id\":\"https:\/\/www.erresse-shop.it\/fr\/#website\",\"url\":\"https:\/\/www.erresse-shop.it\/fr\/\",\"name\":\"Erresse Shop\",\"description\":\"Articoli di qualit\u00e0 per la casa\",\"potentialAction\":[{\"@type\":\"SearchAction\",\"target\":{\"@type\":\"EntryPoint\",\"urlTemplate\":\"https:\/\/www.erresse-shop.it\/fr\/?s={search_term_string}\"},\"query-input\":\"required name=search_term_string\"}],\"inLanguage\":\"fr-FR\"}]}<\/script>\n<!-- \/ Yoast SEO Premium plugin. -->","yoast_head_json":{"title":"ZWILLING Jeu de 4 couteaux \u00e0 steak PRO","description":"D\u00e9couvrez ZWILLING Jeu de 4 couteaux \u00e0 steak PRO sur ErresseShop. Qualit\u00e9, prix r\u00e9duits et achat s\u00e9curis\u00e9 \u2013 commandez d\u00e8s maintenant en ligne !","robots":{"index":"index","follow":"follow","max-snippet":"max-snippet:-1","max-image-preview":"max-image-preview:large","max-video-preview":"max-video-preview:-1"},"canonical":"https:\/\/www.erresse-shop.it\/fr\/shop\/cuisine\/couteaux\/zwilling-jeu-de-4-couteaux-a-steak-pro\/","og_locale":"fr_FR","og_type":"article","og_title":"ZWILLING Jeu de 4 couteaux \u00e0 steak PRO","og_description":"D\u00e9couvrez ZWILLING Jeu de 4 couteaux \u00e0 steak PRO sur ErresseShop. Qualit\u00e9, prix r\u00e9duits et achat s\u00e9curis\u00e9 \u2013 commandez d\u00e8s maintenant en ligne !","og_url":"https:\/\/www.erresse-shop.it\/fr\/shop\/cuisine\/couteaux\/zwilling-jeu-de-4-couteaux-a-steak-pro\/","og_site_name":"Erresse Shop","article_modified_time":"2025-01-13T15:00:14+00:00","og_image":[{"width":1350,"height":1350,"url":"https:\/\/www.erresse-shop.it\/wp-content\/uploads\/2021\/05\/38430-002-0_1.jpg","type":"image\/jpeg"}],"twitter_card":"summary_large_image","schema":{"@context":"https:\/\/schema.org","@graph":[{"@type":"WebPage","@id":"https:\/\/www.erresse-shop.it\/fr\/shop\/cuisine\/couteaux\/zwilling-jeu-de-4-couteaux-a-steak-pro\/","url":"https:\/\/www.erresse-shop.it\/fr\/shop\/cuisine\/couteaux\/zwilling-jeu-de-4-couteaux-a-steak-pro\/","name":"ZWILLING Jeu de 4 couteaux \u00e0 steak PRO","isPartOf":{"@id":"https:\/\/www.erresse-shop.it\/fr\/#website"},"datePublished":"2021-05-14T13:12:34+00:00","dateModified":"2025-01-13T15:00:14+00:00","description":"D\u00e9couvrez ZWILLING Jeu de 4 couteaux \u00e0 steak PRO sur ErresseShop. Qualit\u00e9, prix r\u00e9duits et achat s\u00e9curis\u00e9 \u2013 commandez d\u00e8s maintenant en ligne !","breadcrumb":{"@id":"https:\/\/www.erresse-shop.it\/fr\/shop\/cuisine\/couteaux\/zwilling-jeu-de-4-couteaux-a-steak-pro\/#breadcrumb"},"inLanguage":"fr-FR","potentialAction":[{"@type":"ReadAction","target":["https:\/\/www.erresse-shop.it\/fr\/shop\/cuisine\/couteaux\/zwilling-jeu-de-4-couteaux-a-steak-pro\/"]}]},{"@type":"BreadcrumbList","@id":"https:\/\/www.erresse-shop.it\/fr\/shop\/cuisine\/couteaux\/zwilling-jeu-de-4-couteaux-a-steak-pro\/#breadcrumb","itemListElement":[{"@type":"ListItem","position":1,"name":"Home","item":"https:\/\/www.erresse-shop.it\/fr\/"},{"@type":"ListItem","position":2,"name":"Shop","item":"https:\/\/www.erresse-shop.it\/fr\/shop\/"},{"@type":"ListItem","position":3,"name":"ZWILLING Jeu de 4 couteaux \u00e0 steak PRO"}]},{"@type":"WebSite","@id":"https:\/\/www.erresse-shop.it\/fr\/#website","url":"https:\/\/www.erresse-shop.it\/fr\/","name":"Erresse Shop","description":"Articoli di qualit\u00e0 per la casa","potentialAction":[{"@type":"SearchAction","target":{"@type":"EntryPoint","urlTemplate":"https:\/\/www.erresse-shop.it\/fr\/?s={search_term_string}"},"query-input":"required name=search_term_string"}],"inLanguage":"fr-FR"}]}},"df_price":186.75,"df_sale_price":186.75,"df_regular_price":249,"df_image_link":"https:\/\/www.erresse-shop.it\/wp-content\/uploads\/2021\/05\/38430-002-0_1-300x300.jpg","_links":{"self":[{"href":"https:\/\/www.erresse-shop.it\/fr\/wp-json\/wp\/v2\/product\/100209"}],"collection":[{"href":"https:\/\/www.erresse-shop.it\/fr\/wp-json\/wp\/v2\/product"}],"about":[{"href":"https:\/\/www.erresse-shop.it\/fr\/wp-json\/wp\/v2\/types\/product"}],"wp:featuredmedia":[{"embeddable":true,"href":"https:\/\/www.erresse-shop.it\/fr\/wp-json\/wp\/v2\/media\/100214"}],"wp:attachment":[{"href":"https:\/\/www.erresse-shop.it\/fr\/wp-json\/wp\/v2\/media?parent=100209"}],"wp:term":[{"taxonomy":"product_cat","embeddable":true,"href":"https:\/\/www.erresse-shop.it\/fr\/wp-json\/wp\/v2\/product_cat?post=100209"},{"taxonomy":"product_tag","embeddable":true,"href":"https:\/\/www.erresse-shop.it\/fr\/wp-json\/wp\/v2\/product_tag?post=100209"}],"curies":[{"name":"wp","href":"https:\/\/api.w.org\/{rel}","templated":true}]}}