{"id":262611,"date":"2023-04-21T21:13:12","date_gmt":"2023-04-21T21:13:12","guid":{"rendered":"https:\/\/www.erresse-shop.it\/cookie-policy\/"},"modified":"2024-02-22T11:02:50","modified_gmt":"2024-02-22T11:02:50","slug":"cookie-policy","status":"publish","type":"page","link":"https:\/\/www.erresse-shop.it\/fr\/cookie-policy\/","title":{"rendered":"Cookie Policy"},"content":{"rendered":"\t\t<div data-elementor-type=\"wp-page\" data-elementor-id=\"262611\" class=\"elementor elementor-262611 elementor-75241\">\n\t\t\t\t\t\t\t\t\t<section class=\"elementor-section elementor-top-section elementor-element elementor-element-db13aea elementor-section-boxed elementor-section-height-default elementor-section-height-default\" data-id=\"db13aea\" data-element_type=\"section\">\n\t\t\t\t\t\t<div class=\"elementor-container elementor-column-gap-default\">\n\t\t\t\t\t<div class=\"elementor-column elementor-col-100 elementor-top-column elementor-element elementor-element-6589aa27\" data-id=\"6589aa27\" data-element_type=\"column\">\n\t\t\t<div class=\"elementor-widget-wrap elementor-element-populated\">\n\t\t\t\t\t\t\t\t<div class=\"elementor-element elementor-element-4d4e365 elementor-widget elementor-widget-text-editor\" data-id=\"4d4e365\" data-element_type=\"widget\" data-widget_type=\"text-editor.default\">\n\t\t\t\t<div class=\"elementor-widget-container\">\n\t\t\t<style>\/*! elementor - v3.12.2 - 23-04-2023 *\/\n.elementor-widget-text-editor.elementor-drop-cap-view-stacked .elementor-drop-cap{background-color:#69727d;color:#fff}.elementor-widget-text-editor.elementor-drop-cap-view-framed .elementor-drop-cap{color:#69727d;border:3px solid;background-color:transparent}.elementor-widget-text-editor:not(.elementor-drop-cap-view-default) .elementor-drop-cap{margin-top:8px}.elementor-widget-text-editor:not(.elementor-drop-cap-view-default) .elementor-drop-cap-letter{width:1em;height:1em}.elementor-widget-text-editor .elementor-drop-cap{float:left;text-align:center;line-height:1;font-size:50px}.elementor-widget-text-editor .elementor-drop-cap-letter{display:inline-block}<\/style>\t\t\t\t<h2><strong>Informations sur l&#8217;utilisation des cookies.<\/strong><\/h2>\r\n<strong>Pr\u00e9ambule<\/strong>\r\n\r\nCette politique de cookies est rendue pour le site (<strong>Site<\/strong>). Ce document a \u00e9t\u00e9 \u00e9tabli en tenant compte des dispositions du r\u00e8glement europ\u00e9en sur la protection des donn\u00e9es 679\/2016 (<strong>RGPD<\/strong>), conform\u00e9ment au Code de la confidentialit\u00e9 (d\u00e9cret l\u00e9gislatif n\u00b0 196 du 30 juin 2003) et aux directives du Garante Privacy (notamment les directives sur l&#8217;utilisation des cookies publi\u00e9es le 10 juillet 2021).\r\n\r\n<strong>Contr\u00f4leur des donn\u00e9es<\/strong>:<span style=\"color: #333333; font-size: 16px;\"> Erresse di Stefano Errani<\/span>\t\t\t\t\t\t<\/div>\n\t\t\t\t<\/div>\n\t\t\t\t<div class=\"elementor-element elementor-element-90ca94f lb-cs-settings-link elementor-widget elementor-widget-button\" data-id=\"90ca94f\" data-element_type=\"widget\" data-widget_type=\"button.default\">\n\t\t\t\t<div class=\"elementor-widget-container\">\n\t\t\t\t\t<div class=\"elementor-button-wrapper\">\n\t\t\t<a href=\"#\" class=\"elementor-button-link elementor-button elementor-size-sm\" role=\"button\">\n\t\t\t\t\t\t<span class=\"elementor-button-content-wrapper\">\n\t\t\t\t\t\t<span class=\"elementor-button-text\">Pr\u00e9f\u00e9rences en mati\u00e8re de cookies<\/span>\n\t\t<\/span>\n\t\t\t\t\t<\/a>\n\t\t<\/div>\n\t\t\t\t<\/div>\n\t\t\t\t<\/div>\n\t\t\t\t<div class=\"elementor-element elementor-element-ffd8cd1 elementor-widget elementor-widget-text-editor\" data-id=\"ffd8cd1\" data-element_type=\"widget\" data-widget_type=\"text-editor.default\">\n\t\t\t\t<div class=\"elementor-widget-container\">\n\t\t\t\t\t\t\t<p><strong>INFORMATIONS G\u00c9N\u00c9RALES<\/strong><\/p>\n<h3><strong>Que sont les cookies et \u00e0 quoi servent-ils<\/strong><\/h3>\n<p>Un cookie est un fichier texte qu&#8217;un site internet visit\u00e9 par l&#8217;utilisateur envoie \u00e0 son terminal (ordinateur, appareil mobile tel qu&#8217;un smartphone ou une tablette), o\u00f9 il est stock\u00e9 afin d&#8217;\u00eatre retransmis \u00e0 ce site lors d&#8217;une visite ult\u00e9rieure de celui-ci.<\/p>\n<p>Les cookies se distinguent:<\/p>\n<ul>\n<li>en fonction de la finalit\u00e9 de chaque cookie : certains cookies permettent une meilleure navigation en m\u00e9morisant certains choix de l&#8217;utilisateur, par exemple la langue (dits &#8221; cookies techniques &#8220;), d&#8217;autres cookies permettent de suivre la navigation de l&#8217;utilisateur \u00e9galement dans le but d&#8217;envoyer des publicit\u00e9s et\/ou d&#8217;offrir des services en fonction des pr\u00e9f\u00e9rences de l&#8217;utilisateur (dits &#8221; cookies de profilage &#8220;).<\/li>\n<\/ul>\n<p>Seuls les cookies de profilage n\u00e9cessitent le consentement pr\u00e9alable de l&#8217;utilisateur pour leur utilisation.<\/p>\n<p>Le Contr\u00f4leur des donn\u00e9es est uniquement responsable des cookies de premi\u00e8re partie qu&#8217;il installe sur le Site.<\/p>\n<p>Sous &#8220;<strong>Cookies techniques de premi\u00e8re partie<\/strong>&#8221; vous pouvez consulter les types de cookies techniques de premi\u00e8re partie \u00e9mis par le Site.<\/p>\n<p>La gestion des cookies de profilage est d\u00e9crite dans la section &#8220;<strong>Cookies de profilage de tiers<\/strong>&#8220;.<\/p>\n<p>Toutefois, vous pouvez \u00e9galement activer\/d\u00e9sactiver les cookies via les options de votre navigateur:<\/p>\n<p>&nbsp;<\/p>\n<p><strong>Internet Explorer<\/strong><\/p>\n<p>Acc\u00e8s au menu<strong>Tools<\/strong>, puis <strong>Options<\/strong>, <strong>Internet<\/strong>.<\/p>\n<p>Cliquez sur <strong>Privacy<\/strong>, puis <strong>Avanc\u00e9es <\/strong>.<\/p>\n<p>Dans l&#8217;onglet <strong>Cookie<\/strong>, s\u00e9lectionnez vos pr\u00e9f\u00e9rences.<\/p>\n<p>&nbsp;<\/p>\n<p><strong>Google Chrome<\/strong><\/p>\n<p>Cliquez sur <strong>menu du Chrome<\/strong>, correspondant au bouton dans le coin sup\u00e9rieur droit.<\/p>\n<p>Cliquez sur <strong>Param\u00e8tres<\/strong>,puis cliquez sur <strong>Avanc\u00e9es<\/strong>.<\/p>\n<p>A&#8217; la section<strong>Confidentialit\u00e9 et S\u00e9curit\u00e9<\/strong>, cliquez sur le bouton<strong>Param\u00e8tres du contenu<\/strong>.<\/p>\n<p>S\u00e9lectionnez vos options pr\u00e9f\u00e9r\u00e9es dans le<strong>Cookie<\/strong>.<\/p>\n<p>&nbsp;<\/p>\n<p><strong>Firefox<\/strong><\/p>\n<p>Cliquez sur<strong>Tools<\/strong>, pois<strong>Options<\/strong>.<\/p>\n<p>Cliquez sur<strong>Confidentialit\u00e9 et S\u00e9curit\u00e9<\/strong>.<\/p>\n<p>Cliquez sur<strong>Utiliser des param\u00e8tres personnalis\u00e9s pour l&#8217;historique<\/strong>.<\/p>\n<p>S\u00e9lectionnez vos options pr\u00e9f\u00e9r\u00e9es dans le<strong>Accepter les cookies et les donn\u00e9es des sites web<\/strong>.<\/p>\n<p>&nbsp;<\/p>\n<p><strong>Safari<\/strong><\/p>\n<p>Cliquez sur<strong>Safari<\/strong>, puis<strong>Options<\/strong>.<\/p>\n<p>Cliquez sur<strong>Confidentialit\u00e9 et S\u00e9curit\u00e9<\/strong>.<\/p>\n<p>Cliquez sur<strong>Blocage des cookies<\/strong>s\u00e9lectionnez les options pr\u00e9f\u00e9r\u00e9es.<\/p>\n<p>&nbsp;<\/p>\n<section class=\"cookie-section\"><strong>Cookies de premi\u00e8re partie et cookies techniques<\/strong>Ces cookies sont n\u00e9cessaires au fonctionnement du site et ne peuvent \u00eatre d\u00e9sactiv\u00e9s.<\/p>\n<\/section>\n<p>&nbsp;<\/p>\n<section class=\"cookie-section\">\n<h3><strong>Cookies tiers et profilage publicitaire<\/strong><\/h3>\n<p>Cookies utilis\u00e9s pour diffuser des publicit\u00e9s bas\u00e9es sur les int\u00e9r\u00eats exprim\u00e9s lors de la navigation sur Internet.<\/p>\n<p>&nbsp;<\/p>\n<table>\n<thead>\n<tr>\n<th>Nome<\/th>\n<th>Provider<\/th>\n<th>Descrizione<\/th>\n<th>Durata<\/th>\n<th>Privacy Policy<\/th>\n<th>Modulo del consenso<\/th>\n<th>googleServicesEnabled<\/th>\n<\/tr>\n<\/thead>\n<tbody>\n<tr>\n<td>Google Adwords Remarketing<\/td>\n<td>Google LLC.<\/td>\n<td>Google Adwords Remarketing installe des cookies pour \u00e9tudier et am\u00e9liorer la publicit\u00e9, avec des actions de remarketing, afin d\u2019envoyer aux utilisateurs des messages en fonction de leurs int\u00e9r\u00eats. Le remarketing permet d\u2019atteindre les personnes qui ont visit\u00e9 votre site. Les visiteurs ou utilisateurs pr\u00e9c\u00e9dents peuvent voir des publicit\u00e9s faisant r\u00e9f\u00e9rence \u00e0 ce site lorsqu\u2019ils naviguent sur des sites Web inclus dans le R\u00e9seau Display de Google ou lorsqu\u2019ils recherchent des termes li\u00e9s aux produits ou services propos\u00e9s \u00e0 la vente sur ce site.<\/td>\n<td>11 Jours<\/td>\n<td>https:\/\/policies.google.com\/privacy?hl=it<\/td>\n<td>https:\/\/adssettings.google.com\/authenticated?hl=en<\/td>\n<td>false<\/td>\n<\/tr>\n<tr>\n<td>Facebook Conversion pixel<\/td>\n<td>Meta Platforms, Inc.<\/td>\n<td>Le pixel Facebook est un outil de collecte de donn\u00e9es statistiques qui vous permet de mesurer l\u2019efficacit\u00e9 de la publicit\u00e9 en interpr\u00e9tant les actions que les gens effectuent sur ce site.<\/td>\n<td>3 Meses<\/td>\n<td>https:\/\/www.facebook.com\/policy.php<\/td>\n<td>Le formulaire de consentement n\u2019est pas disponible. Utilisez les param\u00e8tres de votre navigateur pour exercer vos options concernant ce cookie.<\/td>\n<td>false<\/td>\n<\/tr>\n<tr>\n<td>Facebook<\/td>\n<td>Meta Platforms, Inc.<\/td>\n<td>Facebook installa cookie per studiare e migliorare la pubblicit\u00e0, anche con azioni di remarketing, al fine di inviare all&amp;#8217;utente messaggi in linea con i propri interessi.<\/td>\n<td><\/td>\n<td>https:\/\/www.facebook.com\/privacy\/explanation<\/td>\n<td><\/td>\n<td>false<\/td>\n<\/tr>\n<tr>\n<td>Sendinblue<\/td>\n<td>Sendinblue SAS<\/td>\n<td>Cookie utilis\u00e9 pour cr\u00e9er un profil de vos int\u00e9r\u00eats et vous montrer des publicit\u00e9s pertinentes.<\/td>\n<td>15 Jours<\/td>\n<td>https:\/\/it.sendinblue.com\/legal\/privacypolicy\/<\/td>\n<td>Formulaire de consentement non disponible. Utilisez les param\u00e8tres de votre navigateur pour exercer vos options sur ce cookie.<\/td>\n<td>false<\/td>\n<\/tr>\n<\/tbody>\n<\/table>\n<p>&nbsp;<\/p>\n<\/section>\n<section class=\"cookie-section\">\n<h3><strong>Cookies de tiers et profilage statistique<\/strong><\/h3>\n<p>Cookies utilis\u00e9s \u00e0 des fins statistiques et analytiques.<\/p>\n<p>&nbsp;<\/p>\n<table>\n<thead>\n<tr>\n<th>Nome<\/th>\n<th>Provider<\/th>\n<th>Descrizione<\/th>\n<th>Durata<\/th>\n<th>Privacy Policy<\/th>\n<th>Modulo del consenso<\/th>\n<th>googleServicesEnabled<\/th>\n<\/tr>\n<\/thead>\n<tbody>\n<tr>\n<td>Google Analytics 4<\/td>\n<td>Google LLC.<\/td>\n<td>Permet de fournir des services de profilage statistique offerts par Google.<\/td>\n<td>1 an<\/td>\n<td>https:\/\/support.google.com\/analytics\/answer\/12017362?hl=fr<\/td>\n<td>Le formulaire de consentement n&#8217;est pas disponible. Utiliser les options du navigateur.<\/td>\n<td>false<\/td>\n<\/tr>\n<tr>\n<td>Facebook<\/td>\n<td>Meta Platforms, Inc.<\/td>\n<td>Registrazione delle preferenze e informazioni sulla navigazione degli utenti<\/td>\n<td><\/td>\n<td>https:\/\/www.facebook.com\/privacy\/explanation<\/td>\n<td><\/td>\n<td>false<\/td>\n<\/tr>\n<tr>\n<td>Facebook &#8211; Mi Piace<\/td>\n<td>Meta Platforms, Inc.<\/td>\n<td>Consente al nostro sito di comprendere quali tipi di persone hanno messo &amp;#8220;Mi piace&amp;#8221; alla nostra Pagina Facebook in modo da fornire contenuti pi\u00f9 pertinenti e sviluppare funzioni interessanti per i nostri clienti e utenti.<\/td>\n<td><\/td>\n<td>https:\/\/www.facebook.com\/privacy\/explanation<\/td>\n<td><\/td>\n<td>false<\/td>\n<\/tr>\n<tr>\n<td>FB Conversion pixel<\/td>\n<td>Meta Platforms, Inc.<\/td>\n<td>Il pixel di Facebook \u00e8 uno strumento per la raccolta di dati statistici che consente di misurare l\u2019efficacia della pubblicit\u00e0 comprendendo le azioni che le persone eseguono sul sito Web.<\/td>\n<td><\/td>\n<td>https:\/\/www.facebook.com\/privacy\/explanation<\/td>\n<td><\/td>\n<td>false<\/td>\n<\/tr>\n<tr>\n<td>Sendinblue<\/td>\n<td>Sendinblue SAS<\/td>\n<td>Analizza il comportamento dell&amp;#8217;utente per finalit\u00e0 statistiche.<\/td>\n<td><\/td>\n<td>https:\/\/it.sendinblue.com\/legal\/privacypolicy\/<\/td>\n<td><\/td>\n<td>false<\/td>\n<\/tr>\n<tr>\n<td>Google Tag Manager<\/td>\n<td>Google LLC.<\/td>\n<td>Ce cookie permet le fonctionnement de Google Tag Manager.<\/td>\n<td>90 jours<\/td>\n<td>https:\/\/policies.google.com\/privacy?hl=fr<\/td>\n<td>Modulo di consenso non disponibile. Utilizzare le impostazioni del browser per esercitare le opzioni su questo cookie.<\/td>\n<td>false<\/td>\n<\/tr>\n<tr>\n<td>Cloudflare<\/td>\n<td>Cloudflare, Inc.<\/td>\n<td>Analizza il comportamento dell&amp;#8217;utente per finalit\u00e0 statistiche e di analisi.<\/td>\n<td><\/td>\n<td>https:\/\/www.cloudflare.com\/privacypolicy\/?utm_referrer=https:\/\/www.google.it\/<\/td>\n<td><\/td>\n<td>false<\/td>\n<\/tr>\n<tr>\n<td>Lengow<\/td>\n<td>Lengow SAS<\/td>\n<td>Analizza il comportamento dell&amp;#8217;utente per finalit\u00e0 statistiche.<\/td>\n<td><\/td>\n<td>https:\/\/www.lengow.com\/it\/dati-personali-cookies\/<\/td>\n<td><\/td>\n<td>false<\/td>\n<\/tr>\n<tr>\n<td>Youtube<\/td>\n<td>Youtube, Inc.<\/td>\n<td>Permette lo svolgimento dei servizi di statistica offerti da YouTube Inc.<\/td>\n<td><\/td>\n<td>https:\/\/policies.google.com\/privacy?hl=it&amp;gl=it<\/td>\n<td><\/td>\n<td>false<\/td>\n<\/tr>\n<tr>\n<td>Google Adwords<\/td>\n<td>Google, LLC.<\/td>\n<td>Google installa il cookie per raccogliere informazioni sul numero totale di utenti che hanno cliccato su un annuncio pubblicitario su Google.<\/td>\n<td><\/td>\n<td>https:\/\/policies.google.com\/privacy?hl=it<\/td>\n<td><\/td>\n<td>false<\/td>\n<\/tr>\n<tr>\n<td>WordPress<\/td>\n<td>WordPress<\/td>\n<td>Analizza il comportamento dell&amp;#8217;utente per finalit\u00e0 statistiche e di analisi.<\/td>\n<td><\/td>\n<td>https:\/\/automattic.com\/privacy\/<\/td>\n<td><\/td>\n<td>false<\/td>\n<\/tr>\n<\/tbody>\n<\/table>\n<p>&nbsp;<\/p>\n<p>&nbsp;<\/p>\n<h3><strong>Cookies de premi\u00e8re partie et de profilage<\/strong><\/h3>\n<\/section>\n<section>Cookies \u00e9mis par le Site \u00e0 des fins de publicit\u00e9 ou de profilage statistique, comme d\u00e9crit dans la politique en mati\u00e8re de cookies.<\/section>\n<p>&nbsp;<\/p>\n<div>\n<p><strong>Ses droits<\/strong><\/p>\n<p>Conform\u00e9ment \u00e0 l&#8217;article 13 du RGPD, le Contr\u00f4leur de Donn\u00e9es vous informe que vous avez le droit de:<\/p>\n<ul>\n<li>de demander au Contr\u00f4leur des donn\u00e9es l&#8217;acc\u00e8s \u00e0 vos donn\u00e9es personnelles et la rectification ou l&#8217;effacement de ces donn\u00e9es ou la limitation du traitement vous concernant ou de s&#8217;opposer \u00e0 son traitement, ainsi que le droit \u00e0 la portabilit\u00e9 des donn\u00e9es.<\/li>\n<li>retirer son consentement \u00e0 tout moment, sans pr\u00e9judice de la lic\u00e9it\u00e9 du traitement fond\u00e9 sur le consentement donn\u00e9 avant le retrait.<\/li>\n<li>d\u00e9poser une plainte aupr\u00e8s d&#8217;une autorit\u00e9 de contr\u00f4le (par exemple, l&#8217;Autorit\u00e9 de protection des donn\u00e9es).<\/li>\n<\/ul>\n<p>Les droits susmentionn\u00e9s peuvent \u00eatre exerc\u00e9s en faisant une demande aupr\u00e8s des contacts indiqu\u00e9s dans l&#8217;avant-propos, sans formalit\u00e9s.<\/p>\n<\/div>\n\t\t\t\t\t\t<\/div>\n\t\t\t\t<\/div>\n\t\t\t\t\t<\/div>\n\t\t<\/div>\n\t\t\t\t\t\t\t<\/div>\n\t\t<\/section>\n\t\t\t\t\t\t\t<\/div>\n\t\t","protected":false},"excerpt":{"rendered":"<p>Informations sur l&#8217;utilisation des cookies. Pr\u00e9ambule Cette politique de cookies est rendue pour le site (Site). Ce document a \u00e9t\u00e9<\/p>\n","protected":false},"author":1,"featured_media":0,"parent":0,"menu_order":7,"comment_status":"closed","ping_status":"closed","template":"","meta":{"_acf_changed":false,"inline_featured_image":false,"footnotes":""},"acf":[],"yoast_head":"<!-- This site is optimized with the Yoast SEO Premium plugin v18.6 (Yoast SEO v19.13) - https:\/\/yoast.com\/wordpress\/plugins\/seo\/ -->\n<title>Cookie Policy - Erresse Shop<\/title>\n<meta name=\"robots\" content=\"index, follow, max-snippet:-1, max-image-preview:large, max-video-preview:-1\" \/>\n<link rel=\"canonical\" href=\"https:\/\/www.erresse-shop.it\/fr\/cookie-policy\/\" \/>\n<meta property=\"og:locale\" content=\"fr_FR\" \/>\n<meta property=\"og:type\" content=\"article\" \/>\n<meta property=\"og:title\" content=\"Cookie Policy\" \/>\n<meta property=\"og:description\" content=\"Informations sur l&#8217;utilisation des cookies. Pr\u00e9ambule Cette politique de cookies est rendue pour le site (Site). Ce document a \u00e9t\u00e9\" \/>\n<meta property=\"og:url\" content=\"https:\/\/www.erresse-shop.it\/fr\/cookie-policy\/\" \/>\n<meta property=\"og:site_name\" content=\"Erresse Shop\" \/>\n<meta property=\"article:modified_time\" content=\"2024-02-22T11:02:50+00:00\" \/>\n<meta name=\"twitter:card\" content=\"summary_large_image\" \/>\n<script type=\"application\/ld+json\" class=\"yoast-schema-graph\">{\"@context\":\"https:\/\/schema.org\",\"@graph\":[{\"@type\":\"WebPage\",\"@id\":\"https:\/\/www.erresse-shop.it\/fr\/cookie-policy\/\",\"url\":\"https:\/\/www.erresse-shop.it\/fr\/cookie-policy\/\",\"name\":\"Cookie Policy - Erresse Shop\",\"isPartOf\":{\"@id\":\"https:\/\/www.erresse-shop.it\/fr\/#website\"},\"datePublished\":\"2023-04-21T21:13:12+00:00\",\"dateModified\":\"2024-02-22T11:02:50+00:00\",\"breadcrumb\":{\"@id\":\"https:\/\/www.erresse-shop.it\/fr\/cookie-policy\/#breadcrumb\"},\"inLanguage\":\"fr-FR\",\"potentialAction\":[{\"@type\":\"ReadAction\",\"target\":[\"https:\/\/www.erresse-shop.it\/fr\/cookie-policy\/\"]}]},{\"@type\":\"BreadcrumbList\",\"@id\":\"https:\/\/www.erresse-shop.it\/fr\/cookie-policy\/#breadcrumb\",\"itemListElement\":[{\"@type\":\"ListItem\",\"position\":1,\"name\":\"Home\",\"item\":\"https:\/\/www.erresse-shop.it\/fr\/\"},{\"@type\":\"ListItem\",\"position\":2,\"name\":\"Cookie Policy\"}]},{\"@type\":\"WebSite\",\"@id\":\"https:\/\/www.erresse-shop.it\/fr\/#website\",\"url\":\"https:\/\/www.erresse-shop.it\/fr\/\",\"name\":\"Erresse Shop\",\"description\":\"Articoli di qualit\u00e0 per la casa\",\"potentialAction\":[{\"@type\":\"SearchAction\",\"target\":{\"@type\":\"EntryPoint\",\"urlTemplate\":\"https:\/\/www.erresse-shop.it\/fr\/?s={search_term_string}\"},\"query-input\":\"required name=search_term_string\"}],\"inLanguage\":\"fr-FR\"}]}<\/script>\n<!-- \/ Yoast SEO Premium plugin. -->","yoast_head_json":{"title":"Cookie Policy - Erresse Shop","robots":{"index":"index","follow":"follow","max-snippet":"max-snippet:-1","max-image-preview":"max-image-preview:large","max-video-preview":"max-video-preview:-1"},"canonical":"https:\/\/www.erresse-shop.it\/fr\/cookie-policy\/","og_locale":"fr_FR","og_type":"article","og_title":"Cookie Policy","og_description":"Informations sur l&#8217;utilisation des cookies. Pr\u00e9ambule Cette politique de cookies est rendue pour le site (Site). Ce document a \u00e9t\u00e9","og_url":"https:\/\/www.erresse-shop.it\/fr\/cookie-policy\/","og_site_name":"Erresse Shop","article_modified_time":"2024-02-22T11:02:50+00:00","twitter_card":"summary_large_image","schema":{"@context":"https:\/\/schema.org","@graph":[{"@type":"WebPage","@id":"https:\/\/www.erresse-shop.it\/fr\/cookie-policy\/","url":"https:\/\/www.erresse-shop.it\/fr\/cookie-policy\/","name":"Cookie Policy - Erresse Shop","isPartOf":{"@id":"https:\/\/www.erresse-shop.it\/fr\/#website"},"datePublished":"2023-04-21T21:13:12+00:00","dateModified":"2024-02-22T11:02:50+00:00","breadcrumb":{"@id":"https:\/\/www.erresse-shop.it\/fr\/cookie-policy\/#breadcrumb"},"inLanguage":"fr-FR","potentialAction":[{"@type":"ReadAction","target":["https:\/\/www.erresse-shop.it\/fr\/cookie-policy\/"]}]},{"@type":"BreadcrumbList","@id":"https:\/\/www.erresse-shop.it\/fr\/cookie-policy\/#breadcrumb","itemListElement":[{"@type":"ListItem","position":1,"name":"Home","item":"https:\/\/www.erresse-shop.it\/fr\/"},{"@type":"ListItem","position":2,"name":"Cookie Policy"}]},{"@type":"WebSite","@id":"https:\/\/www.erresse-shop.it\/fr\/#website","url":"https:\/\/www.erresse-shop.it\/fr\/","name":"Erresse Shop","description":"Articoli di qualit\u00e0 per la casa","potentialAction":[{"@type":"SearchAction","target":{"@type":"EntryPoint","urlTemplate":"https:\/\/www.erresse-shop.it\/fr\/?s={search_term_string}"},"query-input":"required name=search_term_string"}],"inLanguage":"fr-FR"}]}},"_links":{"self":[{"href":"https:\/\/www.erresse-shop.it\/fr\/wp-json\/wp\/v2\/pages\/262611"}],"collection":[{"href":"https:\/\/www.erresse-shop.it\/fr\/wp-json\/wp\/v2\/pages"}],"about":[{"href":"https:\/\/www.erresse-shop.it\/fr\/wp-json\/wp\/v2\/types\/page"}],"author":[{"embeddable":true,"href":"https:\/\/www.erresse-shop.it\/fr\/wp-json\/wp\/v2\/users\/1"}],"replies":[{"embeddable":true,"href":"https:\/\/www.erresse-shop.it\/fr\/wp-json\/wp\/v2\/comments?post=262611"}],"version-history":[{"count":2,"href":"https:\/\/www.erresse-shop.it\/fr\/wp-json\/wp\/v2\/pages\/262611\/revisions"}],"predecessor-version":[{"id":392534,"href":"https:\/\/www.erresse-shop.it\/fr\/wp-json\/wp\/v2\/pages\/262611\/revisions\/392534"}],"wp:attachment":[{"href":"https:\/\/www.erresse-shop.it\/fr\/wp-json\/wp\/v2\/media?parent=262611"}],"curies":[{"name":"wp","href":"https:\/\/api.w.org\/{rel}","templated":true}]}}