{"id":153353,"date":"2018-08-02T13:00:07","date_gmt":"2018-08-02T13:00:07","guid":{"rendered":"https:\/\/www.erresse-shop.it\/my-account\/"},"modified":"2022-05-10T09:45:44","modified_gmt":"2022-05-10T09:45:44","slug":"mon-compte","status":"publish","type":"page","link":"https:\/\/www.erresse-shop.it\/fr\/mon-compte\/","title":{"rendered":"Mon compte"},"content":{"rendered":"<div class=\"woocommerce\">\n<div class=\"wd-registration-page wd-register-tabs\">\n\n\n<div class=\"row\" id=\"customer_login\">\n\n\t<div class=\"col-12 col-md-6 col-login\">\n\n\n\t\t<h2 class=\"wd-login-title\">Connexion<\/h2>\n\n\t\t\t\t\t<form method=\"post\" class=\"login woocommerce-form woocommerce-form-login\n\t\t\t\t\t\t\" action=\"https:\/\/www.erresse-shop.it\/fr\/mon-compte\/?action=login\" >\n\n\t\t\t\t\n\t\t\t\t\n\t\t\t\t<p class=\"woocommerce-FormRow woocommerce-FormRow--wide form-row form-row-wide form-row-username\">\n\t\t\t\t\t<label for=\"username\">Identifiant ou e-mail&nbsp;<span class=\"required\">*<\/span><\/label>\n\t\t\t\t\t<input type=\"text\" class=\"woocommerce-Input woocommerce-Input--text input-text\" name=\"username\" id=\"username\" value=\"\" \/>\t\t\t\t<\/p>\n\t\t\t\t<p class=\"woocommerce-FormRow woocommerce-FormRow--wide form-row form-row-wide form-row-password\">\n\t\t\t\t\t<label for=\"password\">Password&nbsp;<span class=\"required\">*<\/span><\/label>\n\t\t\t\t\t<input class=\"woocommerce-Input woocommerce-Input--text input-text\" type=\"password\" name=\"password\" id=\"password\" autocomplete=\"current-password\" \/>\n\t\t\t\t<\/p>\n\n\t\t\t\t\t\t<div id=\"cf-turnstile-woo-login-3565000583\"\r\n\t\tclass=\"cf-turnstile sct-woocommerce-login\" \t\tdata-sitekey=\"0x4AAAAAAAdmjt5S9dNzPHrr\"\r\n\t\tdata-theme=\"light\"\r\n\t\tdata-language=\"auto\"\r\n\t\tdata-size=\"\"\r\n\t\tdata-retry=\"auto\" data-retry-interval=\"1000\"\r\n\t\tdata-action=\"woocommerce-login-3565000583\"\r\n\t\t\t\tdata-appearance=\"always\"><\/div>\r\n\t\t\t<script>document.addEventListener(\"DOMContentLoaded\", function() { setTimeout(function(){ var e=document.getElementById(\"cf-turnstile-woo-login-3565000583\"); e&&!e.innerHTML.trim()&&(turnstile.remove(\"#cf-turnstile-woo-login-3565000583\"), turnstile.render(\"#cf-turnstile-woo-login-3565000583\", {sitekey:\"0x4AAAAAAAdmjt5S9dNzPHrr\"})); }, 0); });<\/script>\r\n\t\t\t<br class=\"cf-turnstile-br cf-turnstile-br-woo-login-3565000583\">\r\n\t\t\t\t<style>#cf-turnstile-woo-login-3565000583 { margin-left: -15px; }<\/style>\r\n\t\t\n\t\t\t\t<p class=\"form-row\">\n\t\t\t\t\t<input type=\"hidden\" id=\"woocommerce-login-nonce\" name=\"woocommerce-login-nonce\" value=\"df897ec00a\" \/><input type=\"hidden\" name=\"_wp_http_referer\" value=\"\/fr\/wp-json\/wp\/v2\/pages\/153353\" \/>\t\t\t\t\t\t\t\t\t\t<button type=\"submit\" class=\"button woocommerce-button woocommerce-form-login__submit\" name=\"login\" value=\"Log in\">Log in<\/button>\n\t\t\t\t<\/p>\n\n\t\t\t\t<div class=\"login-form-footer\">\n\t\t\t\t\t<a href=\"https:\/\/www.erresse-shop.it\/fr\/mon-compte\/lost-password\/\" class=\"woocommerce-LostPassword lost_password\">Mot de passe oubli\u00e9?<\/a>\n\t\t\t\t\t<label class=\"woocommerce-form__label woocommerce-form__label-for-checkbox woocommerce-form-login__rememberme\">\n\t\t\t\t\t\t<input class=\"woocommerce-form__input woocommerce-form__input-checkbox\" name=\"rememberme\" type=\"checkbox\" value=\"forever\" title=\"Rappelez-moi\" aria-label=\"Rappelez-moi\" \/> <span>Rappelez-moi<\/span>\n\t\t\t\t\t<\/label>\n\t\t\t\t<\/div>\n\n\t\t\t\t\n\t\t\t\t\n\t\t\t<\/form>\n\n\t\t\t\t\n\n\t<\/div>\n\n\t<div class=\"col-12 col-md-6 col-register\">\n\n\t\t<h2 class=\"wd-login-title\">Registre<\/h2>\n\n\t\t<form method=\"post\" action=\"https:\/\/www.erresse-shop.it\/fr\/mon-compte\/?action=register\" class=\"woocommerce-form woocommerce-form-register register\"  >\n\n\t\t\t\n\t\t\t\n\t\t\t<p class=\"woocommerce-FormRow woocommerce-FormRow--wide form-row form-row-wide\">\n\t\t\t\t<label for=\"reg_email\">E-mail&nbsp;<span class=\"required\">*<\/span><\/label>\n\t\t\t\t<input type=\"email\" class=\"woocommerce-Input woocommerce-Input--text input-text\" name=\"email\" id=\"reg_email\" autocomplete=\"email\" value=\"\" \/>\n\t\t\t<\/p>\n\n\t\t\t\n\t\t\t\t<p>A password will be sent to your email address.<\/p>\n\n\t\t\t\n\t\t\t<!-- Spam Trap -->\n\t\t\t<div style=\"left: -999em; position: absolute;\"><label for=\"trap\">Anti-spam<\/label><input type=\"text\" name=\"email_2\" id=\"trap\" tabindex=\"-1\" \/><\/div>\n\n\t\t\t\t\t<div id=\"cf-turnstile-woo-register-780835383\"\r\n\t\tclass=\"cf-turnstile sct-woocommerce-register\" \t\tdata-sitekey=\"0x4AAAAAAAdmjt5S9dNzPHrr\"\r\n\t\tdata-theme=\"light\"\r\n\t\tdata-language=\"auto\"\r\n\t\tdata-size=\"\"\r\n\t\tdata-retry=\"auto\" data-retry-interval=\"1000\"\r\n\t\tdata-action=\"woocommerce-register-780835383\"\r\n\t\t\t\tdata-appearance=\"always\"><\/div>\r\n\t\t\t<script>document.addEventListener(\"DOMContentLoaded\", function() { setTimeout(function(){ var e=document.getElementById(\"cf-turnstile-woo-register-780835383\"); e&&!e.innerHTML.trim()&&(turnstile.remove(\"#cf-turnstile-woo-register-780835383\"), turnstile.render(\"#cf-turnstile-woo-register-780835383\", {sitekey:\"0x4AAAAAAAdmjt5S9dNzPHrr\"})); }, 0); });<\/script>\r\n\t\t\t<br class=\"cf-turnstile-br cf-turnstile-br-woo-register-780835383\">\r\n\t\t\t\t<style>#cf-turnstile-woo-register-780835383 { margin-left: -15px; }<\/style>\r\n\t\t\t\t\t\n\t\t\t<p class=\"woocommerce-form-row form-row\">\n\t\t\t\t<input type=\"hidden\" id=\"_wpnonce\" name=\"_wpnonce\" value=\"5439e1b0ae\" \/><input type=\"hidden\" name=\"_wp_http_referer\" value=\"\/fr\/wp-json\/wp\/v2\/pages\/153353\" \/>\t\t\t\t<button type=\"submit\" class=\"woocommerce-Button button\" name=\"register\" value=\"Registre\">Registre<\/button>\n\t\t\t<\/p>\n\n\t\t\t\n\t\t<\/form>\n\n\t<\/div>\n\n\t\t\t<div class=\"col-12 col-md-6 col-register-text\">\n\n\t\t\t<div class=\"title wd-login-divider register-or\"><span>Or<\/span><\/div>\n\n\t\t\t\n\t\t\t\t\t\t\t<h2 class=\"wd-login-title\">Registre<\/h2>\n\t\t\t\n\t\t\t\n\t\t\t\t\t\t\t<div class=\"registration-info\">L'inscription \u00e0 ce site vous permet d'acc\u00e9der \u00e0 l'\u00e9tat et \u00e0 l'historique de vos commandes. Il vous suffit de remplir les champs ci-dessous et nous vous cr\u00e9erons un nouveau compte en un rien de temps. Nous ne vous demanderons que les informations n\u00e9cessaires pour rendre le processus d'achat plus rapide et plus facile.<\/div>\n\t\t\t\n\t\t\t\n\t\t\t<a href=\"#\" rel=\"nofollow noopener\" class=\"btn wd-switch-to-register\" data-login=\"Connexion\" data-login-title=\"Login\" data-reg-title=\"Registre\" data-register=\"Registre\">Registre<\/a>\n\n\t\t<\/div>\n\t\t\n<\/div>\n\n<\/div>\n\n<\/div>\n","protected":false},"excerpt":{"rendered":"Connexion Identifiant ou e-mail&nbsp;* Password&nbsp;* Log in Mot de passe oubli\u00e9? Rappelez-moi Registre E-mail&nbsp;* A password will be sent to","protected":false},"author":1,"featured_media":0,"parent":0,"menu_order":5,"comment_status":"closed","ping_status":"closed","template":"","meta":{"_acf_changed":false,"inline_featured_image":false,"footnotes":""},"acf":[],"yoast_head":"<!-- This site is optimized with the Yoast SEO Premium plugin v18.6 (Yoast SEO v19.13) - https:\/\/yoast.com\/wordpress\/plugins\/seo\/ -->\n<title>Mon compte - Erresse Shop<\/title>\n<meta name=\"robots\" content=\"index, follow, max-snippet:-1, max-image-preview:large, max-video-preview:-1\" \/>\n<link rel=\"canonical\" href=\"https:\/\/www.erresse-shop.it\/fr\/mon-compte\/\" \/>\n<meta property=\"og:locale\" content=\"fr_FR\" \/>\n<meta property=\"og:type\" content=\"article\" \/>\n<meta property=\"og:title\" content=\"Mon compte\" \/>\n<meta property=\"og:url\" content=\"https:\/\/www.erresse-shop.it\/fr\/mon-compte\/\" \/>\n<meta property=\"og:site_name\" content=\"Erresse Shop\" \/>\n<meta property=\"article:modified_time\" content=\"2022-05-10T09:45:44+00:00\" \/>\n<meta name=\"twitter:card\" content=\"summary_large_image\" \/>\n<script type=\"application\/ld+json\" class=\"yoast-schema-graph\">{\"@context\":\"https:\/\/schema.org\",\"@graph\":[{\"@type\":\"WebPage\",\"@id\":\"https:\/\/www.erresse-shop.it\/fr\/mon-compte\/\",\"url\":\"https:\/\/www.erresse-shop.it\/fr\/mon-compte\/\",\"name\":\"Mon compte - Erresse Shop\",\"isPartOf\":{\"@id\":\"https:\/\/www.erresse-shop.it\/fr\/#website\"},\"datePublished\":\"2018-08-02T13:00:07+00:00\",\"dateModified\":\"2022-05-10T09:45:44+00:00\",\"breadcrumb\":{\"@id\":\"https:\/\/www.erresse-shop.it\/fr\/mon-compte\/#breadcrumb\"},\"inLanguage\":\"fr-FR\",\"potentialAction\":[{\"@type\":\"ReadAction\",\"target\":[\"https:\/\/www.erresse-shop.it\/fr\/mon-compte\/\"]}]},{\"@type\":\"BreadcrumbList\",\"@id\":\"https:\/\/www.erresse-shop.it\/fr\/mon-compte\/#breadcrumb\",\"itemListElement\":[{\"@type\":\"ListItem\",\"position\":1,\"name\":\"Home\",\"item\":\"https:\/\/www.erresse-shop.it\/fr\/\"},{\"@type\":\"ListItem\",\"position\":2,\"name\":\"Mon compte\"}]},{\"@type\":\"WebSite\",\"@id\":\"https:\/\/www.erresse-shop.it\/fr\/#website\",\"url\":\"https:\/\/www.erresse-shop.it\/fr\/\",\"name\":\"Erresse Shop\",\"description\":\"Articoli di qualit\u00e0 per la casa\",\"potentialAction\":[{\"@type\":\"SearchAction\",\"target\":{\"@type\":\"EntryPoint\",\"urlTemplate\":\"https:\/\/www.erresse-shop.it\/fr\/?s={search_term_string}\"},\"query-input\":\"required name=search_term_string\"}],\"inLanguage\":\"fr-FR\"}]}<\/script>\n<!-- \/ Yoast SEO Premium plugin. -->","yoast_head_json":{"title":"Mon compte - Erresse Shop","robots":{"index":"index","follow":"follow","max-snippet":"max-snippet:-1","max-image-preview":"max-image-preview:large","max-video-preview":"max-video-preview:-1"},"canonical":"https:\/\/www.erresse-shop.it\/fr\/mon-compte\/","og_locale":"fr_FR","og_type":"article","og_title":"Mon compte","og_url":"https:\/\/www.erresse-shop.it\/fr\/mon-compte\/","og_site_name":"Erresse Shop","article_modified_time":"2022-05-10T09:45:44+00:00","twitter_card":"summary_large_image","schema":{"@context":"https:\/\/schema.org","@graph":[{"@type":"WebPage","@id":"https:\/\/www.erresse-shop.it\/fr\/mon-compte\/","url":"https:\/\/www.erresse-shop.it\/fr\/mon-compte\/","name":"Mon compte - Erresse Shop","isPartOf":{"@id":"https:\/\/www.erresse-shop.it\/fr\/#website"},"datePublished":"2018-08-02T13:00:07+00:00","dateModified":"2022-05-10T09:45:44+00:00","breadcrumb":{"@id":"https:\/\/www.erresse-shop.it\/fr\/mon-compte\/#breadcrumb"},"inLanguage":"fr-FR","potentialAction":[{"@type":"ReadAction","target":["https:\/\/www.erresse-shop.it\/fr\/mon-compte\/"]}]},{"@type":"BreadcrumbList","@id":"https:\/\/www.erresse-shop.it\/fr\/mon-compte\/#breadcrumb","itemListElement":[{"@type":"ListItem","position":1,"name":"Home","item":"https:\/\/www.erresse-shop.it\/fr\/"},{"@type":"ListItem","position":2,"name":"Mon compte"}]},{"@type":"WebSite","@id":"https:\/\/www.erresse-shop.it\/fr\/#website","url":"https:\/\/www.erresse-shop.it\/fr\/","name":"Erresse Shop","description":"Articoli di qualit\u00e0 per la casa","potentialAction":[{"@type":"SearchAction","target":{"@type":"EntryPoint","urlTemplate":"https:\/\/www.erresse-shop.it\/fr\/?s={search_term_string}"},"query-input":"required name=search_term_string"}],"inLanguage":"fr-FR"}]}},"_links":{"self":[{"href":"https:\/\/www.erresse-shop.it\/fr\/wp-json\/wp\/v2\/pages\/153353"}],"collection":[{"href":"https:\/\/www.erresse-shop.it\/fr\/wp-json\/wp\/v2\/pages"}],"about":[{"href":"https:\/\/www.erresse-shop.it\/fr\/wp-json\/wp\/v2\/types\/page"}],"author":[{"embeddable":true,"href":"https:\/\/www.erresse-shop.it\/fr\/wp-json\/wp\/v2\/users\/1"}],"replies":[{"embeddable":true,"href":"https:\/\/www.erresse-shop.it\/fr\/wp-json\/wp\/v2\/comments?post=153353"}],"version-history":[{"count":2,"href":"https:\/\/www.erresse-shop.it\/fr\/wp-json\/wp\/v2\/pages\/153353\/revisions"}],"predecessor-version":[{"id":157895,"href":"https:\/\/www.erresse-shop.it\/fr\/wp-json\/wp\/v2\/pages\/153353\/revisions\/157895"}],"wp:attachment":[{"href":"https:\/\/www.erresse-shop.it\/fr\/wp-json\/wp\/v2\/media?parent=153353"}],"curies":[{"name":"wp","href":"https:\/\/api.w.org\/{rel}","templated":true}]}}