{"id":106531,"date":"2021-06-25T09:53:27","date_gmt":"2021-06-25T09:53:27","guid":{"rendered":"https:\/\/www.erresse-shop.it\/paiements\/"},"modified":"2024-02-28T11:47:20","modified_gmt":"2024-02-28T11:47:20","slug":"paiements","status":"publish","type":"page","link":"https:\/\/www.erresse-shop.it\/fr\/paiements\/","title":{"rendered":"Paiements"},"content":{"rendered":"\t\t<div data-elementor-type=\"wp-page\" data-elementor-id=\"106531\" class=\"elementor elementor-106531 elementor-3879\">\n\t\t\t\t\t\t\t\t\t<section class=\"elementor-section elementor-top-section elementor-element elementor-element-50a7b50b elementor-section-boxed elementor-section-height-default elementor-section-height-default\" data-id=\"50a7b50b\" data-element_type=\"section\">\n\t\t\t\t\t\t<div class=\"elementor-container elementor-column-gap-default\">\n\t\t\t\t\t<div class=\"elementor-column elementor-col-50 elementor-top-column elementor-element elementor-element-6b1634f\" data-id=\"6b1634f\" data-element_type=\"column\">\n\t\t\t<div class=\"elementor-widget-wrap elementor-element-populated\">\n\t\t\t\t\t\t\t\t<div class=\"elementor-element elementor-element-501fa325 elementor-widget elementor-widget-text-editor\" data-id=\"501fa325\" data-element_type=\"widget\" data-widget_type=\"text-editor.default\">\n\t\t\t\t<div class=\"elementor-widget-container\">\n\t\t\t<style>\/*! elementor - v3.12.2 - 23-04-2023 *\/\n.elementor-widget-text-editor.elementor-drop-cap-view-stacked .elementor-drop-cap{background-color:#69727d;color:#fff}.elementor-widget-text-editor.elementor-drop-cap-view-framed .elementor-drop-cap{color:#69727d;border:3px solid;background-color:transparent}.elementor-widget-text-editor:not(.elementor-drop-cap-view-default) .elementor-drop-cap{margin-top:8px}.elementor-widget-text-editor:not(.elementor-drop-cap-view-default) .elementor-drop-cap-letter{width:1em;height:1em}.elementor-widget-text-editor .elementor-drop-cap{float:left;text-align:center;line-height:1;font-size:50px}.elementor-widget-text-editor .elementor-drop-cap-letter{display:inline-block}<\/style>\t\t\t\t<h2><strong>Virement bancaire<\/strong><\/h2>\n<p>Apr\u00e8s avoir re\u00e7u l&#8217;e-mail de confirmation de l'&#8221;<strong>enregistrement de la commande<\/strong>&#8220;, vous pouvez effectuer le virement bancaire aupr\u00e8s de la banque BNL (IBAN IT80A010052040000003626 \u00e0 l&#8217;ordre de : Erresse). Dans le motif du virement bancaire, n&#8217;oubliez pas de mentionner le <strong>num\u00e9ro d&#8217;identification de la commande<\/strong> (indiqu\u00e9 dans l&#8217;e-mail) attribu\u00e9 \u00e0 votre commande. D\u00e8s que le virement bancaire est r\u00e9ussi, les marchandises sont exp\u00e9di\u00e9es. Si le virement n&#8217;est pas cr\u00e9dit\u00e9 dans les 7 jours, la commande sera automatiquement annul\u00e9e par le syst\u00e8me.<\/p>\n<h2>PayPal<\/h2>\n<p>Le fonctionnement de <strong>PayPal<\/strong> est tr\u00e8s similaire \u00e0 celui d&#8217;un compte bancaire ordinaire : apr\u00e8s avoir ouvert le compte, vous pouvez envoyer ou recevoir de l&#8217;argent, effectuer des paiements en ligne rapidement. De plus, PayPal respecte les normes de s\u00e9curit\u00e9 les plus \u00e9lev\u00e9es du march\u00e9 et dispose de technologies anti-fraude qui prot\u00e8gent chaque transaction. Si vous avez d\u00e9j\u00e0 un compte PayPal et que vous d\u00e9cidez d&#8217;acheter avec cette m\u00e9thode, apr\u00e8s avoir soumis votre commande, vous serez dirig\u00e9 vers la <strong>page de paiement PayPal<\/strong> (<strong>transaction s\u00e9curis\u00e9e par SSL<\/strong>) o\u00f9 il vous suffira d&#8217;entrer vos identifiants de connexion choisis lors de votre inscription \u00e0 PayPal.<br \/>\nSi vous voulez profiter de ce mode de paiement mais que vous n&#8217;\u00eates pas inscrit \u00e0 PayPal, visitez <a href=\"https:\/\/www.paypal.com\/it\/home\/\" target=\"_blank\" rel=\"noopener\">www.paypal.it<\/a>.<\/p>\n<h2>Stripe<\/h2>\n<p>Stripe simplifie et s\u00e9curise toutes les \u00e9tapes du processus d&#8217;achat et de tr\u00e9sorerie d&#8217;une transaction et accepte tous les types de <strong>cartes de cr\u00e9dit<\/strong>. Stripe est une soci\u00e9t\u00e9 leader dans la gestion des transactions en ligne qui respecte les normes internationales en mati\u00e8re de protection des donn\u00e9es et adh\u00e8re aux protocoles de s\u00e9curit\u00e9 des circuits <strong>VISA, MasterCard et American Express<\/strong>.<br \/>\nStripe adh\u00e8re \u00e0 la norme PCI pour laquelle elle a \u00e9t\u00e9 certifi\u00e9e niveau 1, actuellement la plus stricte de l&#8217;industrie du paiement.<br \/>\nGr\u00e2ce \u00e0 cette fonctionnalit\u00e9, la boutique en ligne ne g\u00e9rera pas les donn\u00e9es sensibles des cartes, qui seront au contraire transf\u00e9r\u00e9es vers le serveur s\u00e9curis\u00e9 de Stripe sans aucune \u00e9tape interm\u00e9diaire (<a href=\"https:\/\/stripe.com\/it\" target=\"_blank\" rel=\"noopener\">www.stripe.com<\/a>).<\/p>\n<p>Les syst\u00e8mes de paiement suivants sont \u00e9galement actifs via Stripe :<\/p>\n<p><strong>SOFORT<\/strong><br \/>\nIl s&#8217;agit d&#8217;un mode de paiement bas\u00e9 sur le transfert<\/p>\n<p><strong>GiroPay<\/strong><br \/>\nGiroPay est un mode de paiement par virement bancaire en ligne propos\u00e9 par plus de 1500 banques en Allemagne.<\/p>\n<p><strong>Ideal<\/strong><br \/>\niDEAL est un mode de paiement n\u00e9erlandais qui permet aux clients d&#8217;effectuer des transactions en ligne en utilisant leurs identifiants bancaires.<\/p>\n<h3>Klarna<\/h3>\n<p>Klarna offre des options de paiement flexibles qui permettent aux clients de choisir quand et comment ils r\u00e8glent leurs achats. Avec Klarna, le co\u00fbt de l&#8217;achat est divis\u00e9 en trois versements sans int\u00e9r\u00eat, qui sont d\u00e9bit\u00e9s de la carte de cr\u00e9dit tous les 30 jours.<\/p>\n<h3>Scalapay<\/h3>\n<p>Offre la possibilit\u00e9 de payer en ligne en plusieurs fois ou plus tard, sans int\u00e9r\u00eats.<\/p>\n<h2>Facturation<\/h2>\n<p>Pour les commandes qui comportent des informations de facturation (num\u00e9ro de TVA et adresse de facturation) lors de l&#8217;enregistrement, une facture est \u00e9mise lors de l&#8217;exp\u00e9dition : <span style=\"text-decoration: underline;\"><strong>la facture est envoy\u00e9e en m\u00eame temps que la commande et ins\u00e9r\u00e9e dans le colis<\/strong><\/span>. En cas de besoins diff\u00e9rents, la facture peut \u00eatre envoy\u00e9e sous format \u00e9lectronique (via e-mail) : <span style=\"text-decoration: underline;\"><strong>la demande doit \u00eatre faite au moment de la commande<\/strong><\/span>.<\/p>\n\t\t\t\t\t\t<\/div>\n\t\t\t\t<\/div>\n\t\t\t\t\t<\/div>\n\t\t<\/div>\n\t\t\t\t<div class=\"elementor-column elementor-col-50 elementor-top-column elementor-element elementor-element-1b569897\" data-id=\"1b569897\" data-element_type=\"column\">\n\t\t\t<div class=\"elementor-widget-wrap elementor-element-populated\">\n\t\t\t\t\t\t\t\t<div class=\"elementor-element elementor-element-742e8bec elementor-widget elementor-widget-text-editor\" data-id=\"742e8bec\" data-element_type=\"widget\" data-widget_type=\"text-editor.default\">\n\t\t\t\t<div class=\"elementor-widget-container\">\n\t\t\t\t\t\t\t<h2>Remboursement de la TVA sur les articles que vous comptez exporter en dehors de l&#8217;Union europ\u00e9enne<\/h2><p>Si vous avez pass\u00e9 une commande sur <a href=\"https:\/\/www.erresse-shop.it\/fr\/\">www.erresse-shop.it<\/a>, que vous \u00eates domicili\u00e9 ou r\u00e9sidez en dehors de l&#8217;Union europ\u00e9enne et que vous avez l&#8217;intention d&#8217;exporter personnellement vos articles en dehors de l&#8217;UE, vous pouvez demander le remboursement de la TVA sur pr\u00e9sentation de la facture correspondante (voir la proc\u00e9dure ci-dessous).<\/p><p>Pour b\u00e9n\u00e9ficier du remboursement de la TVA, le montant total de la commande doit \u00eatre sup\u00e9rieur \u00e0 154,94 EUR (TVA comprise), la commande doit \u00eatre destin\u00e9e \u00e0 un usage personnel et les articles doivent \u00eatre transport\u00e9s hors de l&#8217;UE par vos soins dans les trois mois suivant leur r\u00e9ception.<\/p><p>Pour obtenir votre remboursement de la TVA, vous devez suivre les \u00e9tapes suivantes :<\/p><ul><li>Demandez votre facture \u00e0\u00a0<a href=\"mailto:info@erresse-shop.it\">info@erresse-shop.it<\/a> imm\u00e9diatement apr\u00e8s avoir pass\u00e9 votre commande et avant qu&#8217;elle ne soit exp\u00e9di\u00e9e, en pr\u00e9cisant :<ul><li>Votre nom et votre pr\u00e9nom, tels qu&#8217;ils figurent sur votre passeport.<\/li><li>Le pays o\u00f9 votre passeport a \u00e9t\u00e9 d\u00e9livr\u00e9<\/li><li>Votre num\u00e9ro de passeport<\/li><li>La date d&#8217;expiration de votre passeport<\/li><li>Votre adresse de r\u00e9sidence \u00e0 l&#8217;\u00e9tranger. Le domicile ou la r\u00e9sidence doit n\u00e9cessairement se trouver \u00e0 l&#8217;\u00e9tranger.<\/li><\/ul><\/li><\/ul><p><strong>NOTE :<\/strong> La facture sera adress\u00e9e \u00e0 l&#8217;adresse associ\u00e9e au mode de paiement, qui doit co\u00efncider avec l&#8217;adresse de r\u00e9sidence \u00e0 l&#8217;\u00e9tranger.<br \/>N&#8217;oubliez pas non plus que la commande doit \u00eatre exp\u00e9di\u00e9e en EU.<\/p><ol><li>Une fois que vous avez re\u00e7u la facture d&#8217;ERRESSE, pr\u00e9sentez-la (avec l&#8217;article achet\u00e9) au bureau de douane afin qu&#8217;il la tamponne pour certifier que votre article a quitt\u00e9 le territoire de l&#8217;UE.<\/li><li>Dans un d\u00e9lai de quatre mois \u00e0 compter de la r\u00e9ception de l&#8217;article, renvoyez la facture vis\u00e9e par le bureau de douane \u00e0 ERRESSE par courrier \u00e9lectronique \u00e0 info@erresse-shop.it en format pdf ou en original \u00e0 l&#8217;adresse suivante :<br \/><strong>ERRESSE<\/strong><br \/><strong>Via fratelli Villa 11<\/strong><br \/><strong>20863 Concorezzo (MB )<\/strong><br \/><strong>ITALIE<br \/><\/strong><br \/>D\u00e8s que ERRESSE recevra votre facture tamponn\u00e9e dans les d\u00e9lais demand\u00e9s, ERRESSE remboursera la TVA sur la m\u00eame carte de cr\u00e9dit que celle utilis\u00e9e pour la commande. Nous n&#8217;acceptons pas les demandes de remboursement de la TVA par t\u00e9l\u00e9copie. Nous vous rappelons que vous pouvez demander la facture imm\u00e9diatement apr\u00e8s avoir pass\u00e9 votre commande, avant qu&#8217;elle ne soit exp\u00e9di\u00e9e.<\/li><\/ol>\t\t\t\t\t\t<\/div>\n\t\t\t\t<\/div>\n\t\t\t\t\t<\/div>\n\t\t<\/div>\n\t\t\t\t\t\t\t<\/div>\n\t\t<\/section>\n\t\t\t\t\t\t\t<\/div>\n\t\t","protected":false},"excerpt":{"rendered":"<p>Virement bancaire Apr\u00e8s avoir re\u00e7u l&#8217;e-mail de confirmation de l&#8217;&#8221;enregistrement de la commande&#8220;, vous pouvez effectuer le virement bancaire aupr\u00e8s<\/p>\n","protected":false},"author":1,"featured_media":0,"parent":0,"menu_order":7,"comment_status":"closed","ping_status":"closed","template":"","meta":{"_acf_changed":false,"inline_featured_image":false,"footnotes":""},"acf":[],"yoast_head":"<!-- This site is optimized with the Yoast SEO Premium plugin v18.6 (Yoast SEO v19.13) - https:\/\/yoast.com\/wordpress\/plugins\/seo\/ -->\n<title>Paiements - Erresse Shop<\/title>\n<meta name=\"robots\" content=\"index, follow, max-snippet:-1, max-image-preview:large, max-video-preview:-1\" \/>\n<link rel=\"canonical\" href=\"https:\/\/www.erresse-shop.it\/fr\/paiements\/\" \/>\n<meta property=\"og:locale\" content=\"fr_FR\" \/>\n<meta property=\"og:type\" content=\"article\" \/>\n<meta property=\"og:title\" content=\"Paiements\" \/>\n<meta property=\"og:description\" content=\"Virement bancaire Apr\u00e8s avoir re\u00e7u l&#8217;e-mail de confirmation de l&#039;&#8221;enregistrement de la commande&#8220;, vous pouvez effectuer le virement bancaire aupr\u00e8s\" \/>\n<meta property=\"og:url\" content=\"https:\/\/www.erresse-shop.it\/fr\/paiements\/\" \/>\n<meta property=\"og:site_name\" content=\"Erresse Shop\" \/>\n<meta property=\"article:modified_time\" content=\"2024-02-28T11:47:20+00:00\" \/>\n<meta name=\"twitter:card\" content=\"summary_large_image\" \/>\n<script type=\"application\/ld+json\" class=\"yoast-schema-graph\">{\"@context\":\"https:\/\/schema.org\",\"@graph\":[{\"@type\":\"WebPage\",\"@id\":\"https:\/\/www.erresse-shop.it\/fr\/paiements\/\",\"url\":\"https:\/\/www.erresse-shop.it\/fr\/paiements\/\",\"name\":\"Paiements - Erresse Shop\",\"isPartOf\":{\"@id\":\"https:\/\/www.erresse-shop.it\/fr\/#website\"},\"datePublished\":\"2021-06-25T09:53:27+00:00\",\"dateModified\":\"2024-02-28T11:47:20+00:00\",\"breadcrumb\":{\"@id\":\"https:\/\/www.erresse-shop.it\/fr\/paiements\/#breadcrumb\"},\"inLanguage\":\"fr-FR\",\"potentialAction\":[{\"@type\":\"ReadAction\",\"target\":[\"https:\/\/www.erresse-shop.it\/fr\/paiements\/\"]}]},{\"@type\":\"BreadcrumbList\",\"@id\":\"https:\/\/www.erresse-shop.it\/fr\/paiements\/#breadcrumb\",\"itemListElement\":[{\"@type\":\"ListItem\",\"position\":1,\"name\":\"Home\",\"item\":\"https:\/\/www.erresse-shop.it\/fr\/\"},{\"@type\":\"ListItem\",\"position\":2,\"name\":\"Paiements\"}]},{\"@type\":\"WebSite\",\"@id\":\"https:\/\/www.erresse-shop.it\/fr\/#website\",\"url\":\"https:\/\/www.erresse-shop.it\/fr\/\",\"name\":\"Erresse Shop\",\"description\":\"Articoli di qualit\u00e0 per la casa\",\"potentialAction\":[{\"@type\":\"SearchAction\",\"target\":{\"@type\":\"EntryPoint\",\"urlTemplate\":\"https:\/\/www.erresse-shop.it\/fr\/?s={search_term_string}\"},\"query-input\":\"required name=search_term_string\"}],\"inLanguage\":\"fr-FR\"}]}<\/script>\n<!-- \/ Yoast SEO Premium plugin. -->","yoast_head_json":{"title":"Paiements - Erresse Shop","robots":{"index":"index","follow":"follow","max-snippet":"max-snippet:-1","max-image-preview":"max-image-preview:large","max-video-preview":"max-video-preview:-1"},"canonical":"https:\/\/www.erresse-shop.it\/fr\/paiements\/","og_locale":"fr_FR","og_type":"article","og_title":"Paiements","og_description":"Virement bancaire Apr\u00e8s avoir re\u00e7u l&#8217;e-mail de confirmation de l'&#8221;enregistrement de la commande&#8220;, vous pouvez effectuer le virement bancaire aupr\u00e8s","og_url":"https:\/\/www.erresse-shop.it\/fr\/paiements\/","og_site_name":"Erresse Shop","article_modified_time":"2024-02-28T11:47:20+00:00","twitter_card":"summary_large_image","schema":{"@context":"https:\/\/schema.org","@graph":[{"@type":"WebPage","@id":"https:\/\/www.erresse-shop.it\/fr\/paiements\/","url":"https:\/\/www.erresse-shop.it\/fr\/paiements\/","name":"Paiements - Erresse Shop","isPartOf":{"@id":"https:\/\/www.erresse-shop.it\/fr\/#website"},"datePublished":"2021-06-25T09:53:27+00:00","dateModified":"2024-02-28T11:47:20+00:00","breadcrumb":{"@id":"https:\/\/www.erresse-shop.it\/fr\/paiements\/#breadcrumb"},"inLanguage":"fr-FR","potentialAction":[{"@type":"ReadAction","target":["https:\/\/www.erresse-shop.it\/fr\/paiements\/"]}]},{"@type":"BreadcrumbList","@id":"https:\/\/www.erresse-shop.it\/fr\/paiements\/#breadcrumb","itemListElement":[{"@type":"ListItem","position":1,"name":"Home","item":"https:\/\/www.erresse-shop.it\/fr\/"},{"@type":"ListItem","position":2,"name":"Paiements"}]},{"@type":"WebSite","@id":"https:\/\/www.erresse-shop.it\/fr\/#website","url":"https:\/\/www.erresse-shop.it\/fr\/","name":"Erresse Shop","description":"Articoli di qualit\u00e0 per la casa","potentialAction":[{"@type":"SearchAction","target":{"@type":"EntryPoint","urlTemplate":"https:\/\/www.erresse-shop.it\/fr\/?s={search_term_string}"},"query-input":"required name=search_term_string"}],"inLanguage":"fr-FR"}]}},"_links":{"self":[{"href":"https:\/\/www.erresse-shop.it\/fr\/wp-json\/wp\/v2\/pages\/106531"}],"collection":[{"href":"https:\/\/www.erresse-shop.it\/fr\/wp-json\/wp\/v2\/pages"}],"about":[{"href":"https:\/\/www.erresse-shop.it\/fr\/wp-json\/wp\/v2\/types\/page"}],"author":[{"embeddable":true,"href":"https:\/\/www.erresse-shop.it\/fr\/wp-json\/wp\/v2\/users\/1"}],"replies":[{"embeddable":true,"href":"https:\/\/www.erresse-shop.it\/fr\/wp-json\/wp\/v2\/comments?post=106531"}],"version-history":[{"count":37,"href":"https:\/\/www.erresse-shop.it\/fr\/wp-json\/wp\/v2\/pages\/106531\/revisions"}],"predecessor-version":[{"id":393246,"href":"https:\/\/www.erresse-shop.it\/fr\/wp-json\/wp\/v2\/pages\/106531\/revisions\/393246"}],"wp:attachment":[{"href":"https:\/\/www.erresse-shop.it\/fr\/wp-json\/wp\/v2\/media?parent=106531"}],"curies":[{"name":"wp","href":"https:\/\/api.w.org\/{rel}","templated":true}]}}