{"id":522283,"date":"2026-01-30T13:21:02","date_gmt":"2026-01-30T13:21:03","guid":{"rendered":"https:\/\/www.erresse-shop.it\/?post_type=product&#038;p=522283"},"modified":"2026-01-30T14:04:05","modified_gmt":"2026-01-30T14:04:05","slug":"fratelli-desideri-carlo-cracco-pack","status":"publish","type":"product","link":"https:\/\/www.erresse-shop.it\/es\/shop\/food-es\/fratelli-desideri-carlo-cracco-pack\/","title":{"rendered":"FRATELLI DESIDERI Carlo Cracco PACK"},"content":{"rendered":"<p><strong>Carlo Cracco PACK<\/strong><\/p>\n<p>Una inmersi\u00f3n en el mundo culinario de Carlo Cracco con dos de sus platos m\u00e1s famosos, dos risottos inspirados en el mar y la tierra:<\/p>\n<p>&#8220;<strong>L\u2019Oro di Milano<\/strong>&#8221; (para 4 personas)<br \/>\nCarlo Cracco (<strong>chef con 6 estrellas Michelin<\/strong>) crea esta extraordinaria reinterpretaci\u00f3n del Risotto alla Milanese, un plato arraigado en la historia de la cocina milanesa y enriquecido con sabores modernos y refinados gracias a la interpretaci\u00f3n del chef.<br \/>\nLa receta original, que data de 1574, naci\u00f3 en la mesa del vidriero Valerio di Fiandra, una figura estrechamente vinculada a la tradici\u00f3n milanesa, quien utilizaba el azafr\u00e1n no solo para embellecer sus platos, sino tambi\u00e9n para dar a las vidrieras de la Catedral de Mil\u00e1n un color extraordinario, s\u00edmbolo de la maestr\u00eda artesanal de la \u00e9poca.<br \/>\nHoy en d\u00eda, el azafr\u00e1n, que se ha convertido en uno de los ingredientes m\u00e1s emblem\u00e1ticos de la cocina italiana, sigue brillando en esta creaci\u00f3n gastron\u00f3mica, llevando consigo el rico legado de un plato hist\u00f3rico.<\/p>\n<p>&#8220;<strong>Il Tesoro di Portofino<\/strong>&#8221; (para 2 personas)<br \/>\nEste maravilloso risotto, inspirado en el nuevo restaurante de Carlo en el impresionante entorno de Portofino, es un aut\u00e9ntico espect\u00e1culo, combinando las tiernas notas de los chipirones con los toques crujientes del aceite esencial de jengibre y los sabrosos toques del alga nori.<br \/>\nTodo ello envuelto en una suave mezcla de mascarpone y chalotas. La tinta de calamar es el acompa\u00f1amiento perfecto, tanto est\u00e9ticamente como en cuanto a sabor final.<\/p>\n<p>El chef Carlo ha seleccionado cuidadosamente las mejores materias primas para ofrecer una versi\u00f3n moderna, absolutamente fiel a la tradici\u00f3n.<br \/>\nCada ingrediente ha sido seleccionado no solo por su calidad, sino tambi\u00e9n por su capacidad para transportarte a un viaje sensorial \u00fanico e inolvidable, donde cada bocado cuenta una historia de pasi\u00f3n, artesan\u00eda y sofisticaci\u00f3n.<\/p>\n","protected":false},"excerpt":{"rendered":"<p>Carlo Cracco PACK Una inmersi\u00f3n en el mundo culinario de Carlo Cracco con dos de sus platos m\u00e1s famosos, dos<\/p>\n","protected":false},"featured_media":522291,"template":"","meta":{"_acf_changed":false,"inline_featured_image":false},"product_cat":[25935],"product_tag":[21537],"acf":[],"yoast_head":"<!-- This site is optimized with the Yoast SEO Premium plugin v18.6 (Yoast SEO v19.13) - https:\/\/yoast.com\/wordpress\/plugins\/seo\/ -->\n<title>FRATELLI DESIDERI Carlo Cracco PACK - Erresse Shop<\/title>\n<meta name=\"description\" content=\"Carlo Cracco PACK Una inmersi\u00f3n en el mundo culinario de Carlo Cracco con dos de sus platos m\u00e1s famosos, dos risottos inspirados en el mar y la tierra:\" \/>\n<meta name=\"robots\" content=\"index, follow, max-snippet:-1, max-image-preview:large, max-video-preview:-1\" \/>\n<link rel=\"canonical\" href=\"https:\/\/www.erresse-shop.it\/es\/shop\/food-es\/fratelli-desideri-carlo-cracco-pack\/\" \/>\n<meta property=\"og:locale\" content=\"es_ES\" \/>\n<meta property=\"og:type\" content=\"article\" \/>\n<meta property=\"og:title\" content=\"FRATELLI DESIDERI Carlo Cracco PACK\" \/>\n<meta property=\"og:description\" content=\"Carlo Cracco PACK Una inmersi\u00f3n en el mundo culinario de Carlo Cracco con dos de sus platos m\u00e1s famosos, dos risottos inspirados en el mar y la tierra:\" \/>\n<meta property=\"og:url\" content=\"https:\/\/www.erresse-shop.it\/es\/shop\/food-es\/fratelli-desideri-carlo-cracco-pack\/\" \/>\n<meta property=\"og:site_name\" content=\"Erresse Shop\" \/>\n<meta property=\"article:modified_time\" content=\"2026-01-30T14:04:05+00:00\" \/>\n<meta property=\"og:image\" content=\"https:\/\/www.erresse-shop.it\/wp-content\/uploads\/2026\/01\/FRATELLI-DESIDERI-Le-Cene-Stellate-Chef-Carlo-Cracco-2.jpg\" \/>\n\t<meta property=\"og:image:width\" content=\"1200\" \/>\n\t<meta property=\"og:image:height\" content=\"1200\" \/>\n\t<meta property=\"og:image:type\" content=\"image\/jpeg\" \/>\n<meta name=\"twitter:card\" content=\"summary_large_image\" \/>\n<script type=\"application\/ld+json\" class=\"yoast-schema-graph\">{\"@context\":\"https:\/\/schema.org\",\"@graph\":[{\"@type\":\"WebPage\",\"@id\":\"https:\/\/www.erresse-shop.it\/es\/shop\/food-es\/fratelli-desideri-carlo-cracco-pack\/\",\"url\":\"https:\/\/www.erresse-shop.it\/es\/shop\/food-es\/fratelli-desideri-carlo-cracco-pack\/\",\"name\":\"FRATELLI DESIDERI Carlo Cracco PACK - Erresse Shop\",\"isPartOf\":{\"@id\":\"https:\/\/www.erresse-shop.it\/es\/#website\"},\"datePublished\":\"2026-01-30T13:21:03+00:00\",\"dateModified\":\"2026-01-30T14:04:05+00:00\",\"description\":\"Carlo Cracco PACK Una inmersi\u00f3n en el mundo culinario de Carlo Cracco con dos de sus platos m\u00e1s famosos, dos risottos inspirados en el mar y la tierra:\",\"breadcrumb\":{\"@id\":\"https:\/\/www.erresse-shop.it\/es\/shop\/food-es\/fratelli-desideri-carlo-cracco-pack\/#breadcrumb\"},\"inLanguage\":\"es\",\"potentialAction\":[{\"@type\":\"ReadAction\",\"target\":[\"https:\/\/www.erresse-shop.it\/es\/shop\/food-es\/fratelli-desideri-carlo-cracco-pack\/\"]}]},{\"@type\":\"BreadcrumbList\",\"@id\":\"https:\/\/www.erresse-shop.it\/es\/shop\/food-es\/fratelli-desideri-carlo-cracco-pack\/#breadcrumb\",\"itemListElement\":[{\"@type\":\"ListItem\",\"position\":1,\"name\":\"Home\",\"item\":\"https:\/\/www.erresse-shop.it\/es\/\"},{\"@type\":\"ListItem\",\"position\":2,\"name\":\"Shop\",\"item\":\"https:\/\/www.erresse-shop.it\/es\/shop\/\"},{\"@type\":\"ListItem\",\"position\":3,\"name\":\"FRATELLI DESIDERI Carlo Cracco PACK\"}]},{\"@type\":\"WebSite\",\"@id\":\"https:\/\/www.erresse-shop.it\/es\/#website\",\"url\":\"https:\/\/www.erresse-shop.it\/es\/\",\"name\":\"Erresse Shop\",\"description\":\"Articoli di qualit\u00e0 per la casa\",\"potentialAction\":[{\"@type\":\"SearchAction\",\"target\":{\"@type\":\"EntryPoint\",\"urlTemplate\":\"https:\/\/www.erresse-shop.it\/es\/?s={search_term_string}\"},\"query-input\":\"required name=search_term_string\"}],\"inLanguage\":\"es\"}]}<\/script>\n<!-- \/ Yoast SEO Premium plugin. -->","yoast_head_json":{"title":"FRATELLI DESIDERI Carlo Cracco PACK - Erresse Shop","description":"Carlo Cracco PACK Una inmersi\u00f3n en el mundo culinario de Carlo Cracco con dos de sus platos m\u00e1s famosos, dos risottos inspirados en el mar y la tierra:","robots":{"index":"index","follow":"follow","max-snippet":"max-snippet:-1","max-image-preview":"max-image-preview:large","max-video-preview":"max-video-preview:-1"},"canonical":"https:\/\/www.erresse-shop.it\/es\/shop\/food-es\/fratelli-desideri-carlo-cracco-pack\/","og_locale":"es_ES","og_type":"article","og_title":"FRATELLI DESIDERI Carlo Cracco PACK","og_description":"Carlo Cracco PACK Una inmersi\u00f3n en el mundo culinario de Carlo Cracco con dos de sus platos m\u00e1s famosos, dos risottos inspirados en el mar y la tierra:","og_url":"https:\/\/www.erresse-shop.it\/es\/shop\/food-es\/fratelli-desideri-carlo-cracco-pack\/","og_site_name":"Erresse Shop","article_modified_time":"2026-01-30T14:04:05+00:00","og_image":[{"width":1200,"height":1200,"url":"https:\/\/www.erresse-shop.it\/wp-content\/uploads\/2026\/01\/FRATELLI-DESIDERI-Le-Cene-Stellate-Chef-Carlo-Cracco-2.jpg","type":"image\/jpeg"}],"twitter_card":"summary_large_image","schema":{"@context":"https:\/\/schema.org","@graph":[{"@type":"WebPage","@id":"https:\/\/www.erresse-shop.it\/es\/shop\/food-es\/fratelli-desideri-carlo-cracco-pack\/","url":"https:\/\/www.erresse-shop.it\/es\/shop\/food-es\/fratelli-desideri-carlo-cracco-pack\/","name":"FRATELLI DESIDERI Carlo Cracco PACK - Erresse Shop","isPartOf":{"@id":"https:\/\/www.erresse-shop.it\/es\/#website"},"datePublished":"2026-01-30T13:21:03+00:00","dateModified":"2026-01-30T14:04:05+00:00","description":"Carlo Cracco PACK Una inmersi\u00f3n en el mundo culinario de Carlo Cracco con dos de sus platos m\u00e1s famosos, dos risottos inspirados en el mar y la tierra:","breadcrumb":{"@id":"https:\/\/www.erresse-shop.it\/es\/shop\/food-es\/fratelli-desideri-carlo-cracco-pack\/#breadcrumb"},"inLanguage":"es","potentialAction":[{"@type":"ReadAction","target":["https:\/\/www.erresse-shop.it\/es\/shop\/food-es\/fratelli-desideri-carlo-cracco-pack\/"]}]},{"@type":"BreadcrumbList","@id":"https:\/\/www.erresse-shop.it\/es\/shop\/food-es\/fratelli-desideri-carlo-cracco-pack\/#breadcrumb","itemListElement":[{"@type":"ListItem","position":1,"name":"Home","item":"https:\/\/www.erresse-shop.it\/es\/"},{"@type":"ListItem","position":2,"name":"Shop","item":"https:\/\/www.erresse-shop.it\/es\/shop\/"},{"@type":"ListItem","position":3,"name":"FRATELLI DESIDERI Carlo Cracco PACK"}]},{"@type":"WebSite","@id":"https:\/\/www.erresse-shop.it\/es\/#website","url":"https:\/\/www.erresse-shop.it\/es\/","name":"Erresse Shop","description":"Articoli di qualit\u00e0 per la casa","potentialAction":[{"@type":"SearchAction","target":{"@type":"EntryPoint","urlTemplate":"https:\/\/www.erresse-shop.it\/es\/?s={search_term_string}"},"query-input":"required name=search_term_string"}],"inLanguage":"es"}]}},"df_price":59,"df_sale_price":59,"df_regular_price":102,"df_image_link":"https:\/\/www.erresse-shop.it\/wp-content\/uploads\/2026\/01\/FRATELLI-DESIDERI-Le-Cene-Stellate-Chef-Carlo-Cracco-2-300x300.jpg","_links":{"self":[{"href":"https:\/\/www.erresse-shop.it\/es\/wp-json\/wp\/v2\/product\/522283"}],"collection":[{"href":"https:\/\/www.erresse-shop.it\/es\/wp-json\/wp\/v2\/product"}],"about":[{"href":"https:\/\/www.erresse-shop.it\/es\/wp-json\/wp\/v2\/types\/product"}],"wp:featuredmedia":[{"embeddable":true,"href":"https:\/\/www.erresse-shop.it\/es\/wp-json\/wp\/v2\/media\/522291"}],"wp:attachment":[{"href":"https:\/\/www.erresse-shop.it\/es\/wp-json\/wp\/v2\/media?parent=522283"}],"wp:term":[{"taxonomy":"product_cat","embeddable":true,"href":"https:\/\/www.erresse-shop.it\/es\/wp-json\/wp\/v2\/product_cat?post=522283"},{"taxonomy":"product_tag","embeddable":true,"href":"https:\/\/www.erresse-shop.it\/es\/wp-json\/wp\/v2\/product_tag?post=522283"}],"curies":[{"name":"wp","href":"https:\/\/api.w.org\/{rel}","templated":true}]}}