{"id":521308,"date":"2026-01-12T12:05:22","date_gmt":"2026-01-12T12:05:26","guid":{"rendered":"https:\/\/www.erresse-shop.it\/?post_type=product&#038;p=521308"},"modified":"2026-01-13T10:05:52","modified_gmt":"2026-01-13T10:05:52","slug":"mepra-servicio-24-piezas-stiria-oro-helado-copia","status":"publish","type":"product","link":"https:\/\/www.erresse-shop.it\/es\/shop\/tabla\/cubiertos\/mepra-servicio-24-piezas-stiria-oro-helado-copia\/","title":{"rendered":"MEPRA Servicio 24 Piezas Stiria Oro helado"},"content":{"rendered":"<p><strong>Cubiertos de acero inoxidable con acabado dorado<\/strong><\/p>\n<pre id=\"tw-target-text\" class=\"tw-data-text tw-text-large tw-ta\" dir=\"ltr\" tabindex=\"-1\" role=\"text\" data-placeholder=\"Traduzione\" data-ved=\"2ahUKEwi7rbnJoIiSAxWNgf0HHYZhMEMQ3ewLegQIDBAV\" aria-label=\"Testo tradotto: Los cubiertos &quot;Ice Oro&quot; est\u00e1n fabricados en acero inoxidable 18\/10, tratados con tecnolog\u00eda PVD (Deposici\u00f3n F\u00edsica de Vapor) para lograr un acabado dorado satinado, duradero y resistente. Esta moderna evoluci\u00f3n combina la est\u00e9tica del metal precioso con la practicidad de los materiales contempor\u00e1neos, bas\u00e1ndose en una larga historia de cubiertos que han evolucionado desde simples utensilios hasta objetos de dise\u00f1o.\r\n\r\nResistencia: Dureza extrema (similar al zafiro), resistente a la abrasi\u00f3n, rayos UV, disolventes y \u00e1cidos.\r\nNo t\u00f3xico: No migra irritantes, seguro para la salud.\"><span class=\"Y2IQFc\" lang=\"es\">Los cubiertos \"Ice Oro\" est\u00e1n fabricados en acero inoxidable 18\/10, tratados con tecnolog\u00eda <strong>PVD<\/strong> (Deposici\u00f3n F\u00edsica de Vapor) para lograr un acabado dorado satinado, duradero y resistente. Esta moderna evoluci\u00f3n combina la est\u00e9tica del metal precioso con la practicidad de los materiales contempor\u00e1neos, bas\u00e1ndose en una larga historia de cubiertos que han evolucionado desde simples utensilios hasta objetos de dise\u00f1o.\r\n\r\n<strong>Resistencia<\/strong>: Dureza extrema (similar al zafiro), resistente a la abrasi\u00f3n, rayos UV, disolventes y \u00e1cidos.\r\n<strong>No t\u00f3xico<\/strong>: No migra irritantes, seguro para la salud.<\/span><\/pre>\n<p><strong>El Set incluye:<\/strong><\/p>\n<ul>\n<li>6 cucharas<\/li>\n<li>6 tenedores<\/li>\n<li>6 cuchillos<\/li>\n<li>6 cucharillas<\/li>\n<\/ul>\n<p><strong>Acero inoxidable<br \/>\n<\/strong><strong>Apto para lavavajillas<\/strong><\/p>\n","protected":false},"excerpt":{"rendered":"<p>Cubiertos de acero inoxidable con acabado dorado Los cubiertos &#8220;Ice Oro&#8221; est\u00e1n fabricados en acero inoxidable 18\/10, tratados con tecnolog\u00eda<\/p>\n","protected":false},"featured_media":521482,"template":"","meta":{"_acf_changed":false,"inline_featured_image":false},"product_cat":[16033,16027],"product_tag":[25003,24682,16307,22648],"acf":[],"yoast_head":"<!-- This site is optimized with the Yoast SEO Premium plugin v18.6 (Yoast SEO v19.13) - https:\/\/yoast.com\/wordpress\/plugins\/seo\/ -->\n<title>MEPRA Servicio 24 Piezas Stiria Oro helado - Erresse Shop<\/title>\n<meta name=\"description\" content=\"Cubiertos de acero inoxidable con acabado dorado Los cubiertos &quot;Ice Oro&quot; est\u00e1n fabricados en acero inoxidable 18\/10, tratados con tecnolog\u00eda PVD\" \/>\n<meta name=\"robots\" content=\"index, follow, max-snippet:-1, max-image-preview:large, max-video-preview:-1\" \/>\n<link rel=\"canonical\" href=\"https:\/\/www.erresse-shop.it\/es\/shop\/tabla\/cubiertos\/mepra-servicio-24-piezas-stiria-oro-helado-copia\/\" \/>\n<meta property=\"og:locale\" content=\"es_ES\" \/>\n<meta property=\"og:type\" content=\"article\" \/>\n<meta property=\"og:title\" content=\"MEPRA Servicio 24 Piezas Stiria Oro helado\" \/>\n<meta property=\"og:description\" content=\"Cubiertos de acero inoxidable con acabado dorado Los cubiertos &quot;Ice Oro&quot; est\u00e1n fabricados en acero inoxidable 18\/10, tratados con tecnolog\u00eda PVD\" \/>\n<meta property=\"og:url\" content=\"https:\/\/www.erresse-shop.it\/es\/shop\/tabla\/cubiertos\/mepra-servicio-24-piezas-stiria-oro-helado-copia\/\" \/>\n<meta property=\"og:site_name\" content=\"Erresse Shop\" \/>\n<meta property=\"article:modified_time\" content=\"2026-01-13T10:05:52+00:00\" \/>\n<meta property=\"og:image\" content=\"https:\/\/www.erresse-shop.it\/wp-content\/uploads\/2026\/01\/linea_ice_oro_erresse.jpg\" \/>\n\t<meta property=\"og:image:width\" content=\"1233\" \/>\n\t<meta property=\"og:image:height\" content=\"1103\" \/>\n\t<meta property=\"og:image:type\" content=\"image\/jpeg\" \/>\n<meta name=\"twitter:card\" content=\"summary_large_image\" \/>\n<script type=\"application\/ld+json\" class=\"yoast-schema-graph\">{\"@context\":\"https:\/\/schema.org\",\"@graph\":[{\"@type\":\"WebPage\",\"@id\":\"https:\/\/www.erresse-shop.it\/es\/shop\/tabla\/cubiertos\/mepra-servicio-24-piezas-stiria-oro-helado-copia\/\",\"url\":\"https:\/\/www.erresse-shop.it\/es\/shop\/tabla\/cubiertos\/mepra-servicio-24-piezas-stiria-oro-helado-copia\/\",\"name\":\"MEPRA Servicio 24 Piezas Stiria Oro helado - Erresse Shop\",\"isPartOf\":{\"@id\":\"https:\/\/www.erresse-shop.it\/es\/#website\"},\"datePublished\":\"2026-01-12T12:05:26+00:00\",\"dateModified\":\"2026-01-13T10:05:52+00:00\",\"description\":\"Cubiertos de acero inoxidable con acabado dorado Los cubiertos \\\"Ice Oro\\\" est\u00e1n fabricados en acero inoxidable 18\/10, tratados con tecnolog\u00eda PVD\",\"breadcrumb\":{\"@id\":\"https:\/\/www.erresse-shop.it\/es\/shop\/tabla\/cubiertos\/mepra-servicio-24-piezas-stiria-oro-helado-copia\/#breadcrumb\"},\"inLanguage\":\"es\",\"potentialAction\":[{\"@type\":\"ReadAction\",\"target\":[\"https:\/\/www.erresse-shop.it\/es\/shop\/tabla\/cubiertos\/mepra-servicio-24-piezas-stiria-oro-helado-copia\/\"]}]},{\"@type\":\"BreadcrumbList\",\"@id\":\"https:\/\/www.erresse-shop.it\/es\/shop\/tabla\/cubiertos\/mepra-servicio-24-piezas-stiria-oro-helado-copia\/#breadcrumb\",\"itemListElement\":[{\"@type\":\"ListItem\",\"position\":1,\"name\":\"Home\",\"item\":\"https:\/\/www.erresse-shop.it\/es\/\"},{\"@type\":\"ListItem\",\"position\":2,\"name\":\"Shop\",\"item\":\"https:\/\/www.erresse-shop.it\/es\/shop\/\"},{\"@type\":\"ListItem\",\"position\":3,\"name\":\"MEPRA Servicio 24 Piezas Stiria Oro helado\"}]},{\"@type\":\"WebSite\",\"@id\":\"https:\/\/www.erresse-shop.it\/es\/#website\",\"url\":\"https:\/\/www.erresse-shop.it\/es\/\",\"name\":\"Erresse Shop\",\"description\":\"Articoli di qualit\u00e0 per la casa\",\"potentialAction\":[{\"@type\":\"SearchAction\",\"target\":{\"@type\":\"EntryPoint\",\"urlTemplate\":\"https:\/\/www.erresse-shop.it\/es\/?s={search_term_string}\"},\"query-input\":\"required name=search_term_string\"}],\"inLanguage\":\"es\"}]}<\/script>\n<!-- \/ Yoast SEO Premium plugin. -->","yoast_head_json":{"title":"MEPRA Servicio 24 Piezas Stiria Oro helado - Erresse Shop","description":"Cubiertos de acero inoxidable con acabado dorado Los cubiertos \"Ice Oro\" est\u00e1n fabricados en acero inoxidable 18\/10, tratados con tecnolog\u00eda PVD","robots":{"index":"index","follow":"follow","max-snippet":"max-snippet:-1","max-image-preview":"max-image-preview:large","max-video-preview":"max-video-preview:-1"},"canonical":"https:\/\/www.erresse-shop.it\/es\/shop\/tabla\/cubiertos\/mepra-servicio-24-piezas-stiria-oro-helado-copia\/","og_locale":"es_ES","og_type":"article","og_title":"MEPRA Servicio 24 Piezas Stiria Oro helado","og_description":"Cubiertos de acero inoxidable con acabado dorado Los cubiertos \"Ice Oro\" est\u00e1n fabricados en acero inoxidable 18\/10, tratados con tecnolog\u00eda PVD","og_url":"https:\/\/www.erresse-shop.it\/es\/shop\/tabla\/cubiertos\/mepra-servicio-24-piezas-stiria-oro-helado-copia\/","og_site_name":"Erresse Shop","article_modified_time":"2026-01-13T10:05:52+00:00","og_image":[{"width":1233,"height":1103,"url":"https:\/\/www.erresse-shop.it\/wp-content\/uploads\/2026\/01\/linea_ice_oro_erresse.jpg","type":"image\/jpeg"}],"twitter_card":"summary_large_image","schema":{"@context":"https:\/\/schema.org","@graph":[{"@type":"WebPage","@id":"https:\/\/www.erresse-shop.it\/es\/shop\/tabla\/cubiertos\/mepra-servicio-24-piezas-stiria-oro-helado-copia\/","url":"https:\/\/www.erresse-shop.it\/es\/shop\/tabla\/cubiertos\/mepra-servicio-24-piezas-stiria-oro-helado-copia\/","name":"MEPRA Servicio 24 Piezas Stiria Oro helado - Erresse Shop","isPartOf":{"@id":"https:\/\/www.erresse-shop.it\/es\/#website"},"datePublished":"2026-01-12T12:05:26+00:00","dateModified":"2026-01-13T10:05:52+00:00","description":"Cubiertos de acero inoxidable con acabado dorado Los cubiertos \"Ice Oro\" est\u00e1n fabricados en acero inoxidable 18\/10, tratados con tecnolog\u00eda PVD","breadcrumb":{"@id":"https:\/\/www.erresse-shop.it\/es\/shop\/tabla\/cubiertos\/mepra-servicio-24-piezas-stiria-oro-helado-copia\/#breadcrumb"},"inLanguage":"es","potentialAction":[{"@type":"ReadAction","target":["https:\/\/www.erresse-shop.it\/es\/shop\/tabla\/cubiertos\/mepra-servicio-24-piezas-stiria-oro-helado-copia\/"]}]},{"@type":"BreadcrumbList","@id":"https:\/\/www.erresse-shop.it\/es\/shop\/tabla\/cubiertos\/mepra-servicio-24-piezas-stiria-oro-helado-copia\/#breadcrumb","itemListElement":[{"@type":"ListItem","position":1,"name":"Home","item":"https:\/\/www.erresse-shop.it\/es\/"},{"@type":"ListItem","position":2,"name":"Shop","item":"https:\/\/www.erresse-shop.it\/es\/shop\/"},{"@type":"ListItem","position":3,"name":"MEPRA Servicio 24 Piezas Stiria Oro helado"}]},{"@type":"WebSite","@id":"https:\/\/www.erresse-shop.it\/es\/#website","url":"https:\/\/www.erresse-shop.it\/es\/","name":"Erresse Shop","description":"Articoli di qualit\u00e0 per la casa","potentialAction":[{"@type":"SearchAction","target":{"@type":"EntryPoint","urlTemplate":"https:\/\/www.erresse-shop.it\/es\/?s={search_term_string}"},"query-input":"required name=search_term_string"}],"inLanguage":"es"}]}},"df_price":159,"df_sale_price":159,"df_regular_price":299,"df_image_link":"https:\/\/www.erresse-shop.it\/wp-content\/uploads\/2026\/01\/MEPRA-Servizio-posate-24-Pezzi-Stiria-Ice-Oro-4-300x300.jpg","_links":{"self":[{"href":"https:\/\/www.erresse-shop.it\/es\/wp-json\/wp\/v2\/product\/521308"}],"collection":[{"href":"https:\/\/www.erresse-shop.it\/es\/wp-json\/wp\/v2\/product"}],"about":[{"href":"https:\/\/www.erresse-shop.it\/es\/wp-json\/wp\/v2\/types\/product"}],"wp:featuredmedia":[{"embeddable":true,"href":"https:\/\/www.erresse-shop.it\/es\/wp-json\/wp\/v2\/media\/521482"}],"wp:attachment":[{"href":"https:\/\/www.erresse-shop.it\/es\/wp-json\/wp\/v2\/media?parent=521308"}],"wp:term":[{"taxonomy":"product_cat","embeddable":true,"href":"https:\/\/www.erresse-shop.it\/es\/wp-json\/wp\/v2\/product_cat?post=521308"},{"taxonomy":"product_tag","embeddable":true,"href":"https:\/\/www.erresse-shop.it\/es\/wp-json\/wp\/v2\/product_tag?post=521308"}],"curies":[{"name":"wp","href":"https:\/\/api.w.org\/{rel}","templated":true}]}}