{"id":521059,"date":"2026-01-08T13:55:03","date_gmt":"2026-01-08T13:55:07","guid":{"rendered":"https:\/\/www.erresse-shop.it\/?post_type=product&#038;p=521059"},"modified":"2026-02-02T08:53:10","modified_gmt":"2026-02-02T08:53:10","slug":"mario-luca-giusti-botella-acquarama-rubi","status":"publish","type":"product","link":"https:\/\/www.erresse-shop.it\/es\/shop\/tabla\/jarras-garaffas-botellas\/mario-luca-giusti-botella-acquarama-rubi\/","title":{"rendered":"MARIO LUCA GIUSTI Botella Acquarama Rub\u00ed"},"content":{"rendered":"<p class=\"p2\"><strong>Altura:<\/strong> 32,5 cm<br \/>\n<strong>Di\u00e1metro:<\/strong> 11,8 cm<br \/>\n<strong>Capacidad:<\/strong> 1000 ml<br \/>\n<strong>Peso:<\/strong> 660 g<br \/>\n<strong>Material:<\/strong> Acr\u00edlico<\/p>\n<p><strong>Instrucciones de uso del producto acr\u00edlico<\/strong><\/p>\n<p>Apto para uso alimentario y aprobado por T\u00dcV, SGS e Intertek<\/p>\n<ul>\n<li>Totalmente ins\u00edpido e inodoro<\/li>\n<li>Sin BPA<\/li>\n<li>No irrompible<\/li>\n<li>Resistente a temperaturas de -10 \u00b0C a 50 \u00b0C<\/li>\n<li>Congelable<\/li>\n<li>Se recomienda lavar a mano para prolongar la vida \u00fatil del producto<\/li>\n<li>No lavable a m\u00e1quina<\/li>\n<li>No apto para microondas<\/li>\n<li>Utilice \u00fanicamente detergentes neutros y materiales abrasivos Para la limpieza.<\/li>\n<\/ul>\n<p>Los siguientes factores pueden causar que el producto se decolore o se vuelva turbio con el tiempo:<\/p>\n<ul>\n<li>Almacenamiento prolongado de productos a altas temperaturas y humedad.<\/li>\n<li>Dosificaci\u00f3n incorrecta de detergente.<\/li>\n<li>Uso de detergentes que contengan aluminio o recubrimientos protectores met\u00e1licos.<\/li>\n<li>Los productos l\u00e1cteos, el caf\u00e9, el cacao, el t\u00e9 y las bebidas alcoh\u00f3licas pueden dejar marcas en el vidrio si se dejan en contacto con el producto durante la noche. Lave el vidrio con agua tibia y jab\u00f3n inmediatamente despu\u00e9s de usarlo, ya sea a mano o con nuestro limpiador en polvo Renovate habitual.<\/li>\n<\/ul>\n","protected":false},"excerpt":{"rendered":"<p>Altura: 32,5 cm Di\u00e1metro: 11,8 cm Capacidad: 1000 ml Peso: 660 g Material: Acr\u00edlico Instrucciones de uso del producto acr\u00edlico<\/p>\n","protected":false},"featured_media":521072,"template":"","meta":{"_acf_changed":false,"inline_featured_image":false},"product_cat":[16029,16027],"product_tag":[25029,24870,16384,24399,24605,25023],"acf":[],"yoast_head":"<!-- This site is optimized with the Yoast SEO Premium plugin v18.6 (Yoast SEO v19.13) - https:\/\/yoast.com\/wordpress\/plugins\/seo\/ -->\n<title>MARIO LUCA GIUSTI Botella Acquarama Rub\u00ed - Erresse Shop<\/title>\n<meta name=\"description\" content=\"Altura: 32,5 cm Di\u00e1metro: 11,8 cm Capacidad: 1000 ml Peso: 660 g Material: Acr\u00edlico Instrucciones de uso del producto acr\u00edlico Apto para uso alimentario y\" \/>\n<meta name=\"robots\" content=\"index, follow, max-snippet:-1, max-image-preview:large, max-video-preview:-1\" \/>\n<link rel=\"canonical\" href=\"https:\/\/www.erresse-shop.it\/es\/shop\/tabla\/jarras-garaffas-botellas\/mario-luca-giusti-botella-acquarama-rubi\/\" \/>\n<meta property=\"og:locale\" content=\"es_ES\" \/>\n<meta property=\"og:type\" content=\"article\" \/>\n<meta property=\"og:title\" content=\"MARIO LUCA GIUSTI Botella Acquarama Rub\u00ed\" \/>\n<meta property=\"og:description\" content=\"Altura: 32,5 cm Di\u00e1metro: 11,8 cm Capacidad: 1000 ml Peso: 660 g Material: Acr\u00edlico Instrucciones de uso del producto acr\u00edlico Apto para uso alimentario y\" \/>\n<meta property=\"og:url\" content=\"https:\/\/www.erresse-shop.it\/es\/shop\/tabla\/jarras-garaffas-botellas\/mario-luca-giusti-botella-acquarama-rubi\/\" \/>\n<meta property=\"og:site_name\" content=\"Erresse Shop\" \/>\n<meta property=\"article:modified_time\" content=\"2026-02-02T08:53:10+00:00\" \/>\n<meta property=\"og:image\" content=\"https:\/\/www.erresse-shop.it\/wp-content\/uploads\/2026\/01\/MARIO-LUCA-GIUSTI-Bottiglia-Acquarama-Rubino.jpg\" \/>\n\t<meta property=\"og:image:width\" content=\"1200\" \/>\n\t<meta property=\"og:image:height\" content=\"1200\" \/>\n\t<meta property=\"og:image:type\" content=\"image\/jpeg\" \/>\n<meta name=\"twitter:card\" content=\"summary_large_image\" \/>\n<script type=\"application\/ld+json\" class=\"yoast-schema-graph\">{\"@context\":\"https:\/\/schema.org\",\"@graph\":[{\"@type\":\"WebPage\",\"@id\":\"https:\/\/www.erresse-shop.it\/es\/shop\/tabla\/jarras-garaffas-botellas\/mario-luca-giusti-botella-acquarama-rubi\/\",\"url\":\"https:\/\/www.erresse-shop.it\/es\/shop\/tabla\/jarras-garaffas-botellas\/mario-luca-giusti-botella-acquarama-rubi\/\",\"name\":\"MARIO LUCA GIUSTI Botella Acquarama Rub\u00ed - Erresse Shop\",\"isPartOf\":{\"@id\":\"https:\/\/www.erresse-shop.it\/es\/#website\"},\"datePublished\":\"2026-01-08T13:55:07+00:00\",\"dateModified\":\"2026-02-02T08:53:10+00:00\",\"description\":\"Altura: 32,5 cm Di\u00e1metro: 11,8 cm Capacidad: 1000 ml Peso: 660 g Material: Acr\u00edlico Instrucciones de uso del producto acr\u00edlico Apto para uso alimentario y\",\"breadcrumb\":{\"@id\":\"https:\/\/www.erresse-shop.it\/es\/shop\/tabla\/jarras-garaffas-botellas\/mario-luca-giusti-botella-acquarama-rubi\/#breadcrumb\"},\"inLanguage\":\"es\",\"potentialAction\":[{\"@type\":\"ReadAction\",\"target\":[\"https:\/\/www.erresse-shop.it\/es\/shop\/tabla\/jarras-garaffas-botellas\/mario-luca-giusti-botella-acquarama-rubi\/\"]}]},{\"@type\":\"BreadcrumbList\",\"@id\":\"https:\/\/www.erresse-shop.it\/es\/shop\/tabla\/jarras-garaffas-botellas\/mario-luca-giusti-botella-acquarama-rubi\/#breadcrumb\",\"itemListElement\":[{\"@type\":\"ListItem\",\"position\":1,\"name\":\"Home\",\"item\":\"https:\/\/www.erresse-shop.it\/es\/\"},{\"@type\":\"ListItem\",\"position\":2,\"name\":\"Shop\",\"item\":\"https:\/\/www.erresse-shop.it\/es\/shop\/\"},{\"@type\":\"ListItem\",\"position\":3,\"name\":\"MARIO LUCA GIUSTI Botella Acquarama Rub\u00ed\"}]},{\"@type\":\"WebSite\",\"@id\":\"https:\/\/www.erresse-shop.it\/es\/#website\",\"url\":\"https:\/\/www.erresse-shop.it\/es\/\",\"name\":\"Erresse Shop\",\"description\":\"Articoli di qualit\u00e0 per la casa\",\"potentialAction\":[{\"@type\":\"SearchAction\",\"target\":{\"@type\":\"EntryPoint\",\"urlTemplate\":\"https:\/\/www.erresse-shop.it\/es\/?s={search_term_string}\"},\"query-input\":\"required name=search_term_string\"}],\"inLanguage\":\"es\"}]}<\/script>\n<!-- \/ Yoast SEO Premium plugin. -->","yoast_head_json":{"title":"MARIO LUCA GIUSTI Botella Acquarama Rub\u00ed - Erresse Shop","description":"Altura: 32,5 cm Di\u00e1metro: 11,8 cm Capacidad: 1000 ml Peso: 660 g Material: Acr\u00edlico Instrucciones de uso del producto acr\u00edlico Apto para uso alimentario y","robots":{"index":"index","follow":"follow","max-snippet":"max-snippet:-1","max-image-preview":"max-image-preview:large","max-video-preview":"max-video-preview:-1"},"canonical":"https:\/\/www.erresse-shop.it\/es\/shop\/tabla\/jarras-garaffas-botellas\/mario-luca-giusti-botella-acquarama-rubi\/","og_locale":"es_ES","og_type":"article","og_title":"MARIO LUCA GIUSTI Botella Acquarama Rub\u00ed","og_description":"Altura: 32,5 cm Di\u00e1metro: 11,8 cm Capacidad: 1000 ml Peso: 660 g Material: Acr\u00edlico Instrucciones de uso del producto acr\u00edlico Apto para uso alimentario y","og_url":"https:\/\/www.erresse-shop.it\/es\/shop\/tabla\/jarras-garaffas-botellas\/mario-luca-giusti-botella-acquarama-rubi\/","og_site_name":"Erresse Shop","article_modified_time":"2026-02-02T08:53:10+00:00","og_image":[{"width":1200,"height":1200,"url":"https:\/\/www.erresse-shop.it\/wp-content\/uploads\/2026\/01\/MARIO-LUCA-GIUSTI-Bottiglia-Acquarama-Rubino.jpg","type":"image\/jpeg"}],"twitter_card":"summary_large_image","schema":{"@context":"https:\/\/schema.org","@graph":[{"@type":"WebPage","@id":"https:\/\/www.erresse-shop.it\/es\/shop\/tabla\/jarras-garaffas-botellas\/mario-luca-giusti-botella-acquarama-rubi\/","url":"https:\/\/www.erresse-shop.it\/es\/shop\/tabla\/jarras-garaffas-botellas\/mario-luca-giusti-botella-acquarama-rubi\/","name":"MARIO LUCA GIUSTI Botella Acquarama Rub\u00ed - Erresse Shop","isPartOf":{"@id":"https:\/\/www.erresse-shop.it\/es\/#website"},"datePublished":"2026-01-08T13:55:07+00:00","dateModified":"2026-02-02T08:53:10+00:00","description":"Altura: 32,5 cm Di\u00e1metro: 11,8 cm Capacidad: 1000 ml Peso: 660 g Material: Acr\u00edlico Instrucciones de uso del producto acr\u00edlico Apto para uso alimentario y","breadcrumb":{"@id":"https:\/\/www.erresse-shop.it\/es\/shop\/tabla\/jarras-garaffas-botellas\/mario-luca-giusti-botella-acquarama-rubi\/#breadcrumb"},"inLanguage":"es","potentialAction":[{"@type":"ReadAction","target":["https:\/\/www.erresse-shop.it\/es\/shop\/tabla\/jarras-garaffas-botellas\/mario-luca-giusti-botella-acquarama-rubi\/"]}]},{"@type":"BreadcrumbList","@id":"https:\/\/www.erresse-shop.it\/es\/shop\/tabla\/jarras-garaffas-botellas\/mario-luca-giusti-botella-acquarama-rubi\/#breadcrumb","itemListElement":[{"@type":"ListItem","position":1,"name":"Home","item":"https:\/\/www.erresse-shop.it\/es\/"},{"@type":"ListItem","position":2,"name":"Shop","item":"https:\/\/www.erresse-shop.it\/es\/shop\/"},{"@type":"ListItem","position":3,"name":"MARIO LUCA GIUSTI Botella Acquarama Rub\u00ed"}]},{"@type":"WebSite","@id":"https:\/\/www.erresse-shop.it\/es\/#website","url":"https:\/\/www.erresse-shop.it\/es\/","name":"Erresse Shop","description":"Articoli di qualit\u00e0 per la casa","potentialAction":[{"@type":"SearchAction","target":{"@type":"EntryPoint","urlTemplate":"https:\/\/www.erresse-shop.it\/es\/?s={search_term_string}"},"query-input":"required name=search_term_string"}],"inLanguage":"es"}]}},"df_price":65.34,"df_sale_price":65.34,"df_regular_price":88,"df_image_link":"https:\/\/www.erresse-shop.it\/wp-content\/uploads\/2026\/01\/MARIO-LUCA-GIUSTI-Bottiglia-Acquarama-Rubino-300x300.jpg","_links":{"self":[{"href":"https:\/\/www.erresse-shop.it\/es\/wp-json\/wp\/v2\/product\/521059"}],"collection":[{"href":"https:\/\/www.erresse-shop.it\/es\/wp-json\/wp\/v2\/product"}],"about":[{"href":"https:\/\/www.erresse-shop.it\/es\/wp-json\/wp\/v2\/types\/product"}],"wp:featuredmedia":[{"embeddable":true,"href":"https:\/\/www.erresse-shop.it\/es\/wp-json\/wp\/v2\/media\/521072"}],"wp:attachment":[{"href":"https:\/\/www.erresse-shop.it\/es\/wp-json\/wp\/v2\/media?parent=521059"}],"wp:term":[{"taxonomy":"product_cat","embeddable":true,"href":"https:\/\/www.erresse-shop.it\/es\/wp-json\/wp\/v2\/product_cat?post=521059"},{"taxonomy":"product_tag","embeddable":true,"href":"https:\/\/www.erresse-shop.it\/es\/wp-json\/wp\/v2\/product_tag?post=521059"}],"curies":[{"name":"wp","href":"https:\/\/api.w.org\/{rel}","templated":true}]}}