{"id":520918,"date":"2026-01-08T09:04:29","date_gmt":"2026-01-08T09:04:34","guid":{"rendered":"https:\/\/www.erresse-shop.it\/?post_type=product&#038;p=520918"},"modified":"2026-02-02T07:59:49","modified_gmt":"2026-02-02T07:59:49","slug":"le-creuset-sacacorchos-classic-tm-100-negro","status":"publish","type":"product","link":"https:\/\/www.erresse-shop.it\/es\/shop\/tabla\/vino\/sacacorchos\/le-creuset-sacacorchos-classic-tm-100-negro\/","title":{"rendered":"LE CREUSET Sacacorchos Classic TM-100 Negro"},"content":{"rendered":"<p>Rendimiento inigualable. Sometida a rigurosas pruebas, esta codiciada obra maestra tecnol\u00f3gica eleva la experiencia de abrir una botella de vino a un nuevo nivel.<br \/>\nUna versi\u00f3n moderna del sacacorchos de palanca original de Herbert Allen, este accesorio cuenta con una tecnolog\u00eda de tornillo patentada que permite extraer f\u00e1cilmente cualquier corcho.<br \/>\nPr\u00e1ctico y f\u00e1cil de usar: simplemente introd\u00fazcalo en el corcho y contin\u00fae girando en la misma direcci\u00f3n para extraerlo. A continuaci\u00f3n, puede abrirlo simplemente girando el sacacorchos en sentido antihorario.<\/p>\n<ul>\n<li><strong>Detalles:<\/strong> Innovaci\u00f3n en acci\u00f3n: La tecnolog\u00eda de rotaci\u00f3n integrada ofrece un rendimiento excelente con el m\u00ednimo esfuerzo.<\/li>\n<li><strong>El mejor en su clase:<\/strong> Nuestros productos se fabrican con los mejores materiales en f\u00e1bricas de todo el mundo para garantizar la calidad que espera de Le Creuset.<\/li>\n<li><strong>Material:<\/strong> Policarbonato<\/li>\n<li><strong>Hecho en:<\/strong> China<\/li>\n<li><strong>Garant\u00eda:<\/strong> 5 a\u00f1os<\/li>\n<\/ul>\n<p><strong>Limpieza<\/strong><\/p>\n<ul>\n<li>Tenga cuidado al limpiar el sacacorchos: \u00a1la punta est\u00e1 afilada!<\/li>\n<li>Limpie el sacacorchos de vez en cuando con un pa\u00f1o h\u00famedo o agua tibia con jab\u00f3n.<\/li>\n<li>Despu\u00e9s de lavarlo, seque bien el producto y gu\u00e1rdelo en un lugar seco.<\/li>\n<\/ul>\n","protected":false},"excerpt":{"rendered":"<p>Rendimiento inigualable. Sometida a rigurosas pruebas, esta codiciada obra maestra tecnol\u00f3gica eleva la experiencia de abrir una botella de vino<\/p>\n","protected":false},"featured_media":520924,"template":"","meta":{"_acf_changed":false,"inline_featured_image":false},"product_cat":[16053,16027,16051],"product_tag":[25090,21203,21202,16886,21333,21204,16247,21205,16246,25023,16887,23684],"acf":[],"yoast_head":"<!-- This site is optimized with the Yoast SEO Premium plugin v18.6 (Yoast SEO v19.13) - https:\/\/yoast.com\/wordpress\/plugins\/seo\/ -->\n<title>LE CREUSET Sacacorchos Classic TM-100 Negro - Erresse Shop<\/title>\n<meta name=\"description\" content=\"Rendimiento inigualable. Sometida a rigurosas pruebas, esta codiciada obra maestra tecnol\u00f3gica eleva la experiencia de abrir una botella de vino a un\" \/>\n<meta name=\"robots\" content=\"index, follow, max-snippet:-1, max-image-preview:large, max-video-preview:-1\" \/>\n<link rel=\"canonical\" href=\"https:\/\/www.erresse-shop.it\/es\/shop\/tabla\/vino\/sacacorchos\/le-creuset-sacacorchos-classic-tm-100-negro\/\" \/>\n<meta property=\"og:locale\" content=\"es_ES\" \/>\n<meta property=\"og:type\" content=\"article\" \/>\n<meta property=\"og:title\" content=\"LE CREUSET Sacacorchos Classic TM-100 Negro\" \/>\n<meta property=\"og:description\" content=\"Rendimiento inigualable. Sometida a rigurosas pruebas, esta codiciada obra maestra tecnol\u00f3gica eleva la experiencia de abrir una botella de vino a un\" \/>\n<meta property=\"og:url\" content=\"https:\/\/www.erresse-shop.it\/es\/shop\/tabla\/vino\/sacacorchos\/le-creuset-sacacorchos-classic-tm-100-negro\/\" \/>\n<meta property=\"og:site_name\" content=\"Erresse Shop\" \/>\n<meta property=\"article:modified_time\" content=\"2026-02-02T07:59:49+00:00\" \/>\n<meta property=\"og:image\" content=\"https:\/\/www.erresse-shop.it\/wp-content\/uploads\/2026\/01\/LE-CREUSET-Cavatappi-da-Tavola-Classic-TM-100-Nero.jpg\" \/>\n\t<meta property=\"og:image:width\" content=\"1200\" \/>\n\t<meta property=\"og:image:height\" content=\"1200\" \/>\n\t<meta property=\"og:image:type\" content=\"image\/jpeg\" \/>\n<meta name=\"twitter:card\" content=\"summary_large_image\" \/>\n<script type=\"application\/ld+json\" class=\"yoast-schema-graph\">{\"@context\":\"https:\/\/schema.org\",\"@graph\":[{\"@type\":\"WebPage\",\"@id\":\"https:\/\/www.erresse-shop.it\/es\/shop\/tabla\/vino\/sacacorchos\/le-creuset-sacacorchos-classic-tm-100-negro\/\",\"url\":\"https:\/\/www.erresse-shop.it\/es\/shop\/tabla\/vino\/sacacorchos\/le-creuset-sacacorchos-classic-tm-100-negro\/\",\"name\":\"LE CREUSET Sacacorchos Classic TM-100 Negro - Erresse Shop\",\"isPartOf\":{\"@id\":\"https:\/\/www.erresse-shop.it\/es\/#website\"},\"datePublished\":\"2026-01-08T09:04:34+00:00\",\"dateModified\":\"2026-02-02T07:59:49+00:00\",\"description\":\"Rendimiento inigualable. Sometida a rigurosas pruebas, esta codiciada obra maestra tecnol\u00f3gica eleva la experiencia de abrir una botella de vino a un\",\"breadcrumb\":{\"@id\":\"https:\/\/www.erresse-shop.it\/es\/shop\/tabla\/vino\/sacacorchos\/le-creuset-sacacorchos-classic-tm-100-negro\/#breadcrumb\"},\"inLanguage\":\"es\",\"potentialAction\":[{\"@type\":\"ReadAction\",\"target\":[\"https:\/\/www.erresse-shop.it\/es\/shop\/tabla\/vino\/sacacorchos\/le-creuset-sacacorchos-classic-tm-100-negro\/\"]}]},{\"@type\":\"BreadcrumbList\",\"@id\":\"https:\/\/www.erresse-shop.it\/es\/shop\/tabla\/vino\/sacacorchos\/le-creuset-sacacorchos-classic-tm-100-negro\/#breadcrumb\",\"itemListElement\":[{\"@type\":\"ListItem\",\"position\":1,\"name\":\"Home\",\"item\":\"https:\/\/www.erresse-shop.it\/es\/\"},{\"@type\":\"ListItem\",\"position\":2,\"name\":\"Shop\",\"item\":\"https:\/\/www.erresse-shop.it\/es\/shop\/\"},{\"@type\":\"ListItem\",\"position\":3,\"name\":\"LE CREUSET Sacacorchos Classic TM-100 Negro\"}]},{\"@type\":\"WebSite\",\"@id\":\"https:\/\/www.erresse-shop.it\/es\/#website\",\"url\":\"https:\/\/www.erresse-shop.it\/es\/\",\"name\":\"Erresse Shop\",\"description\":\"Articoli di qualit\u00e0 per la casa\",\"potentialAction\":[{\"@type\":\"SearchAction\",\"target\":{\"@type\":\"EntryPoint\",\"urlTemplate\":\"https:\/\/www.erresse-shop.it\/es\/?s={search_term_string}\"},\"query-input\":\"required name=search_term_string\"}],\"inLanguage\":\"es\"}]}<\/script>\n<!-- \/ Yoast SEO Premium plugin. -->","yoast_head_json":{"title":"LE CREUSET Sacacorchos Classic TM-100 Negro - Erresse Shop","description":"Rendimiento inigualable. Sometida a rigurosas pruebas, esta codiciada obra maestra tecnol\u00f3gica eleva la experiencia de abrir una botella de vino a un","robots":{"index":"index","follow":"follow","max-snippet":"max-snippet:-1","max-image-preview":"max-image-preview:large","max-video-preview":"max-video-preview:-1"},"canonical":"https:\/\/www.erresse-shop.it\/es\/shop\/tabla\/vino\/sacacorchos\/le-creuset-sacacorchos-classic-tm-100-negro\/","og_locale":"es_ES","og_type":"article","og_title":"LE CREUSET Sacacorchos Classic TM-100 Negro","og_description":"Rendimiento inigualable. Sometida a rigurosas pruebas, esta codiciada obra maestra tecnol\u00f3gica eleva la experiencia de abrir una botella de vino a un","og_url":"https:\/\/www.erresse-shop.it\/es\/shop\/tabla\/vino\/sacacorchos\/le-creuset-sacacorchos-classic-tm-100-negro\/","og_site_name":"Erresse Shop","article_modified_time":"2026-02-02T07:59:49+00:00","og_image":[{"width":1200,"height":1200,"url":"https:\/\/www.erresse-shop.it\/wp-content\/uploads\/2026\/01\/LE-CREUSET-Cavatappi-da-Tavola-Classic-TM-100-Nero.jpg","type":"image\/jpeg"}],"twitter_card":"summary_large_image","schema":{"@context":"https:\/\/schema.org","@graph":[{"@type":"WebPage","@id":"https:\/\/www.erresse-shop.it\/es\/shop\/tabla\/vino\/sacacorchos\/le-creuset-sacacorchos-classic-tm-100-negro\/","url":"https:\/\/www.erresse-shop.it\/es\/shop\/tabla\/vino\/sacacorchos\/le-creuset-sacacorchos-classic-tm-100-negro\/","name":"LE CREUSET Sacacorchos Classic TM-100 Negro - Erresse Shop","isPartOf":{"@id":"https:\/\/www.erresse-shop.it\/es\/#website"},"datePublished":"2026-01-08T09:04:34+00:00","dateModified":"2026-02-02T07:59:49+00:00","description":"Rendimiento inigualable. Sometida a rigurosas pruebas, esta codiciada obra maestra tecnol\u00f3gica eleva la experiencia de abrir una botella de vino a un","breadcrumb":{"@id":"https:\/\/www.erresse-shop.it\/es\/shop\/tabla\/vino\/sacacorchos\/le-creuset-sacacorchos-classic-tm-100-negro\/#breadcrumb"},"inLanguage":"es","potentialAction":[{"@type":"ReadAction","target":["https:\/\/www.erresse-shop.it\/es\/shop\/tabla\/vino\/sacacorchos\/le-creuset-sacacorchos-classic-tm-100-negro\/"]}]},{"@type":"BreadcrumbList","@id":"https:\/\/www.erresse-shop.it\/es\/shop\/tabla\/vino\/sacacorchos\/le-creuset-sacacorchos-classic-tm-100-negro\/#breadcrumb","itemListElement":[{"@type":"ListItem","position":1,"name":"Home","item":"https:\/\/www.erresse-shop.it\/es\/"},{"@type":"ListItem","position":2,"name":"Shop","item":"https:\/\/www.erresse-shop.it\/es\/shop\/"},{"@type":"ListItem","position":3,"name":"LE CREUSET Sacacorchos Classic TM-100 Negro"}]},{"@type":"WebSite","@id":"https:\/\/www.erresse-shop.it\/es\/#website","url":"https:\/\/www.erresse-shop.it\/es\/","name":"Erresse Shop","description":"Articoli di qualit\u00e0 per la casa","potentialAction":[{"@type":"SearchAction","target":{"@type":"EntryPoint","urlTemplate":"https:\/\/www.erresse-shop.it\/es\/?s={search_term_string}"},"query-input":"required name=search_term_string"}],"inLanguage":"es"}]}},"df_price":14.4,"df_sale_price":14.4,"df_regular_price":32,"df_image_link":"https:\/\/www.erresse-shop.it\/wp-content\/uploads\/2026\/01\/LE-CREUSET-Cavatappi-da-Tavola-Classic-TM-100-Nero-300x300.jpg","_links":{"self":[{"href":"https:\/\/www.erresse-shop.it\/es\/wp-json\/wp\/v2\/product\/520918"}],"collection":[{"href":"https:\/\/www.erresse-shop.it\/es\/wp-json\/wp\/v2\/product"}],"about":[{"href":"https:\/\/www.erresse-shop.it\/es\/wp-json\/wp\/v2\/types\/product"}],"wp:featuredmedia":[{"embeddable":true,"href":"https:\/\/www.erresse-shop.it\/es\/wp-json\/wp\/v2\/media\/520924"}],"wp:attachment":[{"href":"https:\/\/www.erresse-shop.it\/es\/wp-json\/wp\/v2\/media?parent=520918"}],"wp:term":[{"taxonomy":"product_cat","embeddable":true,"href":"https:\/\/www.erresse-shop.it\/es\/wp-json\/wp\/v2\/product_cat?post=520918"},{"taxonomy":"product_tag","embeddable":true,"href":"https:\/\/www.erresse-shop.it\/es\/wp-json\/wp\/v2\/product_tag?post=520918"}],"curies":[{"name":"wp","href":"https:\/\/api.w.org\/{rel}","templated":true}]}}