{"id":519720,"date":"2025-12-15T08:24:45","date_gmt":"2025-12-15T08:24:49","guid":{"rendered":"https:\/\/www.erresse-shop.it\/?post_type=product&#038;p=519720"},"modified":"2026-02-02T07:30:18","modified_gmt":"2026-02-02T07:30:18","slug":"zwilling-profile-set-de-3-cuchillos-de-cocina","status":"publish","type":"product","link":"https:\/\/www.erresse-shop.it\/es\/shop\/cocina\/cuchillos\/cuchillos-de-cocina\/zwilling-profile-set-de-3-cuchillos-de-cocina\/","title":{"rendered":"ZWILLING Profile Set de 3 cuchillos de cocina"},"content":{"rendered":"<p>El set de cuchillos perfecto para chefs que buscan destacar, donde el dise\u00f1o minimalista se une al rendimiento de alta gama. Fabricados \u00edntegramente en metal, estos cuchillos destacan por sus l\u00edneas expresivas, su est\u00e9tica moderna y sus hojas FRIODUR templadas en fr\u00edo, que garantizan un afilado duradero, resistencia a la corrosi\u00f3n y una calidad superior.<\/p>\n<p><strong>El set incluye:<\/strong><\/p>\n<ul>\n<li>Cuchillo de chef, un aut\u00e9ntico ayudante multiusos en la cocina, ideal para picar hierbas, cortar verduras y cortar carne, adecuado tanto para principiantes como para profesionales.<\/li>\n<li>Cuchillo de pan, perfecto para cortar pan y panecillos con precisi\u00f3n, pero tambi\u00e9n adecuado para cortar melones y alimentos con corteza dura.<\/li>\n<li>Cuchillo para verduras, dise\u00f1ado para garantizar la m\u00e1xima versatilidad y precisi\u00f3n en las preparaciones diarias, ideal para pelar, limpiar y cortar frutas y verduras con extrema facilidad.<\/li>\n<\/ul>\n<p>Dise\u00f1ado para quienes exigen lo mejor de sus herramientas de cocina, este set de cuchillos de alta calidad convierte cada tarea de corte en un verdadero placer, ofreciendo un excelente rendimiento, dise\u00f1o ergon\u00f3mico y un estilo moderno atemporal.<\/p>\n<p><strong>Caracter\u00edsticas:<\/strong><\/p>\n<ul>\n<li>Material: Acero inoxidable alem\u00e1n<\/li>\n<li>M\u00e9todo de fabricaci\u00f3n: Soldadura<\/li>\n<li>Dureza de la hoja: 50-54 HRC<\/li>\n<\/ul>\n<p><strong>Dimensiones:<\/strong><\/p>\n<ul>\n<li><strong>Cuchillo de chef<\/strong>\n<ul>\n<li>Peso: 0,18 kg<\/li>\n<li>Longitud de la hoja: 20 cm<\/li>\n<\/ul>\n<\/li>\n<li><strong>Cuchillo de pan<\/strong>\n<ul>\n<li>Peso: 0,16 kg<\/li>\n<li>Longitud de la hoja: 20 cm<\/li>\n<\/ul>\n<\/li>\n<li><strong>Cuchillo para verduras<\/strong>\n<ul>\n<li>Peso: 0,08 kg<\/li>\n<li>Longitud de la hoja: 8 cm<\/li>\n<\/ul>\n<\/li>\n<\/ul>\n","protected":false},"excerpt":{"rendered":"<p>Pionera en el campo de la cuchiller\u00eda de primera calidad, ZWILLING J.A. Henckels lleva fabricando cuchillos de excelente factura desde 1731.<\/p>\n","protected":false},"featured_media":519728,"template":"","meta":{"_acf_changed":false,"inline_featured_image":false},"product_cat":[16040,16043,16047],"product_tag":[16162,16432,21267,16550,16528,16510,25264,16533],"acf":[],"yoast_head":"<!-- This site is optimized with the Yoast SEO Premium plugin v18.6 (Yoast SEO v19.13) - https:\/\/yoast.com\/wordpress\/plugins\/seo\/ -->\n<title>ZWILLING Profile Set de 3 cuchillos de cocina - Erresse Shop<\/title>\n<meta name=\"description\" content=\"Pionera en el campo de la cuchiller\u00eda de primera calidad, ZWILLING J.A. Henckels lleva fabricando cuchillos de excelente factura desde 1731.\" \/>\n<meta name=\"robots\" content=\"index, follow, max-snippet:-1, max-image-preview:large, max-video-preview:-1\" \/>\n<link rel=\"canonical\" href=\"https:\/\/www.erresse-shop.it\/es\/shop\/cocina\/cuchillos\/cuchillos-de-cocina\/zwilling-profile-set-de-3-cuchillos-de-cocina\/\" \/>\n<meta property=\"og:locale\" content=\"es_ES\" \/>\n<meta property=\"og:type\" content=\"article\" \/>\n<meta property=\"og:title\" content=\"ZWILLING Profile Set de 3 cuchillos de cocina\" \/>\n<meta property=\"og:description\" content=\"Pionera en el campo de la cuchiller\u00eda de primera calidad, ZWILLING J.A. Henckels lleva fabricando cuchillos de excelente factura desde 1731.\" \/>\n<meta property=\"og:url\" content=\"https:\/\/www.erresse-shop.it\/es\/shop\/cocina\/cuchillos\/cuchillos-de-cocina\/zwilling-profile-set-de-3-cuchillos-de-cocina\/\" \/>\n<meta property=\"og:site_name\" content=\"Erresse Shop\" \/>\n<meta property=\"article:modified_time\" content=\"2026-02-02T07:30:18+00:00\" \/>\n<meta property=\"og:image\" content=\"https:\/\/www.erresse-shop.it\/wp-content\/uploads\/2025\/12\/ZWILLING-Profile-Set-3-Coltelli-da-Cucina.jpg\" \/>\n\t<meta property=\"og:image:width\" content=\"1200\" \/>\n\t<meta property=\"og:image:height\" content=\"1200\" \/>\n\t<meta property=\"og:image:type\" content=\"image\/jpeg\" \/>\n<meta name=\"twitter:card\" content=\"summary_large_image\" \/>\n<script type=\"application\/ld+json\" class=\"yoast-schema-graph\">{\"@context\":\"https:\/\/schema.org\",\"@graph\":[{\"@type\":\"WebPage\",\"@id\":\"https:\/\/www.erresse-shop.it\/es\/shop\/cocina\/cuchillos\/cuchillos-de-cocina\/zwilling-profile-set-de-3-cuchillos-de-cocina\/\",\"url\":\"https:\/\/www.erresse-shop.it\/es\/shop\/cocina\/cuchillos\/cuchillos-de-cocina\/zwilling-profile-set-de-3-cuchillos-de-cocina\/\",\"name\":\"ZWILLING Profile Set de 3 cuchillos de cocina - Erresse Shop\",\"isPartOf\":{\"@id\":\"https:\/\/www.erresse-shop.it\/es\/#website\"},\"datePublished\":\"2025-12-15T08:24:49+00:00\",\"dateModified\":\"2026-02-02T07:30:18+00:00\",\"description\":\"Pionera en el campo de la cuchiller\u00eda de primera calidad, ZWILLING J.A. Henckels lleva fabricando cuchillos de excelente factura desde 1731.\",\"breadcrumb\":{\"@id\":\"https:\/\/www.erresse-shop.it\/es\/shop\/cocina\/cuchillos\/cuchillos-de-cocina\/zwilling-profile-set-de-3-cuchillos-de-cocina\/#breadcrumb\"},\"inLanguage\":\"es\",\"potentialAction\":[{\"@type\":\"ReadAction\",\"target\":[\"https:\/\/www.erresse-shop.it\/es\/shop\/cocina\/cuchillos\/cuchillos-de-cocina\/zwilling-profile-set-de-3-cuchillos-de-cocina\/\"]}]},{\"@type\":\"BreadcrumbList\",\"@id\":\"https:\/\/www.erresse-shop.it\/es\/shop\/cocina\/cuchillos\/cuchillos-de-cocina\/zwilling-profile-set-de-3-cuchillos-de-cocina\/#breadcrumb\",\"itemListElement\":[{\"@type\":\"ListItem\",\"position\":1,\"name\":\"Home\",\"item\":\"https:\/\/www.erresse-shop.it\/es\/\"},{\"@type\":\"ListItem\",\"position\":2,\"name\":\"Shop\",\"item\":\"https:\/\/www.erresse-shop.it\/es\/shop\/\"},{\"@type\":\"ListItem\",\"position\":3,\"name\":\"ZWILLING Profile Set de 3 cuchillos de cocina\"}]},{\"@type\":\"WebSite\",\"@id\":\"https:\/\/www.erresse-shop.it\/es\/#website\",\"url\":\"https:\/\/www.erresse-shop.it\/es\/\",\"name\":\"Erresse Shop\",\"description\":\"Articoli di qualit\u00e0 per la casa\",\"potentialAction\":[{\"@type\":\"SearchAction\",\"target\":{\"@type\":\"EntryPoint\",\"urlTemplate\":\"https:\/\/www.erresse-shop.it\/es\/?s={search_term_string}\"},\"query-input\":\"required name=search_term_string\"}],\"inLanguage\":\"es\"}]}<\/script>\n<!-- \/ Yoast SEO Premium plugin. -->","yoast_head_json":{"title":"ZWILLING Profile Set de 3 cuchillos de cocina - Erresse Shop","description":"Pionera en el campo de la cuchiller\u00eda de primera calidad, ZWILLING J.A. Henckels lleva fabricando cuchillos de excelente factura desde 1731.","robots":{"index":"index","follow":"follow","max-snippet":"max-snippet:-1","max-image-preview":"max-image-preview:large","max-video-preview":"max-video-preview:-1"},"canonical":"https:\/\/www.erresse-shop.it\/es\/shop\/cocina\/cuchillos\/cuchillos-de-cocina\/zwilling-profile-set-de-3-cuchillos-de-cocina\/","og_locale":"es_ES","og_type":"article","og_title":"ZWILLING Profile Set de 3 cuchillos de cocina","og_description":"Pionera en el campo de la cuchiller\u00eda de primera calidad, ZWILLING J.A. Henckels lleva fabricando cuchillos de excelente factura desde 1731.","og_url":"https:\/\/www.erresse-shop.it\/es\/shop\/cocina\/cuchillos\/cuchillos-de-cocina\/zwilling-profile-set-de-3-cuchillos-de-cocina\/","og_site_name":"Erresse Shop","article_modified_time":"2026-02-02T07:30:18+00:00","og_image":[{"width":1200,"height":1200,"url":"https:\/\/www.erresse-shop.it\/wp-content\/uploads\/2025\/12\/ZWILLING-Profile-Set-3-Coltelli-da-Cucina.jpg","type":"image\/jpeg"}],"twitter_card":"summary_large_image","schema":{"@context":"https:\/\/schema.org","@graph":[{"@type":"WebPage","@id":"https:\/\/www.erresse-shop.it\/es\/shop\/cocina\/cuchillos\/cuchillos-de-cocina\/zwilling-profile-set-de-3-cuchillos-de-cocina\/","url":"https:\/\/www.erresse-shop.it\/es\/shop\/cocina\/cuchillos\/cuchillos-de-cocina\/zwilling-profile-set-de-3-cuchillos-de-cocina\/","name":"ZWILLING Profile Set de 3 cuchillos de cocina - Erresse Shop","isPartOf":{"@id":"https:\/\/www.erresse-shop.it\/es\/#website"},"datePublished":"2025-12-15T08:24:49+00:00","dateModified":"2026-02-02T07:30:18+00:00","description":"Pionera en el campo de la cuchiller\u00eda de primera calidad, ZWILLING J.A. Henckels lleva fabricando cuchillos de excelente factura desde 1731.","breadcrumb":{"@id":"https:\/\/www.erresse-shop.it\/es\/shop\/cocina\/cuchillos\/cuchillos-de-cocina\/zwilling-profile-set-de-3-cuchillos-de-cocina\/#breadcrumb"},"inLanguage":"es","potentialAction":[{"@type":"ReadAction","target":["https:\/\/www.erresse-shop.it\/es\/shop\/cocina\/cuchillos\/cuchillos-de-cocina\/zwilling-profile-set-de-3-cuchillos-de-cocina\/"]}]},{"@type":"BreadcrumbList","@id":"https:\/\/www.erresse-shop.it\/es\/shop\/cocina\/cuchillos\/cuchillos-de-cocina\/zwilling-profile-set-de-3-cuchillos-de-cocina\/#breadcrumb","itemListElement":[{"@type":"ListItem","position":1,"name":"Home","item":"https:\/\/www.erresse-shop.it\/es\/"},{"@type":"ListItem","position":2,"name":"Shop","item":"https:\/\/www.erresse-shop.it\/es\/shop\/"},{"@type":"ListItem","position":3,"name":"ZWILLING Profile Set de 3 cuchillos de cocina"}]},{"@type":"WebSite","@id":"https:\/\/www.erresse-shop.it\/es\/#website","url":"https:\/\/www.erresse-shop.it\/es\/","name":"Erresse Shop","description":"Articoli di qualit\u00e0 per la casa","potentialAction":[{"@type":"SearchAction","target":{"@type":"EntryPoint","urlTemplate":"https:\/\/www.erresse-shop.it\/es\/?s={search_term_string}"},"query-input":"required name=search_term_string"}],"inLanguage":"es"}]}},"df_price":109,"df_sale_price":109,"df_regular_price":204.4,"df_image_link":"https:\/\/www.erresse-shop.it\/wp-content\/uploads\/2025\/12\/ZWILLING-Profile-Set-3-Coltelli-da-Cucina-300x300.jpg","_links":{"self":[{"href":"https:\/\/www.erresse-shop.it\/es\/wp-json\/wp\/v2\/product\/519720"}],"collection":[{"href":"https:\/\/www.erresse-shop.it\/es\/wp-json\/wp\/v2\/product"}],"about":[{"href":"https:\/\/www.erresse-shop.it\/es\/wp-json\/wp\/v2\/types\/product"}],"wp:featuredmedia":[{"embeddable":true,"href":"https:\/\/www.erresse-shop.it\/es\/wp-json\/wp\/v2\/media\/519728"}],"wp:attachment":[{"href":"https:\/\/www.erresse-shop.it\/es\/wp-json\/wp\/v2\/media?parent=519720"}],"wp:term":[{"taxonomy":"product_cat","embeddable":true,"href":"https:\/\/www.erresse-shop.it\/es\/wp-json\/wp\/v2\/product_cat?post=519720"},{"taxonomy":"product_tag","embeddable":true,"href":"https:\/\/www.erresse-shop.it\/es\/wp-json\/wp\/v2\/product_tag?post=519720"}],"curies":[{"name":"wp","href":"https:\/\/api.w.org\/{rel}","templated":true}]}}