{"id":518928,"date":"2025-12-04T11:11:42","date_gmt":"2025-12-04T11:11:46","guid":{"rendered":"https:\/\/www.erresse-shop.it\/?post_type=product&#038;p=518928"},"modified":"2025-12-04T11:25:01","modified_gmt":"2025-12-04T11:25:01","slug":"bordallo-pinheiro-soporte-para-pasteles-limon-33-cm","status":"publish","type":"product","link":"https:\/\/www.erresse-shop.it\/es\/shop\/tabla\/soportes-para-tartas\/bordallo-pinheiro-soporte-para-pasteles-limon-33-cm\/","title":{"rendered":"BORDALLO PINHEIRO Soporte para pasteles Lim\u00f3n 33 cm"},"content":{"rendered":"<p>La colecci\u00f3n Limone de Bordallo Pinheiro aporta un estallido de color y frescura a la cocina y la mesa, inspirada en la forma y textura naturales del lim\u00f3n. Elaborada con cer\u00e1mica de alta calidad y pintada a mano con meticulosa atenci\u00f3n al detalle, cada pieza de la colecci\u00f3n es una viva expresi\u00f3n de la creatividad portuguesa.<\/p>\n<p>Los cuencos, platos y accesorios para servir de la colecci\u00f3n Limone reproducen fielmente los jugosos gajos del lim\u00f3n, con vibrantes tonos amarillos y texturas que imitan a la perfecci\u00f3n la fruta natural. El interior del relieve es a la vez decorativo y funcional, transformando cada pieza en una miniescultura de cer\u00e1mica.<\/p>\n<p>Estas piezas no solo son alegres y atrevidas, sino tambi\u00e9n pr\u00e1cticas: son duraderas, aptas para el uso diario y aptas para lavavajillas. Ideales para servir postres, ensaladas o aperitivos frescos, las piezas de la colecci\u00f3n Limao crean un ambiente veraniego en cualquier \u00e9poca del a\u00f1o.<\/p>\n<p>La colecci\u00f3n Limone es perfecta para quienes desean a\u00f1adir un toque de originalidad y energ\u00eda a su mesa. Tambi\u00e9n es un regalo alegre, sofisticado y verdaderamente memorable.<\/p>\n<p><strong>Dimensiones<\/strong>: 33 x 33 cm, H. 12,6 cm<br \/>\n<strong>Peso<\/strong>: 1,64 kg<br \/>\n<strong>Material<\/strong>: Cer\u00e1mica<\/p>\n","protected":false},"excerpt":{"rendered":"<p>La colecci\u00f3n Limone de Bordallo Pinheiro aporta un estallido de color y frescura a la cocina y la mesa, inspirada<\/p>\n","protected":false},"featured_media":518942,"template":"","meta":{"_acf_changed":false,"inline_featured_image":false},"product_cat":[16039,16027],"product_tag":[25039,23912,19362,16748,21823],"acf":[],"yoast_head":"<!-- This site is optimized with the Yoast SEO Premium plugin v18.6 (Yoast SEO v19.13) - https:\/\/yoast.com\/wordpress\/plugins\/seo\/ -->\n<title>BORDALLO PINHEIRO Soporte para pasteles Lim\u00f3n 33 cm - Erresse Shop<\/title>\n<meta name=\"description\" content=\"La colecci\u00f3n Limone de Bordallo Pinheiro aporta un estallido de color y frescura a la cocina y la mesa, inspirada en la forma y textura naturales del\" \/>\n<meta name=\"robots\" content=\"index, follow, max-snippet:-1, max-image-preview:large, max-video-preview:-1\" \/>\n<link rel=\"canonical\" href=\"https:\/\/www.erresse-shop.it\/es\/shop\/tabla\/soportes-para-tartas\/bordallo-pinheiro-soporte-para-pasteles-limon-33-cm\/\" \/>\n<meta property=\"og:locale\" content=\"es_ES\" \/>\n<meta property=\"og:type\" content=\"article\" \/>\n<meta property=\"og:title\" content=\"BORDALLO PINHEIRO Soporte para pasteles Lim\u00f3n 33 cm\" \/>\n<meta property=\"og:description\" content=\"La colecci\u00f3n Limone de Bordallo Pinheiro aporta un estallido de color y frescura a la cocina y la mesa, inspirada en la forma y textura naturales del\" \/>\n<meta property=\"og:url\" content=\"https:\/\/www.erresse-shop.it\/es\/shop\/tabla\/soportes-para-tartas\/bordallo-pinheiro-soporte-para-pasteles-limon-33-cm\/\" \/>\n<meta property=\"og:site_name\" content=\"Erresse Shop\" \/>\n<meta property=\"article:modified_time\" content=\"2025-12-04T11:25:01+00:00\" \/>\n<meta property=\"og:image\" content=\"https:\/\/www.erresse-shop.it\/wp-content\/uploads\/2025\/12\/BORDALLO-PINHEIRO-Alzata-Limone-33-cm.jpg\" \/>\n\t<meta property=\"og:image:width\" content=\"1200\" \/>\n\t<meta property=\"og:image:height\" content=\"1200\" \/>\n\t<meta property=\"og:image:type\" content=\"image\/jpeg\" \/>\n<meta name=\"twitter:card\" content=\"summary_large_image\" \/>\n<script type=\"application\/ld+json\" class=\"yoast-schema-graph\">{\"@context\":\"https:\/\/schema.org\",\"@graph\":[{\"@type\":\"WebPage\",\"@id\":\"https:\/\/www.erresse-shop.it\/es\/shop\/tabla\/soportes-para-tartas\/bordallo-pinheiro-soporte-para-pasteles-limon-33-cm\/\",\"url\":\"https:\/\/www.erresse-shop.it\/es\/shop\/tabla\/soportes-para-tartas\/bordallo-pinheiro-soporte-para-pasteles-limon-33-cm\/\",\"name\":\"BORDALLO PINHEIRO Soporte para pasteles Lim\u00f3n 33 cm - Erresse Shop\",\"isPartOf\":{\"@id\":\"https:\/\/www.erresse-shop.it\/es\/#website\"},\"datePublished\":\"2025-12-04T11:11:46+00:00\",\"dateModified\":\"2025-12-04T11:25:01+00:00\",\"description\":\"La colecci\u00f3n Limone de Bordallo Pinheiro aporta un estallido de color y frescura a la cocina y la mesa, inspirada en la forma y textura naturales del\",\"breadcrumb\":{\"@id\":\"https:\/\/www.erresse-shop.it\/es\/shop\/tabla\/soportes-para-tartas\/bordallo-pinheiro-soporte-para-pasteles-limon-33-cm\/#breadcrumb\"},\"inLanguage\":\"es\",\"potentialAction\":[{\"@type\":\"ReadAction\",\"target\":[\"https:\/\/www.erresse-shop.it\/es\/shop\/tabla\/soportes-para-tartas\/bordallo-pinheiro-soporte-para-pasteles-limon-33-cm\/\"]}]},{\"@type\":\"BreadcrumbList\",\"@id\":\"https:\/\/www.erresse-shop.it\/es\/shop\/tabla\/soportes-para-tartas\/bordallo-pinheiro-soporte-para-pasteles-limon-33-cm\/#breadcrumb\",\"itemListElement\":[{\"@type\":\"ListItem\",\"position\":1,\"name\":\"Home\",\"item\":\"https:\/\/www.erresse-shop.it\/es\/\"},{\"@type\":\"ListItem\",\"position\":2,\"name\":\"Shop\",\"item\":\"https:\/\/www.erresse-shop.it\/es\/shop\/\"},{\"@type\":\"ListItem\",\"position\":3,\"name\":\"BORDALLO PINHEIRO Soporte para pasteles Lim\u00f3n 33 cm\"}]},{\"@type\":\"WebSite\",\"@id\":\"https:\/\/www.erresse-shop.it\/es\/#website\",\"url\":\"https:\/\/www.erresse-shop.it\/es\/\",\"name\":\"Erresse Shop\",\"description\":\"Articoli di qualit\u00e0 per la casa\",\"potentialAction\":[{\"@type\":\"SearchAction\",\"target\":{\"@type\":\"EntryPoint\",\"urlTemplate\":\"https:\/\/www.erresse-shop.it\/es\/?s={search_term_string}\"},\"query-input\":\"required name=search_term_string\"}],\"inLanguage\":\"es\"}]}<\/script>\n<!-- \/ Yoast SEO Premium plugin. -->","yoast_head_json":{"title":"BORDALLO PINHEIRO Soporte para pasteles Lim\u00f3n 33 cm - Erresse Shop","description":"La colecci\u00f3n Limone de Bordallo Pinheiro aporta un estallido de color y frescura a la cocina y la mesa, inspirada en la forma y textura naturales del","robots":{"index":"index","follow":"follow","max-snippet":"max-snippet:-1","max-image-preview":"max-image-preview:large","max-video-preview":"max-video-preview:-1"},"canonical":"https:\/\/www.erresse-shop.it\/es\/shop\/tabla\/soportes-para-tartas\/bordallo-pinheiro-soporte-para-pasteles-limon-33-cm\/","og_locale":"es_ES","og_type":"article","og_title":"BORDALLO PINHEIRO Soporte para pasteles Lim\u00f3n 33 cm","og_description":"La colecci\u00f3n Limone de Bordallo Pinheiro aporta un estallido de color y frescura a la cocina y la mesa, inspirada en la forma y textura naturales del","og_url":"https:\/\/www.erresse-shop.it\/es\/shop\/tabla\/soportes-para-tartas\/bordallo-pinheiro-soporte-para-pasteles-limon-33-cm\/","og_site_name":"Erresse Shop","article_modified_time":"2025-12-04T11:25:01+00:00","og_image":[{"width":1200,"height":1200,"url":"https:\/\/www.erresse-shop.it\/wp-content\/uploads\/2025\/12\/BORDALLO-PINHEIRO-Alzata-Limone-33-cm.jpg","type":"image\/jpeg"}],"twitter_card":"summary_large_image","schema":{"@context":"https:\/\/schema.org","@graph":[{"@type":"WebPage","@id":"https:\/\/www.erresse-shop.it\/es\/shop\/tabla\/soportes-para-tartas\/bordallo-pinheiro-soporte-para-pasteles-limon-33-cm\/","url":"https:\/\/www.erresse-shop.it\/es\/shop\/tabla\/soportes-para-tartas\/bordallo-pinheiro-soporte-para-pasteles-limon-33-cm\/","name":"BORDALLO PINHEIRO Soporte para pasteles Lim\u00f3n 33 cm - Erresse Shop","isPartOf":{"@id":"https:\/\/www.erresse-shop.it\/es\/#website"},"datePublished":"2025-12-04T11:11:46+00:00","dateModified":"2025-12-04T11:25:01+00:00","description":"La colecci\u00f3n Limone de Bordallo Pinheiro aporta un estallido de color y frescura a la cocina y la mesa, inspirada en la forma y textura naturales del","breadcrumb":{"@id":"https:\/\/www.erresse-shop.it\/es\/shop\/tabla\/soportes-para-tartas\/bordallo-pinheiro-soporte-para-pasteles-limon-33-cm\/#breadcrumb"},"inLanguage":"es","potentialAction":[{"@type":"ReadAction","target":["https:\/\/www.erresse-shop.it\/es\/shop\/tabla\/soportes-para-tartas\/bordallo-pinheiro-soporte-para-pasteles-limon-33-cm\/"]}]},{"@type":"BreadcrumbList","@id":"https:\/\/www.erresse-shop.it\/es\/shop\/tabla\/soportes-para-tartas\/bordallo-pinheiro-soporte-para-pasteles-limon-33-cm\/#breadcrumb","itemListElement":[{"@type":"ListItem","position":1,"name":"Home","item":"https:\/\/www.erresse-shop.it\/es\/"},{"@type":"ListItem","position":2,"name":"Shop","item":"https:\/\/www.erresse-shop.it\/es\/shop\/"},{"@type":"ListItem","position":3,"name":"BORDALLO PINHEIRO Soporte para pasteles Lim\u00f3n 33 cm"}]},{"@type":"WebSite","@id":"https:\/\/www.erresse-shop.it\/es\/#website","url":"https:\/\/www.erresse-shop.it\/es\/","name":"Erresse Shop","description":"Articoli di qualit\u00e0 per la casa","potentialAction":[{"@type":"SearchAction","target":{"@type":"EntryPoint","urlTemplate":"https:\/\/www.erresse-shop.it\/es\/?s={search_term_string}"},"query-input":"required name=search_term_string"}],"inLanguage":"es"}]}},"df_price":89.95,"df_sale_price":89.95,"df_regular_price":107.5,"df_image_link":"https:\/\/www.erresse-shop.it\/wp-content\/uploads\/2025\/12\/BORDALLO-PINHEIRO-Alzata-Limone-33-cm-300x300.jpg","_links":{"self":[{"href":"https:\/\/www.erresse-shop.it\/es\/wp-json\/wp\/v2\/product\/518928"}],"collection":[{"href":"https:\/\/www.erresse-shop.it\/es\/wp-json\/wp\/v2\/product"}],"about":[{"href":"https:\/\/www.erresse-shop.it\/es\/wp-json\/wp\/v2\/types\/product"}],"wp:featuredmedia":[{"embeddable":true,"href":"https:\/\/www.erresse-shop.it\/es\/wp-json\/wp\/v2\/media\/518942"}],"wp:attachment":[{"href":"https:\/\/www.erresse-shop.it\/es\/wp-json\/wp\/v2\/media?parent=518928"}],"wp:term":[{"taxonomy":"product_cat","embeddable":true,"href":"https:\/\/www.erresse-shop.it\/es\/wp-json\/wp\/v2\/product_cat?post=518928"},{"taxonomy":"product_tag","embeddable":true,"href":"https:\/\/www.erresse-shop.it\/es\/wp-json\/wp\/v2\/product_tag?post=518928"}],"curies":[{"name":"wp","href":"https:\/\/api.w.org\/{rel}","templated":true}]}}