{"id":518867,"date":"2025-12-04T10:15:42","date_gmt":"2025-12-04T10:15:45","guid":{"rendered":"https:\/\/www.erresse-shop.it\/?post_type=product&#038;p=518867"},"modified":"2025-12-04T10:31:02","modified_gmt":"2025-12-04T10:31:02","slug":"bordallo-pinheiro-plato-para-servir-uvas-45-cm","status":"publish","type":"product","link":"https:\/\/www.erresse-shop.it\/es\/shop\/tabla\/platos-para-servir\/bordallo-pinheiro-plato-para-servir-uvas-45-cm\/","title":{"rendered":"BORDALLO PINHEIRO Plato para servir Uvas 45 cm"},"content":{"rendered":"<p>La colecci\u00f3n Grapes celebra la riqueza de la naturaleza y el encanto acogedor de los momentos compartidos alrededor de la mesa, inspir\u00e1ndose en la generosidad de la vid y la tradici\u00f3n vitivin\u00edcola portuguesa.<\/p>\n<p>Fabricadas con cer\u00e1mica esmaltada de la m\u00e1s alta calidad, las piezas de la colecci\u00f3n Grapes aportan a la mesa un toque r\u00fastico y elegante, rico en color y vitalidad. Los intensos tonos morados y verdes crean una armon\u00eda visual perfecta, evocando la c\u00e1lida atm\u00f3sfera del oto\u00f1o y la riqueza de la cosecha.<\/p>\n<p>La colecci\u00f3n Grapes es la opci\u00f3n ideal para quienes aman el dise\u00f1o art\u00edstico y aut\u00e9ntico, transformando cada plato en una celebraci\u00f3n de la naturaleza y la alegr\u00eda de compartir momentos inolvidables.<\/p>\n<p><strong>Dimensiones<\/strong>: 34,5 x 45 cm, Alto: 5 cm<br \/>\n<strong>Material<\/strong>: Cer\u00e1mica<\/p>\n","protected":false},"excerpt":{"rendered":"<p>La colecci\u00f3n Grapes celebra la riqueza de la naturaleza y el encanto acogedor de los momentos compartidos alrededor de la<\/p>\n","protected":false},"featured_media":518881,"template":"","meta":{"_acf_changed":false,"inline_featured_image":false},"product_cat":[16032,16027],"product_tag":[25039,23912,16445,19362,21823],"acf":[],"yoast_head":"<!-- This site is optimized with the Yoast SEO Premium plugin v18.6 (Yoast SEO v19.13) - https:\/\/yoast.com\/wordpress\/plugins\/seo\/ -->\n<title>BORDALLO PINHEIRO Plato para servir Uvas 45 cm - Erresse Shop<\/title>\n<meta name=\"description\" content=\"La colecci\u00f3n Grapes celebra la riqueza de la naturaleza y el encanto acogedor de los momentos compartidos alrededor de la mesa, inspir\u00e1ndose en la\" \/>\n<meta name=\"robots\" content=\"index, follow, max-snippet:-1, max-image-preview:large, max-video-preview:-1\" \/>\n<link rel=\"canonical\" href=\"https:\/\/www.erresse-shop.it\/es\/shop\/tabla\/platos-para-servir\/bordallo-pinheiro-plato-para-servir-uvas-45-cm\/\" \/>\n<meta property=\"og:locale\" content=\"es_ES\" \/>\n<meta property=\"og:type\" content=\"article\" \/>\n<meta property=\"og:title\" content=\"BORDALLO PINHEIRO Plato para servir Uvas 45 cm\" \/>\n<meta property=\"og:description\" content=\"La colecci\u00f3n Grapes celebra la riqueza de la naturaleza y el encanto acogedor de los momentos compartidos alrededor de la mesa, inspir\u00e1ndose en la\" \/>\n<meta property=\"og:url\" content=\"https:\/\/www.erresse-shop.it\/es\/shop\/tabla\/platos-para-servir\/bordallo-pinheiro-plato-para-servir-uvas-45-cm\/\" \/>\n<meta property=\"og:site_name\" content=\"Erresse Shop\" \/>\n<meta property=\"article:modified_time\" content=\"2025-12-04T10:31:02+00:00\" \/>\n<meta property=\"og:image\" content=\"https:\/\/www.erresse-shop.it\/wp-content\/uploads\/2025\/12\/BORDALLO-PINHEIRO-Piatto-da-Portata-Uva-45-cm.jpg\" \/>\n\t<meta property=\"og:image:width\" content=\"1200\" \/>\n\t<meta property=\"og:image:height\" content=\"1200\" \/>\n\t<meta property=\"og:image:type\" content=\"image\/jpeg\" \/>\n<meta name=\"twitter:card\" content=\"summary_large_image\" \/>\n<script type=\"application\/ld+json\" class=\"yoast-schema-graph\">{\"@context\":\"https:\/\/schema.org\",\"@graph\":[{\"@type\":\"WebPage\",\"@id\":\"https:\/\/www.erresse-shop.it\/es\/shop\/tabla\/platos-para-servir\/bordallo-pinheiro-plato-para-servir-uvas-45-cm\/\",\"url\":\"https:\/\/www.erresse-shop.it\/es\/shop\/tabla\/platos-para-servir\/bordallo-pinheiro-plato-para-servir-uvas-45-cm\/\",\"name\":\"BORDALLO PINHEIRO Plato para servir Uvas 45 cm - Erresse Shop\",\"isPartOf\":{\"@id\":\"https:\/\/www.erresse-shop.it\/es\/#website\"},\"datePublished\":\"2025-12-04T10:15:45+00:00\",\"dateModified\":\"2025-12-04T10:31:02+00:00\",\"description\":\"La colecci\u00f3n Grapes celebra la riqueza de la naturaleza y el encanto acogedor de los momentos compartidos alrededor de la mesa, inspir\u00e1ndose en la\",\"breadcrumb\":{\"@id\":\"https:\/\/www.erresse-shop.it\/es\/shop\/tabla\/platos-para-servir\/bordallo-pinheiro-plato-para-servir-uvas-45-cm\/#breadcrumb\"},\"inLanguage\":\"es\",\"potentialAction\":[{\"@type\":\"ReadAction\",\"target\":[\"https:\/\/www.erresse-shop.it\/es\/shop\/tabla\/platos-para-servir\/bordallo-pinheiro-plato-para-servir-uvas-45-cm\/\"]}]},{\"@type\":\"BreadcrumbList\",\"@id\":\"https:\/\/www.erresse-shop.it\/es\/shop\/tabla\/platos-para-servir\/bordallo-pinheiro-plato-para-servir-uvas-45-cm\/#breadcrumb\",\"itemListElement\":[{\"@type\":\"ListItem\",\"position\":1,\"name\":\"Home\",\"item\":\"https:\/\/www.erresse-shop.it\/es\/\"},{\"@type\":\"ListItem\",\"position\":2,\"name\":\"Shop\",\"item\":\"https:\/\/www.erresse-shop.it\/es\/shop\/\"},{\"@type\":\"ListItem\",\"position\":3,\"name\":\"BORDALLO PINHEIRO Plato para servir Uvas 45 cm\"}]},{\"@type\":\"WebSite\",\"@id\":\"https:\/\/www.erresse-shop.it\/es\/#website\",\"url\":\"https:\/\/www.erresse-shop.it\/es\/\",\"name\":\"Erresse Shop\",\"description\":\"Articoli di qualit\u00e0 per la casa\",\"potentialAction\":[{\"@type\":\"SearchAction\",\"target\":{\"@type\":\"EntryPoint\",\"urlTemplate\":\"https:\/\/www.erresse-shop.it\/es\/?s={search_term_string}\"},\"query-input\":\"required name=search_term_string\"}],\"inLanguage\":\"es\"}]}<\/script>\n<!-- \/ Yoast SEO Premium plugin. -->","yoast_head_json":{"title":"BORDALLO PINHEIRO Plato para servir Uvas 45 cm - Erresse Shop","description":"La colecci\u00f3n Grapes celebra la riqueza de la naturaleza y el encanto acogedor de los momentos compartidos alrededor de la mesa, inspir\u00e1ndose en la","robots":{"index":"index","follow":"follow","max-snippet":"max-snippet:-1","max-image-preview":"max-image-preview:large","max-video-preview":"max-video-preview:-1"},"canonical":"https:\/\/www.erresse-shop.it\/es\/shop\/tabla\/platos-para-servir\/bordallo-pinheiro-plato-para-servir-uvas-45-cm\/","og_locale":"es_ES","og_type":"article","og_title":"BORDALLO PINHEIRO Plato para servir Uvas 45 cm","og_description":"La colecci\u00f3n Grapes celebra la riqueza de la naturaleza y el encanto acogedor de los momentos compartidos alrededor de la mesa, inspir\u00e1ndose en la","og_url":"https:\/\/www.erresse-shop.it\/es\/shop\/tabla\/platos-para-servir\/bordallo-pinheiro-plato-para-servir-uvas-45-cm\/","og_site_name":"Erresse Shop","article_modified_time":"2025-12-04T10:31:02+00:00","og_image":[{"width":1200,"height":1200,"url":"https:\/\/www.erresse-shop.it\/wp-content\/uploads\/2025\/12\/BORDALLO-PINHEIRO-Piatto-da-Portata-Uva-45-cm.jpg","type":"image\/jpeg"}],"twitter_card":"summary_large_image","schema":{"@context":"https:\/\/schema.org","@graph":[{"@type":"WebPage","@id":"https:\/\/www.erresse-shop.it\/es\/shop\/tabla\/platos-para-servir\/bordallo-pinheiro-plato-para-servir-uvas-45-cm\/","url":"https:\/\/www.erresse-shop.it\/es\/shop\/tabla\/platos-para-servir\/bordallo-pinheiro-plato-para-servir-uvas-45-cm\/","name":"BORDALLO PINHEIRO Plato para servir Uvas 45 cm - Erresse Shop","isPartOf":{"@id":"https:\/\/www.erresse-shop.it\/es\/#website"},"datePublished":"2025-12-04T10:15:45+00:00","dateModified":"2025-12-04T10:31:02+00:00","description":"La colecci\u00f3n Grapes celebra la riqueza de la naturaleza y el encanto acogedor de los momentos compartidos alrededor de la mesa, inspir\u00e1ndose en la","breadcrumb":{"@id":"https:\/\/www.erresse-shop.it\/es\/shop\/tabla\/platos-para-servir\/bordallo-pinheiro-plato-para-servir-uvas-45-cm\/#breadcrumb"},"inLanguage":"es","potentialAction":[{"@type":"ReadAction","target":["https:\/\/www.erresse-shop.it\/es\/shop\/tabla\/platos-para-servir\/bordallo-pinheiro-plato-para-servir-uvas-45-cm\/"]}]},{"@type":"BreadcrumbList","@id":"https:\/\/www.erresse-shop.it\/es\/shop\/tabla\/platos-para-servir\/bordallo-pinheiro-plato-para-servir-uvas-45-cm\/#breadcrumb","itemListElement":[{"@type":"ListItem","position":1,"name":"Home","item":"https:\/\/www.erresse-shop.it\/es\/"},{"@type":"ListItem","position":2,"name":"Shop","item":"https:\/\/www.erresse-shop.it\/es\/shop\/"},{"@type":"ListItem","position":3,"name":"BORDALLO PINHEIRO Plato para servir Uvas 45 cm"}]},{"@type":"WebSite","@id":"https:\/\/www.erresse-shop.it\/es\/#website","url":"https:\/\/www.erresse-shop.it\/es\/","name":"Erresse Shop","description":"Articoli di qualit\u00e0 per la casa","potentialAction":[{"@type":"SearchAction","target":{"@type":"EntryPoint","urlTemplate":"https:\/\/www.erresse-shop.it\/es\/?s={search_term_string}"},"query-input":"required name=search_term_string"}],"inLanguage":"es"}]}},"df_price":39.95,"df_sale_price":39.95,"df_regular_price":47.54,"df_image_link":"https:\/\/www.erresse-shop.it\/wp-content\/uploads\/2025\/12\/BORDALLO-PINHEIRO-Piatto-da-Portata-Uva-45-cm-300x300.jpg","_links":{"self":[{"href":"https:\/\/www.erresse-shop.it\/es\/wp-json\/wp\/v2\/product\/518867"}],"collection":[{"href":"https:\/\/www.erresse-shop.it\/es\/wp-json\/wp\/v2\/product"}],"about":[{"href":"https:\/\/www.erresse-shop.it\/es\/wp-json\/wp\/v2\/types\/product"}],"wp:featuredmedia":[{"embeddable":true,"href":"https:\/\/www.erresse-shop.it\/es\/wp-json\/wp\/v2\/media\/518881"}],"wp:attachment":[{"href":"https:\/\/www.erresse-shop.it\/es\/wp-json\/wp\/v2\/media?parent=518867"}],"wp:term":[{"taxonomy":"product_cat","embeddable":true,"href":"https:\/\/www.erresse-shop.it\/es\/wp-json\/wp\/v2\/product_cat?post=518867"},{"taxonomy":"product_tag","embeddable":true,"href":"https:\/\/www.erresse-shop.it\/es\/wp-json\/wp\/v2\/product_tag?post=518867"}],"curies":[{"name":"wp","href":"https:\/\/api.w.org\/{rel}","templated":true}]}}