{"id":517927,"date":"2025-11-25T07:13:49","date_gmt":"2025-11-25T07:13:52","guid":{"rendered":"https:\/\/www.erresse-shop.it\/?post_type=product&#038;p=517927"},"modified":"2025-11-25T07:21:50","modified_gmt":"2025-11-25T07:21:50","slug":"toms-drag-acrobat-8","status":"publish","type":"product","link":"https:\/\/www.erresse-shop.it\/es\/shop\/mobiliario\/articulos-de-decoracion\/toms-drag-acrobat-8\/","title":{"rendered":"TOM&#8217;S DRAG Acrobat"},"content":{"rendered":"<p><strong>Dimensiones:<\/strong> L 72 x H 38 cm<strong><br \/>\nMaterial:<\/strong> resina<\/p>\n<p><strong>ACROBAT<\/strong><br \/>\nNo hay circo sin acrobacias impresionantes. As\u00ed que Tom se aventur\u00f3 en el m\u00e1gico y on\u00edrico mundo de la pista y cre\u00f3 elegantes figuras con formas imponentes y elegantes, todas decoradas al estilo t\u00edpico de Tom&#8217;s Drag. Esta noble y exclusiva colecci\u00f3n se inspira en el mundo del circo. Los acr\u00f3batas parecen flotar en el aire gracias a sus incre\u00edbles movimientos.<\/p>\n<p>Esta pieza est\u00e1 <strong>hecha y pintada a mano<\/strong>, por lo que las variaciones de color, dise\u00f1o, tono, peque\u00f1as imperfecciones en el pegamento o la pintura, e irregularidades son una caracter\u00edstica espec\u00edfica del producto y dan testimonio de su artesan\u00eda.<\/p>\n<p>Cada pieza de Tom&#8217;s Drag comienza con unos bocetos r\u00e1pidos que el artista dibuja, transform\u00e1ndolos r\u00e1pidamente en una imagen detallada. A continuaci\u00f3n, se talla a mano una figura en bruto en madera, cuyo tama\u00f1o y proporciones reflejan los de la pieza final. El artista lo pinta a mano, creando el prototipo a partir del cual se crear\u00e1 el molde de goma. Este molde de goma es fundamental en todas las obras de Tom&#8217;s Drag, ya que se vierte en \u00e9l marmorino l\u00edquido, una mezcla de m\u00e1rmol molido y resina sint\u00e9tica, que luego se solidifica. La pieza, inicialmente blanca opaca, se pinta de blanco y se lija. En este punto, se dibujan a l\u00e1piz los bordes de los campos de color, que sirven de referencia al artista al pintar el objeto. La obra se remata con una capa de resina que le otorga resistencia a los colores.<\/p>\n","protected":false},"excerpt":{"rendered":"<p>Dimensiones: L 72 x H 38 cm Material: resina ACROBAT No hay circo sin acrobacias impresionantes. As\u00ed que Tom se<\/p>\n","protected":false},"featured_media":517941,"template":"","meta":{"_acf_changed":false,"inline_featured_image":false},"product_cat":[16026,16016],"product_tag":[25039,17147,17001,25023],"acf":[],"yoast_head":"<!-- This site is optimized with the Yoast SEO Premium plugin v18.6 (Yoast SEO v19.13) - https:\/\/yoast.com\/wordpress\/plugins\/seo\/ -->\n<title>TOM&#039;S DRAG Acrobat - Erresse Shop<\/title>\n<meta name=\"description\" content=\"Dimensiones: L 72 x H 38 cm Material: resina ACROBAT No hay circo sin acrobacias impresionantes. As\u00ed que Tom se aventur\u00f3 en el m\u00e1gico y on\u00edrico mundo de\" \/>\n<meta name=\"robots\" content=\"index, follow, max-snippet:-1, max-image-preview:large, max-video-preview:-1\" \/>\n<link rel=\"canonical\" href=\"https:\/\/www.erresse-shop.it\/es\/shop\/mobiliario\/articulos-de-decoracion\/toms-drag-acrobat-8\/\" \/>\n<meta property=\"og:locale\" content=\"es_ES\" \/>\n<meta property=\"og:type\" content=\"article\" \/>\n<meta property=\"og:title\" content=\"TOM&#039;S DRAG Acrobat\" \/>\n<meta property=\"og:description\" content=\"Dimensiones: L 72 x H 38 cm Material: resina ACROBAT No hay circo sin acrobacias impresionantes. As\u00ed que Tom se aventur\u00f3 en el m\u00e1gico y on\u00edrico mundo de\" \/>\n<meta property=\"og:url\" content=\"https:\/\/www.erresse-shop.it\/es\/shop\/mobiliario\/articulos-de-decoracion\/toms-drag-acrobat-8\/\" \/>\n<meta property=\"og:site_name\" content=\"Erresse Shop\" \/>\n<meta property=\"article:modified_time\" content=\"2025-11-25T07:21:50+00:00\" \/>\n<meta property=\"og:image\" content=\"https:\/\/www.erresse-shop.it\/wp-content\/uploads\/2025\/11\/TOMS-DRAG-Acrobata-4800.jpg\" \/>\n\t<meta property=\"og:image:width\" content=\"1200\" \/>\n\t<meta property=\"og:image:height\" content=\"1200\" \/>\n\t<meta property=\"og:image:type\" content=\"image\/jpeg\" \/>\n<meta name=\"twitter:card\" content=\"summary_large_image\" \/>\n<script type=\"application\/ld+json\" class=\"yoast-schema-graph\">{\"@context\":\"https:\/\/schema.org\",\"@graph\":[{\"@type\":\"WebPage\",\"@id\":\"https:\/\/www.erresse-shop.it\/es\/shop\/mobiliario\/articulos-de-decoracion\/toms-drag-acrobat-8\/\",\"url\":\"https:\/\/www.erresse-shop.it\/es\/shop\/mobiliario\/articulos-de-decoracion\/toms-drag-acrobat-8\/\",\"name\":\"TOM'S DRAG Acrobat - Erresse Shop\",\"isPartOf\":{\"@id\":\"https:\/\/www.erresse-shop.it\/es\/#website\"},\"datePublished\":\"2025-11-25T07:13:52+00:00\",\"dateModified\":\"2025-11-25T07:21:50+00:00\",\"description\":\"Dimensiones: L 72 x H 38 cm Material: resina ACROBAT No hay circo sin acrobacias impresionantes. As\u00ed que Tom se aventur\u00f3 en el m\u00e1gico y on\u00edrico mundo de\",\"breadcrumb\":{\"@id\":\"https:\/\/www.erresse-shop.it\/es\/shop\/mobiliario\/articulos-de-decoracion\/toms-drag-acrobat-8\/#breadcrumb\"},\"inLanguage\":\"es\",\"potentialAction\":[{\"@type\":\"ReadAction\",\"target\":[\"https:\/\/www.erresse-shop.it\/es\/shop\/mobiliario\/articulos-de-decoracion\/toms-drag-acrobat-8\/\"]}]},{\"@type\":\"BreadcrumbList\",\"@id\":\"https:\/\/www.erresse-shop.it\/es\/shop\/mobiliario\/articulos-de-decoracion\/toms-drag-acrobat-8\/#breadcrumb\",\"itemListElement\":[{\"@type\":\"ListItem\",\"position\":1,\"name\":\"Home\",\"item\":\"https:\/\/www.erresse-shop.it\/es\/\"},{\"@type\":\"ListItem\",\"position\":2,\"name\":\"Shop\",\"item\":\"https:\/\/www.erresse-shop.it\/es\/shop\/\"},{\"@type\":\"ListItem\",\"position\":3,\"name\":\"TOM&#8217;S DRAG Acrobat\"}]},{\"@type\":\"WebSite\",\"@id\":\"https:\/\/www.erresse-shop.it\/es\/#website\",\"url\":\"https:\/\/www.erresse-shop.it\/es\/\",\"name\":\"Erresse Shop\",\"description\":\"Articoli di qualit\u00e0 per la casa\",\"potentialAction\":[{\"@type\":\"SearchAction\",\"target\":{\"@type\":\"EntryPoint\",\"urlTemplate\":\"https:\/\/www.erresse-shop.it\/es\/?s={search_term_string}\"},\"query-input\":\"required name=search_term_string\"}],\"inLanguage\":\"es\"}]}<\/script>\n<!-- \/ Yoast SEO Premium plugin. -->","yoast_head_json":{"title":"TOM'S DRAG Acrobat - Erresse Shop","description":"Dimensiones: L 72 x H 38 cm Material: resina ACROBAT No hay circo sin acrobacias impresionantes. As\u00ed que Tom se aventur\u00f3 en el m\u00e1gico y on\u00edrico mundo de","robots":{"index":"index","follow":"follow","max-snippet":"max-snippet:-1","max-image-preview":"max-image-preview:large","max-video-preview":"max-video-preview:-1"},"canonical":"https:\/\/www.erresse-shop.it\/es\/shop\/mobiliario\/articulos-de-decoracion\/toms-drag-acrobat-8\/","og_locale":"es_ES","og_type":"article","og_title":"TOM'S DRAG Acrobat","og_description":"Dimensiones: L 72 x H 38 cm Material: resina ACROBAT No hay circo sin acrobacias impresionantes. As\u00ed que Tom se aventur\u00f3 en el m\u00e1gico y on\u00edrico mundo de","og_url":"https:\/\/www.erresse-shop.it\/es\/shop\/mobiliario\/articulos-de-decoracion\/toms-drag-acrobat-8\/","og_site_name":"Erresse Shop","article_modified_time":"2025-11-25T07:21:50+00:00","og_image":[{"width":1200,"height":1200,"url":"https:\/\/www.erresse-shop.it\/wp-content\/uploads\/2025\/11\/TOMS-DRAG-Acrobata-4800.jpg","type":"image\/jpeg"}],"twitter_card":"summary_large_image","schema":{"@context":"https:\/\/schema.org","@graph":[{"@type":"WebPage","@id":"https:\/\/www.erresse-shop.it\/es\/shop\/mobiliario\/articulos-de-decoracion\/toms-drag-acrobat-8\/","url":"https:\/\/www.erresse-shop.it\/es\/shop\/mobiliario\/articulos-de-decoracion\/toms-drag-acrobat-8\/","name":"TOM'S DRAG Acrobat - Erresse Shop","isPartOf":{"@id":"https:\/\/www.erresse-shop.it\/es\/#website"},"datePublished":"2025-11-25T07:13:52+00:00","dateModified":"2025-11-25T07:21:50+00:00","description":"Dimensiones: L 72 x H 38 cm Material: resina ACROBAT No hay circo sin acrobacias impresionantes. As\u00ed que Tom se aventur\u00f3 en el m\u00e1gico y on\u00edrico mundo de","breadcrumb":{"@id":"https:\/\/www.erresse-shop.it\/es\/shop\/mobiliario\/articulos-de-decoracion\/toms-drag-acrobat-8\/#breadcrumb"},"inLanguage":"es","potentialAction":[{"@type":"ReadAction","target":["https:\/\/www.erresse-shop.it\/es\/shop\/mobiliario\/articulos-de-decoracion\/toms-drag-acrobat-8\/"]}]},{"@type":"BreadcrumbList","@id":"https:\/\/www.erresse-shop.it\/es\/shop\/mobiliario\/articulos-de-decoracion\/toms-drag-acrobat-8\/#breadcrumb","itemListElement":[{"@type":"ListItem","position":1,"name":"Home","item":"https:\/\/www.erresse-shop.it\/es\/"},{"@type":"ListItem","position":2,"name":"Shop","item":"https:\/\/www.erresse-shop.it\/es\/shop\/"},{"@type":"ListItem","position":3,"name":"TOM&#8217;S DRAG Acrobat"}]},{"@type":"WebSite","@id":"https:\/\/www.erresse-shop.it\/es\/#website","url":"https:\/\/www.erresse-shop.it\/es\/","name":"Erresse Shop","description":"Articoli di qualit\u00e0 per la casa","potentialAction":[{"@type":"SearchAction","target":{"@type":"EntryPoint","urlTemplate":"https:\/\/www.erresse-shop.it\/es\/?s={search_term_string}"},"query-input":"required name=search_term_string"}],"inLanguage":"es"}]}},"df_price":258.96000000000004,"df_sale_price":258.96000000000004,"df_regular_price":498,"df_image_link":"https:\/\/www.erresse-shop.it\/wp-content\/uploads\/2025\/11\/TOMS-DRAG-Acrobata-4800-300x300.jpg","_links":{"self":[{"href":"https:\/\/www.erresse-shop.it\/es\/wp-json\/wp\/v2\/product\/517927"}],"collection":[{"href":"https:\/\/www.erresse-shop.it\/es\/wp-json\/wp\/v2\/product"}],"about":[{"href":"https:\/\/www.erresse-shop.it\/es\/wp-json\/wp\/v2\/types\/product"}],"wp:featuredmedia":[{"embeddable":true,"href":"https:\/\/www.erresse-shop.it\/es\/wp-json\/wp\/v2\/media\/517941"}],"wp:attachment":[{"href":"https:\/\/www.erresse-shop.it\/es\/wp-json\/wp\/v2\/media?parent=517927"}],"wp:term":[{"taxonomy":"product_cat","embeddable":true,"href":"https:\/\/www.erresse-shop.it\/es\/wp-json\/wp\/v2\/product_cat?post=517927"},{"taxonomy":"product_tag","embeddable":true,"href":"https:\/\/www.erresse-shop.it\/es\/wp-json\/wp\/v2\/product_tag?post=517927"}],"curies":[{"name":"wp","href":"https:\/\/api.w.org\/{rel}","templated":true}]}}