{"id":517713,"date":"2025-11-21T10:07:35","date_gmt":"2025-11-21T10:07:39","guid":{"rendered":"https:\/\/www.erresse-shop.it\/?post_type=product&#038;p=517713"},"modified":"2025-11-21T10:15:14","modified_gmt":"2025-11-21T10:15:14","slug":"portmeirion-blue-italian-set-de-4-tazones-para-cereales","status":"publish","type":"product","link":"https:\/\/www.erresse-shop.it\/es\/shop\/tabla\/platos\/portmeirion-blue-italian-set-de-4-tazones-para-cereales\/","title":{"rendered":"PORTMEIRION Blue Italian Set de 4 tazones para cereales"},"content":{"rendered":"<p>Este juego de cuatro tazones azules italianos para cereales aportar\u00e1 un estilo atemporal y un encanto natural a cualquier ocasi\u00f3n, ya sea un desayuno relajado, una sopa para el almuerzo o un postre para la cena. Los tazones presentan un borde oriental Imari del siglo XVIII con un detallado dise\u00f1o que enmarca un paisaje inspirado en la campi\u00f1a italiana, en el azul y blanco caracter\u00edsticos de la colecci\u00f3n. Con un dise\u00f1o inspirado en la tradici\u00f3n, estos tazones est\u00e1n pensados \u200b\u200bpara la vida moderna y son aptos para lavavajillas, microondas, congelador y horno.<\/p>\n<p><strong>Detalles del producto:<\/strong><\/p>\n<p><strong>Pa\u00eds de fabricaci\u00f3n:<\/strong> Reino Unido<br \/>\n<strong>Material:<\/strong> Terracota<br \/>\n<strong>Altura:<\/strong> 5 cm<br \/>\n<strong>Ancho:<\/strong> 20 cm<br \/>\n<strong>Largo:<\/strong> 20 cm<\/p>\n","protected":false},"excerpt":{"rendered":"<p>Este juego de cuatro tazones azules italianos para cereales aportar\u00e1 un estilo atemporal y un encanto natural a cualquier ocasi\u00f3n,<\/p>\n","protected":false},"featured_media":517737,"template":"","meta":{"_acf_changed":false,"inline_featured_image":false},"product_cat":[16031,16027],"product_tag":[19361,21976,19362],"acf":[],"yoast_head":"<!-- This site is optimized with the Yoast SEO Premium plugin v18.6 (Yoast SEO v19.13) - https:\/\/yoast.com\/wordpress\/plugins\/seo\/ -->\n<title>PORTMEIRION Blue Italian Set de 4 tazones para cereales - Erresse Shop<\/title>\n<meta name=\"description\" content=\"Este juego de cuatro tazones azules italianos para cereales aportar\u00e1 un estilo atemporal y un encanto natural a cualquier ocasi\u00f3n, ya sea un desayuno\" \/>\n<meta name=\"robots\" content=\"index, follow, max-snippet:-1, max-image-preview:large, max-video-preview:-1\" \/>\n<link rel=\"canonical\" href=\"https:\/\/www.erresse-shop.it\/es\/shop\/tabla\/platos\/portmeirion-blue-italian-set-de-4-tazones-para-cereales\/\" \/>\n<meta property=\"og:locale\" content=\"es_ES\" \/>\n<meta property=\"og:type\" content=\"article\" \/>\n<meta property=\"og:title\" content=\"PORTMEIRION Blue Italian Set de 4 tazones para cereales\" \/>\n<meta property=\"og:description\" content=\"Este juego de cuatro tazones azules italianos para cereales aportar\u00e1 un estilo atemporal y un encanto natural a cualquier ocasi\u00f3n, ya sea un desayuno\" \/>\n<meta property=\"og:url\" content=\"https:\/\/www.erresse-shop.it\/es\/shop\/tabla\/platos\/portmeirion-blue-italian-set-de-4-tazones-para-cereales\/\" \/>\n<meta property=\"og:site_name\" content=\"Erresse Shop\" \/>\n<meta property=\"article:modified_time\" content=\"2025-11-21T10:15:14+00:00\" \/>\n<meta property=\"og:image\" content=\"https:\/\/www.erresse-shop.it\/wp-content\/uploads\/2025\/11\/PORTMEIRION-Blue-Italian-Set-4-Ciotole-per-cereali.jpg\" \/>\n\t<meta property=\"og:image:width\" content=\"1200\" \/>\n\t<meta property=\"og:image:height\" content=\"1200\" \/>\n\t<meta property=\"og:image:type\" content=\"image\/jpeg\" \/>\n<meta name=\"twitter:card\" content=\"summary_large_image\" \/>\n<script type=\"application\/ld+json\" class=\"yoast-schema-graph\">{\"@context\":\"https:\/\/schema.org\",\"@graph\":[{\"@type\":\"WebPage\",\"@id\":\"https:\/\/www.erresse-shop.it\/es\/shop\/tabla\/platos\/portmeirion-blue-italian-set-de-4-tazones-para-cereales\/\",\"url\":\"https:\/\/www.erresse-shop.it\/es\/shop\/tabla\/platos\/portmeirion-blue-italian-set-de-4-tazones-para-cereales\/\",\"name\":\"PORTMEIRION Blue Italian Set de 4 tazones para cereales - Erresse Shop\",\"isPartOf\":{\"@id\":\"https:\/\/www.erresse-shop.it\/es\/#website\"},\"datePublished\":\"2025-11-21T10:07:39+00:00\",\"dateModified\":\"2025-11-21T10:15:14+00:00\",\"description\":\"Este juego de cuatro tazones azules italianos para cereales aportar\u00e1 un estilo atemporal y un encanto natural a cualquier ocasi\u00f3n, ya sea un desayuno\",\"breadcrumb\":{\"@id\":\"https:\/\/www.erresse-shop.it\/es\/shop\/tabla\/platos\/portmeirion-blue-italian-set-de-4-tazones-para-cereales\/#breadcrumb\"},\"inLanguage\":\"es\",\"potentialAction\":[{\"@type\":\"ReadAction\",\"target\":[\"https:\/\/www.erresse-shop.it\/es\/shop\/tabla\/platos\/portmeirion-blue-italian-set-de-4-tazones-para-cereales\/\"]}]},{\"@type\":\"BreadcrumbList\",\"@id\":\"https:\/\/www.erresse-shop.it\/es\/shop\/tabla\/platos\/portmeirion-blue-italian-set-de-4-tazones-para-cereales\/#breadcrumb\",\"itemListElement\":[{\"@type\":\"ListItem\",\"position\":1,\"name\":\"Home\",\"item\":\"https:\/\/www.erresse-shop.it\/es\/\"},{\"@type\":\"ListItem\",\"position\":2,\"name\":\"Shop\",\"item\":\"https:\/\/www.erresse-shop.it\/es\/shop\/\"},{\"@type\":\"ListItem\",\"position\":3,\"name\":\"PORTMEIRION Blue Italian Set de 4 tazones para cereales\"}]},{\"@type\":\"WebSite\",\"@id\":\"https:\/\/www.erresse-shop.it\/es\/#website\",\"url\":\"https:\/\/www.erresse-shop.it\/es\/\",\"name\":\"Erresse Shop\",\"description\":\"Articoli di qualit\u00e0 per la casa\",\"potentialAction\":[{\"@type\":\"SearchAction\",\"target\":{\"@type\":\"EntryPoint\",\"urlTemplate\":\"https:\/\/www.erresse-shop.it\/es\/?s={search_term_string}\"},\"query-input\":\"required name=search_term_string\"}],\"inLanguage\":\"es\"}]}<\/script>\n<!-- \/ Yoast SEO Premium plugin. -->","yoast_head_json":{"title":"PORTMEIRION Blue Italian Set de 4 tazones para cereales - Erresse Shop","description":"Este juego de cuatro tazones azules italianos para cereales aportar\u00e1 un estilo atemporal y un encanto natural a cualquier ocasi\u00f3n, ya sea un desayuno","robots":{"index":"index","follow":"follow","max-snippet":"max-snippet:-1","max-image-preview":"max-image-preview:large","max-video-preview":"max-video-preview:-1"},"canonical":"https:\/\/www.erresse-shop.it\/es\/shop\/tabla\/platos\/portmeirion-blue-italian-set-de-4-tazones-para-cereales\/","og_locale":"es_ES","og_type":"article","og_title":"PORTMEIRION Blue Italian Set de 4 tazones para cereales","og_description":"Este juego de cuatro tazones azules italianos para cereales aportar\u00e1 un estilo atemporal y un encanto natural a cualquier ocasi\u00f3n, ya sea un desayuno","og_url":"https:\/\/www.erresse-shop.it\/es\/shop\/tabla\/platos\/portmeirion-blue-italian-set-de-4-tazones-para-cereales\/","og_site_name":"Erresse Shop","article_modified_time":"2025-11-21T10:15:14+00:00","og_image":[{"width":1200,"height":1200,"url":"https:\/\/www.erresse-shop.it\/wp-content\/uploads\/2025\/11\/PORTMEIRION-Blue-Italian-Set-4-Ciotole-per-cereali.jpg","type":"image\/jpeg"}],"twitter_card":"summary_large_image","schema":{"@context":"https:\/\/schema.org","@graph":[{"@type":"WebPage","@id":"https:\/\/www.erresse-shop.it\/es\/shop\/tabla\/platos\/portmeirion-blue-italian-set-de-4-tazones-para-cereales\/","url":"https:\/\/www.erresse-shop.it\/es\/shop\/tabla\/platos\/portmeirion-blue-italian-set-de-4-tazones-para-cereales\/","name":"PORTMEIRION Blue Italian Set de 4 tazones para cereales - Erresse Shop","isPartOf":{"@id":"https:\/\/www.erresse-shop.it\/es\/#website"},"datePublished":"2025-11-21T10:07:39+00:00","dateModified":"2025-11-21T10:15:14+00:00","description":"Este juego de cuatro tazones azules italianos para cereales aportar\u00e1 un estilo atemporal y un encanto natural a cualquier ocasi\u00f3n, ya sea un desayuno","breadcrumb":{"@id":"https:\/\/www.erresse-shop.it\/es\/shop\/tabla\/platos\/portmeirion-blue-italian-set-de-4-tazones-para-cereales\/#breadcrumb"},"inLanguage":"es","potentialAction":[{"@type":"ReadAction","target":["https:\/\/www.erresse-shop.it\/es\/shop\/tabla\/platos\/portmeirion-blue-italian-set-de-4-tazones-para-cereales\/"]}]},{"@type":"BreadcrumbList","@id":"https:\/\/www.erresse-shop.it\/es\/shop\/tabla\/platos\/portmeirion-blue-italian-set-de-4-tazones-para-cereales\/#breadcrumb","itemListElement":[{"@type":"ListItem","position":1,"name":"Home","item":"https:\/\/www.erresse-shop.it\/es\/"},{"@type":"ListItem","position":2,"name":"Shop","item":"https:\/\/www.erresse-shop.it\/es\/shop\/"},{"@type":"ListItem","position":3,"name":"PORTMEIRION Blue Italian Set de 4 tazones para cereales"}]},{"@type":"WebSite","@id":"https:\/\/www.erresse-shop.it\/es\/#website","url":"https:\/\/www.erresse-shop.it\/es\/","name":"Erresse Shop","description":"Articoli di qualit\u00e0 per la casa","potentialAction":[{"@type":"SearchAction","target":{"@type":"EntryPoint","urlTemplate":"https:\/\/www.erresse-shop.it\/es\/?s={search_term_string}"},"query-input":"required name=search_term_string"}],"inLanguage":"es"}]}},"df_price":89.95,"df_sale_price":89.95,"df_regular_price":143.87,"df_image_link":"https:\/\/www.erresse-shop.it\/wp-content\/uploads\/2025\/11\/PORTMEIRION-Blue-Italian-Set-4-Ciotole-per-cereali-300x300.jpg","_links":{"self":[{"href":"https:\/\/www.erresse-shop.it\/es\/wp-json\/wp\/v2\/product\/517713"}],"collection":[{"href":"https:\/\/www.erresse-shop.it\/es\/wp-json\/wp\/v2\/product"}],"about":[{"href":"https:\/\/www.erresse-shop.it\/es\/wp-json\/wp\/v2\/types\/product"}],"wp:featuredmedia":[{"embeddable":true,"href":"https:\/\/www.erresse-shop.it\/es\/wp-json\/wp\/v2\/media\/517737"}],"wp:attachment":[{"href":"https:\/\/www.erresse-shop.it\/es\/wp-json\/wp\/v2\/media?parent=517713"}],"wp:term":[{"taxonomy":"product_cat","embeddable":true,"href":"https:\/\/www.erresse-shop.it\/es\/wp-json\/wp\/v2\/product_cat?post=517713"},{"taxonomy":"product_tag","embeddable":true,"href":"https:\/\/www.erresse-shop.it\/es\/wp-json\/wp\/v2\/product_tag?post=517713"}],"curies":[{"name":"wp","href":"https:\/\/api.w.org\/{rel}","templated":true}]}}