{"id":517684,"date":"2025-11-21T09:58:40","date_gmt":"2025-11-21T09:58:44","guid":{"rendered":"https:\/\/www.erresse-shop.it\/?post_type=product&#038;p=517684"},"modified":"2025-11-21T10:05:51","modified_gmt":"2025-11-21T10:05:51","slug":"portmeirion-blue-italian-set-de-4-platos-para-pasta","status":"publish","type":"product","link":"https:\/\/www.erresse-shop.it\/es\/shop\/tabla\/platos\/portmeirion-blue-italian-set-de-4-platos-para-pasta\/","title":{"rendered":"PORTMEIRION Blue Italian Set de 4 platos para pasta"},"content":{"rendered":"<p>Sirve pasta, ensaladas, currys, guisos y mucho m\u00e1s con un estilo refinado gracias a este juego de cuatro platos hondos para pasta Blue Italian. Cada plato, de 23 cm de di\u00e1metro, luce el dise\u00f1o azul y blanco caracter\u00edstico de la colecci\u00f3n, con un detallado borde oriental Imari del siglo XVIII que representa un paisaje inspirado en la campi\u00f1a italiana. Con m\u00e1s de 200 a\u00f1os de tradici\u00f3n, estos platos hondos est\u00e1n dise\u00f1ados para la vida moderna y el ritmo acelerado de la vida familiar, y son aptos para lavavajillas, microondas, congelador y horno.<\/p>\n<p><strong>Detalles del producto:<\/strong><\/p>\n<p><strong>Pa\u00eds de fabricaci\u00f3n:<\/strong> Reino Unido<\/p>\n<p><strong>Material:<\/strong> Terracota<\/p>\n<p><strong>Altura:<\/strong> 2 cm<\/p>\n<p><strong>Ancho:<\/strong> 23 cm<\/p>\n<p><strong>Largo:<\/strong> 23 cm<\/p>\n","protected":false},"excerpt":{"rendered":"<p>Sirve pasta, ensaladas, currys, guisos y mucho m\u00e1s con un estilo refinado gracias a este juego de cuatro platos hondos<\/p>\n","protected":false},"featured_media":517708,"template":"","meta":{"_acf_changed":false,"inline_featured_image":false},"product_cat":[16031,16027],"product_tag":[19361,21976,19362],"acf":[],"yoast_head":"<!-- This site is optimized with the Yoast SEO Premium plugin v18.6 (Yoast SEO v19.13) - https:\/\/yoast.com\/wordpress\/plugins\/seo\/ -->\n<title>PORTMEIRION Blue Italian Set de 4 platos para pasta - Erresse Shop<\/title>\n<meta name=\"description\" content=\"Sirve pasta, ensaladas, currys, guisos y mucho m\u00e1s con un estilo refinado gracias a este juego de cuatro platos hondos para pasta Blue Italian. Cada\" \/>\n<meta name=\"robots\" content=\"index, follow, max-snippet:-1, max-image-preview:large, max-video-preview:-1\" \/>\n<link rel=\"canonical\" href=\"https:\/\/www.erresse-shop.it\/es\/shop\/tabla\/platos\/portmeirion-blue-italian-set-de-4-platos-para-pasta\/\" \/>\n<meta property=\"og:locale\" content=\"es_ES\" \/>\n<meta property=\"og:type\" content=\"article\" \/>\n<meta property=\"og:title\" content=\"PORTMEIRION Blue Italian Set de 4 platos para pasta\" \/>\n<meta property=\"og:description\" content=\"Sirve pasta, ensaladas, currys, guisos y mucho m\u00e1s con un estilo refinado gracias a este juego de cuatro platos hondos para pasta Blue Italian. Cada\" \/>\n<meta property=\"og:url\" content=\"https:\/\/www.erresse-shop.it\/es\/shop\/tabla\/platos\/portmeirion-blue-italian-set-de-4-platos-para-pasta\/\" \/>\n<meta property=\"og:site_name\" content=\"Erresse Shop\" \/>\n<meta property=\"article:modified_time\" content=\"2025-11-21T10:05:51+00:00\" \/>\n<meta property=\"og:image\" content=\"https:\/\/www.erresse-shop.it\/wp-content\/uploads\/2025\/11\/PORTMEIRION-Blue-Italian-Set-4-Piatti-Pasta.jpg\" \/>\n\t<meta property=\"og:image:width\" content=\"1200\" \/>\n\t<meta property=\"og:image:height\" content=\"1200\" \/>\n\t<meta property=\"og:image:type\" content=\"image\/jpeg\" \/>\n<meta name=\"twitter:card\" content=\"summary_large_image\" \/>\n<script type=\"application\/ld+json\" class=\"yoast-schema-graph\">{\"@context\":\"https:\/\/schema.org\",\"@graph\":[{\"@type\":\"WebPage\",\"@id\":\"https:\/\/www.erresse-shop.it\/es\/shop\/tabla\/platos\/portmeirion-blue-italian-set-de-4-platos-para-pasta\/\",\"url\":\"https:\/\/www.erresse-shop.it\/es\/shop\/tabla\/platos\/portmeirion-blue-italian-set-de-4-platos-para-pasta\/\",\"name\":\"PORTMEIRION Blue Italian Set de 4 platos para pasta - Erresse Shop\",\"isPartOf\":{\"@id\":\"https:\/\/www.erresse-shop.it\/es\/#website\"},\"datePublished\":\"2025-11-21T09:58:44+00:00\",\"dateModified\":\"2025-11-21T10:05:51+00:00\",\"description\":\"Sirve pasta, ensaladas, currys, guisos y mucho m\u00e1s con un estilo refinado gracias a este juego de cuatro platos hondos para pasta Blue Italian. Cada\",\"breadcrumb\":{\"@id\":\"https:\/\/www.erresse-shop.it\/es\/shop\/tabla\/platos\/portmeirion-blue-italian-set-de-4-platos-para-pasta\/#breadcrumb\"},\"inLanguage\":\"es\",\"potentialAction\":[{\"@type\":\"ReadAction\",\"target\":[\"https:\/\/www.erresse-shop.it\/es\/shop\/tabla\/platos\/portmeirion-blue-italian-set-de-4-platos-para-pasta\/\"]}]},{\"@type\":\"BreadcrumbList\",\"@id\":\"https:\/\/www.erresse-shop.it\/es\/shop\/tabla\/platos\/portmeirion-blue-italian-set-de-4-platos-para-pasta\/#breadcrumb\",\"itemListElement\":[{\"@type\":\"ListItem\",\"position\":1,\"name\":\"Home\",\"item\":\"https:\/\/www.erresse-shop.it\/es\/\"},{\"@type\":\"ListItem\",\"position\":2,\"name\":\"Shop\",\"item\":\"https:\/\/www.erresse-shop.it\/es\/shop\/\"},{\"@type\":\"ListItem\",\"position\":3,\"name\":\"PORTMEIRION Blue Italian Set de 4 platos para pasta\"}]},{\"@type\":\"WebSite\",\"@id\":\"https:\/\/www.erresse-shop.it\/es\/#website\",\"url\":\"https:\/\/www.erresse-shop.it\/es\/\",\"name\":\"Erresse Shop\",\"description\":\"Articoli di qualit\u00e0 per la casa\",\"potentialAction\":[{\"@type\":\"SearchAction\",\"target\":{\"@type\":\"EntryPoint\",\"urlTemplate\":\"https:\/\/www.erresse-shop.it\/es\/?s={search_term_string}\"},\"query-input\":\"required name=search_term_string\"}],\"inLanguage\":\"es\"}]}<\/script>\n<!-- \/ Yoast SEO Premium plugin. -->","yoast_head_json":{"title":"PORTMEIRION Blue Italian Set de 4 platos para pasta - Erresse Shop","description":"Sirve pasta, ensaladas, currys, guisos y mucho m\u00e1s con un estilo refinado gracias a este juego de cuatro platos hondos para pasta Blue Italian. Cada","robots":{"index":"index","follow":"follow","max-snippet":"max-snippet:-1","max-image-preview":"max-image-preview:large","max-video-preview":"max-video-preview:-1"},"canonical":"https:\/\/www.erresse-shop.it\/es\/shop\/tabla\/platos\/portmeirion-blue-italian-set-de-4-platos-para-pasta\/","og_locale":"es_ES","og_type":"article","og_title":"PORTMEIRION Blue Italian Set de 4 platos para pasta","og_description":"Sirve pasta, ensaladas, currys, guisos y mucho m\u00e1s con un estilo refinado gracias a este juego de cuatro platos hondos para pasta Blue Italian. Cada","og_url":"https:\/\/www.erresse-shop.it\/es\/shop\/tabla\/platos\/portmeirion-blue-italian-set-de-4-platos-para-pasta\/","og_site_name":"Erresse Shop","article_modified_time":"2025-11-21T10:05:51+00:00","og_image":[{"width":1200,"height":1200,"url":"https:\/\/www.erresse-shop.it\/wp-content\/uploads\/2025\/11\/PORTMEIRION-Blue-Italian-Set-4-Piatti-Pasta.jpg","type":"image\/jpeg"}],"twitter_card":"summary_large_image","schema":{"@context":"https:\/\/schema.org","@graph":[{"@type":"WebPage","@id":"https:\/\/www.erresse-shop.it\/es\/shop\/tabla\/platos\/portmeirion-blue-italian-set-de-4-platos-para-pasta\/","url":"https:\/\/www.erresse-shop.it\/es\/shop\/tabla\/platos\/portmeirion-blue-italian-set-de-4-platos-para-pasta\/","name":"PORTMEIRION Blue Italian Set de 4 platos para pasta - Erresse Shop","isPartOf":{"@id":"https:\/\/www.erresse-shop.it\/es\/#website"},"datePublished":"2025-11-21T09:58:44+00:00","dateModified":"2025-11-21T10:05:51+00:00","description":"Sirve pasta, ensaladas, currys, guisos y mucho m\u00e1s con un estilo refinado gracias a este juego de cuatro platos hondos para pasta Blue Italian. Cada","breadcrumb":{"@id":"https:\/\/www.erresse-shop.it\/es\/shop\/tabla\/platos\/portmeirion-blue-italian-set-de-4-platos-para-pasta\/#breadcrumb"},"inLanguage":"es","potentialAction":[{"@type":"ReadAction","target":["https:\/\/www.erresse-shop.it\/es\/shop\/tabla\/platos\/portmeirion-blue-italian-set-de-4-platos-para-pasta\/"]}]},{"@type":"BreadcrumbList","@id":"https:\/\/www.erresse-shop.it\/es\/shop\/tabla\/platos\/portmeirion-blue-italian-set-de-4-platos-para-pasta\/#breadcrumb","itemListElement":[{"@type":"ListItem","position":1,"name":"Home","item":"https:\/\/www.erresse-shop.it\/es\/"},{"@type":"ListItem","position":2,"name":"Shop","item":"https:\/\/www.erresse-shop.it\/es\/shop\/"},{"@type":"ListItem","position":3,"name":"PORTMEIRION Blue Italian Set de 4 platos para pasta"}]},{"@type":"WebSite","@id":"https:\/\/www.erresse-shop.it\/es\/#website","url":"https:\/\/www.erresse-shop.it\/es\/","name":"Erresse Shop","description":"Articoli di qualit\u00e0 per la casa","potentialAction":[{"@type":"SearchAction","target":{"@type":"EntryPoint","urlTemplate":"https:\/\/www.erresse-shop.it\/es\/?s={search_term_string}"},"query-input":"required name=search_term_string"}],"inLanguage":"es"}]}},"df_price":89.95,"df_sale_price":89.95,"df_regular_price":140.76,"df_image_link":"https:\/\/www.erresse-shop.it\/wp-content\/uploads\/2025\/11\/PORTMEIRION-Blue-Italian-Set-4-Piatti-Pasta-300x300.jpg","_links":{"self":[{"href":"https:\/\/www.erresse-shop.it\/es\/wp-json\/wp\/v2\/product\/517684"}],"collection":[{"href":"https:\/\/www.erresse-shop.it\/es\/wp-json\/wp\/v2\/product"}],"about":[{"href":"https:\/\/www.erresse-shop.it\/es\/wp-json\/wp\/v2\/types\/product"}],"wp:featuredmedia":[{"embeddable":true,"href":"https:\/\/www.erresse-shop.it\/es\/wp-json\/wp\/v2\/media\/517708"}],"wp:attachment":[{"href":"https:\/\/www.erresse-shop.it\/es\/wp-json\/wp\/v2\/media?parent=517684"}],"wp:term":[{"taxonomy":"product_cat","embeddable":true,"href":"https:\/\/www.erresse-shop.it\/es\/wp-json\/wp\/v2\/product_cat?post=517684"},{"taxonomy":"product_tag","embeddable":true,"href":"https:\/\/www.erresse-shop.it\/es\/wp-json\/wp\/v2\/product_tag?post=517684"}],"curies":[{"name":"wp","href":"https:\/\/api.w.org\/{rel}","templated":true}]}}