{"id":517655,"date":"2025-11-21T09:50:34","date_gmt":"2025-11-21T09:50:38","guid":{"rendered":"https:\/\/www.erresse-shop.it\/?post_type=product&#038;p=517655"},"modified":"2025-11-21T09:56:52","modified_gmt":"2025-11-21T09:56:52","slug":"portmeirion-blue-italian-set-de-4-platos-llanos","status":"publish","type":"product","link":"https:\/\/www.erresse-shop.it\/es\/shop\/tabla\/platos\/portmeirion-blue-italian-set-de-4-platos-llanos\/","title":{"rendered":"PORTMEIRION Blue Italian Set de 4 platos llanos"},"content":{"rendered":"<p>Este juego de cuatro platos llanos Blue Italian aportar\u00e1 un estilo y encanto atemporales a su mesa. El detallado borde oriental Imari del siglo XVIII y la singular escena inspirada en la campi\u00f1a italiana que adornan estos hermosos platos har\u00e1n que la cena sea a\u00fan m\u00e1s especial. Blue Italian est\u00e1 presente en hogares de todo el mundo desde 1816. A pesar de sus m\u00e1s de 200 a\u00f1os de tradici\u00f3n, estos platos est\u00e1n dise\u00f1ados para la vida moderna, siendo aptos para lavavajillas, microondas y horno.<\/p>\n<p><strong>Detalles del producto:<\/strong><\/p>\n<p><strong>Pa\u00eds de fabricaci\u00f3n:<\/strong> Reino Unido<br \/>\n<strong>Material:<\/strong> Terracota<br \/>\n<strong>Altura:<\/strong> 2 cm<br \/>\n<strong>Ancho:<\/strong> 27 cm<br \/>\n<strong>Largo:<\/strong> 27 cm<\/p>\n","protected":false},"excerpt":{"rendered":"<p>Este juego de cuatro platos llanos Blue Italian aportar\u00e1 un estilo y encanto atemporales a su mesa. El detallado borde<\/p>\n","protected":false},"featured_media":517679,"template":"","meta":{"_acf_changed":false,"inline_featured_image":false},"product_cat":[16031,16027],"product_tag":[19362,21973],"acf":[],"yoast_head":"<!-- This site is optimized with the Yoast SEO Premium plugin v18.6 (Yoast SEO v19.13) - https:\/\/yoast.com\/wordpress\/plugins\/seo\/ -->\n<title>PORTMEIRION Blue Italian Set de 4 platos llanos - Erresse Shop<\/title>\n<meta name=\"description\" content=\"Este juego de cuatro platos llanos Blue Italian aportar\u00e1 un estilo y encanto atemporales a su mesa. El detallado borde oriental Imari del siglo XVIII y la\" \/>\n<meta name=\"robots\" content=\"index, follow, max-snippet:-1, max-image-preview:large, max-video-preview:-1\" \/>\n<link rel=\"canonical\" href=\"https:\/\/www.erresse-shop.it\/es\/shop\/tabla\/platos\/portmeirion-blue-italian-set-de-4-platos-llanos\/\" \/>\n<meta property=\"og:locale\" content=\"es_ES\" \/>\n<meta property=\"og:type\" content=\"article\" \/>\n<meta property=\"og:title\" content=\"PORTMEIRION Blue Italian Set de 4 platos llanos\" \/>\n<meta property=\"og:description\" content=\"Este juego de cuatro platos llanos Blue Italian aportar\u00e1 un estilo y encanto atemporales a su mesa. El detallado borde oriental Imari del siglo XVIII y la\" \/>\n<meta property=\"og:url\" content=\"https:\/\/www.erresse-shop.it\/es\/shop\/tabla\/platos\/portmeirion-blue-italian-set-de-4-platos-llanos\/\" \/>\n<meta property=\"og:site_name\" content=\"Erresse Shop\" \/>\n<meta property=\"article:modified_time\" content=\"2025-11-21T09:56:52+00:00\" \/>\n<meta property=\"og:image\" content=\"https:\/\/www.erresse-shop.it\/wp-content\/uploads\/2025\/11\/PORTMEIRION-Blue-Italian-Set-4-Piatti-Piani.jpg\" \/>\n\t<meta property=\"og:image:width\" content=\"1200\" \/>\n\t<meta property=\"og:image:height\" content=\"1200\" \/>\n\t<meta property=\"og:image:type\" content=\"image\/jpeg\" \/>\n<meta name=\"twitter:card\" content=\"summary_large_image\" \/>\n<script type=\"application\/ld+json\" class=\"yoast-schema-graph\">{\"@context\":\"https:\/\/schema.org\",\"@graph\":[{\"@type\":\"WebPage\",\"@id\":\"https:\/\/www.erresse-shop.it\/es\/shop\/tabla\/platos\/portmeirion-blue-italian-set-de-4-platos-llanos\/\",\"url\":\"https:\/\/www.erresse-shop.it\/es\/shop\/tabla\/platos\/portmeirion-blue-italian-set-de-4-platos-llanos\/\",\"name\":\"PORTMEIRION Blue Italian Set de 4 platos llanos - Erresse Shop\",\"isPartOf\":{\"@id\":\"https:\/\/www.erresse-shop.it\/es\/#website\"},\"datePublished\":\"2025-11-21T09:50:38+00:00\",\"dateModified\":\"2025-11-21T09:56:52+00:00\",\"description\":\"Este juego de cuatro platos llanos Blue Italian aportar\u00e1 un estilo y encanto atemporales a su mesa. El detallado borde oriental Imari del siglo XVIII y la\",\"breadcrumb\":{\"@id\":\"https:\/\/www.erresse-shop.it\/es\/shop\/tabla\/platos\/portmeirion-blue-italian-set-de-4-platos-llanos\/#breadcrumb\"},\"inLanguage\":\"es\",\"potentialAction\":[{\"@type\":\"ReadAction\",\"target\":[\"https:\/\/www.erresse-shop.it\/es\/shop\/tabla\/platos\/portmeirion-blue-italian-set-de-4-platos-llanos\/\"]}]},{\"@type\":\"BreadcrumbList\",\"@id\":\"https:\/\/www.erresse-shop.it\/es\/shop\/tabla\/platos\/portmeirion-blue-italian-set-de-4-platos-llanos\/#breadcrumb\",\"itemListElement\":[{\"@type\":\"ListItem\",\"position\":1,\"name\":\"Home\",\"item\":\"https:\/\/www.erresse-shop.it\/es\/\"},{\"@type\":\"ListItem\",\"position\":2,\"name\":\"Shop\",\"item\":\"https:\/\/www.erresse-shop.it\/es\/shop\/\"},{\"@type\":\"ListItem\",\"position\":3,\"name\":\"PORTMEIRION Blue Italian Set de 4 platos llanos\"}]},{\"@type\":\"WebSite\",\"@id\":\"https:\/\/www.erresse-shop.it\/es\/#website\",\"url\":\"https:\/\/www.erresse-shop.it\/es\/\",\"name\":\"Erresse Shop\",\"description\":\"Articoli di qualit\u00e0 per la casa\",\"potentialAction\":[{\"@type\":\"SearchAction\",\"target\":{\"@type\":\"EntryPoint\",\"urlTemplate\":\"https:\/\/www.erresse-shop.it\/es\/?s={search_term_string}\"},\"query-input\":\"required name=search_term_string\"}],\"inLanguage\":\"es\"}]}<\/script>\n<!-- \/ Yoast SEO Premium plugin. -->","yoast_head_json":{"title":"PORTMEIRION Blue Italian Set de 4 platos llanos - Erresse Shop","description":"Este juego de cuatro platos llanos Blue Italian aportar\u00e1 un estilo y encanto atemporales a su mesa. El detallado borde oriental Imari del siglo XVIII y la","robots":{"index":"index","follow":"follow","max-snippet":"max-snippet:-1","max-image-preview":"max-image-preview:large","max-video-preview":"max-video-preview:-1"},"canonical":"https:\/\/www.erresse-shop.it\/es\/shop\/tabla\/platos\/portmeirion-blue-italian-set-de-4-platos-llanos\/","og_locale":"es_ES","og_type":"article","og_title":"PORTMEIRION Blue Italian Set de 4 platos llanos","og_description":"Este juego de cuatro platos llanos Blue Italian aportar\u00e1 un estilo y encanto atemporales a su mesa. El detallado borde oriental Imari del siglo XVIII y la","og_url":"https:\/\/www.erresse-shop.it\/es\/shop\/tabla\/platos\/portmeirion-blue-italian-set-de-4-platos-llanos\/","og_site_name":"Erresse Shop","article_modified_time":"2025-11-21T09:56:52+00:00","og_image":[{"width":1200,"height":1200,"url":"https:\/\/www.erresse-shop.it\/wp-content\/uploads\/2025\/11\/PORTMEIRION-Blue-Italian-Set-4-Piatti-Piani.jpg","type":"image\/jpeg"}],"twitter_card":"summary_large_image","schema":{"@context":"https:\/\/schema.org","@graph":[{"@type":"WebPage","@id":"https:\/\/www.erresse-shop.it\/es\/shop\/tabla\/platos\/portmeirion-blue-italian-set-de-4-platos-llanos\/","url":"https:\/\/www.erresse-shop.it\/es\/shop\/tabla\/platos\/portmeirion-blue-italian-set-de-4-platos-llanos\/","name":"PORTMEIRION Blue Italian Set de 4 platos llanos - Erresse Shop","isPartOf":{"@id":"https:\/\/www.erresse-shop.it\/es\/#website"},"datePublished":"2025-11-21T09:50:38+00:00","dateModified":"2025-11-21T09:56:52+00:00","description":"Este juego de cuatro platos llanos Blue Italian aportar\u00e1 un estilo y encanto atemporales a su mesa. El detallado borde oriental Imari del siglo XVIII y la","breadcrumb":{"@id":"https:\/\/www.erresse-shop.it\/es\/shop\/tabla\/platos\/portmeirion-blue-italian-set-de-4-platos-llanos\/#breadcrumb"},"inLanguage":"es","potentialAction":[{"@type":"ReadAction","target":["https:\/\/www.erresse-shop.it\/es\/shop\/tabla\/platos\/portmeirion-blue-italian-set-de-4-platos-llanos\/"]}]},{"@type":"BreadcrumbList","@id":"https:\/\/www.erresse-shop.it\/es\/shop\/tabla\/platos\/portmeirion-blue-italian-set-de-4-platos-llanos\/#breadcrumb","itemListElement":[{"@type":"ListItem","position":1,"name":"Home","item":"https:\/\/www.erresse-shop.it\/es\/"},{"@type":"ListItem","position":2,"name":"Shop","item":"https:\/\/www.erresse-shop.it\/es\/shop\/"},{"@type":"ListItem","position":3,"name":"PORTMEIRION Blue Italian Set de 4 platos llanos"}]},{"@type":"WebSite","@id":"https:\/\/www.erresse-shop.it\/es\/#website","url":"https:\/\/www.erresse-shop.it\/es\/","name":"Erresse Shop","description":"Articoli di qualit\u00e0 per la casa","potentialAction":[{"@type":"SearchAction","target":{"@type":"EntryPoint","urlTemplate":"https:\/\/www.erresse-shop.it\/es\/?s={search_term_string}"},"query-input":"required name=search_term_string"}],"inLanguage":"es"}]}},"df_price":89.95,"df_sale_price":89.95,"df_regular_price":139,"df_image_link":"https:\/\/www.erresse-shop.it\/wp-content\/uploads\/2025\/11\/PORTMEIRION-Blue-Italian-Set-4-Piatti-Piani-300x300.jpg","_links":{"self":[{"href":"https:\/\/www.erresse-shop.it\/es\/wp-json\/wp\/v2\/product\/517655"}],"collection":[{"href":"https:\/\/www.erresse-shop.it\/es\/wp-json\/wp\/v2\/product"}],"about":[{"href":"https:\/\/www.erresse-shop.it\/es\/wp-json\/wp\/v2\/types\/product"}],"wp:featuredmedia":[{"embeddable":true,"href":"https:\/\/www.erresse-shop.it\/es\/wp-json\/wp\/v2\/media\/517679"}],"wp:attachment":[{"href":"https:\/\/www.erresse-shop.it\/es\/wp-json\/wp\/v2\/media?parent=517655"}],"wp:term":[{"taxonomy":"product_cat","embeddable":true,"href":"https:\/\/www.erresse-shop.it\/es\/wp-json\/wp\/v2\/product_cat?post=517655"},{"taxonomy":"product_tag","embeddable":true,"href":"https:\/\/www.erresse-shop.it\/es\/wp-json\/wp\/v2\/product_tag?post=517655"}],"curies":[{"name":"wp","href":"https:\/\/api.w.org\/{rel}","templated":true}]}}