{"id":517577,"date":"2025-11-21T09:11:13","date_gmt":"2025-11-21T09:11:17","guid":{"rendered":"https:\/\/www.erresse-shop.it\/?post_type=product&#038;p=517577"},"modified":"2025-11-21T09:23:06","modified_gmt":"2025-11-21T09:23:06","slug":"portmeirion-christmas-tree-set-de-4-tazas-grandes","status":"publish","type":"product","link":"https:\/\/www.erresse-shop.it\/es\/shop\/tabla\/tazas\/portmeirion-christmas-tree-set-de-4-tazas-grandes\/","title":{"rendered":"PORTMEIRION Christmas Tree Set de 4 tazas grandes"},"content":{"rendered":"<p>Esta taza est\u00e1 hecha de gres, lo que le confiere una durabilidad excepcional y un encanto ligeramente r\u00fastico. Un llamativo dibujo de un \u00e1rbol de Navidad resalta sobre el fondo claro, transport\u00e1ndonos al instante al m\u00e1gico mundo de la Navidad. Es m\u00e1s que un simple recipiente; es un pedacito de tradici\u00f3n y magia navide\u00f1a que puedes tener en tus manos.<\/p>\n<p>Su c\u00f3moda asa a rayas rojas y blancas no solo le da un toque festivo distintivo, sino que tambi\u00e9n garantiza un agarre confortable. Esta taza est\u00e1 lista para acompa\u00f1arte en esas noches relajantes en el sof\u00e1, arropado con una manta suave. Ll\u00e9nala de chocolate caliente y observa c\u00f3mo los dulces y deliciosos malvaviscos suben a la superficie: as\u00ed es como la magia de la Navidad se hace realidad.<\/p>\n<p><strong>Detalles del producto:<\/strong><\/p>\n<p><strong>Altura<\/strong>: 10 cm<br \/>\n<strong>Ancho<\/strong>: 8 cm<br \/>\n<b>Largo<\/b>: 12 cm<\/p>\n","protected":false},"excerpt":{"rendered":"<p>Esta taza est\u00e1 hecha de gres, lo que le confiere una durabilidad excepcional y un encanto ligeramente r\u00fastico. Un llamativo<\/p>\n","protected":false},"featured_media":517589,"template":"","meta":{"_acf_changed":false,"inline_featured_image":false},"product_cat":[16027,16034],"product_tag":[19361,23912,21941,16342,16574,21646,21940],"acf":[],"yoast_head":"<!-- This site is optimized with the Yoast SEO Premium plugin v18.6 (Yoast SEO v19.13) - https:\/\/yoast.com\/wordpress\/plugins\/seo\/ -->\n<title>PORTMEIRION Christmas Tree Set de 4 tazas grandes - Erresse Shop<\/title>\n<meta name=\"description\" content=\"Esta taza est\u00e1 hecha de gres, lo que le confiere una durabilidad excepcional y un encanto ligeramente r\u00fastico. Un llamativo dibujo de un \u00e1rbol de Navidad\" \/>\n<meta name=\"robots\" content=\"index, follow, max-snippet:-1, max-image-preview:large, max-video-preview:-1\" \/>\n<link rel=\"canonical\" href=\"https:\/\/www.erresse-shop.it\/es\/shop\/tabla\/tazas\/portmeirion-christmas-tree-set-de-4-tazas-grandes\/\" \/>\n<meta property=\"og:locale\" content=\"es_ES\" \/>\n<meta property=\"og:type\" content=\"article\" \/>\n<meta property=\"og:title\" content=\"PORTMEIRION Christmas Tree Set de 4 tazas grandes\" \/>\n<meta property=\"og:description\" content=\"Esta taza est\u00e1 hecha de gres, lo que le confiere una durabilidad excepcional y un encanto ligeramente r\u00fastico. Un llamativo dibujo de un \u00e1rbol de Navidad\" \/>\n<meta property=\"og:url\" content=\"https:\/\/www.erresse-shop.it\/es\/shop\/tabla\/tazas\/portmeirion-christmas-tree-set-de-4-tazas-grandes\/\" \/>\n<meta property=\"og:site_name\" content=\"Erresse Shop\" \/>\n<meta property=\"article:modified_time\" content=\"2025-11-21T09:23:06+00:00\" \/>\n<meta property=\"og:image\" content=\"https:\/\/www.erresse-shop.it\/wp-content\/uploads\/2025\/11\/PORTMEIRION-Christmas-Tree-Set-4-Tazze-Grandi.jpg\" \/>\n\t<meta property=\"og:image:width\" content=\"1200\" \/>\n\t<meta property=\"og:image:height\" content=\"1200\" \/>\n\t<meta property=\"og:image:type\" content=\"image\/jpeg\" \/>\n<meta name=\"twitter:card\" content=\"summary_large_image\" \/>\n<script type=\"application\/ld+json\" class=\"yoast-schema-graph\">{\"@context\":\"https:\/\/schema.org\",\"@graph\":[{\"@type\":\"WebPage\",\"@id\":\"https:\/\/www.erresse-shop.it\/es\/shop\/tabla\/tazas\/portmeirion-christmas-tree-set-de-4-tazas-grandes\/\",\"url\":\"https:\/\/www.erresse-shop.it\/es\/shop\/tabla\/tazas\/portmeirion-christmas-tree-set-de-4-tazas-grandes\/\",\"name\":\"PORTMEIRION Christmas Tree Set de 4 tazas grandes - Erresse Shop\",\"isPartOf\":{\"@id\":\"https:\/\/www.erresse-shop.it\/es\/#website\"},\"datePublished\":\"2025-11-21T09:11:17+00:00\",\"dateModified\":\"2025-11-21T09:23:06+00:00\",\"description\":\"Esta taza est\u00e1 hecha de gres, lo que le confiere una durabilidad excepcional y un encanto ligeramente r\u00fastico. Un llamativo dibujo de un \u00e1rbol de Navidad\",\"breadcrumb\":{\"@id\":\"https:\/\/www.erresse-shop.it\/es\/shop\/tabla\/tazas\/portmeirion-christmas-tree-set-de-4-tazas-grandes\/#breadcrumb\"},\"inLanguage\":\"es\",\"potentialAction\":[{\"@type\":\"ReadAction\",\"target\":[\"https:\/\/www.erresse-shop.it\/es\/shop\/tabla\/tazas\/portmeirion-christmas-tree-set-de-4-tazas-grandes\/\"]}]},{\"@type\":\"BreadcrumbList\",\"@id\":\"https:\/\/www.erresse-shop.it\/es\/shop\/tabla\/tazas\/portmeirion-christmas-tree-set-de-4-tazas-grandes\/#breadcrumb\",\"itemListElement\":[{\"@type\":\"ListItem\",\"position\":1,\"name\":\"Home\",\"item\":\"https:\/\/www.erresse-shop.it\/es\/\"},{\"@type\":\"ListItem\",\"position\":2,\"name\":\"Shop\",\"item\":\"https:\/\/www.erresse-shop.it\/es\/shop\/\"},{\"@type\":\"ListItem\",\"position\":3,\"name\":\"PORTMEIRION Christmas Tree Set de 4 tazas grandes\"}]},{\"@type\":\"WebSite\",\"@id\":\"https:\/\/www.erresse-shop.it\/es\/#website\",\"url\":\"https:\/\/www.erresse-shop.it\/es\/\",\"name\":\"Erresse Shop\",\"description\":\"Articoli di qualit\u00e0 per la casa\",\"potentialAction\":[{\"@type\":\"SearchAction\",\"target\":{\"@type\":\"EntryPoint\",\"urlTemplate\":\"https:\/\/www.erresse-shop.it\/es\/?s={search_term_string}\"},\"query-input\":\"required name=search_term_string\"}],\"inLanguage\":\"es\"}]}<\/script>\n<!-- \/ Yoast SEO Premium plugin. -->","yoast_head_json":{"title":"PORTMEIRION Christmas Tree Set de 4 tazas grandes - Erresse Shop","description":"Esta taza est\u00e1 hecha de gres, lo que le confiere una durabilidad excepcional y un encanto ligeramente r\u00fastico. Un llamativo dibujo de un \u00e1rbol de Navidad","robots":{"index":"index","follow":"follow","max-snippet":"max-snippet:-1","max-image-preview":"max-image-preview:large","max-video-preview":"max-video-preview:-1"},"canonical":"https:\/\/www.erresse-shop.it\/es\/shop\/tabla\/tazas\/portmeirion-christmas-tree-set-de-4-tazas-grandes\/","og_locale":"es_ES","og_type":"article","og_title":"PORTMEIRION Christmas Tree Set de 4 tazas grandes","og_description":"Esta taza est\u00e1 hecha de gres, lo que le confiere una durabilidad excepcional y un encanto ligeramente r\u00fastico. Un llamativo dibujo de un \u00e1rbol de Navidad","og_url":"https:\/\/www.erresse-shop.it\/es\/shop\/tabla\/tazas\/portmeirion-christmas-tree-set-de-4-tazas-grandes\/","og_site_name":"Erresse Shop","article_modified_time":"2025-11-21T09:23:06+00:00","og_image":[{"width":1200,"height":1200,"url":"https:\/\/www.erresse-shop.it\/wp-content\/uploads\/2025\/11\/PORTMEIRION-Christmas-Tree-Set-4-Tazze-Grandi.jpg","type":"image\/jpeg"}],"twitter_card":"summary_large_image","schema":{"@context":"https:\/\/schema.org","@graph":[{"@type":"WebPage","@id":"https:\/\/www.erresse-shop.it\/es\/shop\/tabla\/tazas\/portmeirion-christmas-tree-set-de-4-tazas-grandes\/","url":"https:\/\/www.erresse-shop.it\/es\/shop\/tabla\/tazas\/portmeirion-christmas-tree-set-de-4-tazas-grandes\/","name":"PORTMEIRION Christmas Tree Set de 4 tazas grandes - Erresse Shop","isPartOf":{"@id":"https:\/\/www.erresse-shop.it\/es\/#website"},"datePublished":"2025-11-21T09:11:17+00:00","dateModified":"2025-11-21T09:23:06+00:00","description":"Esta taza est\u00e1 hecha de gres, lo que le confiere una durabilidad excepcional y un encanto ligeramente r\u00fastico. Un llamativo dibujo de un \u00e1rbol de Navidad","breadcrumb":{"@id":"https:\/\/www.erresse-shop.it\/es\/shop\/tabla\/tazas\/portmeirion-christmas-tree-set-de-4-tazas-grandes\/#breadcrumb"},"inLanguage":"es","potentialAction":[{"@type":"ReadAction","target":["https:\/\/www.erresse-shop.it\/es\/shop\/tabla\/tazas\/portmeirion-christmas-tree-set-de-4-tazas-grandes\/"]}]},{"@type":"BreadcrumbList","@id":"https:\/\/www.erresse-shop.it\/es\/shop\/tabla\/tazas\/portmeirion-christmas-tree-set-de-4-tazas-grandes\/#breadcrumb","itemListElement":[{"@type":"ListItem","position":1,"name":"Home","item":"https:\/\/www.erresse-shop.it\/es\/"},{"@type":"ListItem","position":2,"name":"Shop","item":"https:\/\/www.erresse-shop.it\/es\/shop\/"},{"@type":"ListItem","position":3,"name":"PORTMEIRION Christmas Tree Set de 4 tazas grandes"}]},{"@type":"WebSite","@id":"https:\/\/www.erresse-shop.it\/es\/#website","url":"https:\/\/www.erresse-shop.it\/es\/","name":"Erresse Shop","description":"Articoli di qualit\u00e0 per la casa","potentialAction":[{"@type":"SearchAction","target":{"@type":"EntryPoint","urlTemplate":"https:\/\/www.erresse-shop.it\/es\/?s={search_term_string}"},"query-input":"required name=search_term_string"}],"inLanguage":"es"}]}},"df_price":78.95,"df_sale_price":78.95,"df_regular_price":116.96,"df_image_link":"https:\/\/www.erresse-shop.it\/wp-content\/uploads\/2025\/11\/PORTMEIRION-Christmas-Tree-Set-4-Tazze-Grandi-300x300.jpg","_links":{"self":[{"href":"https:\/\/www.erresse-shop.it\/es\/wp-json\/wp\/v2\/product\/517577"}],"collection":[{"href":"https:\/\/www.erresse-shop.it\/es\/wp-json\/wp\/v2\/product"}],"about":[{"href":"https:\/\/www.erresse-shop.it\/es\/wp-json\/wp\/v2\/types\/product"}],"wp:featuredmedia":[{"embeddable":true,"href":"https:\/\/www.erresse-shop.it\/es\/wp-json\/wp\/v2\/media\/517589"}],"wp:attachment":[{"href":"https:\/\/www.erresse-shop.it\/es\/wp-json\/wp\/v2\/media?parent=517577"}],"wp:term":[{"taxonomy":"product_cat","embeddable":true,"href":"https:\/\/www.erresse-shop.it\/es\/wp-json\/wp\/v2\/product_cat?post=517577"},{"taxonomy":"product_tag","embeddable":true,"href":"https:\/\/www.erresse-shop.it\/es\/wp-json\/wp\/v2\/product_tag?post=517577"}],"curies":[{"name":"wp","href":"https:\/\/api.w.org\/{rel}","templated":true}]}}