{"id":517554,"date":"2025-11-21T08:57:44","date_gmt":"2025-11-21T08:57:48","guid":{"rendered":"https:\/\/www.erresse-shop.it\/?post_type=product&#038;p=517554"},"modified":"2025-11-21T09:07:50","modified_gmt":"2025-11-21T09:07:50","slug":"portmeirion-christmas-tree-bandeja","status":"publish","type":"product","link":"https:\/\/www.erresse-shop.it\/es\/shop\/tabla\/bandejas\/portmeirion-christmas-tree-bandeja\/","title":{"rendered":"PORTMEIRION Christmas Tree Bandeja"},"content":{"rendered":"<p>Ya sea para una cena navide\u00f1a, un almuerzo informal o una fiesta de Nochebuena, esta bandeja para s\u00e1ndwiches Spode con forma de \u00e1rbol de Navidad le dar\u00e1 un toque navide\u00f1o cl\u00e1sico. Est\u00e1 decorada con follaje, ramas de acebo y mu\u00e9rdago, y un \u00e1rbol tradicional que evoca recuerdos de Navidades pasadas. Sirve las sobras del d\u00eda despu\u00e9s de Navidad, s\u00e1ndwiches de pavo o canap\u00e9s festivos en esta encantadora bandeja durante las reuniones navide\u00f1as y llena tu hogar del esp\u00edritu navide\u00f1o cada temporada.<\/p>\n<p><strong>Detalles del producto:<\/strong><\/p>\n<p><strong>Material<\/strong>: Porcelana<br \/>\n<strong>Altura<\/strong>: 2,9 cm<br \/>\n<strong>Ancho<\/strong>: 33 cm<br \/>\n<strong>Profundidad<\/strong>: 1 cm<\/p>\n","protected":false},"excerpt":{"rendered":"<p>Ya sea para una cena navide\u00f1a, un almuerzo informal o una fiesta de Nochebuena, esta bandeja para s\u00e1ndwiches Spode con<\/p>\n","protected":false},"featured_media":517572,"template":"","meta":{"_acf_changed":false,"inline_featured_image":false},"product_cat":[16036,16027],"product_tag":[19361,16377,22626,23912],"acf":[],"yoast_head":"<!-- This site is optimized with the Yoast SEO Premium plugin v18.6 (Yoast SEO v19.13) - https:\/\/yoast.com\/wordpress\/plugins\/seo\/ -->\n<title>PORTMEIRION Christmas Tree Bandeja - Erresse Shop<\/title>\n<meta name=\"description\" content=\"Ya sea para una cena navide\u00f1a, un almuerzo informal o una fiesta de Nochebuena, esta bandeja para s\u00e1ndwiches Spode con forma de \u00e1rbol de Navidad le dar\u00e1\" \/>\n<meta name=\"robots\" content=\"index, follow, max-snippet:-1, max-image-preview:large, max-video-preview:-1\" \/>\n<link rel=\"canonical\" href=\"https:\/\/www.erresse-shop.it\/es\/shop\/tabla\/bandejas\/portmeirion-christmas-tree-bandeja\/\" \/>\n<meta property=\"og:locale\" content=\"es_ES\" \/>\n<meta property=\"og:type\" content=\"article\" \/>\n<meta property=\"og:title\" content=\"PORTMEIRION Christmas Tree Bandeja\" \/>\n<meta property=\"og:description\" content=\"Ya sea para una cena navide\u00f1a, un almuerzo informal o una fiesta de Nochebuena, esta bandeja para s\u00e1ndwiches Spode con forma de \u00e1rbol de Navidad le dar\u00e1\" \/>\n<meta property=\"og:url\" content=\"https:\/\/www.erresse-shop.it\/es\/shop\/tabla\/bandejas\/portmeirion-christmas-tree-bandeja\/\" \/>\n<meta property=\"og:site_name\" content=\"Erresse Shop\" \/>\n<meta property=\"article:modified_time\" content=\"2025-11-21T09:07:50+00:00\" \/>\n<meta property=\"og:image\" content=\"https:\/\/www.erresse-shop.it\/wp-content\/uploads\/2025\/11\/PORTMEIRION-Christmas-Tree-Vassoio.jpg\" \/>\n\t<meta property=\"og:image:width\" content=\"1200\" \/>\n\t<meta property=\"og:image:height\" content=\"1200\" \/>\n\t<meta property=\"og:image:type\" content=\"image\/jpeg\" \/>\n<meta name=\"twitter:card\" content=\"summary_large_image\" \/>\n<script type=\"application\/ld+json\" class=\"yoast-schema-graph\">{\"@context\":\"https:\/\/schema.org\",\"@graph\":[{\"@type\":\"WebPage\",\"@id\":\"https:\/\/www.erresse-shop.it\/es\/shop\/tabla\/bandejas\/portmeirion-christmas-tree-bandeja\/\",\"url\":\"https:\/\/www.erresse-shop.it\/es\/shop\/tabla\/bandejas\/portmeirion-christmas-tree-bandeja\/\",\"name\":\"PORTMEIRION Christmas Tree Bandeja - Erresse Shop\",\"isPartOf\":{\"@id\":\"https:\/\/www.erresse-shop.it\/es\/#website\"},\"datePublished\":\"2025-11-21T08:57:48+00:00\",\"dateModified\":\"2025-11-21T09:07:50+00:00\",\"description\":\"Ya sea para una cena navide\u00f1a, un almuerzo informal o una fiesta de Nochebuena, esta bandeja para s\u00e1ndwiches Spode con forma de \u00e1rbol de Navidad le dar\u00e1\",\"breadcrumb\":{\"@id\":\"https:\/\/www.erresse-shop.it\/es\/shop\/tabla\/bandejas\/portmeirion-christmas-tree-bandeja\/#breadcrumb\"},\"inLanguage\":\"es\",\"potentialAction\":[{\"@type\":\"ReadAction\",\"target\":[\"https:\/\/www.erresse-shop.it\/es\/shop\/tabla\/bandejas\/portmeirion-christmas-tree-bandeja\/\"]}]},{\"@type\":\"BreadcrumbList\",\"@id\":\"https:\/\/www.erresse-shop.it\/es\/shop\/tabla\/bandejas\/portmeirion-christmas-tree-bandeja\/#breadcrumb\",\"itemListElement\":[{\"@type\":\"ListItem\",\"position\":1,\"name\":\"Home\",\"item\":\"https:\/\/www.erresse-shop.it\/es\/\"},{\"@type\":\"ListItem\",\"position\":2,\"name\":\"Shop\",\"item\":\"https:\/\/www.erresse-shop.it\/es\/shop\/\"},{\"@type\":\"ListItem\",\"position\":3,\"name\":\"PORTMEIRION Christmas Tree Bandeja\"}]},{\"@type\":\"WebSite\",\"@id\":\"https:\/\/www.erresse-shop.it\/es\/#website\",\"url\":\"https:\/\/www.erresse-shop.it\/es\/\",\"name\":\"Erresse Shop\",\"description\":\"Articoli di qualit\u00e0 per la casa\",\"potentialAction\":[{\"@type\":\"SearchAction\",\"target\":{\"@type\":\"EntryPoint\",\"urlTemplate\":\"https:\/\/www.erresse-shop.it\/es\/?s={search_term_string}\"},\"query-input\":\"required name=search_term_string\"}],\"inLanguage\":\"es\"}]}<\/script>\n<!-- \/ Yoast SEO Premium plugin. -->","yoast_head_json":{"title":"PORTMEIRION Christmas Tree Bandeja - Erresse Shop","description":"Ya sea para una cena navide\u00f1a, un almuerzo informal o una fiesta de Nochebuena, esta bandeja para s\u00e1ndwiches Spode con forma de \u00e1rbol de Navidad le dar\u00e1","robots":{"index":"index","follow":"follow","max-snippet":"max-snippet:-1","max-image-preview":"max-image-preview:large","max-video-preview":"max-video-preview:-1"},"canonical":"https:\/\/www.erresse-shop.it\/es\/shop\/tabla\/bandejas\/portmeirion-christmas-tree-bandeja\/","og_locale":"es_ES","og_type":"article","og_title":"PORTMEIRION Christmas Tree Bandeja","og_description":"Ya sea para una cena navide\u00f1a, un almuerzo informal o una fiesta de Nochebuena, esta bandeja para s\u00e1ndwiches Spode con forma de \u00e1rbol de Navidad le dar\u00e1","og_url":"https:\/\/www.erresse-shop.it\/es\/shop\/tabla\/bandejas\/portmeirion-christmas-tree-bandeja\/","og_site_name":"Erresse Shop","article_modified_time":"2025-11-21T09:07:50+00:00","og_image":[{"width":1200,"height":1200,"url":"https:\/\/www.erresse-shop.it\/wp-content\/uploads\/2025\/11\/PORTMEIRION-Christmas-Tree-Vassoio.jpg","type":"image\/jpeg"}],"twitter_card":"summary_large_image","schema":{"@context":"https:\/\/schema.org","@graph":[{"@type":"WebPage","@id":"https:\/\/www.erresse-shop.it\/es\/shop\/tabla\/bandejas\/portmeirion-christmas-tree-bandeja\/","url":"https:\/\/www.erresse-shop.it\/es\/shop\/tabla\/bandejas\/portmeirion-christmas-tree-bandeja\/","name":"PORTMEIRION Christmas Tree Bandeja - Erresse Shop","isPartOf":{"@id":"https:\/\/www.erresse-shop.it\/es\/#website"},"datePublished":"2025-11-21T08:57:48+00:00","dateModified":"2025-11-21T09:07:50+00:00","description":"Ya sea para una cena navide\u00f1a, un almuerzo informal o una fiesta de Nochebuena, esta bandeja para s\u00e1ndwiches Spode con forma de \u00e1rbol de Navidad le dar\u00e1","breadcrumb":{"@id":"https:\/\/www.erresse-shop.it\/es\/shop\/tabla\/bandejas\/portmeirion-christmas-tree-bandeja\/#breadcrumb"},"inLanguage":"es","potentialAction":[{"@type":"ReadAction","target":["https:\/\/www.erresse-shop.it\/es\/shop\/tabla\/bandejas\/portmeirion-christmas-tree-bandeja\/"]}]},{"@type":"BreadcrumbList","@id":"https:\/\/www.erresse-shop.it\/es\/shop\/tabla\/bandejas\/portmeirion-christmas-tree-bandeja\/#breadcrumb","itemListElement":[{"@type":"ListItem","position":1,"name":"Home","item":"https:\/\/www.erresse-shop.it\/es\/"},{"@type":"ListItem","position":2,"name":"Shop","item":"https:\/\/www.erresse-shop.it\/es\/shop\/"},{"@type":"ListItem","position":3,"name":"PORTMEIRION Christmas Tree Bandeja"}]},{"@type":"WebSite","@id":"https:\/\/www.erresse-shop.it\/es\/#website","url":"https:\/\/www.erresse-shop.it\/es\/","name":"Erresse Shop","description":"Articoli di qualit\u00e0 per la casa","potentialAction":[{"@type":"SearchAction","target":{"@type":"EntryPoint","urlTemplate":"https:\/\/www.erresse-shop.it\/es\/?s={search_term_string}"},"query-input":"required name=search_term_string"}],"inLanguage":"es"}]}},"df_price":44.95,"df_sale_price":44.95,"df_regular_price":71.95,"df_image_link":"https:\/\/www.erresse-shop.it\/wp-content\/uploads\/2025\/11\/PORTMEIRION-Christmas-Tree-Vassoio-300x300.jpg","_links":{"self":[{"href":"https:\/\/www.erresse-shop.it\/es\/wp-json\/wp\/v2\/product\/517554"}],"collection":[{"href":"https:\/\/www.erresse-shop.it\/es\/wp-json\/wp\/v2\/product"}],"about":[{"href":"https:\/\/www.erresse-shop.it\/es\/wp-json\/wp\/v2\/types\/product"}],"wp:featuredmedia":[{"embeddable":true,"href":"https:\/\/www.erresse-shop.it\/es\/wp-json\/wp\/v2\/media\/517572"}],"wp:attachment":[{"href":"https:\/\/www.erresse-shop.it\/es\/wp-json\/wp\/v2\/media?parent=517554"}],"wp:term":[{"taxonomy":"product_cat","embeddable":true,"href":"https:\/\/www.erresse-shop.it\/es\/wp-json\/wp\/v2\/product_cat?post=517554"},{"taxonomy":"product_tag","embeddable":true,"href":"https:\/\/www.erresse-shop.it\/es\/wp-json\/wp\/v2\/product_tag?post=517554"}],"curies":[{"name":"wp","href":"https:\/\/api.w.org\/{rel}","templated":true}]}}