{"id":517524,"date":"2025-11-21T08:45:36","date_gmt":"2025-11-21T08:45:40","guid":{"rendered":"https:\/\/www.erresse-shop.it\/?post_type=product&#038;p=517524"},"modified":"2025-11-21T08:55:43","modified_gmt":"2025-11-21T08:55:43","slug":"portmeirion-christmas-tree-plato-del-corazon","status":"publish","type":"product","link":"https:\/\/www.erresse-shop.it\/es\/shop\/tabla\/platos\/portmeirion-christmas-tree-plato-del-corazon\/","title":{"rendered":"PORTMEIRION Christmas Tree Plato del coraz\u00f3n"},"content":{"rendered":"<p>Sabemos cu\u00e1nto cari\u00f1o pones en preparar tu banquete navide\u00f1o, y esta fuente en forma de coraz\u00f3n es una manera maravillosa de demostrarlo. Parte de la colecci\u00f3n \u00c1rbol de Navidad de Spode, presenta un entra\u00f1able dise\u00f1o tradicional en el centro, con ribete verde pino y recortes en forma de ramitas de acebo en los laterales. Su tama\u00f1o compacto encaja a la perfecci\u00f3n con otras fuentes en tu mesa y, adem\u00e1s, es un precioso elemento decorativo.<\/p>\n<p><strong>Detalles del producto:<\/strong><\/p>\n<p><strong>Pa\u00eds de fabricaci\u00f3n:<\/strong> China<br \/>\n<strong>Material:<\/strong> Gres<br \/>\n<strong>Altura:<\/strong> 3,5 cm<br \/>\n<strong>Ancho:<\/strong> 18 cm<br \/>\n<strong>Largo:<\/strong> 18 cm<\/p>\n","protected":false},"excerpt":{"rendered":"<p>Sabemos cu\u00e1nto cari\u00f1o pones en preparar tu banquete navide\u00f1o, y esta fuente en forma de coraz\u00f3n es una manera maravillosa<\/p>\n","protected":false},"featured_media":517549,"template":"","meta":{"_acf_changed":false,"inline_featured_image":false},"product_cat":[16031,16027],"product_tag":[19361,23912,16133,16361,19362,21973],"acf":[],"yoast_head":"<!-- This site is optimized with the Yoast SEO Premium plugin v18.6 (Yoast SEO v19.13) - https:\/\/yoast.com\/wordpress\/plugins\/seo\/ -->\n<title>PORTMEIRION Christmas Tree Plato del coraz\u00f3n - Erresse Shop<\/title>\n<meta name=\"description\" content=\"Sabemos cu\u00e1nto cari\u00f1o pones en preparar tu banquete navide\u00f1o, y esta fuente en forma de coraz\u00f3n es una manera maravillosa de demostrarlo. Parte de la\" \/>\n<meta name=\"robots\" content=\"index, follow, max-snippet:-1, max-image-preview:large, max-video-preview:-1\" \/>\n<link rel=\"canonical\" href=\"https:\/\/www.erresse-shop.it\/es\/shop\/tabla\/platos\/portmeirion-christmas-tree-plato-del-corazon\/\" \/>\n<meta property=\"og:locale\" content=\"es_ES\" \/>\n<meta property=\"og:type\" content=\"article\" \/>\n<meta property=\"og:title\" content=\"PORTMEIRION Christmas Tree Plato del coraz\u00f3n\" \/>\n<meta property=\"og:description\" content=\"Sabemos cu\u00e1nto cari\u00f1o pones en preparar tu banquete navide\u00f1o, y esta fuente en forma de coraz\u00f3n es una manera maravillosa de demostrarlo. Parte de la\" \/>\n<meta property=\"og:url\" content=\"https:\/\/www.erresse-shop.it\/es\/shop\/tabla\/platos\/portmeirion-christmas-tree-plato-del-corazon\/\" \/>\n<meta property=\"og:site_name\" content=\"Erresse Shop\" \/>\n<meta property=\"article:modified_time\" content=\"2025-11-21T08:55:43+00:00\" \/>\n<meta property=\"og:image\" content=\"https:\/\/www.erresse-shop.it\/wp-content\/uploads\/2025\/11\/PORTMEIRION-Christmas-Tree-Piatto-Cuore.jpg\" \/>\n\t<meta property=\"og:image:width\" content=\"1200\" \/>\n\t<meta property=\"og:image:height\" content=\"1200\" \/>\n\t<meta property=\"og:image:type\" content=\"image\/jpeg\" \/>\n<meta name=\"twitter:card\" content=\"summary_large_image\" \/>\n<script type=\"application\/ld+json\" class=\"yoast-schema-graph\">{\"@context\":\"https:\/\/schema.org\",\"@graph\":[{\"@type\":\"WebPage\",\"@id\":\"https:\/\/www.erresse-shop.it\/es\/shop\/tabla\/platos\/portmeirion-christmas-tree-plato-del-corazon\/\",\"url\":\"https:\/\/www.erresse-shop.it\/es\/shop\/tabla\/platos\/portmeirion-christmas-tree-plato-del-corazon\/\",\"name\":\"PORTMEIRION Christmas Tree Plato del coraz\u00f3n - Erresse Shop\",\"isPartOf\":{\"@id\":\"https:\/\/www.erresse-shop.it\/es\/#website\"},\"datePublished\":\"2025-11-21T08:45:40+00:00\",\"dateModified\":\"2025-11-21T08:55:43+00:00\",\"description\":\"Sabemos cu\u00e1nto cari\u00f1o pones en preparar tu banquete navide\u00f1o, y esta fuente en forma de coraz\u00f3n es una manera maravillosa de demostrarlo. Parte de la\",\"breadcrumb\":{\"@id\":\"https:\/\/www.erresse-shop.it\/es\/shop\/tabla\/platos\/portmeirion-christmas-tree-plato-del-corazon\/#breadcrumb\"},\"inLanguage\":\"es\",\"potentialAction\":[{\"@type\":\"ReadAction\",\"target\":[\"https:\/\/www.erresse-shop.it\/es\/shop\/tabla\/platos\/portmeirion-christmas-tree-plato-del-corazon\/\"]}]},{\"@type\":\"BreadcrumbList\",\"@id\":\"https:\/\/www.erresse-shop.it\/es\/shop\/tabla\/platos\/portmeirion-christmas-tree-plato-del-corazon\/#breadcrumb\",\"itemListElement\":[{\"@type\":\"ListItem\",\"position\":1,\"name\":\"Home\",\"item\":\"https:\/\/www.erresse-shop.it\/es\/\"},{\"@type\":\"ListItem\",\"position\":2,\"name\":\"Shop\",\"item\":\"https:\/\/www.erresse-shop.it\/es\/shop\/\"},{\"@type\":\"ListItem\",\"position\":3,\"name\":\"PORTMEIRION Christmas Tree Plato del coraz\u00f3n\"}]},{\"@type\":\"WebSite\",\"@id\":\"https:\/\/www.erresse-shop.it\/es\/#website\",\"url\":\"https:\/\/www.erresse-shop.it\/es\/\",\"name\":\"Erresse Shop\",\"description\":\"Articoli di qualit\u00e0 per la casa\",\"potentialAction\":[{\"@type\":\"SearchAction\",\"target\":{\"@type\":\"EntryPoint\",\"urlTemplate\":\"https:\/\/www.erresse-shop.it\/es\/?s={search_term_string}\"},\"query-input\":\"required name=search_term_string\"}],\"inLanguage\":\"es\"}]}<\/script>\n<!-- \/ Yoast SEO Premium plugin. -->","yoast_head_json":{"title":"PORTMEIRION Christmas Tree Plato del coraz\u00f3n - Erresse Shop","description":"Sabemos cu\u00e1nto cari\u00f1o pones en preparar tu banquete navide\u00f1o, y esta fuente en forma de coraz\u00f3n es una manera maravillosa de demostrarlo. Parte de la","robots":{"index":"index","follow":"follow","max-snippet":"max-snippet:-1","max-image-preview":"max-image-preview:large","max-video-preview":"max-video-preview:-1"},"canonical":"https:\/\/www.erresse-shop.it\/es\/shop\/tabla\/platos\/portmeirion-christmas-tree-plato-del-corazon\/","og_locale":"es_ES","og_type":"article","og_title":"PORTMEIRION Christmas Tree Plato del coraz\u00f3n","og_description":"Sabemos cu\u00e1nto cari\u00f1o pones en preparar tu banquete navide\u00f1o, y esta fuente en forma de coraz\u00f3n es una manera maravillosa de demostrarlo. Parte de la","og_url":"https:\/\/www.erresse-shop.it\/es\/shop\/tabla\/platos\/portmeirion-christmas-tree-plato-del-corazon\/","og_site_name":"Erresse Shop","article_modified_time":"2025-11-21T08:55:43+00:00","og_image":[{"width":1200,"height":1200,"url":"https:\/\/www.erresse-shop.it\/wp-content\/uploads\/2025\/11\/PORTMEIRION-Christmas-Tree-Piatto-Cuore.jpg","type":"image\/jpeg"}],"twitter_card":"summary_large_image","schema":{"@context":"https:\/\/schema.org","@graph":[{"@type":"WebPage","@id":"https:\/\/www.erresse-shop.it\/es\/shop\/tabla\/platos\/portmeirion-christmas-tree-plato-del-corazon\/","url":"https:\/\/www.erresse-shop.it\/es\/shop\/tabla\/platos\/portmeirion-christmas-tree-plato-del-corazon\/","name":"PORTMEIRION Christmas Tree Plato del coraz\u00f3n - Erresse Shop","isPartOf":{"@id":"https:\/\/www.erresse-shop.it\/es\/#website"},"datePublished":"2025-11-21T08:45:40+00:00","dateModified":"2025-11-21T08:55:43+00:00","description":"Sabemos cu\u00e1nto cari\u00f1o pones en preparar tu banquete navide\u00f1o, y esta fuente en forma de coraz\u00f3n es una manera maravillosa de demostrarlo. Parte de la","breadcrumb":{"@id":"https:\/\/www.erresse-shop.it\/es\/shop\/tabla\/platos\/portmeirion-christmas-tree-plato-del-corazon\/#breadcrumb"},"inLanguage":"es","potentialAction":[{"@type":"ReadAction","target":["https:\/\/www.erresse-shop.it\/es\/shop\/tabla\/platos\/portmeirion-christmas-tree-plato-del-corazon\/"]}]},{"@type":"BreadcrumbList","@id":"https:\/\/www.erresse-shop.it\/es\/shop\/tabla\/platos\/portmeirion-christmas-tree-plato-del-corazon\/#breadcrumb","itemListElement":[{"@type":"ListItem","position":1,"name":"Home","item":"https:\/\/www.erresse-shop.it\/es\/"},{"@type":"ListItem","position":2,"name":"Shop","item":"https:\/\/www.erresse-shop.it\/es\/shop\/"},{"@type":"ListItem","position":3,"name":"PORTMEIRION Christmas Tree Plato del coraz\u00f3n"}]},{"@type":"WebSite","@id":"https:\/\/www.erresse-shop.it\/es\/#website","url":"https:\/\/www.erresse-shop.it\/es\/","name":"Erresse Shop","description":"Articoli di qualit\u00e0 per la casa","potentialAction":[{"@type":"SearchAction","target":{"@type":"EntryPoint","urlTemplate":"https:\/\/www.erresse-shop.it\/es\/?s={search_term_string}"},"query-input":"required name=search_term_string"}],"inLanguage":"es"}]}},"df_price":38.95,"df_sale_price":38.95,"df_regular_price":40.37,"df_image_link":"https:\/\/www.erresse-shop.it\/wp-content\/uploads\/2025\/11\/PORTMEIRION-Christmas-Tree-Piatto-Cuore-300x300.jpg","_links":{"self":[{"href":"https:\/\/www.erresse-shop.it\/es\/wp-json\/wp\/v2\/product\/517524"}],"collection":[{"href":"https:\/\/www.erresse-shop.it\/es\/wp-json\/wp\/v2\/product"}],"about":[{"href":"https:\/\/www.erresse-shop.it\/es\/wp-json\/wp\/v2\/types\/product"}],"wp:featuredmedia":[{"embeddable":true,"href":"https:\/\/www.erresse-shop.it\/es\/wp-json\/wp\/v2\/media\/517549"}],"wp:attachment":[{"href":"https:\/\/www.erresse-shop.it\/es\/wp-json\/wp\/v2\/media?parent=517524"}],"wp:term":[{"taxonomy":"product_cat","embeddable":true,"href":"https:\/\/www.erresse-shop.it\/es\/wp-json\/wp\/v2\/product_cat?post=517524"},{"taxonomy":"product_tag","embeddable":true,"href":"https:\/\/www.erresse-shop.it\/es\/wp-json\/wp\/v2\/product_tag?post=517524"}],"curies":[{"name":"wp","href":"https:\/\/api.w.org\/{rel}","templated":true}]}}