{"id":517396,"date":"2025-11-21T07:43:40","date_gmt":"2025-11-21T07:43:44","guid":{"rendered":"https:\/\/www.erresse-shop.it\/?post_type=product&#038;p=517396"},"modified":"2025-11-21T07:54:00","modified_gmt":"2025-11-21T07:54:00","slug":"portmeirion-christmas-tree-set-de-12-piezas","status":"publish","type":"product","link":"https:\/\/www.erresse-shop.it\/es\/shop\/tabla\/platos\/portmeirion-christmas-tree-set-de-12-piezas\/","title":{"rendered":"PORTMEIRION Christmas Tree Set de 12 piezas"},"content":{"rendered":"<p>La Navidad es una \u00e9poca de infinitas delicias, desde los pastelitos de carne picada y el tronco de Navidad hasta la gran cena navide\u00f1a, y este juego de 12 piezas, fabricado en el Reino Unido, es ideal para servirlas todas. Cada pieza luce el cl\u00e1sico dise\u00f1o &#8220;\u00c1rbol de Navidad&#8221; de Spode, que representa un \u00e1rbol decorado sobre montones de regalos. Los platos llanos son perfectos para servir generosas porciones de carne asada con todos sus acompa\u00f1amientos, mientras que los platos y cuencos m\u00e1s peque\u00f1os son ideales para aperitivos cl\u00e1sicos y los s\u00e1ndwiches sobrantes del d\u00eda despu\u00e9s de Navidad.<\/p>\n<p><strong>Detalles del producto:<\/strong><\/p>\n<p><strong>Pa\u00eds de fabricaci\u00f3n:<\/strong> Reino Unido<\/p>\n<p><strong>Material:<\/strong> Loza<\/p>\n<p><strong>Dimensiones:<\/strong><\/p>\n<li><strong>Plato llano:<\/strong> 27,5 x 27,5 cm, 2,6 cm de alto<\/li>\n<li><strong>Plato de postre:<\/strong> 16,5 x 16,5 cm, 2 cm de alto<\/li>\n<li><strong>Taz\u00f3n:<\/strong> 16 x 16 cm, 3,6 cm de alto<\/li>\n<\/ul>\n<p><strong>Peso:<\/strong><\/p>\n<li><strong>Plato llano:<\/strong> 627 g<\/li>\n<li><strong>Plato de postre:<\/strong> 181 g<\/li>\n<li><strong>Taz\u00f3n:<\/strong> 263 g<\/li>\n<\/ul>\n","protected":false},"excerpt":{"rendered":"<p>La Navidad es una \u00e9poca de infinitas delicias, desde los pastelitos de carne picada y el tronco de Navidad hasta<\/p>\n","protected":false},"featured_media":517414,"template":"","meta":{"_acf_changed":false,"inline_featured_image":false},"product_cat":[16031,16027],"product_tag":[19361,23912,21613,20878,16133,16361,16444,19362,21973,16368],"acf":[],"yoast_head":"<!-- This site is optimized with the Yoast SEO Premium plugin v18.6 (Yoast SEO v19.13) - https:\/\/yoast.com\/wordpress\/plugins\/seo\/ -->\n<title>PORTMEIRION Christmas Tree Set de 12 piezas - Erresse Shop<\/title>\n<meta name=\"description\" content=\"La Navidad es una \u00e9poca de infinitas delicias, desde los pastelitos de carne picada y el tronco de Navidad hasta la gran cena navide\u00f1a, y este juego de 12\" \/>\n<meta name=\"robots\" content=\"index, follow, max-snippet:-1, max-image-preview:large, max-video-preview:-1\" \/>\n<link rel=\"canonical\" href=\"https:\/\/www.erresse-shop.it\/es\/shop\/tabla\/platos\/portmeirion-christmas-tree-set-de-12-piezas\/\" \/>\n<meta property=\"og:locale\" content=\"es_ES\" \/>\n<meta property=\"og:type\" content=\"article\" \/>\n<meta property=\"og:title\" content=\"PORTMEIRION Christmas Tree Set de 12 piezas\" \/>\n<meta property=\"og:description\" content=\"La Navidad es una \u00e9poca de infinitas delicias, desde los pastelitos de carne picada y el tronco de Navidad hasta la gran cena navide\u00f1a, y este juego de 12\" \/>\n<meta property=\"og:url\" content=\"https:\/\/www.erresse-shop.it\/es\/shop\/tabla\/platos\/portmeirion-christmas-tree-set-de-12-piezas\/\" \/>\n<meta property=\"og:site_name\" content=\"Erresse Shop\" \/>\n<meta property=\"article:modified_time\" content=\"2025-11-21T07:54:00+00:00\" \/>\n<meta property=\"og:image\" content=\"https:\/\/www.erresse-shop.it\/wp-content\/uploads\/2025\/11\/PORTMEIRION-Christmas-Tree-Set-12-pz.jpg\" \/>\n\t<meta property=\"og:image:width\" content=\"1200\" \/>\n\t<meta property=\"og:image:height\" content=\"1200\" \/>\n\t<meta property=\"og:image:type\" content=\"image\/jpeg\" \/>\n<meta name=\"twitter:card\" content=\"summary_large_image\" \/>\n<script type=\"application\/ld+json\" class=\"yoast-schema-graph\">{\"@context\":\"https:\/\/schema.org\",\"@graph\":[{\"@type\":\"WebPage\",\"@id\":\"https:\/\/www.erresse-shop.it\/es\/shop\/tabla\/platos\/portmeirion-christmas-tree-set-de-12-piezas\/\",\"url\":\"https:\/\/www.erresse-shop.it\/es\/shop\/tabla\/platos\/portmeirion-christmas-tree-set-de-12-piezas\/\",\"name\":\"PORTMEIRION Christmas Tree Set de 12 piezas - Erresse Shop\",\"isPartOf\":{\"@id\":\"https:\/\/www.erresse-shop.it\/es\/#website\"},\"datePublished\":\"2025-11-21T07:43:44+00:00\",\"dateModified\":\"2025-11-21T07:54:00+00:00\",\"description\":\"La Navidad es una \u00e9poca de infinitas delicias, desde los pastelitos de carne picada y el tronco de Navidad hasta la gran cena navide\u00f1a, y este juego de 12\",\"breadcrumb\":{\"@id\":\"https:\/\/www.erresse-shop.it\/es\/shop\/tabla\/platos\/portmeirion-christmas-tree-set-de-12-piezas\/#breadcrumb\"},\"inLanguage\":\"es\",\"potentialAction\":[{\"@type\":\"ReadAction\",\"target\":[\"https:\/\/www.erresse-shop.it\/es\/shop\/tabla\/platos\/portmeirion-christmas-tree-set-de-12-piezas\/\"]}]},{\"@type\":\"BreadcrumbList\",\"@id\":\"https:\/\/www.erresse-shop.it\/es\/shop\/tabla\/platos\/portmeirion-christmas-tree-set-de-12-piezas\/#breadcrumb\",\"itemListElement\":[{\"@type\":\"ListItem\",\"position\":1,\"name\":\"Home\",\"item\":\"https:\/\/www.erresse-shop.it\/es\/\"},{\"@type\":\"ListItem\",\"position\":2,\"name\":\"Shop\",\"item\":\"https:\/\/www.erresse-shop.it\/es\/shop\/\"},{\"@type\":\"ListItem\",\"position\":3,\"name\":\"PORTMEIRION Christmas Tree Set de 12 piezas\"}]},{\"@type\":\"WebSite\",\"@id\":\"https:\/\/www.erresse-shop.it\/es\/#website\",\"url\":\"https:\/\/www.erresse-shop.it\/es\/\",\"name\":\"Erresse Shop\",\"description\":\"Articoli di qualit\u00e0 per la casa\",\"potentialAction\":[{\"@type\":\"SearchAction\",\"target\":{\"@type\":\"EntryPoint\",\"urlTemplate\":\"https:\/\/www.erresse-shop.it\/es\/?s={search_term_string}\"},\"query-input\":\"required name=search_term_string\"}],\"inLanguage\":\"es\"}]}<\/script>\n<!-- \/ Yoast SEO Premium plugin. -->","yoast_head_json":{"title":"PORTMEIRION Christmas Tree Set de 12 piezas - Erresse Shop","description":"La Navidad es una \u00e9poca de infinitas delicias, desde los pastelitos de carne picada y el tronco de Navidad hasta la gran cena navide\u00f1a, y este juego de 12","robots":{"index":"index","follow":"follow","max-snippet":"max-snippet:-1","max-image-preview":"max-image-preview:large","max-video-preview":"max-video-preview:-1"},"canonical":"https:\/\/www.erresse-shop.it\/es\/shop\/tabla\/platos\/portmeirion-christmas-tree-set-de-12-piezas\/","og_locale":"es_ES","og_type":"article","og_title":"PORTMEIRION Christmas Tree Set de 12 piezas","og_description":"La Navidad es una \u00e9poca de infinitas delicias, desde los pastelitos de carne picada y el tronco de Navidad hasta la gran cena navide\u00f1a, y este juego de 12","og_url":"https:\/\/www.erresse-shop.it\/es\/shop\/tabla\/platos\/portmeirion-christmas-tree-set-de-12-piezas\/","og_site_name":"Erresse Shop","article_modified_time":"2025-11-21T07:54:00+00:00","og_image":[{"width":1200,"height":1200,"url":"https:\/\/www.erresse-shop.it\/wp-content\/uploads\/2025\/11\/PORTMEIRION-Christmas-Tree-Set-12-pz.jpg","type":"image\/jpeg"}],"twitter_card":"summary_large_image","schema":{"@context":"https:\/\/schema.org","@graph":[{"@type":"WebPage","@id":"https:\/\/www.erresse-shop.it\/es\/shop\/tabla\/platos\/portmeirion-christmas-tree-set-de-12-piezas\/","url":"https:\/\/www.erresse-shop.it\/es\/shop\/tabla\/platos\/portmeirion-christmas-tree-set-de-12-piezas\/","name":"PORTMEIRION Christmas Tree Set de 12 piezas - Erresse Shop","isPartOf":{"@id":"https:\/\/www.erresse-shop.it\/es\/#website"},"datePublished":"2025-11-21T07:43:44+00:00","dateModified":"2025-11-21T07:54:00+00:00","description":"La Navidad es una \u00e9poca de infinitas delicias, desde los pastelitos de carne picada y el tronco de Navidad hasta la gran cena navide\u00f1a, y este juego de 12","breadcrumb":{"@id":"https:\/\/www.erresse-shop.it\/es\/shop\/tabla\/platos\/portmeirion-christmas-tree-set-de-12-piezas\/#breadcrumb"},"inLanguage":"es","potentialAction":[{"@type":"ReadAction","target":["https:\/\/www.erresse-shop.it\/es\/shop\/tabla\/platos\/portmeirion-christmas-tree-set-de-12-piezas\/"]}]},{"@type":"BreadcrumbList","@id":"https:\/\/www.erresse-shop.it\/es\/shop\/tabla\/platos\/portmeirion-christmas-tree-set-de-12-piezas\/#breadcrumb","itemListElement":[{"@type":"ListItem","position":1,"name":"Home","item":"https:\/\/www.erresse-shop.it\/es\/"},{"@type":"ListItem","position":2,"name":"Shop","item":"https:\/\/www.erresse-shop.it\/es\/shop\/"},{"@type":"ListItem","position":3,"name":"PORTMEIRION Christmas Tree Set de 12 piezas"}]},{"@type":"WebSite","@id":"https:\/\/www.erresse-shop.it\/es\/#website","url":"https:\/\/www.erresse-shop.it\/es\/","name":"Erresse Shop","description":"Articoli di qualit\u00e0 per la casa","potentialAction":[{"@type":"SearchAction","target":{"@type":"EntryPoint","urlTemplate":"https:\/\/www.erresse-shop.it\/es\/?s={search_term_string}"},"query-input":"required name=search_term_string"}],"inLanguage":"es"}]}},"df_price":159.95,"df_sale_price":159.95,"df_regular_price":269.7,"df_image_link":"https:\/\/www.erresse-shop.it\/wp-content\/uploads\/2025\/11\/PORTMEIRION-Christmas-Tree-Set-12-pz-300x300.jpg","_links":{"self":[{"href":"https:\/\/www.erresse-shop.it\/es\/wp-json\/wp\/v2\/product\/517396"}],"collection":[{"href":"https:\/\/www.erresse-shop.it\/es\/wp-json\/wp\/v2\/product"}],"about":[{"href":"https:\/\/www.erresse-shop.it\/es\/wp-json\/wp\/v2\/types\/product"}],"wp:featuredmedia":[{"embeddable":true,"href":"https:\/\/www.erresse-shop.it\/es\/wp-json\/wp\/v2\/media\/517414"}],"wp:attachment":[{"href":"https:\/\/www.erresse-shop.it\/es\/wp-json\/wp\/v2\/media?parent=517396"}],"wp:term":[{"taxonomy":"product_cat","embeddable":true,"href":"https:\/\/www.erresse-shop.it\/es\/wp-json\/wp\/v2\/product_cat?post=517396"},{"taxonomy":"product_tag","embeddable":true,"href":"https:\/\/www.erresse-shop.it\/es\/wp-json\/wp\/v2\/product_tag?post=517396"}],"curies":[{"name":"wp","href":"https:\/\/api.w.org\/{rel}","templated":true}]}}