{"id":517303,"date":"2025-11-21T07:08:20","date_gmt":"2025-11-21T07:08:25","guid":{"rendered":"https:\/\/www.erresse-shop.it\/?post_type=product&#038;p=517303"},"modified":"2025-11-21T07:16:42","modified_gmt":"2025-11-21T07:16:42","slug":"portmeirion-christmas-tree-plato","status":"publish","type":"product","link":"https:\/\/www.erresse-shop.it\/es\/shop\/tabla\/platos\/portmeirion-christmas-tree-plato\/","title":{"rendered":"PORTMEIRION Christmas Tree Plato"},"content":{"rendered":"<p>Chocolates tentadores, galletas navide\u00f1as o frutos secos tradicionales: este plato con forma de \u00e1rbol de Navidad es perfecto para servir todos tus dulces navide\u00f1os favoritos. El cl\u00e1sico dise\u00f1o Spode de 1938 presenta nost\u00e1lgicos tonos rojos, dorados y verdes, y constituye una hermosa adici\u00f3n a tu colecci\u00f3n navide\u00f1a. Luce delicado en la mesa, pero la cer\u00e1mica refinada es duradera y apta para lavavajillas, congelador, microondas e incluso horno, ofreciendo as\u00ed infinidad de usos.<\/p>\n<p><strong>Detalles del producto:<\/strong><\/p>\n<p><strong>Pa\u00eds de fabricaci\u00f3n:<\/strong> China<br \/>\n<strong>Material:<\/strong> Gres<br \/>\n<strong>Altura:<\/strong> 5,1 cm<br \/>\n<strong>Ancho:<\/strong> 17,8 cm<br \/>\n<strong>Profundidad:<\/strong> 20,3 cm<\/p>\n","protected":false},"excerpt":{"rendered":"<p>Chocolates tentadores, galletas navide\u00f1as o frutos secos tradicionales: este plato con forma de \u00e1rbol de Navidad es perfecto para servir<\/p>\n","protected":false},"featured_media":517327,"template":"","meta":{"_acf_changed":false,"inline_featured_image":false},"product_cat":[16031,16027],"product_tag":[19361,23912,16133,16361,19362,21973],"acf":[],"yoast_head":"<!-- This site is optimized with the Yoast SEO Premium plugin v18.6 (Yoast SEO v19.13) - https:\/\/yoast.com\/wordpress\/plugins\/seo\/ -->\n<title>PORTMEIRION Christmas Tree Plato - Erresse Shop<\/title>\n<meta name=\"description\" content=\"Chocolates tentadores, galletas navide\u00f1as o frutos secos tradicionales: este plato con forma de \u00e1rbol de Navidad es perfecto para servir todos tus dulces\" \/>\n<meta name=\"robots\" content=\"index, follow, max-snippet:-1, max-image-preview:large, max-video-preview:-1\" \/>\n<link rel=\"canonical\" href=\"https:\/\/www.erresse-shop.it\/es\/shop\/tabla\/platos\/portmeirion-christmas-tree-plato\/\" \/>\n<meta property=\"og:locale\" content=\"es_ES\" \/>\n<meta property=\"og:type\" content=\"article\" \/>\n<meta property=\"og:title\" content=\"PORTMEIRION Christmas Tree Plato\" \/>\n<meta property=\"og:description\" content=\"Chocolates tentadores, galletas navide\u00f1as o frutos secos tradicionales: este plato con forma de \u00e1rbol de Navidad es perfecto para servir todos tus dulces\" \/>\n<meta property=\"og:url\" content=\"https:\/\/www.erresse-shop.it\/es\/shop\/tabla\/platos\/portmeirion-christmas-tree-plato\/\" \/>\n<meta property=\"og:site_name\" content=\"Erresse Shop\" \/>\n<meta property=\"article:modified_time\" content=\"2025-11-21T07:16:42+00:00\" \/>\n<meta property=\"og:image\" content=\"https:\/\/www.erresse-shop.it\/wp-content\/uploads\/2025\/11\/PORTMEIRION-Christmas-Tree-Piatto.jpg\" \/>\n\t<meta property=\"og:image:width\" content=\"1200\" \/>\n\t<meta property=\"og:image:height\" content=\"1200\" \/>\n\t<meta property=\"og:image:type\" content=\"image\/jpeg\" \/>\n<meta name=\"twitter:card\" content=\"summary_large_image\" \/>\n<script type=\"application\/ld+json\" class=\"yoast-schema-graph\">{\"@context\":\"https:\/\/schema.org\",\"@graph\":[{\"@type\":\"WebPage\",\"@id\":\"https:\/\/www.erresse-shop.it\/es\/shop\/tabla\/platos\/portmeirion-christmas-tree-plato\/\",\"url\":\"https:\/\/www.erresse-shop.it\/es\/shop\/tabla\/platos\/portmeirion-christmas-tree-plato\/\",\"name\":\"PORTMEIRION Christmas Tree Plato - Erresse Shop\",\"isPartOf\":{\"@id\":\"https:\/\/www.erresse-shop.it\/es\/#website\"},\"datePublished\":\"2025-11-21T07:08:25+00:00\",\"dateModified\":\"2025-11-21T07:16:42+00:00\",\"description\":\"Chocolates tentadores, galletas navide\u00f1as o frutos secos tradicionales: este plato con forma de \u00e1rbol de Navidad es perfecto para servir todos tus dulces\",\"breadcrumb\":{\"@id\":\"https:\/\/www.erresse-shop.it\/es\/shop\/tabla\/platos\/portmeirion-christmas-tree-plato\/#breadcrumb\"},\"inLanguage\":\"es\",\"potentialAction\":[{\"@type\":\"ReadAction\",\"target\":[\"https:\/\/www.erresse-shop.it\/es\/shop\/tabla\/platos\/portmeirion-christmas-tree-plato\/\"]}]},{\"@type\":\"BreadcrumbList\",\"@id\":\"https:\/\/www.erresse-shop.it\/es\/shop\/tabla\/platos\/portmeirion-christmas-tree-plato\/#breadcrumb\",\"itemListElement\":[{\"@type\":\"ListItem\",\"position\":1,\"name\":\"Home\",\"item\":\"https:\/\/www.erresse-shop.it\/es\/\"},{\"@type\":\"ListItem\",\"position\":2,\"name\":\"Shop\",\"item\":\"https:\/\/www.erresse-shop.it\/es\/shop\/\"},{\"@type\":\"ListItem\",\"position\":3,\"name\":\"PORTMEIRION Christmas Tree Plato\"}]},{\"@type\":\"WebSite\",\"@id\":\"https:\/\/www.erresse-shop.it\/es\/#website\",\"url\":\"https:\/\/www.erresse-shop.it\/es\/\",\"name\":\"Erresse Shop\",\"description\":\"Articoli di qualit\u00e0 per la casa\",\"potentialAction\":[{\"@type\":\"SearchAction\",\"target\":{\"@type\":\"EntryPoint\",\"urlTemplate\":\"https:\/\/www.erresse-shop.it\/es\/?s={search_term_string}\"},\"query-input\":\"required name=search_term_string\"}],\"inLanguage\":\"es\"}]}<\/script>\n<!-- \/ Yoast SEO Premium plugin. -->","yoast_head_json":{"title":"PORTMEIRION Christmas Tree Plato - Erresse Shop","description":"Chocolates tentadores, galletas navide\u00f1as o frutos secos tradicionales: este plato con forma de \u00e1rbol de Navidad es perfecto para servir todos tus dulces","robots":{"index":"index","follow":"follow","max-snippet":"max-snippet:-1","max-image-preview":"max-image-preview:large","max-video-preview":"max-video-preview:-1"},"canonical":"https:\/\/www.erresse-shop.it\/es\/shop\/tabla\/platos\/portmeirion-christmas-tree-plato\/","og_locale":"es_ES","og_type":"article","og_title":"PORTMEIRION Christmas Tree Plato","og_description":"Chocolates tentadores, galletas navide\u00f1as o frutos secos tradicionales: este plato con forma de \u00e1rbol de Navidad es perfecto para servir todos tus dulces","og_url":"https:\/\/www.erresse-shop.it\/es\/shop\/tabla\/platos\/portmeirion-christmas-tree-plato\/","og_site_name":"Erresse Shop","article_modified_time":"2025-11-21T07:16:42+00:00","og_image":[{"width":1200,"height":1200,"url":"https:\/\/www.erresse-shop.it\/wp-content\/uploads\/2025\/11\/PORTMEIRION-Christmas-Tree-Piatto.jpg","type":"image\/jpeg"}],"twitter_card":"summary_large_image","schema":{"@context":"https:\/\/schema.org","@graph":[{"@type":"WebPage","@id":"https:\/\/www.erresse-shop.it\/es\/shop\/tabla\/platos\/portmeirion-christmas-tree-plato\/","url":"https:\/\/www.erresse-shop.it\/es\/shop\/tabla\/platos\/portmeirion-christmas-tree-plato\/","name":"PORTMEIRION Christmas Tree Plato - Erresse Shop","isPartOf":{"@id":"https:\/\/www.erresse-shop.it\/es\/#website"},"datePublished":"2025-11-21T07:08:25+00:00","dateModified":"2025-11-21T07:16:42+00:00","description":"Chocolates tentadores, galletas navide\u00f1as o frutos secos tradicionales: este plato con forma de \u00e1rbol de Navidad es perfecto para servir todos tus dulces","breadcrumb":{"@id":"https:\/\/www.erresse-shop.it\/es\/shop\/tabla\/platos\/portmeirion-christmas-tree-plato\/#breadcrumb"},"inLanguage":"es","potentialAction":[{"@type":"ReadAction","target":["https:\/\/www.erresse-shop.it\/es\/shop\/tabla\/platos\/portmeirion-christmas-tree-plato\/"]}]},{"@type":"BreadcrumbList","@id":"https:\/\/www.erresse-shop.it\/es\/shop\/tabla\/platos\/portmeirion-christmas-tree-plato\/#breadcrumb","itemListElement":[{"@type":"ListItem","position":1,"name":"Home","item":"https:\/\/www.erresse-shop.it\/es\/"},{"@type":"ListItem","position":2,"name":"Shop","item":"https:\/\/www.erresse-shop.it\/es\/shop\/"},{"@type":"ListItem","position":3,"name":"PORTMEIRION Christmas Tree Plato"}]},{"@type":"WebSite","@id":"https:\/\/www.erresse-shop.it\/es\/#website","url":"https:\/\/www.erresse-shop.it\/es\/","name":"Erresse Shop","description":"Articoli di qualit\u00e0 per la casa","potentialAction":[{"@type":"SearchAction","target":{"@type":"EntryPoint","urlTemplate":"https:\/\/www.erresse-shop.it\/es\/?s={search_term_string}"},"query-input":"required name=search_term_string"}],"inLanguage":"es"}]}},"df_price":44.95,"df_sale_price":44.95,"df_regular_price":51.23,"df_image_link":"https:\/\/www.erresse-shop.it\/wp-content\/uploads\/2025\/11\/PORTMEIRION-Christmas-Tree-Piatto-300x300.jpg","_links":{"self":[{"href":"https:\/\/www.erresse-shop.it\/es\/wp-json\/wp\/v2\/product\/517303"}],"collection":[{"href":"https:\/\/www.erresse-shop.it\/es\/wp-json\/wp\/v2\/product"}],"about":[{"href":"https:\/\/www.erresse-shop.it\/es\/wp-json\/wp\/v2\/types\/product"}],"wp:featuredmedia":[{"embeddable":true,"href":"https:\/\/www.erresse-shop.it\/es\/wp-json\/wp\/v2\/media\/517327"}],"wp:attachment":[{"href":"https:\/\/www.erresse-shop.it\/es\/wp-json\/wp\/v2\/media?parent=517303"}],"wp:term":[{"taxonomy":"product_cat","embeddable":true,"href":"https:\/\/www.erresse-shop.it\/es\/wp-json\/wp\/v2\/product_cat?post=517303"},{"taxonomy":"product_tag","embeddable":true,"href":"https:\/\/www.erresse-shop.it\/es\/wp-json\/wp\/v2\/product_tag?post=517303"}],"curies":[{"name":"wp","href":"https:\/\/api.w.org\/{rel}","templated":true}]}}