{"id":517280,"date":"2025-11-21T06:57:49","date_gmt":"2025-11-21T06:57:54","guid":{"rendered":"https:\/\/www.erresse-shop.it\/?post_type=product&#038;p=517280"},"modified":"2025-11-21T07:06:28","modified_gmt":"2025-11-21T07:06:28","slug":"portmeirion-christmas-tree-bol-para-servir","status":"publish","type":"product","link":"https:\/\/www.erresse-shop.it\/es\/shop\/tabla\/cestas-y-cuencos\/portmeirion-christmas-tree-bol-para-servir\/","title":{"rendered":"PORTMEIRION Christmas Tree Bol para servir"},"content":{"rendered":"<p>Sirve la alegr\u00eda navide\u00f1a con esta colorida fuente con el entra\u00f1able motivo del \u00e1rbol de Navidad. Los tonos verdes y rojos hacen de este hermoso dise\u00f1o un cl\u00e1sico tradicional. Su dise\u00f1o ancho y profundo ofrece espacio suficiente para una generosa porci\u00f3n de patatas, coles de Bruselas o verduras de hoja verde. A pesar de su delicada apariencia, esta fuente de porcelana es lo suficientemente resistente como para recalentarse repetidamente en el horno o microondas, y puedes lavarla en el lavavajillas cuando quieras ver una pel\u00edcula navide\u00f1a.<\/p>\n<p><strong>Detalles del producto:<\/strong><\/p>\n<p><strong>Pa\u00eds de fabricaci\u00f3n:<\/strong> China<br \/>\n<strong>Material: <\/strong>Porcelana<strong><br \/>\n<\/strong><strong>Altura:<\/strong> 7 cm<br \/>\n<strong>Ancho:<\/strong> 24,5 cm<br \/>\n<strong>Profundidad:<\/strong> 24,5 cm<br \/>\n<strong>Volumen:<\/strong> 3000 ml<\/p>\n","protected":false},"excerpt":{"rendered":"<p>Sirve la alegr\u00eda navide\u00f1a con esta colorida fuente con el entra\u00f1able motivo del \u00e1rbol de Navidad. Los tonos verdes y<\/p>\n","protected":false},"featured_media":517298,"template":"","meta":{"_acf_changed":false,"inline_featured_image":false},"product_cat":[16037,16027],"product_tag":[19361,23912,21613,16368],"acf":[],"yoast_head":"<!-- This site is optimized with the Yoast SEO Premium plugin v18.6 (Yoast SEO v19.13) - https:\/\/yoast.com\/wordpress\/plugins\/seo\/ -->\n<title>PORTMEIRION Christmas Tree Bol para servir - Erresse Shop<\/title>\n<meta name=\"description\" content=\"Sirve la alegr\u00eda navide\u00f1a con esta colorida fuente con el entra\u00f1able motivo del \u00e1rbol de Navidad. Los tonos verdes y rojos hacen de este hermoso dise\u00f1o un\" \/>\n<meta name=\"robots\" content=\"index, follow, max-snippet:-1, max-image-preview:large, max-video-preview:-1\" \/>\n<link rel=\"canonical\" href=\"https:\/\/www.erresse-shop.it\/es\/shop\/tabla\/cestas-y-cuencos\/portmeirion-christmas-tree-bol-para-servir\/\" \/>\n<meta property=\"og:locale\" content=\"es_ES\" \/>\n<meta property=\"og:type\" content=\"article\" \/>\n<meta property=\"og:title\" content=\"PORTMEIRION Christmas Tree Bol para servir\" \/>\n<meta property=\"og:description\" content=\"Sirve la alegr\u00eda navide\u00f1a con esta colorida fuente con el entra\u00f1able motivo del \u00e1rbol de Navidad. Los tonos verdes y rojos hacen de este hermoso dise\u00f1o un\" \/>\n<meta property=\"og:url\" content=\"https:\/\/www.erresse-shop.it\/es\/shop\/tabla\/cestas-y-cuencos\/portmeirion-christmas-tree-bol-para-servir\/\" \/>\n<meta property=\"og:site_name\" content=\"Erresse Shop\" \/>\n<meta property=\"article:modified_time\" content=\"2025-11-21T07:06:28+00:00\" \/>\n<meta property=\"og:image\" content=\"https:\/\/www.erresse-shop.it\/wp-content\/uploads\/2025\/11\/PORTMEIRION-Christmas-Tree-Ciotola-da-Portata.jpg\" \/>\n\t<meta property=\"og:image:width\" content=\"1200\" \/>\n\t<meta property=\"og:image:height\" content=\"1200\" \/>\n\t<meta property=\"og:image:type\" content=\"image\/jpeg\" \/>\n<meta name=\"twitter:card\" content=\"summary_large_image\" \/>\n<script type=\"application\/ld+json\" class=\"yoast-schema-graph\">{\"@context\":\"https:\/\/schema.org\",\"@graph\":[{\"@type\":\"WebPage\",\"@id\":\"https:\/\/www.erresse-shop.it\/es\/shop\/tabla\/cestas-y-cuencos\/portmeirion-christmas-tree-bol-para-servir\/\",\"url\":\"https:\/\/www.erresse-shop.it\/es\/shop\/tabla\/cestas-y-cuencos\/portmeirion-christmas-tree-bol-para-servir\/\",\"name\":\"PORTMEIRION Christmas Tree Bol para servir - Erresse Shop\",\"isPartOf\":{\"@id\":\"https:\/\/www.erresse-shop.it\/es\/#website\"},\"datePublished\":\"2025-11-21T06:57:54+00:00\",\"dateModified\":\"2025-11-21T07:06:28+00:00\",\"description\":\"Sirve la alegr\u00eda navide\u00f1a con esta colorida fuente con el entra\u00f1able motivo del \u00e1rbol de Navidad. Los tonos verdes y rojos hacen de este hermoso dise\u00f1o un\",\"breadcrumb\":{\"@id\":\"https:\/\/www.erresse-shop.it\/es\/shop\/tabla\/cestas-y-cuencos\/portmeirion-christmas-tree-bol-para-servir\/#breadcrumb\"},\"inLanguage\":\"es\",\"potentialAction\":[{\"@type\":\"ReadAction\",\"target\":[\"https:\/\/www.erresse-shop.it\/es\/shop\/tabla\/cestas-y-cuencos\/portmeirion-christmas-tree-bol-para-servir\/\"]}]},{\"@type\":\"BreadcrumbList\",\"@id\":\"https:\/\/www.erresse-shop.it\/es\/shop\/tabla\/cestas-y-cuencos\/portmeirion-christmas-tree-bol-para-servir\/#breadcrumb\",\"itemListElement\":[{\"@type\":\"ListItem\",\"position\":1,\"name\":\"Home\",\"item\":\"https:\/\/www.erresse-shop.it\/es\/\"},{\"@type\":\"ListItem\",\"position\":2,\"name\":\"Shop\",\"item\":\"https:\/\/www.erresse-shop.it\/es\/shop\/\"},{\"@type\":\"ListItem\",\"position\":3,\"name\":\"PORTMEIRION Christmas Tree Bol para servir\"}]},{\"@type\":\"WebSite\",\"@id\":\"https:\/\/www.erresse-shop.it\/es\/#website\",\"url\":\"https:\/\/www.erresse-shop.it\/es\/\",\"name\":\"Erresse Shop\",\"description\":\"Articoli di qualit\u00e0 per la casa\",\"potentialAction\":[{\"@type\":\"SearchAction\",\"target\":{\"@type\":\"EntryPoint\",\"urlTemplate\":\"https:\/\/www.erresse-shop.it\/es\/?s={search_term_string}\"},\"query-input\":\"required name=search_term_string\"}],\"inLanguage\":\"es\"}]}<\/script>\n<!-- \/ Yoast SEO Premium plugin. -->","yoast_head_json":{"title":"PORTMEIRION Christmas Tree Bol para servir - Erresse Shop","description":"Sirve la alegr\u00eda navide\u00f1a con esta colorida fuente con el entra\u00f1able motivo del \u00e1rbol de Navidad. Los tonos verdes y rojos hacen de este hermoso dise\u00f1o un","robots":{"index":"index","follow":"follow","max-snippet":"max-snippet:-1","max-image-preview":"max-image-preview:large","max-video-preview":"max-video-preview:-1"},"canonical":"https:\/\/www.erresse-shop.it\/es\/shop\/tabla\/cestas-y-cuencos\/portmeirion-christmas-tree-bol-para-servir\/","og_locale":"es_ES","og_type":"article","og_title":"PORTMEIRION Christmas Tree Bol para servir","og_description":"Sirve la alegr\u00eda navide\u00f1a con esta colorida fuente con el entra\u00f1able motivo del \u00e1rbol de Navidad. Los tonos verdes y rojos hacen de este hermoso dise\u00f1o un","og_url":"https:\/\/www.erresse-shop.it\/es\/shop\/tabla\/cestas-y-cuencos\/portmeirion-christmas-tree-bol-para-servir\/","og_site_name":"Erresse Shop","article_modified_time":"2025-11-21T07:06:28+00:00","og_image":[{"width":1200,"height":1200,"url":"https:\/\/www.erresse-shop.it\/wp-content\/uploads\/2025\/11\/PORTMEIRION-Christmas-Tree-Ciotola-da-Portata.jpg","type":"image\/jpeg"}],"twitter_card":"summary_large_image","schema":{"@context":"https:\/\/schema.org","@graph":[{"@type":"WebPage","@id":"https:\/\/www.erresse-shop.it\/es\/shop\/tabla\/cestas-y-cuencos\/portmeirion-christmas-tree-bol-para-servir\/","url":"https:\/\/www.erresse-shop.it\/es\/shop\/tabla\/cestas-y-cuencos\/portmeirion-christmas-tree-bol-para-servir\/","name":"PORTMEIRION Christmas Tree Bol para servir - Erresse Shop","isPartOf":{"@id":"https:\/\/www.erresse-shop.it\/es\/#website"},"datePublished":"2025-11-21T06:57:54+00:00","dateModified":"2025-11-21T07:06:28+00:00","description":"Sirve la alegr\u00eda navide\u00f1a con esta colorida fuente con el entra\u00f1able motivo del \u00e1rbol de Navidad. Los tonos verdes y rojos hacen de este hermoso dise\u00f1o un","breadcrumb":{"@id":"https:\/\/www.erresse-shop.it\/es\/shop\/tabla\/cestas-y-cuencos\/portmeirion-christmas-tree-bol-para-servir\/#breadcrumb"},"inLanguage":"es","potentialAction":[{"@type":"ReadAction","target":["https:\/\/www.erresse-shop.it\/es\/shop\/tabla\/cestas-y-cuencos\/portmeirion-christmas-tree-bol-para-servir\/"]}]},{"@type":"BreadcrumbList","@id":"https:\/\/www.erresse-shop.it\/es\/shop\/tabla\/cestas-y-cuencos\/portmeirion-christmas-tree-bol-para-servir\/#breadcrumb","itemListElement":[{"@type":"ListItem","position":1,"name":"Home","item":"https:\/\/www.erresse-shop.it\/es\/"},{"@type":"ListItem","position":2,"name":"Shop","item":"https:\/\/www.erresse-shop.it\/es\/shop\/"},{"@type":"ListItem","position":3,"name":"PORTMEIRION Christmas Tree Bol para servir"}]},{"@type":"WebSite","@id":"https:\/\/www.erresse-shop.it\/es\/#website","url":"https:\/\/www.erresse-shop.it\/es\/","name":"Erresse Shop","description":"Articoli di qualit\u00e0 per la casa","potentialAction":[{"@type":"SearchAction","target":{"@type":"EntryPoint","urlTemplate":"https:\/\/www.erresse-shop.it\/es\/?s={search_term_string}"},"query-input":"required name=search_term_string"}],"inLanguage":"es"}]}},"df_price":59.95,"df_sale_price":59.95,"df_regular_price":84.87,"df_image_link":"https:\/\/www.erresse-shop.it\/wp-content\/uploads\/2025\/11\/PORTMEIRION-Christmas-Tree-Ciotola-da-Portata-300x300.jpg","_links":{"self":[{"href":"https:\/\/www.erresse-shop.it\/es\/wp-json\/wp\/v2\/product\/517280"}],"collection":[{"href":"https:\/\/www.erresse-shop.it\/es\/wp-json\/wp\/v2\/product"}],"about":[{"href":"https:\/\/www.erresse-shop.it\/es\/wp-json\/wp\/v2\/types\/product"}],"wp:featuredmedia":[{"embeddable":true,"href":"https:\/\/www.erresse-shop.it\/es\/wp-json\/wp\/v2\/media\/517298"}],"wp:attachment":[{"href":"https:\/\/www.erresse-shop.it\/es\/wp-json\/wp\/v2\/media?parent=517280"}],"wp:term":[{"taxonomy":"product_cat","embeddable":true,"href":"https:\/\/www.erresse-shop.it\/es\/wp-json\/wp\/v2\/product_cat?post=517280"},{"taxonomy":"product_tag","embeddable":true,"href":"https:\/\/www.erresse-shop.it\/es\/wp-json\/wp\/v2\/product_tag?post=517280"}],"curies":[{"name":"wp","href":"https:\/\/api.w.org\/{rel}","templated":true}]}}