{"id":517257,"date":"2025-11-21T06:47:12","date_gmt":"2025-11-21T06:47:17","guid":{"rendered":"https:\/\/www.erresse-shop.it\/?post_type=product&#038;p=517257"},"modified":"2025-11-21T06:54:48","modified_gmt":"2025-11-21T06:54:48","slug":"portmeirion-christmas-tree-soporte-para-pasteles","status":"publish","type":"product","link":"https:\/\/www.erresse-shop.it\/es\/shop\/tabla\/soportes-para-tartas\/portmeirion-christmas-tree-soporte-para-pasteles\/","title":{"rendered":"PORTMEIRION Christmas Tree Soporte para pasteles"},"content":{"rendered":"<p>Una mesa repleta de deliciosos dulces navide\u00f1os necesita un centro de mesa a la altura, as\u00ed que dele un lugar de honor a este bol de postre con pedestal. Con 18 cm de di\u00e1metro, ofrece espacio para todo tipo de delicias festivas. Ll\u00e9nalo de florentinas, caramelos, bastones de caramelo, turr\u00f3n, galletas y todo lo que le encanta a tu familia. El ic\u00f3nico y tradicional dise\u00f1o de \u00e1rbol de Navidad de Spode se ir\u00e1 revelando poco a poco (\u00a1o quiz\u00e1s r\u00e1pidamente!) a medida que desaparezcan los dulces.<\/p>\n<p><strong>Detalles del producto:<\/strong><\/p>\n<p><strong>Pa\u00eds de fabricaci\u00f3n:<\/strong> China<br \/>\n<strong>Material:<\/strong> Gres<br \/>\n<strong>Altura:<\/strong> 7 cm<br \/>\n<strong>Ancho:<\/strong> 17,5 cm<br \/>\n<strong>Profundidad:<\/strong> 17,5 cm<\/p>\n","protected":false},"excerpt":{"rendered":"<p>Una mesa repleta de deliciosos dulces navide\u00f1os necesita un centro de mesa a la altura, as\u00ed que dele un lugar<\/p>\n","protected":false},"featured_media":517275,"template":"","meta":{"_acf_changed":false,"inline_featured_image":false},"product_cat":[16039,16027],"product_tag":[19361,23912,19362,16748],"acf":[],"yoast_head":"<!-- This site is optimized with the Yoast SEO Premium plugin v18.6 (Yoast SEO v19.13) - https:\/\/yoast.com\/wordpress\/plugins\/seo\/ -->\n<title>PORTMEIRION Christmas Tree Soporte para pasteles - Erresse Shop<\/title>\n<meta name=\"description\" content=\"Una mesa repleta de deliciosos dulces navide\u00f1os necesita un centro de mesa a la altura, as\u00ed que dele un lugar de honor a este bol de postre con pedestal.\" \/>\n<meta name=\"robots\" content=\"index, follow, max-snippet:-1, max-image-preview:large, max-video-preview:-1\" \/>\n<link rel=\"canonical\" href=\"https:\/\/www.erresse-shop.it\/es\/shop\/tabla\/soportes-para-tartas\/portmeirion-christmas-tree-soporte-para-pasteles\/\" \/>\n<meta property=\"og:locale\" content=\"es_ES\" \/>\n<meta property=\"og:type\" content=\"article\" \/>\n<meta property=\"og:title\" content=\"PORTMEIRION Christmas Tree Soporte para pasteles\" \/>\n<meta property=\"og:description\" content=\"Una mesa repleta de deliciosos dulces navide\u00f1os necesita un centro de mesa a la altura, as\u00ed que dele un lugar de honor a este bol de postre con pedestal.\" \/>\n<meta property=\"og:url\" content=\"https:\/\/www.erresse-shop.it\/es\/shop\/tabla\/soportes-para-tartas\/portmeirion-christmas-tree-soporte-para-pasteles\/\" \/>\n<meta property=\"og:site_name\" content=\"Erresse Shop\" \/>\n<meta property=\"article:modified_time\" content=\"2025-11-21T06:54:48+00:00\" \/>\n<meta property=\"og:image\" content=\"https:\/\/www.erresse-shop.it\/wp-content\/uploads\/2025\/11\/PORTMEIRION-Christmas-Tree-Alzata.jpg\" \/>\n\t<meta property=\"og:image:width\" content=\"1200\" \/>\n\t<meta property=\"og:image:height\" content=\"1200\" \/>\n\t<meta property=\"og:image:type\" content=\"image\/jpeg\" \/>\n<meta name=\"twitter:card\" content=\"summary_large_image\" \/>\n<script type=\"application\/ld+json\" class=\"yoast-schema-graph\">{\"@context\":\"https:\/\/schema.org\",\"@graph\":[{\"@type\":\"WebPage\",\"@id\":\"https:\/\/www.erresse-shop.it\/es\/shop\/tabla\/soportes-para-tartas\/portmeirion-christmas-tree-soporte-para-pasteles\/\",\"url\":\"https:\/\/www.erresse-shop.it\/es\/shop\/tabla\/soportes-para-tartas\/portmeirion-christmas-tree-soporte-para-pasteles\/\",\"name\":\"PORTMEIRION Christmas Tree Soporte para pasteles - Erresse Shop\",\"isPartOf\":{\"@id\":\"https:\/\/www.erresse-shop.it\/es\/#website\"},\"datePublished\":\"2025-11-21T06:47:17+00:00\",\"dateModified\":\"2025-11-21T06:54:48+00:00\",\"description\":\"Una mesa repleta de deliciosos dulces navide\u00f1os necesita un centro de mesa a la altura, as\u00ed que dele un lugar de honor a este bol de postre con pedestal.\",\"breadcrumb\":{\"@id\":\"https:\/\/www.erresse-shop.it\/es\/shop\/tabla\/soportes-para-tartas\/portmeirion-christmas-tree-soporte-para-pasteles\/#breadcrumb\"},\"inLanguage\":\"es\",\"potentialAction\":[{\"@type\":\"ReadAction\",\"target\":[\"https:\/\/www.erresse-shop.it\/es\/shop\/tabla\/soportes-para-tartas\/portmeirion-christmas-tree-soporte-para-pasteles\/\"]}]},{\"@type\":\"BreadcrumbList\",\"@id\":\"https:\/\/www.erresse-shop.it\/es\/shop\/tabla\/soportes-para-tartas\/portmeirion-christmas-tree-soporte-para-pasteles\/#breadcrumb\",\"itemListElement\":[{\"@type\":\"ListItem\",\"position\":1,\"name\":\"Home\",\"item\":\"https:\/\/www.erresse-shop.it\/es\/\"},{\"@type\":\"ListItem\",\"position\":2,\"name\":\"Shop\",\"item\":\"https:\/\/www.erresse-shop.it\/es\/shop\/\"},{\"@type\":\"ListItem\",\"position\":3,\"name\":\"PORTMEIRION Christmas Tree Soporte para pasteles\"}]},{\"@type\":\"WebSite\",\"@id\":\"https:\/\/www.erresse-shop.it\/es\/#website\",\"url\":\"https:\/\/www.erresse-shop.it\/es\/\",\"name\":\"Erresse Shop\",\"description\":\"Articoli di qualit\u00e0 per la casa\",\"potentialAction\":[{\"@type\":\"SearchAction\",\"target\":{\"@type\":\"EntryPoint\",\"urlTemplate\":\"https:\/\/www.erresse-shop.it\/es\/?s={search_term_string}\"},\"query-input\":\"required name=search_term_string\"}],\"inLanguage\":\"es\"}]}<\/script>\n<!-- \/ Yoast SEO Premium plugin. -->","yoast_head_json":{"title":"PORTMEIRION Christmas Tree Soporte para pasteles - Erresse Shop","description":"Una mesa repleta de deliciosos dulces navide\u00f1os necesita un centro de mesa a la altura, as\u00ed que dele un lugar de honor a este bol de postre con pedestal.","robots":{"index":"index","follow":"follow","max-snippet":"max-snippet:-1","max-image-preview":"max-image-preview:large","max-video-preview":"max-video-preview:-1"},"canonical":"https:\/\/www.erresse-shop.it\/es\/shop\/tabla\/soportes-para-tartas\/portmeirion-christmas-tree-soporte-para-pasteles\/","og_locale":"es_ES","og_type":"article","og_title":"PORTMEIRION Christmas Tree Soporte para pasteles","og_description":"Una mesa repleta de deliciosos dulces navide\u00f1os necesita un centro de mesa a la altura, as\u00ed que dele un lugar de honor a este bol de postre con pedestal.","og_url":"https:\/\/www.erresse-shop.it\/es\/shop\/tabla\/soportes-para-tartas\/portmeirion-christmas-tree-soporte-para-pasteles\/","og_site_name":"Erresse Shop","article_modified_time":"2025-11-21T06:54:48+00:00","og_image":[{"width":1200,"height":1200,"url":"https:\/\/www.erresse-shop.it\/wp-content\/uploads\/2025\/11\/PORTMEIRION-Christmas-Tree-Alzata.jpg","type":"image\/jpeg"}],"twitter_card":"summary_large_image","schema":{"@context":"https:\/\/schema.org","@graph":[{"@type":"WebPage","@id":"https:\/\/www.erresse-shop.it\/es\/shop\/tabla\/soportes-para-tartas\/portmeirion-christmas-tree-soporte-para-pasteles\/","url":"https:\/\/www.erresse-shop.it\/es\/shop\/tabla\/soportes-para-tartas\/portmeirion-christmas-tree-soporte-para-pasteles\/","name":"PORTMEIRION Christmas Tree Soporte para pasteles - Erresse Shop","isPartOf":{"@id":"https:\/\/www.erresse-shop.it\/es\/#website"},"datePublished":"2025-11-21T06:47:17+00:00","dateModified":"2025-11-21T06:54:48+00:00","description":"Una mesa repleta de deliciosos dulces navide\u00f1os necesita un centro de mesa a la altura, as\u00ed que dele un lugar de honor a este bol de postre con pedestal.","breadcrumb":{"@id":"https:\/\/www.erresse-shop.it\/es\/shop\/tabla\/soportes-para-tartas\/portmeirion-christmas-tree-soporte-para-pasteles\/#breadcrumb"},"inLanguage":"es","potentialAction":[{"@type":"ReadAction","target":["https:\/\/www.erresse-shop.it\/es\/shop\/tabla\/soportes-para-tartas\/portmeirion-christmas-tree-soporte-para-pasteles\/"]}]},{"@type":"BreadcrumbList","@id":"https:\/\/www.erresse-shop.it\/es\/shop\/tabla\/soportes-para-tartas\/portmeirion-christmas-tree-soporte-para-pasteles\/#breadcrumb","itemListElement":[{"@type":"ListItem","position":1,"name":"Home","item":"https:\/\/www.erresse-shop.it\/es\/"},{"@type":"ListItem","position":2,"name":"Shop","item":"https:\/\/www.erresse-shop.it\/es\/shop\/"},{"@type":"ListItem","position":3,"name":"PORTMEIRION Christmas Tree Soporte para pasteles"}]},{"@type":"WebSite","@id":"https:\/\/www.erresse-shop.it\/es\/#website","url":"https:\/\/www.erresse-shop.it\/es\/","name":"Erresse Shop","description":"Articoli di qualit\u00e0 per la casa","potentialAction":[{"@type":"SearchAction","target":{"@type":"EntryPoint","urlTemplate":"https:\/\/www.erresse-shop.it\/es\/?s={search_term_string}"},"query-input":"required name=search_term_string"}],"inLanguage":"es"}]}},"df_price":46.95,"df_sale_price":46.95,"df_regular_price":55.89,"df_image_link":"https:\/\/www.erresse-shop.it\/wp-content\/uploads\/2025\/11\/PORTMEIRION-Christmas-Tree-Alzata-300x300.jpg","_links":{"self":[{"href":"https:\/\/www.erresse-shop.it\/es\/wp-json\/wp\/v2\/product\/517257"}],"collection":[{"href":"https:\/\/www.erresse-shop.it\/es\/wp-json\/wp\/v2\/product"}],"about":[{"href":"https:\/\/www.erresse-shop.it\/es\/wp-json\/wp\/v2\/types\/product"}],"wp:featuredmedia":[{"embeddable":true,"href":"https:\/\/www.erresse-shop.it\/es\/wp-json\/wp\/v2\/media\/517275"}],"wp:attachment":[{"href":"https:\/\/www.erresse-shop.it\/es\/wp-json\/wp\/v2\/media?parent=517257"}],"wp:term":[{"taxonomy":"product_cat","embeddable":true,"href":"https:\/\/www.erresse-shop.it\/es\/wp-json\/wp\/v2\/product_cat?post=517257"},{"taxonomy":"product_tag","embeddable":true,"href":"https:\/\/www.erresse-shop.it\/es\/wp-json\/wp\/v2\/product_tag?post=517257"}],"curies":[{"name":"wp","href":"https:\/\/api.w.org\/{rel}","templated":true}]}}