{"id":517089,"date":"2025-11-20T13:11:16","date_gmt":"2025-11-20T13:11:21","guid":{"rendered":"https:\/\/www.erresse-shop.it\/?post_type=product&#038;p=517089"},"modified":"2025-11-20T13:19:56","modified_gmt":"2025-11-20T13:19:56","slug":"portmeirion-sara-miller-artisanne-noir-set-de-2-tazones-grandes","status":"publish","type":"product","link":"https:\/\/www.erresse-shop.it\/es\/shop\/tabla\/cestas-y-cuencos\/portmeirion-sara-miller-artisanne-noir-set-de-2-tazones-grandes\/","title":{"rendered":"PORTMEIRION Sara Miller Artisanne Noir Set de 2 tazones grandes"},"content":{"rendered":"<p>Este juego de dos tazones grandes de la colecci\u00f3n Artisanne Noir presenta dos dise\u00f1os monocrom\u00e1ticos combinables \u2014Mandala y Paisley\u2014 que envuelven con elegancia las suaves curvas de cada pieza.<\/p>\n<p>Perfectos para servir fideos, pastas sustanciosas y sopas, estos tazones de porcelana son una adici\u00f3n irresistible a su colecci\u00f3n.<\/p>\n<p>Adornados con detalles dorados, y aptos para microondas y lavavajillas, este juego de tazones es tan bello como pr\u00e1ctico.<\/p>\n<p>Presentados en una caja a juego, estos tazones son un regalo ideal para una inauguraci\u00f3n de casa.<\/p>\n<p><strong>Detalles del producto:<\/strong><\/p>\n<p><strong>Pa\u00eds de fabricaci\u00f3n:<\/strong> Indonesia<br \/>\n<strong>Material:<\/strong> 100% Porcelana<br \/>\n<strong>Altura:<\/strong> 9 cm<br \/>\n<strong>Ancho:<\/strong> 22,2 cm<br \/>\n<strong>Profundidad:<\/strong> 22,2 cm<br \/>\n<strong>Capacidad:<\/strong> 1862 ml<\/p>\n","protected":false},"excerpt":{"rendered":"<p>Este juego de dos tazones grandes de la colecci\u00f3n Artisanne Noir presenta dos dise\u00f1os monocrom\u00e1ticos combinables \u2014Mandala y Paisley\u2014 que<\/p>\n","protected":false},"featured_media":517119,"template":"","meta":{"_acf_changed":false,"inline_featured_image":false},"product_cat":[16037,16027],"product_tag":[19361,23912,21616,21613,16368],"acf":[],"yoast_head":"<!-- This site is optimized with the Yoast SEO Premium plugin v18.6 (Yoast SEO v19.13) - https:\/\/yoast.com\/wordpress\/plugins\/seo\/ -->\n<title>PORTMEIRION Sara Miller Artisanne Noir Set de 2 tazones grandes - Erresse Shop<\/title>\n<meta name=\"description\" content=\"Este juego de dos tazones grandes de la colecci\u00f3n Artisanne Noir presenta dos dise\u00f1os monocrom\u00e1ticos combinables \u2014Mandala y Paisley\u2014 que envuelven con\" \/>\n<meta name=\"robots\" content=\"index, follow, max-snippet:-1, max-image-preview:large, max-video-preview:-1\" \/>\n<link rel=\"canonical\" href=\"https:\/\/www.erresse-shop.it\/es\/shop\/tabla\/cestas-y-cuencos\/portmeirion-sara-miller-artisanne-noir-set-de-2-tazones-grandes\/\" \/>\n<meta property=\"og:locale\" content=\"es_ES\" \/>\n<meta property=\"og:type\" content=\"article\" \/>\n<meta property=\"og:title\" content=\"PORTMEIRION Sara Miller Artisanne Noir Set de 2 tazones grandes\" \/>\n<meta property=\"og:description\" content=\"Este juego de dos tazones grandes de la colecci\u00f3n Artisanne Noir presenta dos dise\u00f1os monocrom\u00e1ticos combinables \u2014Mandala y Paisley\u2014 que envuelven con\" \/>\n<meta property=\"og:url\" content=\"https:\/\/www.erresse-shop.it\/es\/shop\/tabla\/cestas-y-cuencos\/portmeirion-sara-miller-artisanne-noir-set-de-2-tazones-grandes\/\" \/>\n<meta property=\"og:site_name\" content=\"Erresse Shop\" \/>\n<meta property=\"article:modified_time\" content=\"2025-11-20T13:19:56+00:00\" \/>\n<meta property=\"og:image\" content=\"https:\/\/www.erresse-shop.it\/wp-content\/uploads\/2025\/11\/PORTMEIRION-Sara-Miller-Artisanne-Noir-Set-2-Ciotole-Grandi.jpg\" \/>\n\t<meta property=\"og:image:width\" content=\"1200\" \/>\n\t<meta property=\"og:image:height\" content=\"1200\" \/>\n\t<meta property=\"og:image:type\" content=\"image\/jpeg\" \/>\n<meta name=\"twitter:card\" content=\"summary_large_image\" \/>\n<script type=\"application\/ld+json\" class=\"yoast-schema-graph\">{\"@context\":\"https:\/\/schema.org\",\"@graph\":[{\"@type\":\"WebPage\",\"@id\":\"https:\/\/www.erresse-shop.it\/es\/shop\/tabla\/cestas-y-cuencos\/portmeirion-sara-miller-artisanne-noir-set-de-2-tazones-grandes\/\",\"url\":\"https:\/\/www.erresse-shop.it\/es\/shop\/tabla\/cestas-y-cuencos\/portmeirion-sara-miller-artisanne-noir-set-de-2-tazones-grandes\/\",\"name\":\"PORTMEIRION Sara Miller Artisanne Noir Set de 2 tazones grandes - Erresse Shop\",\"isPartOf\":{\"@id\":\"https:\/\/www.erresse-shop.it\/es\/#website\"},\"datePublished\":\"2025-11-20T13:11:21+00:00\",\"dateModified\":\"2025-11-20T13:19:56+00:00\",\"description\":\"Este juego de dos tazones grandes de la colecci\u00f3n Artisanne Noir presenta dos dise\u00f1os monocrom\u00e1ticos combinables \u2014Mandala y Paisley\u2014 que envuelven con\",\"breadcrumb\":{\"@id\":\"https:\/\/www.erresse-shop.it\/es\/shop\/tabla\/cestas-y-cuencos\/portmeirion-sara-miller-artisanne-noir-set-de-2-tazones-grandes\/#breadcrumb\"},\"inLanguage\":\"es\",\"potentialAction\":[{\"@type\":\"ReadAction\",\"target\":[\"https:\/\/www.erresse-shop.it\/es\/shop\/tabla\/cestas-y-cuencos\/portmeirion-sara-miller-artisanne-noir-set-de-2-tazones-grandes\/\"]}]},{\"@type\":\"BreadcrumbList\",\"@id\":\"https:\/\/www.erresse-shop.it\/es\/shop\/tabla\/cestas-y-cuencos\/portmeirion-sara-miller-artisanne-noir-set-de-2-tazones-grandes\/#breadcrumb\",\"itemListElement\":[{\"@type\":\"ListItem\",\"position\":1,\"name\":\"Home\",\"item\":\"https:\/\/www.erresse-shop.it\/es\/\"},{\"@type\":\"ListItem\",\"position\":2,\"name\":\"Shop\",\"item\":\"https:\/\/www.erresse-shop.it\/es\/shop\/\"},{\"@type\":\"ListItem\",\"position\":3,\"name\":\"PORTMEIRION Sara Miller Artisanne Noir Set de 2 tazones grandes\"}]},{\"@type\":\"WebSite\",\"@id\":\"https:\/\/www.erresse-shop.it\/es\/#website\",\"url\":\"https:\/\/www.erresse-shop.it\/es\/\",\"name\":\"Erresse Shop\",\"description\":\"Articoli di qualit\u00e0 per la casa\",\"potentialAction\":[{\"@type\":\"SearchAction\",\"target\":{\"@type\":\"EntryPoint\",\"urlTemplate\":\"https:\/\/www.erresse-shop.it\/es\/?s={search_term_string}\"},\"query-input\":\"required name=search_term_string\"}],\"inLanguage\":\"es\"}]}<\/script>\n<!-- \/ Yoast SEO Premium plugin. -->","yoast_head_json":{"title":"PORTMEIRION Sara Miller Artisanne Noir Set de 2 tazones grandes - Erresse Shop","description":"Este juego de dos tazones grandes de la colecci\u00f3n Artisanne Noir presenta dos dise\u00f1os monocrom\u00e1ticos combinables \u2014Mandala y Paisley\u2014 que envuelven con","robots":{"index":"index","follow":"follow","max-snippet":"max-snippet:-1","max-image-preview":"max-image-preview:large","max-video-preview":"max-video-preview:-1"},"canonical":"https:\/\/www.erresse-shop.it\/es\/shop\/tabla\/cestas-y-cuencos\/portmeirion-sara-miller-artisanne-noir-set-de-2-tazones-grandes\/","og_locale":"es_ES","og_type":"article","og_title":"PORTMEIRION Sara Miller Artisanne Noir Set de 2 tazones grandes","og_description":"Este juego de dos tazones grandes de la colecci\u00f3n Artisanne Noir presenta dos dise\u00f1os monocrom\u00e1ticos combinables \u2014Mandala y Paisley\u2014 que envuelven con","og_url":"https:\/\/www.erresse-shop.it\/es\/shop\/tabla\/cestas-y-cuencos\/portmeirion-sara-miller-artisanne-noir-set-de-2-tazones-grandes\/","og_site_name":"Erresse Shop","article_modified_time":"2025-11-20T13:19:56+00:00","og_image":[{"width":1200,"height":1200,"url":"https:\/\/www.erresse-shop.it\/wp-content\/uploads\/2025\/11\/PORTMEIRION-Sara-Miller-Artisanne-Noir-Set-2-Ciotole-Grandi.jpg","type":"image\/jpeg"}],"twitter_card":"summary_large_image","schema":{"@context":"https:\/\/schema.org","@graph":[{"@type":"WebPage","@id":"https:\/\/www.erresse-shop.it\/es\/shop\/tabla\/cestas-y-cuencos\/portmeirion-sara-miller-artisanne-noir-set-de-2-tazones-grandes\/","url":"https:\/\/www.erresse-shop.it\/es\/shop\/tabla\/cestas-y-cuencos\/portmeirion-sara-miller-artisanne-noir-set-de-2-tazones-grandes\/","name":"PORTMEIRION Sara Miller Artisanne Noir Set de 2 tazones grandes - Erresse Shop","isPartOf":{"@id":"https:\/\/www.erresse-shop.it\/es\/#website"},"datePublished":"2025-11-20T13:11:21+00:00","dateModified":"2025-11-20T13:19:56+00:00","description":"Este juego de dos tazones grandes de la colecci\u00f3n Artisanne Noir presenta dos dise\u00f1os monocrom\u00e1ticos combinables \u2014Mandala y Paisley\u2014 que envuelven con","breadcrumb":{"@id":"https:\/\/www.erresse-shop.it\/es\/shop\/tabla\/cestas-y-cuencos\/portmeirion-sara-miller-artisanne-noir-set-de-2-tazones-grandes\/#breadcrumb"},"inLanguage":"es","potentialAction":[{"@type":"ReadAction","target":["https:\/\/www.erresse-shop.it\/es\/shop\/tabla\/cestas-y-cuencos\/portmeirion-sara-miller-artisanne-noir-set-de-2-tazones-grandes\/"]}]},{"@type":"BreadcrumbList","@id":"https:\/\/www.erresse-shop.it\/es\/shop\/tabla\/cestas-y-cuencos\/portmeirion-sara-miller-artisanne-noir-set-de-2-tazones-grandes\/#breadcrumb","itemListElement":[{"@type":"ListItem","position":1,"name":"Home","item":"https:\/\/www.erresse-shop.it\/es\/"},{"@type":"ListItem","position":2,"name":"Shop","item":"https:\/\/www.erresse-shop.it\/es\/shop\/"},{"@type":"ListItem","position":3,"name":"PORTMEIRION Sara Miller Artisanne Noir Set de 2 tazones grandes"}]},{"@type":"WebSite","@id":"https:\/\/www.erresse-shop.it\/es\/#website","url":"https:\/\/www.erresse-shop.it\/es\/","name":"Erresse Shop","description":"Articoli di qualit\u00e0 per la casa","potentialAction":[{"@type":"SearchAction","target":{"@type":"EntryPoint","urlTemplate":"https:\/\/www.erresse-shop.it\/es\/?s={search_term_string}"},"query-input":"required name=search_term_string"}],"inLanguage":"es"}]}},"df_price":59.95,"df_sale_price":59.95,"df_regular_price":80.5,"df_image_link":"https:\/\/www.erresse-shop.it\/wp-content\/uploads\/2025\/11\/PORTMEIRION-Sara-Miller-Artisanne-Noir-Set-2-Ciotole-Grandi-300x300.jpg","_links":{"self":[{"href":"https:\/\/www.erresse-shop.it\/es\/wp-json\/wp\/v2\/product\/517089"}],"collection":[{"href":"https:\/\/www.erresse-shop.it\/es\/wp-json\/wp\/v2\/product"}],"about":[{"href":"https:\/\/www.erresse-shop.it\/es\/wp-json\/wp\/v2\/types\/product"}],"wp:featuredmedia":[{"embeddable":true,"href":"https:\/\/www.erresse-shop.it\/es\/wp-json\/wp\/v2\/media\/517119"}],"wp:attachment":[{"href":"https:\/\/www.erresse-shop.it\/es\/wp-json\/wp\/v2\/media?parent=517089"}],"wp:term":[{"taxonomy":"product_cat","embeddable":true,"href":"https:\/\/www.erresse-shop.it\/es\/wp-json\/wp\/v2\/product_cat?post=517089"},{"taxonomy":"product_tag","embeddable":true,"href":"https:\/\/www.erresse-shop.it\/es\/wp-json\/wp\/v2\/product_tag?post=517089"}],"curies":[{"name":"wp","href":"https:\/\/api.w.org\/{rel}","templated":true}]}}