{"id":517065,"date":"2025-11-20T11:57:03","date_gmt":"2025-11-20T11:57:07","guid":{"rendered":"https:\/\/www.erresse-shop.it\/?post_type=product&#038;p=517065"},"modified":"2025-11-20T13:06:34","modified_gmt":"2025-11-20T13:06:34","slug":"portmeirion-sara-miller-artisanne-noir-set-de-2-tazas-de-espresso-con-sus-platillos","status":"publish","type":"product","link":"https:\/\/www.erresse-shop.it\/es\/shop\/tabla\/tazas\/portmeirion-sara-miller-artisanne-noir-set-de-2-tazas-de-espresso-con-sus-platillos\/","title":{"rendered":"PORTMEIRION Sara Miller Artisanne Noir Set de 2 tazas de espresso con sus platillos"},"content":{"rendered":"<p>A\u00f1ade un toque de elegancia a tu caf\u00e9 matutino con este precioso juego de tazas y platillos de porcelana de Sara Miller London. Con motivos de las colecciones Artisanne Noir, Bohemia y Mandala, est\u00e1n elaborados en un llamativo dise\u00f1o monocrom\u00e1tico con delicados detalles dorados brillantes. El dise\u00f1o envuelve el cuerpo de cada taza y se extiende con gracia por el borde exterior de cada platillo. Presentado en una elegante caja de regalo, este juego es el obsequio perfecto para un amigo amante del caf\u00e9.<\/p>\n<p><strong>Detalles del producto:<\/strong><\/p>\n<p>Pa\u00eds de fabricaci\u00f3n: Indonesia<br \/>\nMaterial: 100% porcelana<br \/>\nAltura: 5,8 cm<br \/>\nAncho: 12 cm<br \/>\nProfundidad: 11,7 cm<br \/>\nCapacidad: 75 ml<\/p>\n","protected":false},"excerpt":{"rendered":"<p>A\u00f1ade un toque de elegancia a tu caf\u00e9 matutino con este precioso juego de tazas y platillos de porcelana de<\/p>\n","protected":false},"featured_media":517083,"template":"","meta":{"_acf_changed":false,"inline_featured_image":false},"product_cat":[16027,16034],"product_tag":[19361,23912,16475,21646,21940],"acf":[],"yoast_head":"<!-- This site is optimized with the Yoast SEO Premium plugin v18.6 (Yoast SEO v19.13) - https:\/\/yoast.com\/wordpress\/plugins\/seo\/ -->\n<title>PORTMEIRION Sara Miller Artisanne Noir Set de 2 tazas de espresso con sus platillos - Erresse Shop<\/title>\n<meta name=\"description\" content=\"A\u00f1ade un toque de elegancia a tu caf\u00e9 matutino con este precioso juego de tazas y platillos de porcelana de Sara Miller London. Con motivos de las\" \/>\n<meta name=\"robots\" content=\"index, follow, max-snippet:-1, max-image-preview:large, max-video-preview:-1\" \/>\n<link rel=\"canonical\" href=\"https:\/\/www.erresse-shop.it\/es\/shop\/tabla\/tazas\/portmeirion-sara-miller-artisanne-noir-set-de-2-tazas-de-espresso-con-sus-platillos\/\" \/>\n<meta property=\"og:locale\" content=\"es_ES\" \/>\n<meta property=\"og:type\" content=\"article\" \/>\n<meta property=\"og:title\" content=\"PORTMEIRION Sara Miller Artisanne Noir Set de 2 tazas de espresso con sus platillos\" \/>\n<meta property=\"og:description\" content=\"A\u00f1ade un toque de elegancia a tu caf\u00e9 matutino con este precioso juego de tazas y platillos de porcelana de Sara Miller London. Con motivos de las\" \/>\n<meta property=\"og:url\" content=\"https:\/\/www.erresse-shop.it\/es\/shop\/tabla\/tazas\/portmeirion-sara-miller-artisanne-noir-set-de-2-tazas-de-espresso-con-sus-platillos\/\" \/>\n<meta property=\"og:site_name\" content=\"Erresse Shop\" \/>\n<meta property=\"article:modified_time\" content=\"2025-11-20T13:06:34+00:00\" \/>\n<meta property=\"og:image\" content=\"https:\/\/www.erresse-shop.it\/wp-content\/uploads\/2025\/11\/PORTMEIRION-Sara-Miller-Artisanne-Noir-Set-di-2-tazzine-da-caffe-espresso-e-piattini.jpg\" \/>\n\t<meta property=\"og:image:width\" content=\"1200\" \/>\n\t<meta property=\"og:image:height\" content=\"1200\" \/>\n\t<meta property=\"og:image:type\" content=\"image\/jpeg\" \/>\n<meta name=\"twitter:card\" content=\"summary_large_image\" \/>\n<script type=\"application\/ld+json\" class=\"yoast-schema-graph\">{\"@context\":\"https:\/\/schema.org\",\"@graph\":[{\"@type\":\"WebPage\",\"@id\":\"https:\/\/www.erresse-shop.it\/es\/shop\/tabla\/tazas\/portmeirion-sara-miller-artisanne-noir-set-de-2-tazas-de-espresso-con-sus-platillos\/\",\"url\":\"https:\/\/www.erresse-shop.it\/es\/shop\/tabla\/tazas\/portmeirion-sara-miller-artisanne-noir-set-de-2-tazas-de-espresso-con-sus-platillos\/\",\"name\":\"PORTMEIRION Sara Miller Artisanne Noir Set de 2 tazas de espresso con sus platillos - Erresse Shop\",\"isPartOf\":{\"@id\":\"https:\/\/www.erresse-shop.it\/es\/#website\"},\"datePublished\":\"2025-11-20T11:57:07+00:00\",\"dateModified\":\"2025-11-20T13:06:34+00:00\",\"description\":\"A\u00f1ade un toque de elegancia a tu caf\u00e9 matutino con este precioso juego de tazas y platillos de porcelana de Sara Miller London. Con motivos de las\",\"breadcrumb\":{\"@id\":\"https:\/\/www.erresse-shop.it\/es\/shop\/tabla\/tazas\/portmeirion-sara-miller-artisanne-noir-set-de-2-tazas-de-espresso-con-sus-platillos\/#breadcrumb\"},\"inLanguage\":\"es\",\"potentialAction\":[{\"@type\":\"ReadAction\",\"target\":[\"https:\/\/www.erresse-shop.it\/es\/shop\/tabla\/tazas\/portmeirion-sara-miller-artisanne-noir-set-de-2-tazas-de-espresso-con-sus-platillos\/\"]}]},{\"@type\":\"BreadcrumbList\",\"@id\":\"https:\/\/www.erresse-shop.it\/es\/shop\/tabla\/tazas\/portmeirion-sara-miller-artisanne-noir-set-de-2-tazas-de-espresso-con-sus-platillos\/#breadcrumb\",\"itemListElement\":[{\"@type\":\"ListItem\",\"position\":1,\"name\":\"Home\",\"item\":\"https:\/\/www.erresse-shop.it\/es\/\"},{\"@type\":\"ListItem\",\"position\":2,\"name\":\"Shop\",\"item\":\"https:\/\/www.erresse-shop.it\/es\/shop\/\"},{\"@type\":\"ListItem\",\"position\":3,\"name\":\"PORTMEIRION Sara Miller Artisanne Noir Set de 2 tazas de espresso con sus platillos\"}]},{\"@type\":\"WebSite\",\"@id\":\"https:\/\/www.erresse-shop.it\/es\/#website\",\"url\":\"https:\/\/www.erresse-shop.it\/es\/\",\"name\":\"Erresse Shop\",\"description\":\"Articoli di qualit\u00e0 per la casa\",\"potentialAction\":[{\"@type\":\"SearchAction\",\"target\":{\"@type\":\"EntryPoint\",\"urlTemplate\":\"https:\/\/www.erresse-shop.it\/es\/?s={search_term_string}\"},\"query-input\":\"required name=search_term_string\"}],\"inLanguage\":\"es\"}]}<\/script>\n<!-- \/ Yoast SEO Premium plugin. -->","yoast_head_json":{"title":"PORTMEIRION Sara Miller Artisanne Noir Set de 2 tazas de espresso con sus platillos - Erresse Shop","description":"A\u00f1ade un toque de elegancia a tu caf\u00e9 matutino con este precioso juego de tazas y platillos de porcelana de Sara Miller London. Con motivos de las","robots":{"index":"index","follow":"follow","max-snippet":"max-snippet:-1","max-image-preview":"max-image-preview:large","max-video-preview":"max-video-preview:-1"},"canonical":"https:\/\/www.erresse-shop.it\/es\/shop\/tabla\/tazas\/portmeirion-sara-miller-artisanne-noir-set-de-2-tazas-de-espresso-con-sus-platillos\/","og_locale":"es_ES","og_type":"article","og_title":"PORTMEIRION Sara Miller Artisanne Noir Set de 2 tazas de espresso con sus platillos","og_description":"A\u00f1ade un toque de elegancia a tu caf\u00e9 matutino con este precioso juego de tazas y platillos de porcelana de Sara Miller London. Con motivos de las","og_url":"https:\/\/www.erresse-shop.it\/es\/shop\/tabla\/tazas\/portmeirion-sara-miller-artisanne-noir-set-de-2-tazas-de-espresso-con-sus-platillos\/","og_site_name":"Erresse Shop","article_modified_time":"2025-11-20T13:06:34+00:00","og_image":[{"width":1200,"height":1200,"url":"https:\/\/www.erresse-shop.it\/wp-content\/uploads\/2025\/11\/PORTMEIRION-Sara-Miller-Artisanne-Noir-Set-di-2-tazzine-da-caffe-espresso-e-piattini.jpg","type":"image\/jpeg"}],"twitter_card":"summary_large_image","schema":{"@context":"https:\/\/schema.org","@graph":[{"@type":"WebPage","@id":"https:\/\/www.erresse-shop.it\/es\/shop\/tabla\/tazas\/portmeirion-sara-miller-artisanne-noir-set-de-2-tazas-de-espresso-con-sus-platillos\/","url":"https:\/\/www.erresse-shop.it\/es\/shop\/tabla\/tazas\/portmeirion-sara-miller-artisanne-noir-set-de-2-tazas-de-espresso-con-sus-platillos\/","name":"PORTMEIRION Sara Miller Artisanne Noir Set de 2 tazas de espresso con sus platillos - Erresse Shop","isPartOf":{"@id":"https:\/\/www.erresse-shop.it\/es\/#website"},"datePublished":"2025-11-20T11:57:07+00:00","dateModified":"2025-11-20T13:06:34+00:00","description":"A\u00f1ade un toque de elegancia a tu caf\u00e9 matutino con este precioso juego de tazas y platillos de porcelana de Sara Miller London. Con motivos de las","breadcrumb":{"@id":"https:\/\/www.erresse-shop.it\/es\/shop\/tabla\/tazas\/portmeirion-sara-miller-artisanne-noir-set-de-2-tazas-de-espresso-con-sus-platillos\/#breadcrumb"},"inLanguage":"es","potentialAction":[{"@type":"ReadAction","target":["https:\/\/www.erresse-shop.it\/es\/shop\/tabla\/tazas\/portmeirion-sara-miller-artisanne-noir-set-de-2-tazas-de-espresso-con-sus-platillos\/"]}]},{"@type":"BreadcrumbList","@id":"https:\/\/www.erresse-shop.it\/es\/shop\/tabla\/tazas\/portmeirion-sara-miller-artisanne-noir-set-de-2-tazas-de-espresso-con-sus-platillos\/#breadcrumb","itemListElement":[{"@type":"ListItem","position":1,"name":"Home","item":"https:\/\/www.erresse-shop.it\/es\/"},{"@type":"ListItem","position":2,"name":"Shop","item":"https:\/\/www.erresse-shop.it\/es\/shop\/"},{"@type":"ListItem","position":3,"name":"PORTMEIRION Sara Miller Artisanne Noir Set de 2 tazas de espresso con sus platillos"}]},{"@type":"WebSite","@id":"https:\/\/www.erresse-shop.it\/es\/#website","url":"https:\/\/www.erresse-shop.it\/es\/","name":"Erresse Shop","description":"Articoli di qualit\u00e0 per la casa","potentialAction":[{"@type":"SearchAction","target":{"@type":"EntryPoint","urlTemplate":"https:\/\/www.erresse-shop.it\/es\/?s={search_term_string}"},"query-input":"required name=search_term_string"}],"inLanguage":"es"}]}},"df_price":49.95,"df_sale_price":49.95,"df_regular_price":62,"df_image_link":"https:\/\/www.erresse-shop.it\/wp-content\/uploads\/2025\/11\/PORTMEIRION-Sara-Miller-Artisanne-Noir-Set-di-2-tazzine-da-caffe-espresso-e-piattini-300x300.jpg","_links":{"self":[{"href":"https:\/\/www.erresse-shop.it\/es\/wp-json\/wp\/v2\/product\/517065"}],"collection":[{"href":"https:\/\/www.erresse-shop.it\/es\/wp-json\/wp\/v2\/product"}],"about":[{"href":"https:\/\/www.erresse-shop.it\/es\/wp-json\/wp\/v2\/types\/product"}],"wp:featuredmedia":[{"embeddable":true,"href":"https:\/\/www.erresse-shop.it\/es\/wp-json\/wp\/v2\/media\/517083"}],"wp:attachment":[{"href":"https:\/\/www.erresse-shop.it\/es\/wp-json\/wp\/v2\/media?parent=517065"}],"wp:term":[{"taxonomy":"product_cat","embeddable":true,"href":"https:\/\/www.erresse-shop.it\/es\/wp-json\/wp\/v2\/product_cat?post=517065"},{"taxonomy":"product_tag","embeddable":true,"href":"https:\/\/www.erresse-shop.it\/es\/wp-json\/wp\/v2\/product_tag?post=517065"}],"curies":[{"name":"wp","href":"https:\/\/api.w.org\/{rel}","templated":true}]}}