{"id":517042,"date":"2025-11-20T11:42:29","date_gmt":"2025-11-20T11:42:33","guid":{"rendered":"https:\/\/www.erresse-shop.it\/?post_type=product&#038;p=517042"},"modified":"2025-11-20T11:53:16","modified_gmt":"2025-11-20T11:53:16","slug":"portmeirion-sara-miller-artisanne-noir-set-de-4-tazas","status":"publish","type":"product","link":"https:\/\/www.erresse-shop.it\/es\/shop\/tabla\/tazas\/portmeirion-sara-miller-artisanne-noir-set-de-4-tazas\/","title":{"rendered":"PORTMEIRION Sara Miller Artisanne Noir Set de 4 tazas"},"content":{"rendered":"<p>Combinando un dise\u00f1o encantador con influencias culturales de todo el mundo, este juego de 4 tazas de la colecci\u00f3n Artisanne Noir es un complemento imprescindible para tu hogar. Presenta cuatro dise\u00f1os de Sara Miller London \u2014Bohemian, Lotus, Mandala y Paisley\u2014 en una llamativa paleta monocrom\u00e1tica, con delicados detalles dorados que embellecen sutilmente cada taza para un toque de lujo discreto. Presume de ellas cuando recibas invitados o disfr\u00fatalas a diario con tu bebida caliente favorita. Aptas para lavavajillas y microondas, estas tazas son tan pr\u00e1cticas como hermosas.<\/p>\n<p><strong>Detalles del producto:<\/strong><\/p>\n<p><strong>Pa\u00eds de fabricaci\u00f3n:<\/strong> Indonesia<br \/>\n<strong>Material:<\/strong> 100% Porcelana<br \/>\n<strong>Altura:<\/strong> 8,3 cm<br \/>\n<strong>Ancho:<\/strong> 14 cm<br \/>\n<strong>Profundidad:<\/strong> 10,9 cm<br \/>\n<strong>Capacidad:<\/strong> 400 ml<\/p>\n","protected":false},"excerpt":{"rendered":"<p>Combinando un dise\u00f1o encantador con influencias culturales de todo el mundo, este juego de 4 tazas de la colecci\u00f3n Artisanne<\/p>\n","protected":false},"featured_media":517060,"template":"","meta":{"_acf_changed":false,"inline_featured_image":false},"product_cat":[16027,16034],"product_tag":[19361,23912,16342,17518],"acf":[],"yoast_head":"<!-- This site is optimized with the Yoast SEO Premium plugin v18.6 (Yoast SEO v19.13) - https:\/\/yoast.com\/wordpress\/plugins\/seo\/ -->\n<title>PORTMEIRION Sara Miller Artisanne Noir Set de 4 tazas - Erresse Shop<\/title>\n<meta name=\"description\" content=\"Combinando un dise\u00f1o encantador con influencias culturales de todo el mundo, este juego de 4 tazas de la colecci\u00f3n Artisanne Noir es un complemento\" \/>\n<meta name=\"robots\" content=\"index, follow, max-snippet:-1, max-image-preview:large, max-video-preview:-1\" \/>\n<link rel=\"canonical\" href=\"https:\/\/www.erresse-shop.it\/es\/shop\/tabla\/tazas\/portmeirion-sara-miller-artisanne-noir-set-de-4-tazas\/\" \/>\n<meta property=\"og:locale\" content=\"es_ES\" \/>\n<meta property=\"og:type\" content=\"article\" \/>\n<meta property=\"og:title\" content=\"PORTMEIRION Sara Miller Artisanne Noir Set de 4 tazas\" \/>\n<meta property=\"og:description\" content=\"Combinando un dise\u00f1o encantador con influencias culturales de todo el mundo, este juego de 4 tazas de la colecci\u00f3n Artisanne Noir es un complemento\" \/>\n<meta property=\"og:url\" content=\"https:\/\/www.erresse-shop.it\/es\/shop\/tabla\/tazas\/portmeirion-sara-miller-artisanne-noir-set-de-4-tazas\/\" \/>\n<meta property=\"og:site_name\" content=\"Erresse Shop\" \/>\n<meta property=\"article:modified_time\" content=\"2025-11-20T11:53:16+00:00\" \/>\n<meta property=\"og:image\" content=\"https:\/\/www.erresse-shop.it\/wp-content\/uploads\/2025\/11\/PORTMEIRION-Sara-Miller-Artisanne-Noir-Set-4-Tazze.jpg\" \/>\n\t<meta property=\"og:image:width\" content=\"1200\" \/>\n\t<meta property=\"og:image:height\" content=\"1200\" \/>\n\t<meta property=\"og:image:type\" content=\"image\/jpeg\" \/>\n<meta name=\"twitter:card\" content=\"summary_large_image\" \/>\n<script type=\"application\/ld+json\" class=\"yoast-schema-graph\">{\"@context\":\"https:\/\/schema.org\",\"@graph\":[{\"@type\":\"WebPage\",\"@id\":\"https:\/\/www.erresse-shop.it\/es\/shop\/tabla\/tazas\/portmeirion-sara-miller-artisanne-noir-set-de-4-tazas\/\",\"url\":\"https:\/\/www.erresse-shop.it\/es\/shop\/tabla\/tazas\/portmeirion-sara-miller-artisanne-noir-set-de-4-tazas\/\",\"name\":\"PORTMEIRION Sara Miller Artisanne Noir Set de 4 tazas - Erresse Shop\",\"isPartOf\":{\"@id\":\"https:\/\/www.erresse-shop.it\/es\/#website\"},\"datePublished\":\"2025-11-20T11:42:33+00:00\",\"dateModified\":\"2025-11-20T11:53:16+00:00\",\"description\":\"Combinando un dise\u00f1o encantador con influencias culturales de todo el mundo, este juego de 4 tazas de la colecci\u00f3n Artisanne Noir es un complemento\",\"breadcrumb\":{\"@id\":\"https:\/\/www.erresse-shop.it\/es\/shop\/tabla\/tazas\/portmeirion-sara-miller-artisanne-noir-set-de-4-tazas\/#breadcrumb\"},\"inLanguage\":\"es\",\"potentialAction\":[{\"@type\":\"ReadAction\",\"target\":[\"https:\/\/www.erresse-shop.it\/es\/shop\/tabla\/tazas\/portmeirion-sara-miller-artisanne-noir-set-de-4-tazas\/\"]}]},{\"@type\":\"BreadcrumbList\",\"@id\":\"https:\/\/www.erresse-shop.it\/es\/shop\/tabla\/tazas\/portmeirion-sara-miller-artisanne-noir-set-de-4-tazas\/#breadcrumb\",\"itemListElement\":[{\"@type\":\"ListItem\",\"position\":1,\"name\":\"Home\",\"item\":\"https:\/\/www.erresse-shop.it\/es\/\"},{\"@type\":\"ListItem\",\"position\":2,\"name\":\"Shop\",\"item\":\"https:\/\/www.erresse-shop.it\/es\/shop\/\"},{\"@type\":\"ListItem\",\"position\":3,\"name\":\"PORTMEIRION Sara Miller Artisanne Noir Set de 4 tazas\"}]},{\"@type\":\"WebSite\",\"@id\":\"https:\/\/www.erresse-shop.it\/es\/#website\",\"url\":\"https:\/\/www.erresse-shop.it\/es\/\",\"name\":\"Erresse Shop\",\"description\":\"Articoli di qualit\u00e0 per la casa\",\"potentialAction\":[{\"@type\":\"SearchAction\",\"target\":{\"@type\":\"EntryPoint\",\"urlTemplate\":\"https:\/\/www.erresse-shop.it\/es\/?s={search_term_string}\"},\"query-input\":\"required name=search_term_string\"}],\"inLanguage\":\"es\"}]}<\/script>\n<!-- \/ Yoast SEO Premium plugin. -->","yoast_head_json":{"title":"PORTMEIRION Sara Miller Artisanne Noir Set de 4 tazas - Erresse Shop","description":"Combinando un dise\u00f1o encantador con influencias culturales de todo el mundo, este juego de 4 tazas de la colecci\u00f3n Artisanne Noir es un complemento","robots":{"index":"index","follow":"follow","max-snippet":"max-snippet:-1","max-image-preview":"max-image-preview:large","max-video-preview":"max-video-preview:-1"},"canonical":"https:\/\/www.erresse-shop.it\/es\/shop\/tabla\/tazas\/portmeirion-sara-miller-artisanne-noir-set-de-4-tazas\/","og_locale":"es_ES","og_type":"article","og_title":"PORTMEIRION Sara Miller Artisanne Noir Set de 4 tazas","og_description":"Combinando un dise\u00f1o encantador con influencias culturales de todo el mundo, este juego de 4 tazas de la colecci\u00f3n Artisanne Noir es un complemento","og_url":"https:\/\/www.erresse-shop.it\/es\/shop\/tabla\/tazas\/portmeirion-sara-miller-artisanne-noir-set-de-4-tazas\/","og_site_name":"Erresse Shop","article_modified_time":"2025-11-20T11:53:16+00:00","og_image":[{"width":1200,"height":1200,"url":"https:\/\/www.erresse-shop.it\/wp-content\/uploads\/2025\/11\/PORTMEIRION-Sara-Miller-Artisanne-Noir-Set-4-Tazze.jpg","type":"image\/jpeg"}],"twitter_card":"summary_large_image","schema":{"@context":"https:\/\/schema.org","@graph":[{"@type":"WebPage","@id":"https:\/\/www.erresse-shop.it\/es\/shop\/tabla\/tazas\/portmeirion-sara-miller-artisanne-noir-set-de-4-tazas\/","url":"https:\/\/www.erresse-shop.it\/es\/shop\/tabla\/tazas\/portmeirion-sara-miller-artisanne-noir-set-de-4-tazas\/","name":"PORTMEIRION Sara Miller Artisanne Noir Set de 4 tazas - Erresse Shop","isPartOf":{"@id":"https:\/\/www.erresse-shop.it\/es\/#website"},"datePublished":"2025-11-20T11:42:33+00:00","dateModified":"2025-11-20T11:53:16+00:00","description":"Combinando un dise\u00f1o encantador con influencias culturales de todo el mundo, este juego de 4 tazas de la colecci\u00f3n Artisanne Noir es un complemento","breadcrumb":{"@id":"https:\/\/www.erresse-shop.it\/es\/shop\/tabla\/tazas\/portmeirion-sara-miller-artisanne-noir-set-de-4-tazas\/#breadcrumb"},"inLanguage":"es","potentialAction":[{"@type":"ReadAction","target":["https:\/\/www.erresse-shop.it\/es\/shop\/tabla\/tazas\/portmeirion-sara-miller-artisanne-noir-set-de-4-tazas\/"]}]},{"@type":"BreadcrumbList","@id":"https:\/\/www.erresse-shop.it\/es\/shop\/tabla\/tazas\/portmeirion-sara-miller-artisanne-noir-set-de-4-tazas\/#breadcrumb","itemListElement":[{"@type":"ListItem","position":1,"name":"Home","item":"https:\/\/www.erresse-shop.it\/es\/"},{"@type":"ListItem","position":2,"name":"Shop","item":"https:\/\/www.erresse-shop.it\/es\/shop\/"},{"@type":"ListItem","position":3,"name":"PORTMEIRION Sara Miller Artisanne Noir Set de 4 tazas"}]},{"@type":"WebSite","@id":"https:\/\/www.erresse-shop.it\/es\/#website","url":"https:\/\/www.erresse-shop.it\/es\/","name":"Erresse Shop","description":"Articoli di qualit\u00e0 per la casa","potentialAction":[{"@type":"SearchAction","target":{"@type":"EntryPoint","urlTemplate":"https:\/\/www.erresse-shop.it\/es\/?s={search_term_string}"},"query-input":"required name=search_term_string"}],"inLanguage":"es"}]}},"df_price":74.95,"df_sale_price":74.95,"df_regular_price":111.9,"df_image_link":"https:\/\/www.erresse-shop.it\/wp-content\/uploads\/2025\/11\/PORTMEIRION-Sara-Miller-Artisanne-Noir-Set-4-Tazze-300x300.jpg","_links":{"self":[{"href":"https:\/\/www.erresse-shop.it\/es\/wp-json\/wp\/v2\/product\/517042"}],"collection":[{"href":"https:\/\/www.erresse-shop.it\/es\/wp-json\/wp\/v2\/product"}],"about":[{"href":"https:\/\/www.erresse-shop.it\/es\/wp-json\/wp\/v2\/types\/product"}],"wp:featuredmedia":[{"embeddable":true,"href":"https:\/\/www.erresse-shop.it\/es\/wp-json\/wp\/v2\/media\/517060"}],"wp:attachment":[{"href":"https:\/\/www.erresse-shop.it\/es\/wp-json\/wp\/v2\/media?parent=517042"}],"wp:term":[{"taxonomy":"product_cat","embeddable":true,"href":"https:\/\/www.erresse-shop.it\/es\/wp-json\/wp\/v2\/product_cat?post=517042"},{"taxonomy":"product_tag","embeddable":true,"href":"https:\/\/www.erresse-shop.it\/es\/wp-json\/wp\/v2\/product_tag?post=517042"}],"curies":[{"name":"wp","href":"https:\/\/api.w.org\/{rel}","templated":true}]}}