{"id":517013,"date":"2025-11-20T11:29:54","date_gmt":"2025-11-20T11:29:58","guid":{"rendered":"https:\/\/www.erresse-shop.it\/?post_type=product&#038;p=517013"},"modified":"2025-11-20T11:39:19","modified_gmt":"2025-11-20T11:39:19","slug":"portmeirion-sara-miller-artisanne-noir-set-de-4-tazones-para-cereales-15-cm","status":"publish","type":"product","link":"https:\/\/www.erresse-shop.it\/es\/shop\/tabla\/cestas-y-cuencos\/portmeirion-sara-miller-artisanne-noir-set-de-4-tazones-para-cereales-15-cm\/","title":{"rendered":"PORTMEIRION Sara Miller Artisanne Noir Set de 4 tazones para cereales 15 cm"},"content":{"rendered":"<p>El llamativo dise\u00f1o monocrom\u00e1tico y los delicados detalles dorados convierten estos cuencos para cereales de Sara Miller London en un imprescindible para tu vajilla. Parte de la encantadora colecci\u00f3n Artisanne Noir, los cuatro dise\u00f1os combinables que se presentan en el conjunto capturan a la perfecci\u00f3n la esencia de la cocina marroqu\u00ed y de Oriente Medio. Los estampados Bohemia, Mandala, Lotus y Paisley envuelven delicadamente cada cuenco de porcelana, creando una atm\u00f3sfera irresistible, perfecta para el desayuno, el almuerzo o la cena.<\/p>\n<p><strong>Detalles del producto:<\/strong><\/p>\n<p><strong>Pa\u00eds de fabricaci\u00f3n:<\/strong> Indonesia<br \/>\n<strong>Material:<\/strong> 100% Porcelana<br \/>\n<strong>Altura:<\/strong> 6,4 cm<br \/>\n<strong>Ancho:<\/strong> 14,8 cm<br \/>\n<strong>Profundidad:<\/strong> 14,8 cm<br \/>\n<strong>Capacidad:<\/strong> 540 ml<\/p>\n","protected":false},"excerpt":{"rendered":"<p>El llamativo dise\u00f1o monocrom\u00e1tico y los delicados detalles dorados convierten estos cuencos para cereales de Sara Miller London en un<\/p>\n","protected":false},"featured_media":517037,"template":"","meta":{"_acf_changed":false,"inline_featured_image":false},"product_cat":[16037,16027],"product_tag":[19361,23912,21616,21613,16368],"acf":[],"yoast_head":"<!-- This site is optimized with the Yoast SEO Premium plugin v18.6 (Yoast SEO v19.13) - https:\/\/yoast.com\/wordpress\/plugins\/seo\/ -->\n<title>PORTMEIRION Sara Miller Artisanne Noir Set de 4 tazones para cereales 15 cm - Erresse Shop<\/title>\n<meta name=\"description\" content=\"El llamativo dise\u00f1o monocrom\u00e1tico y los delicados detalles dorados convierten estos cuencos para cereales de Sara Miller London en un imprescindible para\" \/>\n<meta name=\"robots\" content=\"index, follow, max-snippet:-1, max-image-preview:large, max-video-preview:-1\" \/>\n<link rel=\"canonical\" href=\"https:\/\/www.erresse-shop.it\/es\/shop\/tabla\/cestas-y-cuencos\/portmeirion-sara-miller-artisanne-noir-set-de-4-tazones-para-cereales-15-cm\/\" \/>\n<meta property=\"og:locale\" content=\"es_ES\" \/>\n<meta property=\"og:type\" content=\"article\" \/>\n<meta property=\"og:title\" content=\"PORTMEIRION Sara Miller Artisanne Noir Set de 4 tazones para cereales 15 cm\" \/>\n<meta property=\"og:description\" content=\"El llamativo dise\u00f1o monocrom\u00e1tico y los delicados detalles dorados convierten estos cuencos para cereales de Sara Miller London en un imprescindible para\" \/>\n<meta property=\"og:url\" content=\"https:\/\/www.erresse-shop.it\/es\/shop\/tabla\/cestas-y-cuencos\/portmeirion-sara-miller-artisanne-noir-set-de-4-tazones-para-cereales-15-cm\/\" \/>\n<meta property=\"og:site_name\" content=\"Erresse Shop\" \/>\n<meta property=\"article:modified_time\" content=\"2025-11-20T11:39:19+00:00\" \/>\n<meta property=\"og:image\" content=\"https:\/\/www.erresse-shop.it\/wp-content\/uploads\/2025\/11\/PORTMEIRION-Sara-Miller-Artisanne-Noir-Set-4-Ciotole-Per-Cereali.jpg\" \/>\n\t<meta property=\"og:image:width\" content=\"1200\" \/>\n\t<meta property=\"og:image:height\" content=\"1200\" \/>\n\t<meta property=\"og:image:type\" content=\"image\/jpeg\" \/>\n<meta name=\"twitter:card\" content=\"summary_large_image\" \/>\n<script type=\"application\/ld+json\" class=\"yoast-schema-graph\">{\"@context\":\"https:\/\/schema.org\",\"@graph\":[{\"@type\":\"WebPage\",\"@id\":\"https:\/\/www.erresse-shop.it\/es\/shop\/tabla\/cestas-y-cuencos\/portmeirion-sara-miller-artisanne-noir-set-de-4-tazones-para-cereales-15-cm\/\",\"url\":\"https:\/\/www.erresse-shop.it\/es\/shop\/tabla\/cestas-y-cuencos\/portmeirion-sara-miller-artisanne-noir-set-de-4-tazones-para-cereales-15-cm\/\",\"name\":\"PORTMEIRION Sara Miller Artisanne Noir Set de 4 tazones para cereales 15 cm - Erresse Shop\",\"isPartOf\":{\"@id\":\"https:\/\/www.erresse-shop.it\/es\/#website\"},\"datePublished\":\"2025-11-20T11:29:58+00:00\",\"dateModified\":\"2025-11-20T11:39:19+00:00\",\"description\":\"El llamativo dise\u00f1o monocrom\u00e1tico y los delicados detalles dorados convierten estos cuencos para cereales de Sara Miller London en un imprescindible para\",\"breadcrumb\":{\"@id\":\"https:\/\/www.erresse-shop.it\/es\/shop\/tabla\/cestas-y-cuencos\/portmeirion-sara-miller-artisanne-noir-set-de-4-tazones-para-cereales-15-cm\/#breadcrumb\"},\"inLanguage\":\"es\",\"potentialAction\":[{\"@type\":\"ReadAction\",\"target\":[\"https:\/\/www.erresse-shop.it\/es\/shop\/tabla\/cestas-y-cuencos\/portmeirion-sara-miller-artisanne-noir-set-de-4-tazones-para-cereales-15-cm\/\"]}]},{\"@type\":\"BreadcrumbList\",\"@id\":\"https:\/\/www.erresse-shop.it\/es\/shop\/tabla\/cestas-y-cuencos\/portmeirion-sara-miller-artisanne-noir-set-de-4-tazones-para-cereales-15-cm\/#breadcrumb\",\"itemListElement\":[{\"@type\":\"ListItem\",\"position\":1,\"name\":\"Home\",\"item\":\"https:\/\/www.erresse-shop.it\/es\/\"},{\"@type\":\"ListItem\",\"position\":2,\"name\":\"Shop\",\"item\":\"https:\/\/www.erresse-shop.it\/es\/shop\/\"},{\"@type\":\"ListItem\",\"position\":3,\"name\":\"PORTMEIRION Sara Miller Artisanne Noir Set de 4 tazones para cereales 15 cm\"}]},{\"@type\":\"WebSite\",\"@id\":\"https:\/\/www.erresse-shop.it\/es\/#website\",\"url\":\"https:\/\/www.erresse-shop.it\/es\/\",\"name\":\"Erresse Shop\",\"description\":\"Articoli di qualit\u00e0 per la casa\",\"potentialAction\":[{\"@type\":\"SearchAction\",\"target\":{\"@type\":\"EntryPoint\",\"urlTemplate\":\"https:\/\/www.erresse-shop.it\/es\/?s={search_term_string}\"},\"query-input\":\"required name=search_term_string\"}],\"inLanguage\":\"es\"}]}<\/script>\n<!-- \/ Yoast SEO Premium plugin. -->","yoast_head_json":{"title":"PORTMEIRION Sara Miller Artisanne Noir Set de 4 tazones para cereales 15 cm - Erresse Shop","description":"El llamativo dise\u00f1o monocrom\u00e1tico y los delicados detalles dorados convierten estos cuencos para cereales de Sara Miller London en un imprescindible para","robots":{"index":"index","follow":"follow","max-snippet":"max-snippet:-1","max-image-preview":"max-image-preview:large","max-video-preview":"max-video-preview:-1"},"canonical":"https:\/\/www.erresse-shop.it\/es\/shop\/tabla\/cestas-y-cuencos\/portmeirion-sara-miller-artisanne-noir-set-de-4-tazones-para-cereales-15-cm\/","og_locale":"es_ES","og_type":"article","og_title":"PORTMEIRION Sara Miller Artisanne Noir Set de 4 tazones para cereales 15 cm","og_description":"El llamativo dise\u00f1o monocrom\u00e1tico y los delicados detalles dorados convierten estos cuencos para cereales de Sara Miller London en un imprescindible para","og_url":"https:\/\/www.erresse-shop.it\/es\/shop\/tabla\/cestas-y-cuencos\/portmeirion-sara-miller-artisanne-noir-set-de-4-tazones-para-cereales-15-cm\/","og_site_name":"Erresse Shop","article_modified_time":"2025-11-20T11:39:19+00:00","og_image":[{"width":1200,"height":1200,"url":"https:\/\/www.erresse-shop.it\/wp-content\/uploads\/2025\/11\/PORTMEIRION-Sara-Miller-Artisanne-Noir-Set-4-Ciotole-Per-Cereali.jpg","type":"image\/jpeg"}],"twitter_card":"summary_large_image","schema":{"@context":"https:\/\/schema.org","@graph":[{"@type":"WebPage","@id":"https:\/\/www.erresse-shop.it\/es\/shop\/tabla\/cestas-y-cuencos\/portmeirion-sara-miller-artisanne-noir-set-de-4-tazones-para-cereales-15-cm\/","url":"https:\/\/www.erresse-shop.it\/es\/shop\/tabla\/cestas-y-cuencos\/portmeirion-sara-miller-artisanne-noir-set-de-4-tazones-para-cereales-15-cm\/","name":"PORTMEIRION Sara Miller Artisanne Noir Set de 4 tazones para cereales 15 cm - Erresse Shop","isPartOf":{"@id":"https:\/\/www.erresse-shop.it\/es\/#website"},"datePublished":"2025-11-20T11:29:58+00:00","dateModified":"2025-11-20T11:39:19+00:00","description":"El llamativo dise\u00f1o monocrom\u00e1tico y los delicados detalles dorados convierten estos cuencos para cereales de Sara Miller London en un imprescindible para","breadcrumb":{"@id":"https:\/\/www.erresse-shop.it\/es\/shop\/tabla\/cestas-y-cuencos\/portmeirion-sara-miller-artisanne-noir-set-de-4-tazones-para-cereales-15-cm\/#breadcrumb"},"inLanguage":"es","potentialAction":[{"@type":"ReadAction","target":["https:\/\/www.erresse-shop.it\/es\/shop\/tabla\/cestas-y-cuencos\/portmeirion-sara-miller-artisanne-noir-set-de-4-tazones-para-cereales-15-cm\/"]}]},{"@type":"BreadcrumbList","@id":"https:\/\/www.erresse-shop.it\/es\/shop\/tabla\/cestas-y-cuencos\/portmeirion-sara-miller-artisanne-noir-set-de-4-tazones-para-cereales-15-cm\/#breadcrumb","itemListElement":[{"@type":"ListItem","position":1,"name":"Home","item":"https:\/\/www.erresse-shop.it\/es\/"},{"@type":"ListItem","position":2,"name":"Shop","item":"https:\/\/www.erresse-shop.it\/es\/shop\/"},{"@type":"ListItem","position":3,"name":"PORTMEIRION Sara Miller Artisanne Noir Set de 4 tazones para cereales 15 cm"}]},{"@type":"WebSite","@id":"https:\/\/www.erresse-shop.it\/es\/#website","url":"https:\/\/www.erresse-shop.it\/es\/","name":"Erresse Shop","description":"Articoli di qualit\u00e0 per la casa","potentialAction":[{"@type":"SearchAction","target":{"@type":"EntryPoint","urlTemplate":"https:\/\/www.erresse-shop.it\/es\/?s={search_term_string}"},"query-input":"required name=search_term_string"}],"inLanguage":"es"}]}},"df_price":72.95,"df_sale_price":72.95,"df_regular_price":107.3,"df_image_link":"https:\/\/www.erresse-shop.it\/wp-content\/uploads\/2025\/11\/PORTMEIRION-Sara-Miller-Artisanne-Noir-Set-4-Ciotole-Per-Cereali-300x300.jpg","_links":{"self":[{"href":"https:\/\/www.erresse-shop.it\/es\/wp-json\/wp\/v2\/product\/517013"}],"collection":[{"href":"https:\/\/www.erresse-shop.it\/es\/wp-json\/wp\/v2\/product"}],"about":[{"href":"https:\/\/www.erresse-shop.it\/es\/wp-json\/wp\/v2\/types\/product"}],"wp:featuredmedia":[{"embeddable":true,"href":"https:\/\/www.erresse-shop.it\/es\/wp-json\/wp\/v2\/media\/517037"}],"wp:attachment":[{"href":"https:\/\/www.erresse-shop.it\/es\/wp-json\/wp\/v2\/media?parent=517013"}],"wp:term":[{"taxonomy":"product_cat","embeddable":true,"href":"https:\/\/www.erresse-shop.it\/es\/wp-json\/wp\/v2\/product_cat?post=517013"},{"taxonomy":"product_tag","embeddable":true,"href":"https:\/\/www.erresse-shop.it\/es\/wp-json\/wp\/v2\/product_tag?post=517013"}],"curies":[{"name":"wp","href":"https:\/\/api.w.org\/{rel}","templated":true}]}}