{"id":516897,"date":"2025-11-20T09:48:38","date_gmt":"2025-11-20T09:48:43","guid":{"rendered":"https:\/\/www.erresse-shop.it\/?post_type=product&#038;p=516897"},"modified":"2025-11-20T10:01:06","modified_gmt":"2025-11-20T10:01:06","slug":"portmeirion-sara-miller-artisanne-noir-set-de-4-platos-de-ensalada","status":"publish","type":"product","link":"https:\/\/www.erresse-shop.it\/es\/shop\/tabla\/platos\/portmeirion-sara-miller-artisanne-noir-set-de-4-platos-de-ensalada\/","title":{"rendered":"PORTMEIRION Sara Miller Artisanne Noir Set de 4 platos de ensalada"},"content":{"rendered":"<p>Con intrincados dise\u00f1os combinables, este juego de 4 platos de ensalada de Sara Miller London es el complemento perfecto para tus reuniones.<\/p>\n<p>Parte de la encantadora colecci\u00f3n Artisanne Noir, inspirada en los viajes de Sara, estos platos de porcelana presentan cuatro llamativos estampados monocrom\u00e1ticos: Bohemia, Mandala, Loto y Paisley.<\/p>\n<p>El dise\u00f1o envuelve delicadamente las curvas de cada plato y est\u00e1 adornado con detalles dorados. Comb\u00ednalos con los platos de servir a juego para crear una composici\u00f3n elegante y original.<\/p>\n<p><strong>Detalles del producto:<\/strong><\/p>\n<p><strong>Pa\u00eds de fabricaci\u00f3n:<\/strong> Indonesia<br \/>\n<strong>Material:<\/strong> 100% Porcelana<br \/>\n<strong>Altura:<\/strong> 2,5 cm<br \/>\n<strong>Ancho:<\/strong> 20,9 cm<br \/>\n<strong>Profundidad:<\/strong> 20,9 cm<\/p>\n","protected":false},"excerpt":{"rendered":"<p>Con intrincados dise\u00f1os combinables, este juego de 4 platos de ensalada de Sara Miller London es el complemento perfecto para<\/p>\n","protected":false},"featured_media":516916,"template":"","meta":{"_acf_changed":false,"inline_featured_image":false},"product_cat":[16031,16027],"product_tag":[19361,23912,16133,16361,16718,19362,21973],"acf":[],"yoast_head":"<!-- This site is optimized with the Yoast SEO Premium plugin v18.6 (Yoast SEO v19.13) - https:\/\/yoast.com\/wordpress\/plugins\/seo\/ -->\n<title>PORTMEIRION Sara Miller Artisanne Noir Set de 4 platos de ensalada - Erresse Shop<\/title>\n<meta name=\"description\" content=\"Con intrincados dise\u00f1os combinables, este juego de 4 platos de ensalada de Sara Miller London es el complemento perfecto para tus reuniones. Parte de la\" \/>\n<meta name=\"robots\" content=\"index, follow, max-snippet:-1, max-image-preview:large, max-video-preview:-1\" \/>\n<link rel=\"canonical\" href=\"https:\/\/www.erresse-shop.it\/es\/shop\/tabla\/platos\/portmeirion-sara-miller-artisanne-noir-set-de-4-platos-de-ensalada\/\" \/>\n<meta property=\"og:locale\" content=\"es_ES\" \/>\n<meta property=\"og:type\" content=\"article\" \/>\n<meta property=\"og:title\" content=\"PORTMEIRION Sara Miller Artisanne Noir Set de 4 platos de ensalada\" \/>\n<meta property=\"og:description\" content=\"Con intrincados dise\u00f1os combinables, este juego de 4 platos de ensalada de Sara Miller London es el complemento perfecto para tus reuniones. Parte de la\" \/>\n<meta property=\"og:url\" content=\"https:\/\/www.erresse-shop.it\/es\/shop\/tabla\/platos\/portmeirion-sara-miller-artisanne-noir-set-de-4-platos-de-ensalada\/\" \/>\n<meta property=\"og:site_name\" content=\"Erresse Shop\" \/>\n<meta property=\"article:modified_time\" content=\"2025-11-20T10:01:06+00:00\" \/>\n<meta property=\"og:image\" content=\"https:\/\/www.erresse-shop.it\/wp-content\/uploads\/2025\/11\/PORTMEIRION-Sara-Miller-Artisanne-Noir-Set-4-Piatti-da-Insalata-21-cm.jpg\" \/>\n\t<meta property=\"og:image:width\" content=\"1200\" \/>\n\t<meta property=\"og:image:height\" content=\"1200\" \/>\n\t<meta property=\"og:image:type\" content=\"image\/jpeg\" \/>\n<meta name=\"twitter:card\" content=\"summary_large_image\" \/>\n<script type=\"application\/ld+json\" class=\"yoast-schema-graph\">{\"@context\":\"https:\/\/schema.org\",\"@graph\":[{\"@type\":\"WebPage\",\"@id\":\"https:\/\/www.erresse-shop.it\/es\/shop\/tabla\/platos\/portmeirion-sara-miller-artisanne-noir-set-de-4-platos-de-ensalada\/\",\"url\":\"https:\/\/www.erresse-shop.it\/es\/shop\/tabla\/platos\/portmeirion-sara-miller-artisanne-noir-set-de-4-platos-de-ensalada\/\",\"name\":\"PORTMEIRION Sara Miller Artisanne Noir Set de 4 platos de ensalada - Erresse Shop\",\"isPartOf\":{\"@id\":\"https:\/\/www.erresse-shop.it\/es\/#website\"},\"datePublished\":\"2025-11-20T09:48:43+00:00\",\"dateModified\":\"2025-11-20T10:01:06+00:00\",\"description\":\"Con intrincados dise\u00f1os combinables, este juego de 4 platos de ensalada de Sara Miller London es el complemento perfecto para tus reuniones. Parte de la\",\"breadcrumb\":{\"@id\":\"https:\/\/www.erresse-shop.it\/es\/shop\/tabla\/platos\/portmeirion-sara-miller-artisanne-noir-set-de-4-platos-de-ensalada\/#breadcrumb\"},\"inLanguage\":\"es\",\"potentialAction\":[{\"@type\":\"ReadAction\",\"target\":[\"https:\/\/www.erresse-shop.it\/es\/shop\/tabla\/platos\/portmeirion-sara-miller-artisanne-noir-set-de-4-platos-de-ensalada\/\"]}]},{\"@type\":\"BreadcrumbList\",\"@id\":\"https:\/\/www.erresse-shop.it\/es\/shop\/tabla\/platos\/portmeirion-sara-miller-artisanne-noir-set-de-4-platos-de-ensalada\/#breadcrumb\",\"itemListElement\":[{\"@type\":\"ListItem\",\"position\":1,\"name\":\"Home\",\"item\":\"https:\/\/www.erresse-shop.it\/es\/\"},{\"@type\":\"ListItem\",\"position\":2,\"name\":\"Shop\",\"item\":\"https:\/\/www.erresse-shop.it\/es\/shop\/\"},{\"@type\":\"ListItem\",\"position\":3,\"name\":\"PORTMEIRION Sara Miller Artisanne Noir Set de 4 platos de ensalada\"}]},{\"@type\":\"WebSite\",\"@id\":\"https:\/\/www.erresse-shop.it\/es\/#website\",\"url\":\"https:\/\/www.erresse-shop.it\/es\/\",\"name\":\"Erresse Shop\",\"description\":\"Articoli di qualit\u00e0 per la casa\",\"potentialAction\":[{\"@type\":\"SearchAction\",\"target\":{\"@type\":\"EntryPoint\",\"urlTemplate\":\"https:\/\/www.erresse-shop.it\/es\/?s={search_term_string}\"},\"query-input\":\"required name=search_term_string\"}],\"inLanguage\":\"es\"}]}<\/script>\n<!-- \/ Yoast SEO Premium plugin. -->","yoast_head_json":{"title":"PORTMEIRION Sara Miller Artisanne Noir Set de 4 platos de ensalada - Erresse Shop","description":"Con intrincados dise\u00f1os combinables, este juego de 4 platos de ensalada de Sara Miller London es el complemento perfecto para tus reuniones. Parte de la","robots":{"index":"index","follow":"follow","max-snippet":"max-snippet:-1","max-image-preview":"max-image-preview:large","max-video-preview":"max-video-preview:-1"},"canonical":"https:\/\/www.erresse-shop.it\/es\/shop\/tabla\/platos\/portmeirion-sara-miller-artisanne-noir-set-de-4-platos-de-ensalada\/","og_locale":"es_ES","og_type":"article","og_title":"PORTMEIRION Sara Miller Artisanne Noir Set de 4 platos de ensalada","og_description":"Con intrincados dise\u00f1os combinables, este juego de 4 platos de ensalada de Sara Miller London es el complemento perfecto para tus reuniones. Parte de la","og_url":"https:\/\/www.erresse-shop.it\/es\/shop\/tabla\/platos\/portmeirion-sara-miller-artisanne-noir-set-de-4-platos-de-ensalada\/","og_site_name":"Erresse Shop","article_modified_time":"2025-11-20T10:01:06+00:00","og_image":[{"width":1200,"height":1200,"url":"https:\/\/www.erresse-shop.it\/wp-content\/uploads\/2025\/11\/PORTMEIRION-Sara-Miller-Artisanne-Noir-Set-4-Piatti-da-Insalata-21-cm.jpg","type":"image\/jpeg"}],"twitter_card":"summary_large_image","schema":{"@context":"https:\/\/schema.org","@graph":[{"@type":"WebPage","@id":"https:\/\/www.erresse-shop.it\/es\/shop\/tabla\/platos\/portmeirion-sara-miller-artisanne-noir-set-de-4-platos-de-ensalada\/","url":"https:\/\/www.erresse-shop.it\/es\/shop\/tabla\/platos\/portmeirion-sara-miller-artisanne-noir-set-de-4-platos-de-ensalada\/","name":"PORTMEIRION Sara Miller Artisanne Noir Set de 4 platos de ensalada - Erresse Shop","isPartOf":{"@id":"https:\/\/www.erresse-shop.it\/es\/#website"},"datePublished":"2025-11-20T09:48:43+00:00","dateModified":"2025-11-20T10:01:06+00:00","description":"Con intrincados dise\u00f1os combinables, este juego de 4 platos de ensalada de Sara Miller London es el complemento perfecto para tus reuniones. Parte de la","breadcrumb":{"@id":"https:\/\/www.erresse-shop.it\/es\/shop\/tabla\/platos\/portmeirion-sara-miller-artisanne-noir-set-de-4-platos-de-ensalada\/#breadcrumb"},"inLanguage":"es","potentialAction":[{"@type":"ReadAction","target":["https:\/\/www.erresse-shop.it\/es\/shop\/tabla\/platos\/portmeirion-sara-miller-artisanne-noir-set-de-4-platos-de-ensalada\/"]}]},{"@type":"BreadcrumbList","@id":"https:\/\/www.erresse-shop.it\/es\/shop\/tabla\/platos\/portmeirion-sara-miller-artisanne-noir-set-de-4-platos-de-ensalada\/#breadcrumb","itemListElement":[{"@type":"ListItem","position":1,"name":"Home","item":"https:\/\/www.erresse-shop.it\/es\/"},{"@type":"ListItem","position":2,"name":"Shop","item":"https:\/\/www.erresse-shop.it\/es\/shop\/"},{"@type":"ListItem","position":3,"name":"PORTMEIRION Sara Miller Artisanne Noir Set de 4 platos de ensalada"}]},{"@type":"WebSite","@id":"https:\/\/www.erresse-shop.it\/es\/#website","url":"https:\/\/www.erresse-shop.it\/es\/","name":"Erresse Shop","description":"Articoli di qualit\u00e0 per la casa","potentialAction":[{"@type":"SearchAction","target":{"@type":"EntryPoint","urlTemplate":"https:\/\/www.erresse-shop.it\/es\/?s={search_term_string}"},"query-input":"required name=search_term_string"}],"inLanguage":"es"}]}},"df_price":74.95,"df_sale_price":74.95,"df_regular_price":107.9,"df_image_link":"https:\/\/www.erresse-shop.it\/wp-content\/uploads\/2025\/11\/PORTMEIRION-Sara-Miller-Artisanne-Noir-Set-4-Piatti-da-Insalata-21-cm-300x300.jpg","_links":{"self":[{"href":"https:\/\/www.erresse-shop.it\/es\/wp-json\/wp\/v2\/product\/516897"}],"collection":[{"href":"https:\/\/www.erresse-shop.it\/es\/wp-json\/wp\/v2\/product"}],"about":[{"href":"https:\/\/www.erresse-shop.it\/es\/wp-json\/wp\/v2\/types\/product"}],"wp:featuredmedia":[{"embeddable":true,"href":"https:\/\/www.erresse-shop.it\/es\/wp-json\/wp\/v2\/media\/516916"}],"wp:attachment":[{"href":"https:\/\/www.erresse-shop.it\/es\/wp-json\/wp\/v2\/media?parent=516897"}],"wp:term":[{"taxonomy":"product_cat","embeddable":true,"href":"https:\/\/www.erresse-shop.it\/es\/wp-json\/wp\/v2\/product_cat?post=516897"},{"taxonomy":"product_tag","embeddable":true,"href":"https:\/\/www.erresse-shop.it\/es\/wp-json\/wp\/v2\/product_tag?post=516897"}],"curies":[{"name":"wp","href":"https:\/\/api.w.org\/{rel}","templated":true}]}}