{"id":516827,"date":"2025-11-20T07:04:24","date_gmt":"2025-11-20T07:04:30","guid":{"rendered":"https:\/\/www.erresse-shop.it\/?post_type=product&#038;p=516827"},"modified":"2025-11-20T07:44:35","modified_gmt":"2025-11-20T07:44:35","slug":"mepra-attiva-set-de-utensilios-de-cocina-de-10-piezas","status":"publish","type":"product","link":"https:\/\/www.erresse-shop.it\/es\/shop\/sartenes-y-ollas\/juegos-de-ollas\/mepra-attiva-set-de-utensilios-de-cocina-de-10-piezas\/","title":{"rendered":"MEPRA Attiva Set de utensilios de cocina de 10 piezas"},"content":{"rendered":"<p>Un set completo de la l\u00ednea Attiva de Mepra, dise\u00f1ado para garantizar la m\u00e1xima funcionalidad, durabilidad y un dise\u00f1o profesional en la cocina. Cada pieza est\u00e1 elaborada con materiales de alta calidad e incluye su propia tapa, asegurando el mejor rendimiento tanto para preparaciones cotidianas como profesionales.<\/p>\n<h4>El set incluye:<\/h4>\n<ul>\n<li><strong>Cacerola de un solo mango, \u00d8 14 cm<\/strong><\/li>\n<li><strong>Cacerola de dos asas, \u00d8 20 cm<\/strong><\/li>\n<li><strong>Sart\u00e9n de dos asas, \u00d8 28 cm<\/strong><\/li>\n<li><strong>Cacerola de dos asas, \u00d8 24 cm<\/strong><\/li>\n<li><strong>Olla honda, \u00d8 22 cm<\/strong><\/li>\n<\/ul>\n<h4>Caracter\u00edsticas principales<\/h4>\n<ul>\n<li>Acero inoxidable duradero y f\u00e1cil de limpiar<\/li>\n<li>Base gruesa para una cocci\u00f3n uniforme<\/li>\n<li>Asas ergon\u00f3micas para un agarre seguro<\/li>\n<li>Apta para todo tipo de cocinas, incluida la inducci\u00f3n<\/li>\n<li>Ideal para cocinar todo tipo de platos: salsas, sopas, pasta, fritos, platos cotidianos y recetas m\u00e1s elaboradas<\/li>\n<\/ul>\n<h4>Ideal para<\/h4>\n<ul>\n<li>Uso dom\u00e9stico y profesional uso<\/li>\n<li>Para quienes buscan un juego completo, duradero y elegante<\/li>\n<li>Un regalo de calidad para los amantes de la cocina<\/li>\n<\/ul>\n","protected":false},"excerpt":{"rendered":"<p>Un set completo de la l\u00ednea Attiva de Mepra, dise\u00f1ado para garantizar la m\u00e1xima funcionalidad, durabilidad y un dise\u00f1o profesional<\/p>\n","protected":false},"featured_media":516834,"template":"","meta":{"_acf_changed":false,"inline_featured_image":false},"product_cat":[16064,16058],"product_tag":[16162,16129],"acf":[],"yoast_head":"<!-- This site is optimized with the Yoast SEO Premium plugin v18.6 (Yoast SEO v19.13) - https:\/\/yoast.com\/wordpress\/plugins\/seo\/ -->\n<title>MEPRA Attiva Set de utensilios de cocina de 10 piezas - Erresse Shop<\/title>\n<meta name=\"description\" content=\"Un set completo de la l\u00ednea Attiva de Mepra, dise\u00f1ado para garantizar la m\u00e1xima funcionalidad, durabilidad y un dise\u00f1o profesional en la cocina. Cada\" \/>\n<meta name=\"robots\" content=\"index, follow, max-snippet:-1, max-image-preview:large, max-video-preview:-1\" \/>\n<link rel=\"canonical\" href=\"https:\/\/www.erresse-shop.it\/es\/shop\/sartenes-y-ollas\/juegos-de-ollas\/mepra-attiva-set-de-utensilios-de-cocina-de-10-piezas\/\" \/>\n<meta property=\"og:locale\" content=\"es_ES\" \/>\n<meta property=\"og:type\" content=\"article\" \/>\n<meta property=\"og:title\" content=\"MEPRA Attiva Set de utensilios de cocina de 10 piezas\" \/>\n<meta property=\"og:description\" content=\"Un set completo de la l\u00ednea Attiva de Mepra, dise\u00f1ado para garantizar la m\u00e1xima funcionalidad, durabilidad y un dise\u00f1o profesional en la cocina. Cada\" \/>\n<meta property=\"og:url\" content=\"https:\/\/www.erresse-shop.it\/es\/shop\/sartenes-y-ollas\/juegos-de-ollas\/mepra-attiva-set-de-utensilios-de-cocina-de-10-piezas\/\" \/>\n<meta property=\"og:site_name\" content=\"Erresse Shop\" \/>\n<meta property=\"article:modified_time\" content=\"2025-11-20T07:44:35+00:00\" \/>\n<meta property=\"og:image\" content=\"https:\/\/www.erresse-shop.it\/wp-content\/uploads\/2025\/11\/MEPRA-Attiva-Set-di-Pentole-10-pz.jpg\" \/>\n\t<meta property=\"og:image:width\" content=\"1200\" \/>\n\t<meta property=\"og:image:height\" content=\"1200\" \/>\n\t<meta property=\"og:image:type\" content=\"image\/jpeg\" \/>\n<meta name=\"twitter:card\" content=\"summary_large_image\" \/>\n<script type=\"application\/ld+json\" class=\"yoast-schema-graph\">{\"@context\":\"https:\/\/schema.org\",\"@graph\":[{\"@type\":\"WebPage\",\"@id\":\"https:\/\/www.erresse-shop.it\/es\/shop\/sartenes-y-ollas\/juegos-de-ollas\/mepra-attiva-set-de-utensilios-de-cocina-de-10-piezas\/\",\"url\":\"https:\/\/www.erresse-shop.it\/es\/shop\/sartenes-y-ollas\/juegos-de-ollas\/mepra-attiva-set-de-utensilios-de-cocina-de-10-piezas\/\",\"name\":\"MEPRA Attiva Set de utensilios de cocina de 10 piezas - Erresse Shop\",\"isPartOf\":{\"@id\":\"https:\/\/www.erresse-shop.it\/es\/#website\"},\"datePublished\":\"2025-11-20T07:04:30+00:00\",\"dateModified\":\"2025-11-20T07:44:35+00:00\",\"description\":\"Un set completo de la l\u00ednea Attiva de Mepra, dise\u00f1ado para garantizar la m\u00e1xima funcionalidad, durabilidad y un dise\u00f1o profesional en la cocina. Cada\",\"breadcrumb\":{\"@id\":\"https:\/\/www.erresse-shop.it\/es\/shop\/sartenes-y-ollas\/juegos-de-ollas\/mepra-attiva-set-de-utensilios-de-cocina-de-10-piezas\/#breadcrumb\"},\"inLanguage\":\"es\",\"potentialAction\":[{\"@type\":\"ReadAction\",\"target\":[\"https:\/\/www.erresse-shop.it\/es\/shop\/sartenes-y-ollas\/juegos-de-ollas\/mepra-attiva-set-de-utensilios-de-cocina-de-10-piezas\/\"]}]},{\"@type\":\"BreadcrumbList\",\"@id\":\"https:\/\/www.erresse-shop.it\/es\/shop\/sartenes-y-ollas\/juegos-de-ollas\/mepra-attiva-set-de-utensilios-de-cocina-de-10-piezas\/#breadcrumb\",\"itemListElement\":[{\"@type\":\"ListItem\",\"position\":1,\"name\":\"Home\",\"item\":\"https:\/\/www.erresse-shop.it\/es\/\"},{\"@type\":\"ListItem\",\"position\":2,\"name\":\"Shop\",\"item\":\"https:\/\/www.erresse-shop.it\/es\/shop\/\"},{\"@type\":\"ListItem\",\"position\":3,\"name\":\"MEPRA Attiva Set de utensilios de cocina de 10 piezas\"}]},{\"@type\":\"WebSite\",\"@id\":\"https:\/\/www.erresse-shop.it\/es\/#website\",\"url\":\"https:\/\/www.erresse-shop.it\/es\/\",\"name\":\"Erresse Shop\",\"description\":\"Articoli di qualit\u00e0 per la casa\",\"potentialAction\":[{\"@type\":\"SearchAction\",\"target\":{\"@type\":\"EntryPoint\",\"urlTemplate\":\"https:\/\/www.erresse-shop.it\/es\/?s={search_term_string}\"},\"query-input\":\"required name=search_term_string\"}],\"inLanguage\":\"es\"}]}<\/script>\n<!-- \/ Yoast SEO Premium plugin. -->","yoast_head_json":{"title":"MEPRA Attiva Set de utensilios de cocina de 10 piezas - Erresse Shop","description":"Un set completo de la l\u00ednea Attiva de Mepra, dise\u00f1ado para garantizar la m\u00e1xima funcionalidad, durabilidad y un dise\u00f1o profesional en la cocina. Cada","robots":{"index":"index","follow":"follow","max-snippet":"max-snippet:-1","max-image-preview":"max-image-preview:large","max-video-preview":"max-video-preview:-1"},"canonical":"https:\/\/www.erresse-shop.it\/es\/shop\/sartenes-y-ollas\/juegos-de-ollas\/mepra-attiva-set-de-utensilios-de-cocina-de-10-piezas\/","og_locale":"es_ES","og_type":"article","og_title":"MEPRA Attiva Set de utensilios de cocina de 10 piezas","og_description":"Un set completo de la l\u00ednea Attiva de Mepra, dise\u00f1ado para garantizar la m\u00e1xima funcionalidad, durabilidad y un dise\u00f1o profesional en la cocina. Cada","og_url":"https:\/\/www.erresse-shop.it\/es\/shop\/sartenes-y-ollas\/juegos-de-ollas\/mepra-attiva-set-de-utensilios-de-cocina-de-10-piezas\/","og_site_name":"Erresse Shop","article_modified_time":"2025-11-20T07:44:35+00:00","og_image":[{"width":1200,"height":1200,"url":"https:\/\/www.erresse-shop.it\/wp-content\/uploads\/2025\/11\/MEPRA-Attiva-Set-di-Pentole-10-pz.jpg","type":"image\/jpeg"}],"twitter_card":"summary_large_image","schema":{"@context":"https:\/\/schema.org","@graph":[{"@type":"WebPage","@id":"https:\/\/www.erresse-shop.it\/es\/shop\/sartenes-y-ollas\/juegos-de-ollas\/mepra-attiva-set-de-utensilios-de-cocina-de-10-piezas\/","url":"https:\/\/www.erresse-shop.it\/es\/shop\/sartenes-y-ollas\/juegos-de-ollas\/mepra-attiva-set-de-utensilios-de-cocina-de-10-piezas\/","name":"MEPRA Attiva Set de utensilios de cocina de 10 piezas - Erresse Shop","isPartOf":{"@id":"https:\/\/www.erresse-shop.it\/es\/#website"},"datePublished":"2025-11-20T07:04:30+00:00","dateModified":"2025-11-20T07:44:35+00:00","description":"Un set completo de la l\u00ednea Attiva de Mepra, dise\u00f1ado para garantizar la m\u00e1xima funcionalidad, durabilidad y un dise\u00f1o profesional en la cocina. Cada","breadcrumb":{"@id":"https:\/\/www.erresse-shop.it\/es\/shop\/sartenes-y-ollas\/juegos-de-ollas\/mepra-attiva-set-de-utensilios-de-cocina-de-10-piezas\/#breadcrumb"},"inLanguage":"es","potentialAction":[{"@type":"ReadAction","target":["https:\/\/www.erresse-shop.it\/es\/shop\/sartenes-y-ollas\/juegos-de-ollas\/mepra-attiva-set-de-utensilios-de-cocina-de-10-piezas\/"]}]},{"@type":"BreadcrumbList","@id":"https:\/\/www.erresse-shop.it\/es\/shop\/sartenes-y-ollas\/juegos-de-ollas\/mepra-attiva-set-de-utensilios-de-cocina-de-10-piezas\/#breadcrumb","itemListElement":[{"@type":"ListItem","position":1,"name":"Home","item":"https:\/\/www.erresse-shop.it\/es\/"},{"@type":"ListItem","position":2,"name":"Shop","item":"https:\/\/www.erresse-shop.it\/es\/shop\/"},{"@type":"ListItem","position":3,"name":"MEPRA Attiva Set de utensilios de cocina de 10 piezas"}]},{"@type":"WebSite","@id":"https:\/\/www.erresse-shop.it\/es\/#website","url":"https:\/\/www.erresse-shop.it\/es\/","name":"Erresse Shop","description":"Articoli di qualit\u00e0 per la casa","potentialAction":[{"@type":"SearchAction","target":{"@type":"EntryPoint","urlTemplate":"https:\/\/www.erresse-shop.it\/es\/?s={search_term_string}"},"query-input":"required name=search_term_string"}],"inLanguage":"es"}]}},"df_price":599.95,"df_sale_price":599.95,"df_regular_price":1119,"df_image_link":"https:\/\/www.erresse-shop.it\/wp-content\/uploads\/2025\/11\/MEPRA-Attiva-Set-di-Pentole-10-pz-300x300.jpg","_links":{"self":[{"href":"https:\/\/www.erresse-shop.it\/es\/wp-json\/wp\/v2\/product\/516827"}],"collection":[{"href":"https:\/\/www.erresse-shop.it\/es\/wp-json\/wp\/v2\/product"}],"about":[{"href":"https:\/\/www.erresse-shop.it\/es\/wp-json\/wp\/v2\/types\/product"}],"wp:featuredmedia":[{"embeddable":true,"href":"https:\/\/www.erresse-shop.it\/es\/wp-json\/wp\/v2\/media\/516834"}],"wp:attachment":[{"href":"https:\/\/www.erresse-shop.it\/es\/wp-json\/wp\/v2\/media?parent=516827"}],"wp:term":[{"taxonomy":"product_cat","embeddable":true,"href":"https:\/\/www.erresse-shop.it\/es\/wp-json\/wp\/v2\/product_cat?post=516827"},{"taxonomy":"product_tag","embeddable":true,"href":"https:\/\/www.erresse-shop.it\/es\/wp-json\/wp\/v2\/product_tag?post=516827"}],"curies":[{"name":"wp","href":"https:\/\/api.w.org\/{rel}","templated":true}]}}