{"id":516752,"date":"2025-11-18T07:33:25","date_gmt":"2025-11-18T07:33:29","guid":{"rendered":"https:\/\/www.erresse-shop.it\/?post_type=product&#038;p=516752"},"modified":"2025-11-18T07:45:31","modified_gmt":"2025-11-18T07:45:31","slug":"mauviel-1830-mminis-cacerola-con-boquilla-5-cm-cobre","status":"publish","type":"product","link":"https:\/\/www.erresse-shop.it\/es\/shop\/sartenes-y-ollas\/ollas-y-cacerolas\/mauviel-1830-mminis-cacerola-con-boquilla-5-cm-cobre\/","title":{"rendered":"MAUVIEL 1830 M&#8217;MINIS Cacerola con boquilla 5 cm Cobre"},"content":{"rendered":"<p>Cacerola de acero inoxidable y cobre con asa de acero inoxidable fundido y vertedor de la colecci\u00f3n M&#8217;MINIS.<\/p>\n<p>Di\u00e1metro: 5 cm.<\/p>\n<p>Para comidas festivas o cenas \u00edntimas, en acero inoxidable o cobre, la colecci\u00f3n M&#8217;MINIS ofrece una variedad de opciones que se adaptan a sus gustos. Dise\u00f1adas para el servicio de mesa y apreciadas por los restauradores, son perfectas para presentar platos individuales o salsas.<\/p>\n<p><strong>INFORMACI\u00d3N T\u00c9CNICA:<\/strong><\/p>\n<ul>\n<li>Material: Acero inoxidable y cobre<\/li>\n<li>Vertedor: Integrado para un vertido preciso y sin goteo<\/li>\n<li>Uso: Ideal para salsas, mantequilla derretida, chocolate o peque\u00f1as porciones<\/li>\n<li>Limpieza: Lavar a mano \u00fanicamente. No apta para lavavajillas.<\/li>\n<li>L\u00ednea: M&#8217;MINIS \u2013 dise\u00f1o profesional y compacto<\/li>\n<\/ul>\n","protected":false},"excerpt":{"rendered":"<p>Cacerola de acero inoxidable y cobre con asa de acero inoxidable fundido y vertedor de la colecci\u00f3n M&#8217;MINIS. Di\u00e1metro: 5<\/p>\n","protected":false},"featured_media":516760,"template":"","meta":{"_acf_changed":false,"inline_featured_image":false},"product_cat":[16067,16058],"product_tag":[16111,16307],"acf":[],"yoast_head":"<!-- This site is optimized with the Yoast SEO Premium plugin v18.6 (Yoast SEO v19.13) - https:\/\/yoast.com\/wordpress\/plugins\/seo\/ -->\n<title>MAUVIEL 1830 M&#039;MINIS Cacerola con boquilla 5 cm Cobre - Erresse Shop<\/title>\n<meta name=\"description\" content=\"Cacerola de acero inoxidable y cobre con asa de acero inoxidable fundido y vertedor de la colecci\u00f3n M&#039;MINIS. Di\u00e1metro: 5 cm. Para comidas festivas o cenas\" \/>\n<meta name=\"robots\" content=\"index, follow, max-snippet:-1, max-image-preview:large, max-video-preview:-1\" \/>\n<link rel=\"canonical\" href=\"https:\/\/www.erresse-shop.it\/es\/shop\/sartenes-y-ollas\/ollas-y-cacerolas\/mauviel-1830-mminis-cacerola-con-boquilla-5-cm-cobre\/\" \/>\n<meta property=\"og:locale\" content=\"es_ES\" \/>\n<meta property=\"og:type\" content=\"article\" \/>\n<meta property=\"og:title\" content=\"MAUVIEL 1830 M&#039;MINIS Cacerola con boquilla 5 cm Cobre\" \/>\n<meta property=\"og:description\" content=\"Cacerola de acero inoxidable y cobre con asa de acero inoxidable fundido y vertedor de la colecci\u00f3n M&#039;MINIS. Di\u00e1metro: 5 cm. Para comidas festivas o cenas\" \/>\n<meta property=\"og:url\" content=\"https:\/\/www.erresse-shop.it\/es\/shop\/sartenes-y-ollas\/ollas-y-cacerolas\/mauviel-1830-mminis-cacerola-con-boquilla-5-cm-cobre\/\" \/>\n<meta property=\"og:site_name\" content=\"Erresse Shop\" \/>\n<meta property=\"article:modified_time\" content=\"2025-11-18T07:45:31+00:00\" \/>\n<meta property=\"og:image\" content=\"https:\/\/www.erresse-shop.it\/wp-content\/uploads\/2025\/11\/MAUVIEL-1830-MMINIS-Casseruola-con-Beccuccio-5-cm-Rame.jpg\" \/>\n\t<meta property=\"og:image:width\" content=\"1200\" \/>\n\t<meta property=\"og:image:height\" content=\"1200\" \/>\n\t<meta property=\"og:image:type\" content=\"image\/jpeg\" \/>\n<meta name=\"twitter:card\" content=\"summary_large_image\" \/>\n<script type=\"application\/ld+json\" class=\"yoast-schema-graph\">{\"@context\":\"https:\/\/schema.org\",\"@graph\":[{\"@type\":\"WebPage\",\"@id\":\"https:\/\/www.erresse-shop.it\/es\/shop\/sartenes-y-ollas\/ollas-y-cacerolas\/mauviel-1830-mminis-cacerola-con-boquilla-5-cm-cobre\/\",\"url\":\"https:\/\/www.erresse-shop.it\/es\/shop\/sartenes-y-ollas\/ollas-y-cacerolas\/mauviel-1830-mminis-cacerola-con-boquilla-5-cm-cobre\/\",\"name\":\"MAUVIEL 1830 M'MINIS Cacerola con boquilla 5 cm Cobre - Erresse Shop\",\"isPartOf\":{\"@id\":\"https:\/\/www.erresse-shop.it\/es\/#website\"},\"datePublished\":\"2025-11-18T07:33:29+00:00\",\"dateModified\":\"2025-11-18T07:45:31+00:00\",\"description\":\"Cacerola de acero inoxidable y cobre con asa de acero inoxidable fundido y vertedor de la colecci\u00f3n M'MINIS. Di\u00e1metro: 5 cm. Para comidas festivas o cenas\",\"breadcrumb\":{\"@id\":\"https:\/\/www.erresse-shop.it\/es\/shop\/sartenes-y-ollas\/ollas-y-cacerolas\/mauviel-1830-mminis-cacerola-con-boquilla-5-cm-cobre\/#breadcrumb\"},\"inLanguage\":\"es\",\"potentialAction\":[{\"@type\":\"ReadAction\",\"target\":[\"https:\/\/www.erresse-shop.it\/es\/shop\/sartenes-y-ollas\/ollas-y-cacerolas\/mauviel-1830-mminis-cacerola-con-boquilla-5-cm-cobre\/\"]}]},{\"@type\":\"BreadcrumbList\",\"@id\":\"https:\/\/www.erresse-shop.it\/es\/shop\/sartenes-y-ollas\/ollas-y-cacerolas\/mauviel-1830-mminis-cacerola-con-boquilla-5-cm-cobre\/#breadcrumb\",\"itemListElement\":[{\"@type\":\"ListItem\",\"position\":1,\"name\":\"Home\",\"item\":\"https:\/\/www.erresse-shop.it\/es\/\"},{\"@type\":\"ListItem\",\"position\":2,\"name\":\"Shop\",\"item\":\"https:\/\/www.erresse-shop.it\/es\/shop\/\"},{\"@type\":\"ListItem\",\"position\":3,\"name\":\"MAUVIEL 1830 M&#8217;MINIS Cacerola con boquilla 5 cm Cobre\"}]},{\"@type\":\"WebSite\",\"@id\":\"https:\/\/www.erresse-shop.it\/es\/#website\",\"url\":\"https:\/\/www.erresse-shop.it\/es\/\",\"name\":\"Erresse Shop\",\"description\":\"Articoli di qualit\u00e0 per la casa\",\"potentialAction\":[{\"@type\":\"SearchAction\",\"target\":{\"@type\":\"EntryPoint\",\"urlTemplate\":\"https:\/\/www.erresse-shop.it\/es\/?s={search_term_string}\"},\"query-input\":\"required name=search_term_string\"}],\"inLanguage\":\"es\"}]}<\/script>\n<!-- \/ Yoast SEO Premium plugin. -->","yoast_head_json":{"title":"MAUVIEL 1830 M'MINIS Cacerola con boquilla 5 cm Cobre - Erresse Shop","description":"Cacerola de acero inoxidable y cobre con asa de acero inoxidable fundido y vertedor de la colecci\u00f3n M'MINIS. Di\u00e1metro: 5 cm. Para comidas festivas o cenas","robots":{"index":"index","follow":"follow","max-snippet":"max-snippet:-1","max-image-preview":"max-image-preview:large","max-video-preview":"max-video-preview:-1"},"canonical":"https:\/\/www.erresse-shop.it\/es\/shop\/sartenes-y-ollas\/ollas-y-cacerolas\/mauviel-1830-mminis-cacerola-con-boquilla-5-cm-cobre\/","og_locale":"es_ES","og_type":"article","og_title":"MAUVIEL 1830 M'MINIS Cacerola con boquilla 5 cm Cobre","og_description":"Cacerola de acero inoxidable y cobre con asa de acero inoxidable fundido y vertedor de la colecci\u00f3n M'MINIS. Di\u00e1metro: 5 cm. Para comidas festivas o cenas","og_url":"https:\/\/www.erresse-shop.it\/es\/shop\/sartenes-y-ollas\/ollas-y-cacerolas\/mauviel-1830-mminis-cacerola-con-boquilla-5-cm-cobre\/","og_site_name":"Erresse Shop","article_modified_time":"2025-11-18T07:45:31+00:00","og_image":[{"width":1200,"height":1200,"url":"https:\/\/www.erresse-shop.it\/wp-content\/uploads\/2025\/11\/MAUVIEL-1830-MMINIS-Casseruola-con-Beccuccio-5-cm-Rame.jpg","type":"image\/jpeg"}],"twitter_card":"summary_large_image","schema":{"@context":"https:\/\/schema.org","@graph":[{"@type":"WebPage","@id":"https:\/\/www.erresse-shop.it\/es\/shop\/sartenes-y-ollas\/ollas-y-cacerolas\/mauviel-1830-mminis-cacerola-con-boquilla-5-cm-cobre\/","url":"https:\/\/www.erresse-shop.it\/es\/shop\/sartenes-y-ollas\/ollas-y-cacerolas\/mauviel-1830-mminis-cacerola-con-boquilla-5-cm-cobre\/","name":"MAUVIEL 1830 M'MINIS Cacerola con boquilla 5 cm Cobre - Erresse Shop","isPartOf":{"@id":"https:\/\/www.erresse-shop.it\/es\/#website"},"datePublished":"2025-11-18T07:33:29+00:00","dateModified":"2025-11-18T07:45:31+00:00","description":"Cacerola de acero inoxidable y cobre con asa de acero inoxidable fundido y vertedor de la colecci\u00f3n M'MINIS. Di\u00e1metro: 5 cm. Para comidas festivas o cenas","breadcrumb":{"@id":"https:\/\/www.erresse-shop.it\/es\/shop\/sartenes-y-ollas\/ollas-y-cacerolas\/mauviel-1830-mminis-cacerola-con-boquilla-5-cm-cobre\/#breadcrumb"},"inLanguage":"es","potentialAction":[{"@type":"ReadAction","target":["https:\/\/www.erresse-shop.it\/es\/shop\/sartenes-y-ollas\/ollas-y-cacerolas\/mauviel-1830-mminis-cacerola-con-boquilla-5-cm-cobre\/"]}]},{"@type":"BreadcrumbList","@id":"https:\/\/www.erresse-shop.it\/es\/shop\/sartenes-y-ollas\/ollas-y-cacerolas\/mauviel-1830-mminis-cacerola-con-boquilla-5-cm-cobre\/#breadcrumb","itemListElement":[{"@type":"ListItem","position":1,"name":"Home","item":"https:\/\/www.erresse-shop.it\/es\/"},{"@type":"ListItem","position":2,"name":"Shop","item":"https:\/\/www.erresse-shop.it\/es\/shop\/"},{"@type":"ListItem","position":3,"name":"MAUVIEL 1830 M&#8217;MINIS Cacerola con boquilla 5 cm Cobre"}]},{"@type":"WebSite","@id":"https:\/\/www.erresse-shop.it\/es\/#website","url":"https:\/\/www.erresse-shop.it\/es\/","name":"Erresse Shop","description":"Articoli di qualit\u00e0 per la casa","potentialAction":[{"@type":"SearchAction","target":{"@type":"EntryPoint","urlTemplate":"https:\/\/www.erresse-shop.it\/es\/?s={search_term_string}"},"query-input":"required name=search_term_string"}],"inLanguage":"es"}]}},"df_price":57.92,"df_sale_price":57.92,"df_regular_price":57.92,"df_image_link":"https:\/\/www.erresse-shop.it\/wp-content\/uploads\/2025\/11\/MAUVIEL-1830-MMINIS-Casseruola-con-Beccuccio-5-cm-Rame-300x300.jpg","_links":{"self":[{"href":"https:\/\/www.erresse-shop.it\/es\/wp-json\/wp\/v2\/product\/516752"}],"collection":[{"href":"https:\/\/www.erresse-shop.it\/es\/wp-json\/wp\/v2\/product"}],"about":[{"href":"https:\/\/www.erresse-shop.it\/es\/wp-json\/wp\/v2\/types\/product"}],"wp:featuredmedia":[{"embeddable":true,"href":"https:\/\/www.erresse-shop.it\/es\/wp-json\/wp\/v2\/media\/516760"}],"wp:attachment":[{"href":"https:\/\/www.erresse-shop.it\/es\/wp-json\/wp\/v2\/media?parent=516752"}],"wp:term":[{"taxonomy":"product_cat","embeddable":true,"href":"https:\/\/www.erresse-shop.it\/es\/wp-json\/wp\/v2\/product_cat?post=516752"},{"taxonomy":"product_tag","embeddable":true,"href":"https:\/\/www.erresse-shop.it\/es\/wp-json\/wp\/v2\/product_tag?post=516752"}],"curies":[{"name":"wp","href":"https:\/\/api.w.org\/{rel}","templated":true}]}}