{"id":516470,"date":"2025-11-12T13:06:56","date_gmt":"2025-11-12T13:06:59","guid":{"rendered":"https:\/\/www.erresse-shop.it\/?post_type=product&#038;p=516470"},"modified":"2025-11-12T13:25:27","modified_gmt":"2025-11-12T13:25:27","slug":"jura-maquina-de-cafe-w8-dark-inox","status":"publish","type":"product","link":"https:\/\/www.erresse-shop.it\/es\/shop\/pequenos-electrodomesticos\/maquinas-de-cafe\/automatico\/jura-maquina-de-cafe-w8-dark-inox\/","title":{"rendered":"JURA M\u00e1quina de caf\u00e9 W8 Dark Inox"},"content":{"rendered":"<div class=\"page-subtitle\">\n<div class=\"page-subtitle\">\n<div class=\"page-subtitle\">\n<div class=\"page-subtitle\">\n<div class=\"page-subtitle\">\n<div class=\"page-subtitle\">\n<div class=\"page-subtitle\">\n<div class=\"page-subtitle\">\n<div class=\"page-subtitle\">\n<div class=\"page-subtitle\">\n<h3 class=\"page-subtitle\">La cafetera profesional compacta y vers\u00e1til<\/h3>\n<p>La compacta W8 destaca por su versatilidad: su men\u00fa incluye 17 especialidades de caf\u00e9, todas preparadas con el m\u00e1ximo cuidado. El molinillo de caf\u00e9 profesional Aroma (P.A.G. 2) y la tecnolog\u00eda de espuma fina completan el excepcional rendimiento de la W8.<\/p>\n<p>Su facilidad de uso se complementa con su funcionalidad: el men\u00fa de la W8 tiene un dise\u00f1o claro, la navegaci\u00f3n es intuitiva y el sensor inteligente de taza Coffee Eye garantiza un uso seguro para todos los amantes del caf\u00e9.<\/p>\n<p>Esta m\u00e1quina autom\u00e1tica profesional ofrece numerosas ventajas a los operadores, incluyendo limpieza autom\u00e1tica del sistema de leche, un dep\u00f3sito de granos de caf\u00e9 y un tanque de agua con cierre de seguridad, programas personalizables y la posibilidad de conectarse a diversos sistemas de pago.<\/p>\n<p>La W8 despliega todo su potencial en oficinas, comercios y espacios comerciales donde se requiere una capacidad diaria de hasta 50 especialidades de caf\u00e9.<\/p>\n<\/div>\n<\/div>\n<\/div>\n<\/div>\n<\/div>\n<\/div>\n<\/div>\n<\/div>\n<\/div>\n<\/div>\n<div class=\"page-info\">\n<h3>Especialidades de caf\u00e9 exquisitas<\/h3>\n<p>El molinillo P.A.G.2 eleva el list\u00f3n de la calidad y la experiencia cafetera de la W8, garantizando una molienda perfecta y permaneciendo en modo de espera tras la preparaci\u00f3n para prolongar su vida \u00fatil.<\/p>\n<p>La calidad integral del caf\u00e9 se logra tambi\u00e9n gracias a otras tecnolog\u00edas clave de JURA: el proceso de extracci\u00f3n por pulsos P.E.P.\u00ae para un espresso intenso, la funci\u00f3n Lungo de un solo toque para un americano delicado y la tecnolog\u00eda de microespuma para un cappuccino cremoso.<\/p>\n<p>Esta combinaci\u00f3n de tecnolog\u00edas proporciona un sabor a caf\u00e9 verdaderamente equilibrado.<\/p>\n<h3>Manejo sencillo y seguro<\/h3>\n<p>La W8 gu\u00eda a los usuarios en la selecci\u00f3n de sus especialidades favoritas mediante una pantalla de 3,5 pulgadas con botones, mientras que el indicador Coffee Eye integrado les ayuda a colocar la taza correctamente.<\/p>\n<p>Dispone de numerosas opciones de personalizaci\u00f3n. Gracias a las funciones de bloqueo, los operadores pueden personalizar f\u00e1cilmente la accesibilidad de la W8 en diferentes ubicaciones.<\/p>\n<p>El dep\u00f3sito de agua, extra\u00edble desde el frontal, y el contenedor de granos, de f\u00e1cil acceso, facilitan el mantenimiento y est\u00e1n equipados con un cierre para protegerlos del acceso no autorizado.<\/p>\n<h3>Dise\u00f1o atemporal para cualquier ambiente<\/h3>\n<p>Con su dise\u00f1o compacto, formas lineales y color Dark Inox, la W8 es compacta, atemporal y elegante. Los detalles cromados completan su est\u00e9tica y estilo.<\/p>\n<p>El W8 se integra armoniosamente en cualquier interior, creando una combinaci\u00f3n ejemplar de est\u00e9tica y funcionalidad que cautivar\u00e1 a todos.<\/p>\n<h3>Sistemas de pago compatibles<\/h3>\n<p>Gracias al est\u00e1ndar MDB, el W8 est\u00e1 perfectamente equipado para su uso en entornos comerciales.<\/p>\n<p>Puede conectarse a sistemas de pago est\u00e1ndar mediante la interfaz MDB 2.0 opcional y ofrece la posibilidad de utilizar Pocket Pilot 2.0, el software gratuito de JURA que combina el pago sin contacto con un sistema de facturaci\u00f3n y administraci\u00f3n para crear una herramienta web f\u00e1cil de usar.<\/p>\n<\/div>\n<\/div>\n<h3><strong>Caracter\u00edsticas principales<\/strong><\/h3>\n<ul>\n<li><strong>17 especialidades de caf\u00e9:<\/strong> Espresso, 2 x Espresso, Caf\u00e9, 2 x Caf\u00e9, Americano, Lungo, Caf\u00e9 especial, Cortado, Espresso Macchiato, Cappuccino, Cappuccino Extra, Flat White, Flat White Extra, Latte Macchiato, Latte Macchiato Extra, Espuma de leche y Agua caliente<\/li>\n<li>Producci\u00f3n horaria: hasta 83 espressos o 74 caf\u00e9s por hora<\/li>\n<li>Tecnolog\u00edas JURA:\n<ul>\n<li>Proceso de extracci\u00f3n por pulsos P.E.P.\u00ae<\/li>\n<li>Molino P.A.G.2 de alto rendimiento<\/li>\n<li>Thermoblock para un calentamiento r\u00e1pido<\/li>\n<li>Coffee Eye: reconocimiento autom\u00e1tico de la posici\u00f3n de la taza<\/li>\n<li>Grupo de erogaci\u00f3n variable de 5 a 16 g<\/li>\n<li>Sistema de leche HP3\/CX3 reemplazable<\/li>\n<li>Control activo del caf\u00e9 en grano<\/li>\n<\/ul>\n<\/li>\n<\/ul>\n<h3>Pantalla y personalizaci\u00f3n<\/h3>\n<ul>\n<li>Pantalla a color de 3,5&#8243; con botones intuitivos<\/li>\n<li>Intensidad del caf\u00e9 ajustable en 10 niveles<\/li>\n<li>Temperatura del agua y de preparaci\u00f3n programable en 3 niveles<\/li>\n<li>Contador diario reiniciable y estad\u00edsticas para cada bebida<\/li>\n<\/ul>\n<h3>Eficiencia energ\u00e9tica<\/h3>\n<ul>\n<li>Modo de ahorro de energ\u00eda (E.S.M.\u00a9)<\/li>\n<li>Interruptor de consumo cero y apagado programable<\/li>\n<li>Consumo en espera <0,5 W<\/li>\n<\/ul>\n<h3>Especificaciones t\u00e9cnicas<\/h3>\n<ul>\n<li>Dep\u00f3sito de agua: 3 L<\/li>\n<li>Contenedor de caf\u00e9 en grano: 500 g<\/li>\n<li>Caf\u00e9 molido: 25 porciones<\/li>\n<li>Bomba: 15 bar<\/li>\n<li>Dimensiones (Ancho \u00d7 Alto \u00d7 Profundidad): 29,5 \u00d7 44,3 \u00d7 44,6 cm<\/li>\n<li>Peso: 12,7 kg<\/li>\n<li>Voltaje \/ Potencia: 230 V ~ \/ 1450 W<\/li>\n<li>Consumo en espera: 2 W<\/li>\n<\/ul>\n<p><strong>Fabricado en Portugal<\/strong><\/p>\n","protected":false},"excerpt":{"rendered":"<p>La cafetera profesional compacta y vers\u00e1til La compacta W8 destaca por su versatilidad: su men\u00fa incluye 17 especialidades de caf\u00e9,<\/p>\n","protected":false},"featured_media":516502,"template":"","meta":{"_acf_changed":false,"inline_featured_image":false},"product_cat":[25362,16076,16073],"product_tag":[23574,20769,23570,16395],"acf":[],"yoast_head":"<!-- This site is optimized with the Yoast SEO Premium plugin v18.6 (Yoast SEO v19.13) - https:\/\/yoast.com\/wordpress\/plugins\/seo\/ -->\n<title>JURA M\u00e1quina de caf\u00e9 W8 Dark Inox - Erresse Shop<\/title>\n<meta name=\"description\" content=\"La cafetera profesional compacta y vers\u00e1til La compacta W8 destaca por su versatilidad: su men\u00fa incluye 17 especialidades de caf\u00e9, todas preparadas con el\" \/>\n<meta name=\"robots\" content=\"index, follow, max-snippet:-1, max-image-preview:large, max-video-preview:-1\" \/>\n<link rel=\"canonical\" href=\"https:\/\/www.erresse-shop.it\/es\/shop\/pequenos-electrodomesticos\/maquinas-de-cafe\/automatico\/jura-maquina-de-cafe-w8-dark-inox\/\" \/>\n<meta property=\"og:locale\" content=\"es_ES\" \/>\n<meta property=\"og:type\" content=\"article\" \/>\n<meta property=\"og:title\" content=\"JURA M\u00e1quina de caf\u00e9 W8 Dark Inox\" \/>\n<meta property=\"og:description\" content=\"La cafetera profesional compacta y vers\u00e1til La compacta W8 destaca por su versatilidad: su men\u00fa incluye 17 especialidades de caf\u00e9, todas preparadas con el\" \/>\n<meta property=\"og:url\" content=\"https:\/\/www.erresse-shop.it\/es\/shop\/pequenos-electrodomesticos\/maquinas-de-cafe\/automatico\/jura-maquina-de-cafe-w8-dark-inox\/\" \/>\n<meta property=\"og:site_name\" content=\"Erresse Shop\" \/>\n<meta property=\"article:modified_time\" content=\"2025-11-12T13:25:27+00:00\" \/>\n<meta property=\"og:image\" content=\"https:\/\/www.erresse-shop.it\/wp-content\/uploads\/2025\/11\/JURA-Macchina-Da-Caffe-W8-Dark-Inox.jpg\" \/>\n\t<meta property=\"og:image:width\" content=\"1200\" \/>\n\t<meta property=\"og:image:height\" content=\"1200\" \/>\n\t<meta property=\"og:image:type\" content=\"image\/jpeg\" \/>\n<meta name=\"twitter:card\" content=\"summary_large_image\" \/>\n<script type=\"application\/ld+json\" class=\"yoast-schema-graph\">{\"@context\":\"https:\/\/schema.org\",\"@graph\":[{\"@type\":\"WebPage\",\"@id\":\"https:\/\/www.erresse-shop.it\/es\/shop\/pequenos-electrodomesticos\/maquinas-de-cafe\/automatico\/jura-maquina-de-cafe-w8-dark-inox\/\",\"url\":\"https:\/\/www.erresse-shop.it\/es\/shop\/pequenos-electrodomesticos\/maquinas-de-cafe\/automatico\/jura-maquina-de-cafe-w8-dark-inox\/\",\"name\":\"JURA M\u00e1quina de caf\u00e9 W8 Dark Inox - Erresse Shop\",\"isPartOf\":{\"@id\":\"https:\/\/www.erresse-shop.it\/es\/#website\"},\"datePublished\":\"2025-11-12T13:06:59+00:00\",\"dateModified\":\"2025-11-12T13:25:27+00:00\",\"description\":\"La cafetera profesional compacta y vers\u00e1til La compacta W8 destaca por su versatilidad: su men\u00fa incluye 17 especialidades de caf\u00e9, todas preparadas con el\",\"breadcrumb\":{\"@id\":\"https:\/\/www.erresse-shop.it\/es\/shop\/pequenos-electrodomesticos\/maquinas-de-cafe\/automatico\/jura-maquina-de-cafe-w8-dark-inox\/#breadcrumb\"},\"inLanguage\":\"es\",\"potentialAction\":[{\"@type\":\"ReadAction\",\"target\":[\"https:\/\/www.erresse-shop.it\/es\/shop\/pequenos-electrodomesticos\/maquinas-de-cafe\/automatico\/jura-maquina-de-cafe-w8-dark-inox\/\"]}]},{\"@type\":\"BreadcrumbList\",\"@id\":\"https:\/\/www.erresse-shop.it\/es\/shop\/pequenos-electrodomesticos\/maquinas-de-cafe\/automatico\/jura-maquina-de-cafe-w8-dark-inox\/#breadcrumb\",\"itemListElement\":[{\"@type\":\"ListItem\",\"position\":1,\"name\":\"Home\",\"item\":\"https:\/\/www.erresse-shop.it\/es\/\"},{\"@type\":\"ListItem\",\"position\":2,\"name\":\"Shop\",\"item\":\"https:\/\/www.erresse-shop.it\/es\/shop\/\"},{\"@type\":\"ListItem\",\"position\":3,\"name\":\"JURA M\u00e1quina de caf\u00e9 W8 Dark Inox\"}]},{\"@type\":\"WebSite\",\"@id\":\"https:\/\/www.erresse-shop.it\/es\/#website\",\"url\":\"https:\/\/www.erresse-shop.it\/es\/\",\"name\":\"Erresse Shop\",\"description\":\"Articoli di qualit\u00e0 per la casa\",\"potentialAction\":[{\"@type\":\"SearchAction\",\"target\":{\"@type\":\"EntryPoint\",\"urlTemplate\":\"https:\/\/www.erresse-shop.it\/es\/?s={search_term_string}\"},\"query-input\":\"required name=search_term_string\"}],\"inLanguage\":\"es\"}]}<\/script>\n<!-- \/ Yoast SEO Premium plugin. -->","yoast_head_json":{"title":"JURA M\u00e1quina de caf\u00e9 W8 Dark Inox - Erresse Shop","description":"La cafetera profesional compacta y vers\u00e1til La compacta W8 destaca por su versatilidad: su men\u00fa incluye 17 especialidades de caf\u00e9, todas preparadas con el","robots":{"index":"index","follow":"follow","max-snippet":"max-snippet:-1","max-image-preview":"max-image-preview:large","max-video-preview":"max-video-preview:-1"},"canonical":"https:\/\/www.erresse-shop.it\/es\/shop\/pequenos-electrodomesticos\/maquinas-de-cafe\/automatico\/jura-maquina-de-cafe-w8-dark-inox\/","og_locale":"es_ES","og_type":"article","og_title":"JURA M\u00e1quina de caf\u00e9 W8 Dark Inox","og_description":"La cafetera profesional compacta y vers\u00e1til La compacta W8 destaca por su versatilidad: su men\u00fa incluye 17 especialidades de caf\u00e9, todas preparadas con el","og_url":"https:\/\/www.erresse-shop.it\/es\/shop\/pequenos-electrodomesticos\/maquinas-de-cafe\/automatico\/jura-maquina-de-cafe-w8-dark-inox\/","og_site_name":"Erresse Shop","article_modified_time":"2025-11-12T13:25:27+00:00","og_image":[{"width":1200,"height":1200,"url":"https:\/\/www.erresse-shop.it\/wp-content\/uploads\/2025\/11\/JURA-Macchina-Da-Caffe-W8-Dark-Inox.jpg","type":"image\/jpeg"}],"twitter_card":"summary_large_image","schema":{"@context":"https:\/\/schema.org","@graph":[{"@type":"WebPage","@id":"https:\/\/www.erresse-shop.it\/es\/shop\/pequenos-electrodomesticos\/maquinas-de-cafe\/automatico\/jura-maquina-de-cafe-w8-dark-inox\/","url":"https:\/\/www.erresse-shop.it\/es\/shop\/pequenos-electrodomesticos\/maquinas-de-cafe\/automatico\/jura-maquina-de-cafe-w8-dark-inox\/","name":"JURA M\u00e1quina de caf\u00e9 W8 Dark Inox - Erresse Shop","isPartOf":{"@id":"https:\/\/www.erresse-shop.it\/es\/#website"},"datePublished":"2025-11-12T13:06:59+00:00","dateModified":"2025-11-12T13:25:27+00:00","description":"La cafetera profesional compacta y vers\u00e1til La compacta W8 destaca por su versatilidad: su men\u00fa incluye 17 especialidades de caf\u00e9, todas preparadas con el","breadcrumb":{"@id":"https:\/\/www.erresse-shop.it\/es\/shop\/pequenos-electrodomesticos\/maquinas-de-cafe\/automatico\/jura-maquina-de-cafe-w8-dark-inox\/#breadcrumb"},"inLanguage":"es","potentialAction":[{"@type":"ReadAction","target":["https:\/\/www.erresse-shop.it\/es\/shop\/pequenos-electrodomesticos\/maquinas-de-cafe\/automatico\/jura-maquina-de-cafe-w8-dark-inox\/"]}]},{"@type":"BreadcrumbList","@id":"https:\/\/www.erresse-shop.it\/es\/shop\/pequenos-electrodomesticos\/maquinas-de-cafe\/automatico\/jura-maquina-de-cafe-w8-dark-inox\/#breadcrumb","itemListElement":[{"@type":"ListItem","position":1,"name":"Home","item":"https:\/\/www.erresse-shop.it\/es\/"},{"@type":"ListItem","position":2,"name":"Shop","item":"https:\/\/www.erresse-shop.it\/es\/shop\/"},{"@type":"ListItem","position":3,"name":"JURA M\u00e1quina de caf\u00e9 W8 Dark Inox"}]},{"@type":"WebSite","@id":"https:\/\/www.erresse-shop.it\/es\/#website","url":"https:\/\/www.erresse-shop.it\/es\/","name":"Erresse Shop","description":"Articoli di qualit\u00e0 per la casa","potentialAction":[{"@type":"SearchAction","target":{"@type":"EntryPoint","urlTemplate":"https:\/\/www.erresse-shop.it\/es\/?s={search_term_string}"},"query-input":"required name=search_term_string"}],"inLanguage":"es"}]}},"df_price":1998,"df_sale_price":1998,"df_regular_price":2299,"df_image_link":"https:\/\/www.erresse-shop.it\/wp-content\/uploads\/2025\/11\/JURA-Macchina-Da-Caffe-W8-Dark-Inox-300x300.jpg","_links":{"self":[{"href":"https:\/\/www.erresse-shop.it\/es\/wp-json\/wp\/v2\/product\/516470"}],"collection":[{"href":"https:\/\/www.erresse-shop.it\/es\/wp-json\/wp\/v2\/product"}],"about":[{"href":"https:\/\/www.erresse-shop.it\/es\/wp-json\/wp\/v2\/types\/product"}],"wp:featuredmedia":[{"embeddable":true,"href":"https:\/\/www.erresse-shop.it\/es\/wp-json\/wp\/v2\/media\/516502"}],"wp:attachment":[{"href":"https:\/\/www.erresse-shop.it\/es\/wp-json\/wp\/v2\/media?parent=516470"}],"wp:term":[{"taxonomy":"product_cat","embeddable":true,"href":"https:\/\/www.erresse-shop.it\/es\/wp-json\/wp\/v2\/product_cat?post=516470"},{"taxonomy":"product_tag","embeddable":true,"href":"https:\/\/www.erresse-shop.it\/es\/wp-json\/wp\/v2\/product_tag?post=516470"}],"curies":[{"name":"wp","href":"https:\/\/api.w.org\/{rel}","templated":true}]}}