{"id":516377,"date":"2025-11-12T10:07:55","date_gmt":"2025-11-12T10:07:55","guid":{"rendered":"https:\/\/www.erresse-shop.it\/?post_type=product&#038;p=516377"},"modified":"2025-11-12T10:17:32","modified_gmt":"2025-11-12T10:17:32","slug":"torre-cafetera-manual-alfredo-bomba-rotativa-madera","status":"publish","type":"product","link":"https:\/\/www.erresse-shop.it\/es\/shop\/pequenos-electrodomesticos\/maquinas-de-cafe\/manual-es\/torre-cafetera-manual-alfredo-bomba-rotativa-madera\/","title":{"rendered":"TORRE Cafetera manual Alfredo Bomba rotativa Madera"},"content":{"rendered":"<h3>Compacta, totalmente de acero inoxidable, con estilo profesional<\/h3>\n<p> La <strong>Bomba Rotativa Torre Alfredo<\/strong> es una m\u00e1quina de espresso italiana de fabricaci\u00f3n artesanal, dise\u00f1ada para ofrecer un rendimiento profesional y una fiabilidad absoluta, manteniendo a la vez unas dimensiones compactas y un dise\u00f1o refinado.<\/p>\n<p>Con su estilo sobrio y atemporal, se integra armoniosamente en cualquier ambiente \u2014hogar u oficina\u2014 combinando la est\u00e9tica del aut\u00e9ntico \u00abmade in Italy\u00bb con la funcionalidad de las mejores m\u00e1quinas de bar.<\/p>\n<p>Construida \u00edntegramente en acero inoxidable pulido a espejo y con acabados a mano, la Torre Alfredo representa la excelencia de la artesan\u00eda italiana en el mundo del espresso.<\/p>\n<p>El coraz\u00f3n de la m\u00e1quina es la <strong>bomba rotativa profesional<\/strong>, silenciosa y duradera, que garantiza una presi\u00f3n de extracci\u00f3n constante, un funcionamiento suave y la opci\u00f3n de conexi\u00f3n directa al suministro de agua. El resultado es una experiencia de usuario c\u00f3moda, estable y sin vibraciones.<\/p>\n<p>Equipada con un grupo de erogaci\u00f3n E61 con circulaci\u00f3n termosif\u00f3nica, la Alfredo garantiza una estabilidad t\u00e9rmica impecable, extracciones precisas y un espresso con cuerpo y arom\u00e1tico, como el de las mejores cafeter\u00edas.<\/p>\n<p>El sistema de intercambio de calor (HX) permite dispensar simult\u00e1neamente espresso y vapor, mientras que la gesti\u00f3n electr\u00f3nica del agua y los man\u00f3metros dobles ofrecen un control total en cada etapa de la preparaci\u00f3n.<\/p>\n<p>La tecnolog\u00eda TSP Smart PID ofrece cuatro ajustes de temperatura, preinfusi\u00f3n ajustable, funci\u00f3n Steam Boost, temporizador de preparaci\u00f3n, modo ECO programable y un algoritmo anti-sobrecalentamiento que preserva siempre la calidad de la extracci\u00f3n. <\/p>\n<h3 data-start=\"1019\" data-end=\"1049\">Caracter\u00edsticas principales:<\/h3>\n<ul>\n<li>Grupo de erogaci\u00f3n E61 con circulaci\u00f3n termosif\u00f3nica para una temperatura constante y una extracci\u00f3n uniforme.<\/li>\n<li><strong>Bomba rotativa profesional de acero inoxidable: silenciosa, duradera y compatible con conexi\u00f3n directa al agua.<\/strong><\/li>\n<li>Caldera de cobre de 1,5 L con intercambiador de calor para espresso y vapor simult\u00e1neos.<\/li>\n<li>Construcci\u00f3n en acero inoxidable pulido espejo, con acabado a mano.<\/li>\n<li>Man\u00f3metros dobles para la presi\u00f3n de la caldera y la bomba.<\/li>\n<li>Sistema electr\u00f3nico de gesti\u00f3n del agua con control autom\u00e1tico del nivel de la caldera.<\/li>\n<li>Pantalla PID inteligente:<\/li>\n<li>4 niveles de temperatura seleccionables.<\/li>\n<li>Preinfusi\u00f3n electr\u00f3nica ajustable.<\/li>\n<li>Temporizador de dispensaci\u00f3n.<\/li>\n<li>Modo ECO programable.<\/li>\n<li>Boost de vapor.<\/li>\n<li>Funci\u00f3n<\/li>\n<li>Algoritmo anti-sobrecalentamiento<\/li>\n<li>Alarma inteligente de nivel del dep\u00f3sito (la m\u00e1quina se mantiene caliente incluso con el dep\u00f3sito vac\u00edo; simplemente rell\u00e9nelo para reanudar su uso inmediatamente).<\/li>\n<li>Grifos de joystick independientes para vapor y agua caliente, con mandos de tacto fr\u00edo.<\/li>\n<\/ul>\n<h3>Especificaciones t\u00e9cnicas:<\/h3>\n<ul>\n<li><strong>Grupo de infusi\u00f3n tradicional E61<\/strong><\/li>\n<li><strong>Caldera de cobre de 1,5 L con intercambiador de calor<\/strong><\/li>\n<li><strong>Dep\u00f3sito de agua de 2,5 L (extra\u00edble)<\/strong><\/li>\n<li><strong>Material<\/strong> Acero inoxidable<\/li>\n<li><strong>Dimensiones<\/strong> 38,5 x 27,5 cm, altura 41 cm<\/li>\n<li><strong>Peso<\/strong> 26 kg<\/li>\n<li><strong>Potencia<\/strong> 110-120 V CA \/ 50-60 Hz<\/li>\n<\/ul>\n","protected":false},"excerpt":{"rendered":"<p>Compacta, totalmente de acero inoxidable, con estilo profesional La Bomba Rotativa Torre Alfredo es una m\u00e1quina de espresso italiana de<\/p>\n","protected":false},"featured_media":516355,"template":"","meta":{"_acf_changed":false,"inline_featured_image":false},"product_cat":[25367,16076,16073],"product_tag":[23574,16398,23583,25023],"acf":[],"yoast_head":"<!-- This site is optimized with the Yoast SEO Premium plugin v18.6 (Yoast SEO v19.13) - https:\/\/yoast.com\/wordpress\/plugins\/seo\/ -->\n<title>TORRE Cafetera manual Alfredo Bomba rotativa Madera - Erresse Shop<\/title>\n<meta name=\"description\" content=\"Compacta, totalmente de acero inoxidable, con estilo profesional La Bomba Rotativa Torre Alfredo es una m\u00e1quina de espresso italiana de fabricaci\u00f3n\" \/>\n<meta name=\"robots\" content=\"index, follow, max-snippet:-1, max-image-preview:large, max-video-preview:-1\" \/>\n<link rel=\"canonical\" href=\"https:\/\/www.erresse-shop.it\/es\/shop\/pequenos-electrodomesticos\/maquinas-de-cafe\/manual-es\/torre-cafetera-manual-alfredo-bomba-rotativa-madera\/\" \/>\n<meta property=\"og:locale\" content=\"es_ES\" \/>\n<meta property=\"og:type\" content=\"article\" \/>\n<meta property=\"og:title\" content=\"TORRE Cafetera manual Alfredo Bomba rotativa Madera\" \/>\n<meta property=\"og:description\" content=\"Compacta, totalmente de acero inoxidable, con estilo profesional La Bomba Rotativa Torre Alfredo es una m\u00e1quina de espresso italiana de fabricaci\u00f3n\" \/>\n<meta property=\"og:url\" content=\"https:\/\/www.erresse-shop.it\/es\/shop\/pequenos-electrodomesticos\/maquinas-de-cafe\/manual-es\/torre-cafetera-manual-alfredo-bomba-rotativa-madera\/\" \/>\n<meta property=\"og:site_name\" content=\"Erresse Shop\" \/>\n<meta property=\"article:modified_time\" content=\"2025-11-12T10:17:32+00:00\" \/>\n<meta property=\"og:image\" content=\"https:\/\/www.erresse-shop.it\/wp-content\/uploads\/2025\/11\/TORRE-Macchina-da-Caffe-Manuale-Alfredo-Legno.jpg\" \/>\n\t<meta property=\"og:image:width\" content=\"1200\" \/>\n\t<meta property=\"og:image:height\" content=\"1200\" \/>\n\t<meta property=\"og:image:type\" content=\"image\/jpeg\" \/>\n<meta name=\"twitter:card\" content=\"summary_large_image\" \/>\n<script type=\"application\/ld+json\" class=\"yoast-schema-graph\">{\"@context\":\"https:\/\/schema.org\",\"@graph\":[{\"@type\":\"WebPage\",\"@id\":\"https:\/\/www.erresse-shop.it\/es\/shop\/pequenos-electrodomesticos\/maquinas-de-cafe\/manual-es\/torre-cafetera-manual-alfredo-bomba-rotativa-madera\/\",\"url\":\"https:\/\/www.erresse-shop.it\/es\/shop\/pequenos-electrodomesticos\/maquinas-de-cafe\/manual-es\/torre-cafetera-manual-alfredo-bomba-rotativa-madera\/\",\"name\":\"TORRE Cafetera manual Alfredo Bomba rotativa Madera - Erresse Shop\",\"isPartOf\":{\"@id\":\"https:\/\/www.erresse-shop.it\/es\/#website\"},\"datePublished\":\"2025-11-12T10:07:55+00:00\",\"dateModified\":\"2025-11-12T10:17:32+00:00\",\"description\":\"Compacta, totalmente de acero inoxidable, con estilo profesional La Bomba Rotativa Torre Alfredo es una m\u00e1quina de espresso italiana de fabricaci\u00f3n\",\"breadcrumb\":{\"@id\":\"https:\/\/www.erresse-shop.it\/es\/shop\/pequenos-electrodomesticos\/maquinas-de-cafe\/manual-es\/torre-cafetera-manual-alfredo-bomba-rotativa-madera\/#breadcrumb\"},\"inLanguage\":\"es\",\"potentialAction\":[{\"@type\":\"ReadAction\",\"target\":[\"https:\/\/www.erresse-shop.it\/es\/shop\/pequenos-electrodomesticos\/maquinas-de-cafe\/manual-es\/torre-cafetera-manual-alfredo-bomba-rotativa-madera\/\"]}]},{\"@type\":\"BreadcrumbList\",\"@id\":\"https:\/\/www.erresse-shop.it\/es\/shop\/pequenos-electrodomesticos\/maquinas-de-cafe\/manual-es\/torre-cafetera-manual-alfredo-bomba-rotativa-madera\/#breadcrumb\",\"itemListElement\":[{\"@type\":\"ListItem\",\"position\":1,\"name\":\"Home\",\"item\":\"https:\/\/www.erresse-shop.it\/es\/\"},{\"@type\":\"ListItem\",\"position\":2,\"name\":\"Shop\",\"item\":\"https:\/\/www.erresse-shop.it\/es\/shop\/\"},{\"@type\":\"ListItem\",\"position\":3,\"name\":\"TORRE Cafetera manual Alfredo Bomba rotativa Madera\"}]},{\"@type\":\"WebSite\",\"@id\":\"https:\/\/www.erresse-shop.it\/es\/#website\",\"url\":\"https:\/\/www.erresse-shop.it\/es\/\",\"name\":\"Erresse Shop\",\"description\":\"Articoli di qualit\u00e0 per la casa\",\"potentialAction\":[{\"@type\":\"SearchAction\",\"target\":{\"@type\":\"EntryPoint\",\"urlTemplate\":\"https:\/\/www.erresse-shop.it\/es\/?s={search_term_string}\"},\"query-input\":\"required name=search_term_string\"}],\"inLanguage\":\"es\"}]}<\/script>\n<!-- \/ Yoast SEO Premium plugin. -->","yoast_head_json":{"title":"TORRE Cafetera manual Alfredo Bomba rotativa Madera - Erresse Shop","description":"Compacta, totalmente de acero inoxidable, con estilo profesional La Bomba Rotativa Torre Alfredo es una m\u00e1quina de espresso italiana de fabricaci\u00f3n","robots":{"index":"index","follow":"follow","max-snippet":"max-snippet:-1","max-image-preview":"max-image-preview:large","max-video-preview":"max-video-preview:-1"},"canonical":"https:\/\/www.erresse-shop.it\/es\/shop\/pequenos-electrodomesticos\/maquinas-de-cafe\/manual-es\/torre-cafetera-manual-alfredo-bomba-rotativa-madera\/","og_locale":"es_ES","og_type":"article","og_title":"TORRE Cafetera manual Alfredo Bomba rotativa Madera","og_description":"Compacta, totalmente de acero inoxidable, con estilo profesional La Bomba Rotativa Torre Alfredo es una m\u00e1quina de espresso italiana de fabricaci\u00f3n","og_url":"https:\/\/www.erresse-shop.it\/es\/shop\/pequenos-electrodomesticos\/maquinas-de-cafe\/manual-es\/torre-cafetera-manual-alfredo-bomba-rotativa-madera\/","og_site_name":"Erresse Shop","article_modified_time":"2025-11-12T10:17:32+00:00","og_image":[{"width":1200,"height":1200,"url":"https:\/\/www.erresse-shop.it\/wp-content\/uploads\/2025\/11\/TORRE-Macchina-da-Caffe-Manuale-Alfredo-Legno.jpg","type":"image\/jpeg"}],"twitter_card":"summary_large_image","schema":{"@context":"https:\/\/schema.org","@graph":[{"@type":"WebPage","@id":"https:\/\/www.erresse-shop.it\/es\/shop\/pequenos-electrodomesticos\/maquinas-de-cafe\/manual-es\/torre-cafetera-manual-alfredo-bomba-rotativa-madera\/","url":"https:\/\/www.erresse-shop.it\/es\/shop\/pequenos-electrodomesticos\/maquinas-de-cafe\/manual-es\/torre-cafetera-manual-alfredo-bomba-rotativa-madera\/","name":"TORRE Cafetera manual Alfredo Bomba rotativa Madera - Erresse Shop","isPartOf":{"@id":"https:\/\/www.erresse-shop.it\/es\/#website"},"datePublished":"2025-11-12T10:07:55+00:00","dateModified":"2025-11-12T10:17:32+00:00","description":"Compacta, totalmente de acero inoxidable, con estilo profesional La Bomba Rotativa Torre Alfredo es una m\u00e1quina de espresso italiana de fabricaci\u00f3n","breadcrumb":{"@id":"https:\/\/www.erresse-shop.it\/es\/shop\/pequenos-electrodomesticos\/maquinas-de-cafe\/manual-es\/torre-cafetera-manual-alfredo-bomba-rotativa-madera\/#breadcrumb"},"inLanguage":"es","potentialAction":[{"@type":"ReadAction","target":["https:\/\/www.erresse-shop.it\/es\/shop\/pequenos-electrodomesticos\/maquinas-de-cafe\/manual-es\/torre-cafetera-manual-alfredo-bomba-rotativa-madera\/"]}]},{"@type":"BreadcrumbList","@id":"https:\/\/www.erresse-shop.it\/es\/shop\/pequenos-electrodomesticos\/maquinas-de-cafe\/manual-es\/torre-cafetera-manual-alfredo-bomba-rotativa-madera\/#breadcrumb","itemListElement":[{"@type":"ListItem","position":1,"name":"Home","item":"https:\/\/www.erresse-shop.it\/es\/"},{"@type":"ListItem","position":2,"name":"Shop","item":"https:\/\/www.erresse-shop.it\/es\/shop\/"},{"@type":"ListItem","position":3,"name":"TORRE Cafetera manual Alfredo Bomba rotativa Madera"}]},{"@type":"WebSite","@id":"https:\/\/www.erresse-shop.it\/es\/#website","url":"https:\/\/www.erresse-shop.it\/es\/","name":"Erresse Shop","description":"Articoli di qualit\u00e0 per la casa","potentialAction":[{"@type":"SearchAction","target":{"@type":"EntryPoint","urlTemplate":"https:\/\/www.erresse-shop.it\/es\/?s={search_term_string}"},"query-input":"required name=search_term_string"}],"inLanguage":"es"}]}},"df_price":1977.0800000000002,"df_sale_price":1977.0800000000002,"df_regular_price":2149,"df_image_link":"https:\/\/www.erresse-shop.it\/wp-content\/uploads\/2025\/11\/TORRE-Macchina-da-Caffe-Manuale-Alfredo-Legno-300x300.jpg","_links":{"self":[{"href":"https:\/\/www.erresse-shop.it\/es\/wp-json\/wp\/v2\/product\/516377"}],"collection":[{"href":"https:\/\/www.erresse-shop.it\/es\/wp-json\/wp\/v2\/product"}],"about":[{"href":"https:\/\/www.erresse-shop.it\/es\/wp-json\/wp\/v2\/types\/product"}],"wp:featuredmedia":[{"embeddable":true,"href":"https:\/\/www.erresse-shop.it\/es\/wp-json\/wp\/v2\/media\/516355"}],"wp:attachment":[{"href":"https:\/\/www.erresse-shop.it\/es\/wp-json\/wp\/v2\/media?parent=516377"}],"wp:term":[{"taxonomy":"product_cat","embeddable":true,"href":"https:\/\/www.erresse-shop.it\/es\/wp-json\/wp\/v2\/product_cat?post=516377"},{"taxonomy":"product_tag","embeddable":true,"href":"https:\/\/www.erresse-shop.it\/es\/wp-json\/wp\/v2\/product_tag?post=516377"}],"curies":[{"name":"wp","href":"https:\/\/api.w.org\/{rel}","templated":true}]}}