{"id":516180,"date":"2025-11-11T10:51:25","date_gmt":"2025-11-11T10:51:30","guid":{"rendered":"https:\/\/www.erresse-shop.it\/?post_type=product&#038;p=516180"},"modified":"2025-11-11T11:04:30","modified_gmt":"2025-11-11T11:04:30","slug":"torre-cafetera-manual-luigino-tsp-joystick-taps","status":"publish","type":"product","link":"https:\/\/www.erresse-shop.it\/es\/shop\/pequenos-electrodomesticos\/maquinas-de-cafe\/manual-es\/torre-cafetera-manual-luigino-tsp-joystick-taps\/","title":{"rendered":"TORRE Cafetera manual Luigino TSP Joystick Taps"},"content":{"rendered":"<h3>Compacta y fiable con alma profesional<\/h3>\n<p> La Torre Luigino TSP Joystick Taps es una m\u00e1quina de espresso italiana artesanal, compacta pero con un aspecto profesional, dise\u00f1ada para ofrecer un rendimiento de calidad barista en casa o en la oficina.<\/p>\n<p>Fabricada \u00edntegramente en acero inoxidable pulido a espejo y con acabado a mano, representa la combinaci\u00f3n perfecta de dise\u00f1o elegante, fiabilidad mec\u00e1nica y facilidad de uso.<\/p>\n<p>Su sistema de grifos tipo joystick para vapor y agua caliente hace que la experiencia sea a\u00fan m\u00e1s fluida y precisa: un simple movimiento basta para controlar el suministro, garantizando una respuesta inmediata y una ergonom\u00eda \u00f3ptima.<\/p>\n<p>Bajo su cuerpo compacto, la silenciosa bomba de vibraci\u00f3n trabaja en sinergia con la caldera de cobre de 1,5 L y el grupo de erogaci\u00f3n E61, asegurando la estabilidad t\u00e9rmica, extracciones perfectas y un espresso con cuerpo y sabor intenso, como en un bar.<\/p>\n<p>El sistema de intercambio de calor (HX) permite el suministro simult\u00e1neo de espresso y vapor, mientras que la gesti\u00f3n electr\u00f3nica del agua y los man\u00f3metros dobles ofrecen un control total de cada etapa de la preparaci\u00f3n.<\/p>\n<h3 data-start=\"1019\" data-end=\"1049\">Caracter\u00edsticas principales:<\/h3>\n<ul>\n<li><strong>Grifos tipo joystick<\/strong> para vapor y agua caliente: control inmediato, suave y profesional.<\/li>\n<li><strong>Grupo de erogaci\u00f3n E61<\/strong> con circulaci\u00f3n termosif\u00f3nica para una estabilidad t\u00e9rmica constante.<\/li>\n<li><strong>Bomba de vibraci\u00f3n silenciosa, fiable y precisa.<\/li>\n<li><strong>Caldera de cobre de 1,5 L con intercambiador de calor para espresso y vapor simult\u00e1neos.<\/li>\n<li><strong>Estructura de acero inoxidable pulido espejo con acabado a mano.<\/li>\n<li><strong>Man\u00f3metros dobles<\/strong> para la presi\u00f3n de la caldera y la bomba.<\/li>\n<li><strong>Sistema electr\u00f3nico de gesti\u00f3n del agua y control autom\u00e1tico del nivel de la caldera.<\/li>\n<li><strong>Configuraci\u00f3n opcional: &#8220;SMART PID&#8221; con pantalla OLED, temporizador de extracci\u00f3n, preinfusi\u00f3n ajustable y modo ECO.\n<li><strong>Funci\u00f3n Steam Boost<\/strong> para obtener el m\u00e1ximo vapor, incluso durante las sesiones m\u00e1s intensas.\n<li><strong>Temporizador de preparaci\u00f3n integrado.\n<li><strong>Algoritmo anti-sobrecalentamiento<\/strong> y alarma inteligente de nivel de dep\u00f3sito (la m\u00e1quina se mantiene caliente incluso con el dep\u00f3sito vac\u00edo).\n<li><strong>Cuatro ajustes de temperatura controlados por PID.\n<li><strong>Preinfusi\u00f3n electr\u00f3nica ajustable.\n<li><strong>Modo ECO programable<\/strong> para reducir el consumo de energ\u00eda.\n<\/ul>\n<h3>Especificaciones t\u00e9cnicas:<\/p>\n<ul>\n<li><strong>Grupo de preparaci\u00f3n tradicional E61<\/strong>\n<li><strong>Caldera de cobre de 1,5 L con intercambiador de calor<\/li>\n<li><strong>Dep\u00f3sito de agua<\/strong> 2,5 L (extra\u00edble)<\/li>\n<li><strong>Material<\/strong> Acero inoxidable<\/li>\n<li><strong>Dimensiones<\/strong> 38,5 x 20,6 cm, altura 41 cm<\/li>\n<li><strong>Peso<\/strong> 20,5 kg<\/li>\n<li><strong>Alimentaci\u00f3n el\u00e9ctrica<\/strong> 110-120 V CA \/ 50-60 Hz<\/li>\n<\/ul>\n","protected":false},"excerpt":{"rendered":"<p>Compacta y fiable con alma profesional La Torre Luigino TSP Joystick Taps es una m\u00e1quina de espresso italiana artesanal, compacta<\/p>\n","protected":false},"featured_media":516192,"template":"","meta":{"_acf_changed":false,"inline_featured_image":false},"product_cat":[25367,16076,16073],"product_tag":[23574,16398,25023],"acf":[],"yoast_head":"<!-- This site is optimized with the Yoast SEO Premium plugin v18.6 (Yoast SEO v19.13) - https:\/\/yoast.com\/wordpress\/plugins\/seo\/ -->\n<title>TORRE Cafetera manual Luigino TSP Joystick Taps - Erresse Shop<\/title>\n<meta name=\"description\" content=\"Compacta y fiable con alma profesional La Torre Luigino TSP Joystick Taps es una m\u00e1quina de espresso italiana artesanal, compacta pero con un aspecto\" \/>\n<meta name=\"robots\" content=\"index, follow, max-snippet:-1, max-image-preview:large, max-video-preview:-1\" \/>\n<link rel=\"canonical\" href=\"https:\/\/www.erresse-shop.it\/es\/shop\/pequenos-electrodomesticos\/maquinas-de-cafe\/manual-es\/torre-cafetera-manual-luigino-tsp-joystick-taps\/\" \/>\n<meta property=\"og:locale\" content=\"es_ES\" \/>\n<meta property=\"og:type\" content=\"article\" \/>\n<meta property=\"og:title\" content=\"TORRE Cafetera manual Luigino TSP Joystick Taps\" \/>\n<meta property=\"og:description\" content=\"Compacta y fiable con alma profesional La Torre Luigino TSP Joystick Taps es una m\u00e1quina de espresso italiana artesanal, compacta pero con un aspecto\" \/>\n<meta property=\"og:url\" content=\"https:\/\/www.erresse-shop.it\/es\/shop\/pequenos-electrodomesticos\/maquinas-de-cafe\/manual-es\/torre-cafetera-manual-luigino-tsp-joystick-taps\/\" \/>\n<meta property=\"og:site_name\" content=\"Erresse Shop\" \/>\n<meta property=\"article:modified_time\" content=\"2025-11-11T11:04:30+00:00\" \/>\n<meta property=\"og:image\" content=\"https:\/\/www.erresse-shop.it\/wp-content\/uploads\/2025\/11\/TORRE-Macchina-da-Caffe-Manuale-Luigino-TSP-Joystick-Taps.jpg\" \/>\n\t<meta property=\"og:image:width\" content=\"1200\" \/>\n\t<meta property=\"og:image:height\" content=\"1200\" \/>\n\t<meta property=\"og:image:type\" content=\"image\/jpeg\" \/>\n<meta name=\"twitter:card\" content=\"summary_large_image\" \/>\n<script type=\"application\/ld+json\" class=\"yoast-schema-graph\">{\"@context\":\"https:\/\/schema.org\",\"@graph\":[{\"@type\":\"WebPage\",\"@id\":\"https:\/\/www.erresse-shop.it\/es\/shop\/pequenos-electrodomesticos\/maquinas-de-cafe\/manual-es\/torre-cafetera-manual-luigino-tsp-joystick-taps\/\",\"url\":\"https:\/\/www.erresse-shop.it\/es\/shop\/pequenos-electrodomesticos\/maquinas-de-cafe\/manual-es\/torre-cafetera-manual-luigino-tsp-joystick-taps\/\",\"name\":\"TORRE Cafetera manual Luigino TSP Joystick Taps - Erresse Shop\",\"isPartOf\":{\"@id\":\"https:\/\/www.erresse-shop.it\/es\/#website\"},\"datePublished\":\"2025-11-11T10:51:30+00:00\",\"dateModified\":\"2025-11-11T11:04:30+00:00\",\"description\":\"Compacta y fiable con alma profesional La Torre Luigino TSP Joystick Taps es una m\u00e1quina de espresso italiana artesanal, compacta pero con un aspecto\",\"breadcrumb\":{\"@id\":\"https:\/\/www.erresse-shop.it\/es\/shop\/pequenos-electrodomesticos\/maquinas-de-cafe\/manual-es\/torre-cafetera-manual-luigino-tsp-joystick-taps\/#breadcrumb\"},\"inLanguage\":\"es\",\"potentialAction\":[{\"@type\":\"ReadAction\",\"target\":[\"https:\/\/www.erresse-shop.it\/es\/shop\/pequenos-electrodomesticos\/maquinas-de-cafe\/manual-es\/torre-cafetera-manual-luigino-tsp-joystick-taps\/\"]}]},{\"@type\":\"BreadcrumbList\",\"@id\":\"https:\/\/www.erresse-shop.it\/es\/shop\/pequenos-electrodomesticos\/maquinas-de-cafe\/manual-es\/torre-cafetera-manual-luigino-tsp-joystick-taps\/#breadcrumb\",\"itemListElement\":[{\"@type\":\"ListItem\",\"position\":1,\"name\":\"Home\",\"item\":\"https:\/\/www.erresse-shop.it\/es\/\"},{\"@type\":\"ListItem\",\"position\":2,\"name\":\"Shop\",\"item\":\"https:\/\/www.erresse-shop.it\/es\/shop\/\"},{\"@type\":\"ListItem\",\"position\":3,\"name\":\"TORRE Cafetera manual Luigino TSP Joystick Taps\"}]},{\"@type\":\"WebSite\",\"@id\":\"https:\/\/www.erresse-shop.it\/es\/#website\",\"url\":\"https:\/\/www.erresse-shop.it\/es\/\",\"name\":\"Erresse Shop\",\"description\":\"Articoli di qualit\u00e0 per la casa\",\"potentialAction\":[{\"@type\":\"SearchAction\",\"target\":{\"@type\":\"EntryPoint\",\"urlTemplate\":\"https:\/\/www.erresse-shop.it\/es\/?s={search_term_string}\"},\"query-input\":\"required name=search_term_string\"}],\"inLanguage\":\"es\"}]}<\/script>\n<!-- \/ Yoast SEO Premium plugin. -->","yoast_head_json":{"title":"TORRE Cafetera manual Luigino TSP Joystick Taps - Erresse Shop","description":"Compacta y fiable con alma profesional La Torre Luigino TSP Joystick Taps es una m\u00e1quina de espresso italiana artesanal, compacta pero con un aspecto","robots":{"index":"index","follow":"follow","max-snippet":"max-snippet:-1","max-image-preview":"max-image-preview:large","max-video-preview":"max-video-preview:-1"},"canonical":"https:\/\/www.erresse-shop.it\/es\/shop\/pequenos-electrodomesticos\/maquinas-de-cafe\/manual-es\/torre-cafetera-manual-luigino-tsp-joystick-taps\/","og_locale":"es_ES","og_type":"article","og_title":"TORRE Cafetera manual Luigino TSP Joystick Taps","og_description":"Compacta y fiable con alma profesional La Torre Luigino TSP Joystick Taps es una m\u00e1quina de espresso italiana artesanal, compacta pero con un aspecto","og_url":"https:\/\/www.erresse-shop.it\/es\/shop\/pequenos-electrodomesticos\/maquinas-de-cafe\/manual-es\/torre-cafetera-manual-luigino-tsp-joystick-taps\/","og_site_name":"Erresse Shop","article_modified_time":"2025-11-11T11:04:30+00:00","og_image":[{"width":1200,"height":1200,"url":"https:\/\/www.erresse-shop.it\/wp-content\/uploads\/2025\/11\/TORRE-Macchina-da-Caffe-Manuale-Luigino-TSP-Joystick-Taps.jpg","type":"image\/jpeg"}],"twitter_card":"summary_large_image","schema":{"@context":"https:\/\/schema.org","@graph":[{"@type":"WebPage","@id":"https:\/\/www.erresse-shop.it\/es\/shop\/pequenos-electrodomesticos\/maquinas-de-cafe\/manual-es\/torre-cafetera-manual-luigino-tsp-joystick-taps\/","url":"https:\/\/www.erresse-shop.it\/es\/shop\/pequenos-electrodomesticos\/maquinas-de-cafe\/manual-es\/torre-cafetera-manual-luigino-tsp-joystick-taps\/","name":"TORRE Cafetera manual Luigino TSP Joystick Taps - Erresse Shop","isPartOf":{"@id":"https:\/\/www.erresse-shop.it\/es\/#website"},"datePublished":"2025-11-11T10:51:30+00:00","dateModified":"2025-11-11T11:04:30+00:00","description":"Compacta y fiable con alma profesional La Torre Luigino TSP Joystick Taps es una m\u00e1quina de espresso italiana artesanal, compacta pero con un aspecto","breadcrumb":{"@id":"https:\/\/www.erresse-shop.it\/es\/shop\/pequenos-electrodomesticos\/maquinas-de-cafe\/manual-es\/torre-cafetera-manual-luigino-tsp-joystick-taps\/#breadcrumb"},"inLanguage":"es","potentialAction":[{"@type":"ReadAction","target":["https:\/\/www.erresse-shop.it\/es\/shop\/pequenos-electrodomesticos\/maquinas-de-cafe\/manual-es\/torre-cafetera-manual-luigino-tsp-joystick-taps\/"]}]},{"@type":"BreadcrumbList","@id":"https:\/\/www.erresse-shop.it\/es\/shop\/pequenos-electrodomesticos\/maquinas-de-cafe\/manual-es\/torre-cafetera-manual-luigino-tsp-joystick-taps\/#breadcrumb","itemListElement":[{"@type":"ListItem","position":1,"name":"Home","item":"https:\/\/www.erresse-shop.it\/es\/"},{"@type":"ListItem","position":2,"name":"Shop","item":"https:\/\/www.erresse-shop.it\/es\/shop\/"},{"@type":"ListItem","position":3,"name":"TORRE Cafetera manual Luigino TSP Joystick Taps"}]},{"@type":"WebSite","@id":"https:\/\/www.erresse-shop.it\/es\/#website","url":"https:\/\/www.erresse-shop.it\/es\/","name":"Erresse Shop","description":"Articoli di qualit\u00e0 per la casa","potentialAction":[{"@type":"SearchAction","target":{"@type":"EntryPoint","urlTemplate":"https:\/\/www.erresse-shop.it\/es\/?s={search_term_string}"},"query-input":"required name=search_term_string"}],"inLanguage":"es"}]}},"df_price":1673.48,"df_sale_price":1673.48,"df_regular_price":1819,"df_image_link":"https:\/\/www.erresse-shop.it\/wp-content\/uploads\/2025\/11\/TORRE-Macchina-da-Caffe-Manuale-Luigino-TSP-Joystick-Taps-300x300.jpg","_links":{"self":[{"href":"https:\/\/www.erresse-shop.it\/es\/wp-json\/wp\/v2\/product\/516180"}],"collection":[{"href":"https:\/\/www.erresse-shop.it\/es\/wp-json\/wp\/v2\/product"}],"about":[{"href":"https:\/\/www.erresse-shop.it\/es\/wp-json\/wp\/v2\/types\/product"}],"wp:featuredmedia":[{"embeddable":true,"href":"https:\/\/www.erresse-shop.it\/es\/wp-json\/wp\/v2\/media\/516192"}],"wp:attachment":[{"href":"https:\/\/www.erresse-shop.it\/es\/wp-json\/wp\/v2\/media?parent=516180"}],"wp:term":[{"taxonomy":"product_cat","embeddable":true,"href":"https:\/\/www.erresse-shop.it\/es\/wp-json\/wp\/v2\/product_cat?post=516180"},{"taxonomy":"product_tag","embeddable":true,"href":"https:\/\/www.erresse-shop.it\/es\/wp-json\/wp\/v2\/product_tag?post=516180"}],"curies":[{"name":"wp","href":"https:\/\/api.w.org\/{rel}","templated":true}]}}