{"id":516159,"date":"2025-11-11T10:34:45","date_gmt":"2025-11-11T10:34:50","guid":{"rendered":"https:\/\/www.erresse-shop.it\/?post_type=product&#038;p=516159"},"modified":"2025-11-11T13:11:14","modified_gmt":"2025-11-11T13:11:14","slug":"torre-cafetera-manual-luigino-tsp-bomba-rotativa-wood","status":"publish","type":"product","link":"https:\/\/www.erresse-shop.it\/es\/shop\/pequenos-electrodomesticos\/maquinas-de-cafe\/manual-es\/torre-cafetera-manual-luigino-tsp-bomba-rotativa-wood\/","title":{"rendered":"TORRE Cafetera manual Luigino TSP Bomba Rotativa Madera"},"content":{"rendered":"<h3>Compacta y fiable con alma profesional<\/h3>\n<p>La Luigino TSP de bomba rotativa es una m\u00e1quina de espresso italiana de fabricaci\u00f3n artesanal, dise\u00f1ada para ofrecer un rendimiento profesional en un formato compacto, elegante y silencioso.<\/p>\n<p>Su dise\u00f1o minimalista se adapta a la perfecci\u00f3n a cualquier ambiente, ya sea en casa o en la oficina, combinando una est\u00e9tica refinada con una funcionalidad superior.<\/p>\n<p>Fabricada \u00edntegramente en acero inoxidable pulido a espejo y con acabados a mano, la Luigino TSP representa la excelencia de la ingenier\u00eda italiana en el mundo del caf\u00e9.<\/p>\n<p>El coraz\u00f3n de la m\u00e1quina es la bomba rotativa profesional, que garantiza un suministro constante, un funcionamiento extremadamente silencioso y la opci\u00f3n de conexi\u00f3n directa al suministro de agua, asegurando una experiencia fluida y confortable.<\/p>\n<p>Los pomos de madera a\u00f1aden un toque de clase y calidez al dise\u00f1o, convirtiendo cada uso en una experiencia placentera y refinada.<\/p>\n<p>Equipada con el grupo de erogaci\u00f3n E61, esta m\u00e1quina garantiza una estabilidad t\u00e9rmica impecable, extracciones precisas y un espresso con cuerpo y un aroma intenso, como en un bar.<\/p>\n<p>El sistema de intercambio de calor (HX) permite preparar espresso y utilizar vapor simult\u00e1neamente, mientras que la gesti\u00f3n electr\u00f3nica del agua y los man\u00f3metros dobles permiten un control total en cada etapa de la preparaci\u00f3n.<\/p>\n<h3 data-start=\"1019\" data-end=\"1049\">Caracter\u00edsticas principales:<\/h3>\n<ul>\n<li data-start=\"1052\" data-end=\"1141\"><strong data-start=\"1052\" data-end=\"1076\">Grupo de erogaci\u00f3n E61<\/strong> con circulaci\u00f3n termosif\u00f3nica para una estabilidad t\u00e9rmica constante.<\/li>\n<li data-start=\"1052\" data-end=\"1141\"><strong>Bomba rotativa profesional<\/strong>: silenciosa, duradera y compatible con conexi\u00f3n directa a la red de agua.<\/li>\n<li data-start=\"1144\" data-end=\"1234\"><strong data-start=\"1144\" data-end=\"1172\">Caldera de cobre de 1,5 L<\/strong> con intercambiador de calor para la preparaci\u00f3n simult\u00e1nea de espresso y vapor.<\/li>\n<li data-end=\"1286\">Construcci\u00f3n en acero inoxidable pulido espejo, acabado a mano.<\/li>\n<li data-start=\"1309\" data-end=\"1361\"><strong data-start=\"1309\" data-end=\"1328\">Man\u00f3metros dobles para la presi\u00f3n de la caldera y la bomba.<\/strong><\/li>\n<li data-start=\"1364\" data-end=\"1451\"><strong data-start=\"1364\" data-end=\"1405\">Sistema electr\u00f3nico de gesti\u00f3n del agua y control autom\u00e1tico del nivel de la caldera.<\/strong><\/li>\n<li data-start=\"1454\" data-end=\"1567\"><strong data-start=\"1454\" data-end=\"1499\">Opci\u00f3n de configuraci\u00f3n &#8220;SMART PID&#8221; con pantalla OLED, temporizador, preinfusi\u00f3n ajustable y modo autom\u00e1tico.<\/strong> ECO.<\/li>\n<li data-start=\"1454\" data-end=\"1567\"><strong>Funci\u00f3n de refuerzo de vapor<\/strong> para obtener el m\u00e1ximo vapor en cualquier condici\u00f3n.<\/li>\n<li data-start=\"1454\" data-end=\"1567\"><strong>Temporizador de dispensaci\u00f3n.<\/strong><\/li>\n<li data-start=\"1454\" data-end=\"1567\"><strong>Algoritmo anti-sobrecalentamiento integrado.<\/strong><\/li>\n<li data-start=\"1454\" data-end=\"1567\"><strong>Alarma inteligente de nivel del dep\u00f3sito<\/strong> (incluso con el dep\u00f3sito vac\u00edo, la m\u00e1quina se mantiene caliente; simplemente rell\u00e9nelo sin tener que esperar a que se caliente).<\/li>\n<li data-start=\"1454\" data-end=\"1567\">Cuatro ajustes de temperatura diferentes con control PID.<\/li>\n<li data-start=\"1454\" data-end=\"1567\">Preinfusi\u00f3n electr\u00f3nica ajustable.<\/li>\n<li data-start=\"1454\" data-end=\"1567\">Modo ECO ajustable.<\/li>\n<\/ul>\n<h3>Especificaciones t\u00e9cnicas:<\/h3>\n<ul>\n<li><strong>Grupo de erogaci\u00f3n E61 tradicional<\/strong><\/li>\n<li><strong>Caldera de cobre de 1,5 L con intercambiador de calor<\/strong><\/li>\n<li><strong>Dep\u00f3sito de agua de 2,5 L (extra\u00edble)<\/strong><\/li>\n<li><strong>Material<\/strong> Acero inoxidable<\/li>\n<li><strong>Dimensiones<\/strong> 38,5 x 20,6 cm, altura 41 cm<\/li>\n<li><strong>Peso<\/strong> 22,5 kg<\/li>\n<li><strong>Alimentaci\u00f3n el\u00e9ctrica<\/strong> 220-240 V CA \/ 50-60 Hz<\/li>\n<\/ul>\n","protected":false},"excerpt":{"rendered":"<p>Compacta y fiable con alma profesional La Luigino TSP de bomba rotativa es una m\u00e1quina de espresso italiana de fabricaci\u00f3n<\/p>\n","protected":false},"featured_media":516172,"template":"","meta":{"_acf_changed":false,"inline_featured_image":false},"product_cat":[25367,16076,16073],"product_tag":[23574,16398,25023],"acf":[],"yoast_head":"<!-- This site is optimized with the Yoast SEO Premium plugin v18.6 (Yoast SEO v19.13) - https:\/\/yoast.com\/wordpress\/plugins\/seo\/ -->\n<title>TORRE Cafetera manual Luigino TSP Bomba Rotativa Madera - Erresse Shop<\/title>\n<meta name=\"description\" content=\"Compacta y fiable con alma profesional La Luigino TSP de bomba rotativa es una m\u00e1quina de espresso italiana de fabricaci\u00f3n artesanal, dise\u00f1ada para\" \/>\n<meta name=\"robots\" content=\"index, follow, max-snippet:-1, max-image-preview:large, max-video-preview:-1\" \/>\n<link rel=\"canonical\" href=\"https:\/\/www.erresse-shop.it\/es\/shop\/pequenos-electrodomesticos\/maquinas-de-cafe\/manual-es\/torre-cafetera-manual-luigino-tsp-bomba-rotativa-wood\/\" \/>\n<meta property=\"og:locale\" content=\"es_ES\" \/>\n<meta property=\"og:type\" content=\"article\" \/>\n<meta property=\"og:title\" content=\"TORRE Cafetera manual Luigino TSP Bomba Rotativa Madera\" \/>\n<meta property=\"og:description\" content=\"Compacta y fiable con alma profesional La Luigino TSP de bomba rotativa es una m\u00e1quina de espresso italiana de fabricaci\u00f3n artesanal, dise\u00f1ada para\" \/>\n<meta property=\"og:url\" content=\"https:\/\/www.erresse-shop.it\/es\/shop\/pequenos-electrodomesticos\/maquinas-de-cafe\/manual-es\/torre-cafetera-manual-luigino-tsp-bomba-rotativa-wood\/\" \/>\n<meta property=\"og:site_name\" content=\"Erresse Shop\" \/>\n<meta property=\"article:modified_time\" content=\"2025-11-11T13:11:14+00:00\" \/>\n<meta property=\"og:image\" content=\"https:\/\/www.erresse-shop.it\/wp-content\/uploads\/2025\/11\/TORRE-Macchina-da-Caffe-Manuale-Luigino-TSP-Pompa-Rotativa-Wood.jpg\" \/>\n\t<meta property=\"og:image:width\" content=\"1200\" \/>\n\t<meta property=\"og:image:height\" content=\"1200\" \/>\n\t<meta property=\"og:image:type\" content=\"image\/jpeg\" \/>\n<meta name=\"twitter:card\" content=\"summary_large_image\" \/>\n<script type=\"application\/ld+json\" class=\"yoast-schema-graph\">{\"@context\":\"https:\/\/schema.org\",\"@graph\":[{\"@type\":\"WebPage\",\"@id\":\"https:\/\/www.erresse-shop.it\/es\/shop\/pequenos-electrodomesticos\/maquinas-de-cafe\/manual-es\/torre-cafetera-manual-luigino-tsp-bomba-rotativa-wood\/\",\"url\":\"https:\/\/www.erresse-shop.it\/es\/shop\/pequenos-electrodomesticos\/maquinas-de-cafe\/manual-es\/torre-cafetera-manual-luigino-tsp-bomba-rotativa-wood\/\",\"name\":\"TORRE Cafetera manual Luigino TSP Bomba Rotativa Madera - Erresse Shop\",\"isPartOf\":{\"@id\":\"https:\/\/www.erresse-shop.it\/es\/#website\"},\"datePublished\":\"2025-11-11T10:34:50+00:00\",\"dateModified\":\"2025-11-11T13:11:14+00:00\",\"description\":\"Compacta y fiable con alma profesional La Luigino TSP de bomba rotativa es una m\u00e1quina de espresso italiana de fabricaci\u00f3n artesanal, dise\u00f1ada para\",\"breadcrumb\":{\"@id\":\"https:\/\/www.erresse-shop.it\/es\/shop\/pequenos-electrodomesticos\/maquinas-de-cafe\/manual-es\/torre-cafetera-manual-luigino-tsp-bomba-rotativa-wood\/#breadcrumb\"},\"inLanguage\":\"es\",\"potentialAction\":[{\"@type\":\"ReadAction\",\"target\":[\"https:\/\/www.erresse-shop.it\/es\/shop\/pequenos-electrodomesticos\/maquinas-de-cafe\/manual-es\/torre-cafetera-manual-luigino-tsp-bomba-rotativa-wood\/\"]}]},{\"@type\":\"BreadcrumbList\",\"@id\":\"https:\/\/www.erresse-shop.it\/es\/shop\/pequenos-electrodomesticos\/maquinas-de-cafe\/manual-es\/torre-cafetera-manual-luigino-tsp-bomba-rotativa-wood\/#breadcrumb\",\"itemListElement\":[{\"@type\":\"ListItem\",\"position\":1,\"name\":\"Home\",\"item\":\"https:\/\/www.erresse-shop.it\/es\/\"},{\"@type\":\"ListItem\",\"position\":2,\"name\":\"Shop\",\"item\":\"https:\/\/www.erresse-shop.it\/es\/shop\/\"},{\"@type\":\"ListItem\",\"position\":3,\"name\":\"TORRE Cafetera manual Luigino TSP Bomba Rotativa Madera\"}]},{\"@type\":\"WebSite\",\"@id\":\"https:\/\/www.erresse-shop.it\/es\/#website\",\"url\":\"https:\/\/www.erresse-shop.it\/es\/\",\"name\":\"Erresse Shop\",\"description\":\"Articoli di qualit\u00e0 per la casa\",\"potentialAction\":[{\"@type\":\"SearchAction\",\"target\":{\"@type\":\"EntryPoint\",\"urlTemplate\":\"https:\/\/www.erresse-shop.it\/es\/?s={search_term_string}\"},\"query-input\":\"required name=search_term_string\"}],\"inLanguage\":\"es\"}]}<\/script>\n<!-- \/ Yoast SEO Premium plugin. -->","yoast_head_json":{"title":"TORRE Cafetera manual Luigino TSP Bomba Rotativa Madera - Erresse Shop","description":"Compacta y fiable con alma profesional La Luigino TSP de bomba rotativa es una m\u00e1quina de espresso italiana de fabricaci\u00f3n artesanal, dise\u00f1ada para","robots":{"index":"index","follow":"follow","max-snippet":"max-snippet:-1","max-image-preview":"max-image-preview:large","max-video-preview":"max-video-preview:-1"},"canonical":"https:\/\/www.erresse-shop.it\/es\/shop\/pequenos-electrodomesticos\/maquinas-de-cafe\/manual-es\/torre-cafetera-manual-luigino-tsp-bomba-rotativa-wood\/","og_locale":"es_ES","og_type":"article","og_title":"TORRE Cafetera manual Luigino TSP Bomba Rotativa Madera","og_description":"Compacta y fiable con alma profesional La Luigino TSP de bomba rotativa es una m\u00e1quina de espresso italiana de fabricaci\u00f3n artesanal, dise\u00f1ada para","og_url":"https:\/\/www.erresse-shop.it\/es\/shop\/pequenos-electrodomesticos\/maquinas-de-cafe\/manual-es\/torre-cafetera-manual-luigino-tsp-bomba-rotativa-wood\/","og_site_name":"Erresse Shop","article_modified_time":"2025-11-11T13:11:14+00:00","og_image":[{"width":1200,"height":1200,"url":"https:\/\/www.erresse-shop.it\/wp-content\/uploads\/2025\/11\/TORRE-Macchina-da-Caffe-Manuale-Luigino-TSP-Pompa-Rotativa-Wood.jpg","type":"image\/jpeg"}],"twitter_card":"summary_large_image","schema":{"@context":"https:\/\/schema.org","@graph":[{"@type":"WebPage","@id":"https:\/\/www.erresse-shop.it\/es\/shop\/pequenos-electrodomesticos\/maquinas-de-cafe\/manual-es\/torre-cafetera-manual-luigino-tsp-bomba-rotativa-wood\/","url":"https:\/\/www.erresse-shop.it\/es\/shop\/pequenos-electrodomesticos\/maquinas-de-cafe\/manual-es\/torre-cafetera-manual-luigino-tsp-bomba-rotativa-wood\/","name":"TORRE Cafetera manual Luigino TSP Bomba Rotativa Madera - Erresse Shop","isPartOf":{"@id":"https:\/\/www.erresse-shop.it\/es\/#website"},"datePublished":"2025-11-11T10:34:50+00:00","dateModified":"2025-11-11T13:11:14+00:00","description":"Compacta y fiable con alma profesional La Luigino TSP de bomba rotativa es una m\u00e1quina de espresso italiana de fabricaci\u00f3n artesanal, dise\u00f1ada para","breadcrumb":{"@id":"https:\/\/www.erresse-shop.it\/es\/shop\/pequenos-electrodomesticos\/maquinas-de-cafe\/manual-es\/torre-cafetera-manual-luigino-tsp-bomba-rotativa-wood\/#breadcrumb"},"inLanguage":"es","potentialAction":[{"@type":"ReadAction","target":["https:\/\/www.erresse-shop.it\/es\/shop\/pequenos-electrodomesticos\/maquinas-de-cafe\/manual-es\/torre-cafetera-manual-luigino-tsp-bomba-rotativa-wood\/"]}]},{"@type":"BreadcrumbList","@id":"https:\/\/www.erresse-shop.it\/es\/shop\/pequenos-electrodomesticos\/maquinas-de-cafe\/manual-es\/torre-cafetera-manual-luigino-tsp-bomba-rotativa-wood\/#breadcrumb","itemListElement":[{"@type":"ListItem","position":1,"name":"Home","item":"https:\/\/www.erresse-shop.it\/es\/"},{"@type":"ListItem","position":2,"name":"Shop","item":"https:\/\/www.erresse-shop.it\/es\/shop\/"},{"@type":"ListItem","position":3,"name":"TORRE Cafetera manual Luigino TSP Bomba Rotativa Madera"}]},{"@type":"WebSite","@id":"https:\/\/www.erresse-shop.it\/es\/#website","url":"https:\/\/www.erresse-shop.it\/es\/","name":"Erresse Shop","description":"Articoli di qualit\u00e0 per la casa","potentialAction":[{"@type":"SearchAction","target":{"@type":"EntryPoint","urlTemplate":"https:\/\/www.erresse-shop.it\/es\/?s={search_term_string}"},"query-input":"required name=search_term_string"}],"inLanguage":"es"}]}},"df_price":1898.88,"df_sale_price":1898.88,"df_regular_price":2064,"df_image_link":"https:\/\/www.erresse-shop.it\/wp-content\/uploads\/2025\/11\/TORRE-Macchina-da-Caffe-Manuale-Luigino-TSP-Pompa-Rotativa-Wood-300x300.jpg","_links":{"self":[{"href":"https:\/\/www.erresse-shop.it\/es\/wp-json\/wp\/v2\/product\/516159"}],"collection":[{"href":"https:\/\/www.erresse-shop.it\/es\/wp-json\/wp\/v2\/product"}],"about":[{"href":"https:\/\/www.erresse-shop.it\/es\/wp-json\/wp\/v2\/types\/product"}],"wp:featuredmedia":[{"embeddable":true,"href":"https:\/\/www.erresse-shop.it\/es\/wp-json\/wp\/v2\/media\/516172"}],"wp:attachment":[{"href":"https:\/\/www.erresse-shop.it\/es\/wp-json\/wp\/v2\/media?parent=516159"}],"wp:term":[{"taxonomy":"product_cat","embeddable":true,"href":"https:\/\/www.erresse-shop.it\/es\/wp-json\/wp\/v2\/product_cat?post=516159"},{"taxonomy":"product_tag","embeddable":true,"href":"https:\/\/www.erresse-shop.it\/es\/wp-json\/wp\/v2\/product_tag?post=516159"}],"curies":[{"name":"wp","href":"https:\/\/api.w.org\/{rel}","templated":true}]}}