{"id":515927,"date":"2025-11-07T08:46:28","date_gmt":"2025-11-07T08:46:32","guid":{"rendered":"https:\/\/www.erresse-shop.it\/?post_type=product&#038;p=515927"},"modified":"2025-11-07T09:22:42","modified_gmt":"2025-11-07T09:22:42","slug":"mauviel-1830-vaporera-de-patatas-16-cm","status":"publish","type":"product","link":"https:\/\/www.erresse-shop.it\/es\/shop\/sartenes-y-ollas\/ollas-y-cacerolas\/mauviel-1830-vaporera-de-patatas-16-cm\/","title":{"rendered":"MAUVIEL 1830 Vaporera de patatas 16 cm"},"content":{"rendered":"<p>La vaporera de patatas Mauviel1830 es un utensilio dise\u00f1ado espec\u00edficamente para cocinar patatas al vapor: \u00a1descubra todas las recetas con este delicioso tub\u00e9rculo!<\/p>\n<p>Este utensilio garantiza una cocci\u00f3n perfecta de las patatas gracias a su ingenioso sistema de vapor.<\/p>\n<p>Su elegante dise\u00f1o asegura una presentaci\u00f3n \u00fanica y sorprendente en la mesa una vez terminada la cocci\u00f3n. Las patatas se mantienen calientes, permitiendo disfrutarlas a la temperatura ideal durante toda la comida.<\/p>\n<p>El interior esta\u00f1ado de estos utensilios crea una sinergia \u00fanica con los alimentos.<\/p>\n<p>El esta\u00f1ado de Mauviel1830 se realiza mediante un proceso tradicional, no electrochapado.<\/p>\n<p>El esta\u00f1o de este producto no contiene plomo. Incluye una varilla de vapor con soporte de bronce de la colecci\u00f3n M&#8217;TRADITION.<\/p>\n<p><strong>CARACTER\u00cdSTICAS T\u00c9CNICAS:<\/strong><\/p>\n<ul>\n<li><strong>Dimensiones<\/strong>: \u00d8 16 cm, H 21 cm<\/li>\n<li><strong>Capacidad<\/strong>: 2,7 L<\/li>\n<li><strong>Peso<\/strong>: 1,35 kg<\/li>\n<\/ul>\n<p><strong>USO:<\/strong><\/p>\n<ul>\n<li>Apta para todo tipo de cocinas excepto inducci\u00f3n<\/li>\n<li>Apta para horno<\/li>\n<li>No apta para lavavajillas<\/li>\n<\/ul>\n","protected":false},"excerpt":{"rendered":"<p>La vaporera de patatas Mauviel1830 es un utensilio dise\u00f1ado espec\u00edficamente para cocinar patatas al vapor: \u00a1descubra todas las recetas con<\/p>\n","protected":false},"featured_media":515936,"template":"","meta":{"_acf_changed":false,"inline_featured_image":false},"product_cat":[16067,16058],"product_tag":[20960,16307,17234],"acf":[],"yoast_head":"<!-- This site is optimized with the Yoast SEO Premium plugin v18.6 (Yoast SEO v19.13) - https:\/\/yoast.com\/wordpress\/plugins\/seo\/ -->\n<title>MAUVIEL 1830 Vaporera de patatas 16 cm - Erresse Shop<\/title>\n<meta name=\"description\" content=\"La vaporera de patatas Mauviel1830 es un utensilio dise\u00f1ado espec\u00edficamente para cocinar patatas al vapor: \u00a1descubra todas las recetas con este delicioso\" \/>\n<meta name=\"robots\" content=\"index, follow, max-snippet:-1, max-image-preview:large, max-video-preview:-1\" \/>\n<link rel=\"canonical\" href=\"https:\/\/www.erresse-shop.it\/es\/shop\/sartenes-y-ollas\/ollas-y-cacerolas\/mauviel-1830-vaporera-de-patatas-16-cm\/\" \/>\n<meta property=\"og:locale\" content=\"es_ES\" \/>\n<meta property=\"og:type\" content=\"article\" \/>\n<meta property=\"og:title\" content=\"MAUVIEL 1830 Vaporera de patatas 16 cm\" \/>\n<meta property=\"og:description\" content=\"La vaporera de patatas Mauviel1830 es un utensilio dise\u00f1ado espec\u00edficamente para cocinar patatas al vapor: \u00a1descubra todas las recetas con este delicioso\" \/>\n<meta property=\"og:url\" content=\"https:\/\/www.erresse-shop.it\/es\/shop\/sartenes-y-ollas\/ollas-y-cacerolas\/mauviel-1830-vaporera-de-patatas-16-cm\/\" \/>\n<meta property=\"og:site_name\" content=\"Erresse Shop\" \/>\n<meta property=\"article:modified_time\" content=\"2025-11-07T09:22:42+00:00\" \/>\n<meta property=\"og:image\" content=\"https:\/\/www.erresse-shop.it\/wp-content\/uploads\/2025\/11\/MAUVIEL-1830-Vaporiera-per-Patate-16-cm.jpg\" \/>\n\t<meta property=\"og:image:width\" content=\"1200\" \/>\n\t<meta property=\"og:image:height\" content=\"1200\" \/>\n\t<meta property=\"og:image:type\" content=\"image\/jpeg\" \/>\n<meta name=\"twitter:card\" content=\"summary_large_image\" \/>\n<script type=\"application\/ld+json\" class=\"yoast-schema-graph\">{\"@context\":\"https:\/\/schema.org\",\"@graph\":[{\"@type\":\"WebPage\",\"@id\":\"https:\/\/www.erresse-shop.it\/es\/shop\/sartenes-y-ollas\/ollas-y-cacerolas\/mauviel-1830-vaporera-de-patatas-16-cm\/\",\"url\":\"https:\/\/www.erresse-shop.it\/es\/shop\/sartenes-y-ollas\/ollas-y-cacerolas\/mauviel-1830-vaporera-de-patatas-16-cm\/\",\"name\":\"MAUVIEL 1830 Vaporera de patatas 16 cm - Erresse Shop\",\"isPartOf\":{\"@id\":\"https:\/\/www.erresse-shop.it\/es\/#website\"},\"datePublished\":\"2025-11-07T08:46:32+00:00\",\"dateModified\":\"2025-11-07T09:22:42+00:00\",\"description\":\"La vaporera de patatas Mauviel1830 es un utensilio dise\u00f1ado espec\u00edficamente para cocinar patatas al vapor: \u00a1descubra todas las recetas con este delicioso\",\"breadcrumb\":{\"@id\":\"https:\/\/www.erresse-shop.it\/es\/shop\/sartenes-y-ollas\/ollas-y-cacerolas\/mauviel-1830-vaporera-de-patatas-16-cm\/#breadcrumb\"},\"inLanguage\":\"es\",\"potentialAction\":[{\"@type\":\"ReadAction\",\"target\":[\"https:\/\/www.erresse-shop.it\/es\/shop\/sartenes-y-ollas\/ollas-y-cacerolas\/mauviel-1830-vaporera-de-patatas-16-cm\/\"]}]},{\"@type\":\"BreadcrumbList\",\"@id\":\"https:\/\/www.erresse-shop.it\/es\/shop\/sartenes-y-ollas\/ollas-y-cacerolas\/mauviel-1830-vaporera-de-patatas-16-cm\/#breadcrumb\",\"itemListElement\":[{\"@type\":\"ListItem\",\"position\":1,\"name\":\"Home\",\"item\":\"https:\/\/www.erresse-shop.it\/es\/\"},{\"@type\":\"ListItem\",\"position\":2,\"name\":\"Shop\",\"item\":\"https:\/\/www.erresse-shop.it\/es\/shop\/\"},{\"@type\":\"ListItem\",\"position\":3,\"name\":\"MAUVIEL 1830 Vaporera de patatas 16 cm\"}]},{\"@type\":\"WebSite\",\"@id\":\"https:\/\/www.erresse-shop.it\/es\/#website\",\"url\":\"https:\/\/www.erresse-shop.it\/es\/\",\"name\":\"Erresse Shop\",\"description\":\"Articoli di qualit\u00e0 per la casa\",\"potentialAction\":[{\"@type\":\"SearchAction\",\"target\":{\"@type\":\"EntryPoint\",\"urlTemplate\":\"https:\/\/www.erresse-shop.it\/es\/?s={search_term_string}\"},\"query-input\":\"required name=search_term_string\"}],\"inLanguage\":\"es\"}]}<\/script>\n<!-- \/ Yoast SEO Premium plugin. -->","yoast_head_json":{"title":"MAUVIEL 1830 Vaporera de patatas 16 cm - Erresse Shop","description":"La vaporera de patatas Mauviel1830 es un utensilio dise\u00f1ado espec\u00edficamente para cocinar patatas al vapor: \u00a1descubra todas las recetas con este delicioso","robots":{"index":"index","follow":"follow","max-snippet":"max-snippet:-1","max-image-preview":"max-image-preview:large","max-video-preview":"max-video-preview:-1"},"canonical":"https:\/\/www.erresse-shop.it\/es\/shop\/sartenes-y-ollas\/ollas-y-cacerolas\/mauviel-1830-vaporera-de-patatas-16-cm\/","og_locale":"es_ES","og_type":"article","og_title":"MAUVIEL 1830 Vaporera de patatas 16 cm","og_description":"La vaporera de patatas Mauviel1830 es un utensilio dise\u00f1ado espec\u00edficamente para cocinar patatas al vapor: \u00a1descubra todas las recetas con este delicioso","og_url":"https:\/\/www.erresse-shop.it\/es\/shop\/sartenes-y-ollas\/ollas-y-cacerolas\/mauviel-1830-vaporera-de-patatas-16-cm\/","og_site_name":"Erresse Shop","article_modified_time":"2025-11-07T09:22:42+00:00","og_image":[{"width":1200,"height":1200,"url":"https:\/\/www.erresse-shop.it\/wp-content\/uploads\/2025\/11\/MAUVIEL-1830-Vaporiera-per-Patate-16-cm.jpg","type":"image\/jpeg"}],"twitter_card":"summary_large_image","schema":{"@context":"https:\/\/schema.org","@graph":[{"@type":"WebPage","@id":"https:\/\/www.erresse-shop.it\/es\/shop\/sartenes-y-ollas\/ollas-y-cacerolas\/mauviel-1830-vaporera-de-patatas-16-cm\/","url":"https:\/\/www.erresse-shop.it\/es\/shop\/sartenes-y-ollas\/ollas-y-cacerolas\/mauviel-1830-vaporera-de-patatas-16-cm\/","name":"MAUVIEL 1830 Vaporera de patatas 16 cm - Erresse Shop","isPartOf":{"@id":"https:\/\/www.erresse-shop.it\/es\/#website"},"datePublished":"2025-11-07T08:46:32+00:00","dateModified":"2025-11-07T09:22:42+00:00","description":"La vaporera de patatas Mauviel1830 es un utensilio dise\u00f1ado espec\u00edficamente para cocinar patatas al vapor: \u00a1descubra todas las recetas con este delicioso","breadcrumb":{"@id":"https:\/\/www.erresse-shop.it\/es\/shop\/sartenes-y-ollas\/ollas-y-cacerolas\/mauviel-1830-vaporera-de-patatas-16-cm\/#breadcrumb"},"inLanguage":"es","potentialAction":[{"@type":"ReadAction","target":["https:\/\/www.erresse-shop.it\/es\/shop\/sartenes-y-ollas\/ollas-y-cacerolas\/mauviel-1830-vaporera-de-patatas-16-cm\/"]}]},{"@type":"BreadcrumbList","@id":"https:\/\/www.erresse-shop.it\/es\/shop\/sartenes-y-ollas\/ollas-y-cacerolas\/mauviel-1830-vaporera-de-patatas-16-cm\/#breadcrumb","itemListElement":[{"@type":"ListItem","position":1,"name":"Home","item":"https:\/\/www.erresse-shop.it\/es\/"},{"@type":"ListItem","position":2,"name":"Shop","item":"https:\/\/www.erresse-shop.it\/es\/shop\/"},{"@type":"ListItem","position":3,"name":"MAUVIEL 1830 Vaporera de patatas 16 cm"}]},{"@type":"WebSite","@id":"https:\/\/www.erresse-shop.it\/es\/#website","url":"https:\/\/www.erresse-shop.it\/es\/","name":"Erresse Shop","description":"Articoli di qualit\u00e0 per la casa","potentialAction":[{"@type":"SearchAction","target":{"@type":"EntryPoint","urlTemplate":"https:\/\/www.erresse-shop.it\/es\/?s={search_term_string}"},"query-input":"required name=search_term_string"}],"inLanguage":"es"}]}},"df_price":481.82,"df_sale_price":481.82,"df_regular_price":481.82,"df_image_link":"https:\/\/www.erresse-shop.it\/wp-content\/uploads\/2025\/11\/MAUVIEL-1830-Vaporiera-per-Patate-16-cm-300x300.jpg","_links":{"self":[{"href":"https:\/\/www.erresse-shop.it\/es\/wp-json\/wp\/v2\/product\/515927"}],"collection":[{"href":"https:\/\/www.erresse-shop.it\/es\/wp-json\/wp\/v2\/product"}],"about":[{"href":"https:\/\/www.erresse-shop.it\/es\/wp-json\/wp\/v2\/types\/product"}],"wp:featuredmedia":[{"embeddable":true,"href":"https:\/\/www.erresse-shop.it\/es\/wp-json\/wp\/v2\/media\/515936"}],"wp:attachment":[{"href":"https:\/\/www.erresse-shop.it\/es\/wp-json\/wp\/v2\/media?parent=515927"}],"wp:term":[{"taxonomy":"product_cat","embeddable":true,"href":"https:\/\/www.erresse-shop.it\/es\/wp-json\/wp\/v2\/product_cat?post=515927"},{"taxonomy":"product_tag","embeddable":true,"href":"https:\/\/www.erresse-shop.it\/es\/wp-json\/wp\/v2\/product_tag?post=515927"}],"curies":[{"name":"wp","href":"https:\/\/api.w.org\/{rel}","templated":true}]}}