{"id":515904,"date":"2025-11-07T07:34:26","date_gmt":"2025-11-07T07:34:29","guid":{"rendered":"https:\/\/www.erresse-shop.it\/?post_type=product&#038;p=515904"},"modified":"2025-11-07T07:45:54","modified_gmt":"2025-11-07T07:45:54","slug":"toms-drag-alfombra-versailles","status":"publish","type":"product","link":"https:\/\/www.erresse-shop.it\/es\/shop\/mobiliario\/articulos-de-decoracion\/toms-drag-alfombra-versailles\/","title":{"rendered":"TOM&#8217;S DRAG Alfombra Versailles"},"content":{"rendered":"<p><strong>Dimensiones<\/strong>: 120 x 70 cm<br \/>\n<strong>Material<\/strong>: Poliamida, caucho de nitrilo<\/p>\n<p>Felpudos con el dise\u00f1o de Tom&#8217;s Drag. Estos felpudos estampados de alta calidad combinan resistencia y durabilidad. Aportan un toque de encanto a cualquier habitaci\u00f3n. Lavables a m\u00e1quina hasta 60 \u00b0C y aptos para secadora hasta 90 \u00b0C, ideales para personas con alergias y due\u00f1os de mascotas. Los modelos Kleen-Tex lavables y de secado r\u00e1pido cuentan con pelo de poliamida y base de caucho de nitrilo 100 %. Son f\u00e1ciles de limpiar, tienen un pelo especialmente plano y denso, absorben el sonido y son antideslizantes.<\/p>\n","protected":false},"excerpt":{"rendered":"<p>Dimensiones: 120 x 70 cm Material: Poliamida, caucho de nitrilo Felpudos con el dise\u00f1o de Tom&#8217;s Drag. Estos felpudos estampados<\/p>\n","protected":false},"featured_media":515919,"template":"","meta":{"_acf_changed":false,"inline_featured_image":false},"product_cat":[16026,16016],"product_tag":[25039,23464,25023],"acf":[],"yoast_head":"<!-- This site is optimized with the Yoast SEO Premium plugin v18.6 (Yoast SEO v19.13) - https:\/\/yoast.com\/wordpress\/plugins\/seo\/ -->\n<title>TOM&#039;S DRAG Alfombra Versailles - Erresse Shop<\/title>\n<meta name=\"description\" content=\"Dimensiones: 120 x 70 cm Material: Poliamida, caucho de nitrilo Felpudos con el dise\u00f1o de Tom&#039;s Drag. Estos felpudos estampados de alta calidad combinan\" \/>\n<meta name=\"robots\" content=\"index, follow, max-snippet:-1, max-image-preview:large, max-video-preview:-1\" \/>\n<link rel=\"canonical\" href=\"https:\/\/www.erresse-shop.it\/es\/shop\/mobiliario\/articulos-de-decoracion\/toms-drag-alfombra-versailles\/\" \/>\n<meta property=\"og:locale\" content=\"es_ES\" \/>\n<meta property=\"og:type\" content=\"article\" \/>\n<meta property=\"og:title\" content=\"TOM&#039;S DRAG Alfombra Versailles\" \/>\n<meta property=\"og:description\" content=\"Dimensiones: 120 x 70 cm Material: Poliamida, caucho de nitrilo Felpudos con el dise\u00f1o de Tom&#039;s Drag. Estos felpudos estampados de alta calidad combinan\" \/>\n<meta property=\"og:url\" content=\"https:\/\/www.erresse-shop.it\/es\/shop\/mobiliario\/articulos-de-decoracion\/toms-drag-alfombra-versailles\/\" \/>\n<meta property=\"og:site_name\" content=\"Erresse Shop\" \/>\n<meta property=\"article:modified_time\" content=\"2025-11-07T07:45:54+00:00\" \/>\n<meta property=\"og:image\" content=\"https:\/\/www.erresse-shop.it\/wp-content\/uploads\/2025\/11\/TOMS-DRAG-Tappetino-Versailles.jpg\" \/>\n\t<meta property=\"og:image:width\" content=\"1200\" \/>\n\t<meta property=\"og:image:height\" content=\"1200\" \/>\n\t<meta property=\"og:image:type\" content=\"image\/jpeg\" \/>\n<meta name=\"twitter:card\" content=\"summary_large_image\" \/>\n<script type=\"application\/ld+json\" class=\"yoast-schema-graph\">{\"@context\":\"https:\/\/schema.org\",\"@graph\":[{\"@type\":\"WebPage\",\"@id\":\"https:\/\/www.erresse-shop.it\/es\/shop\/mobiliario\/articulos-de-decoracion\/toms-drag-alfombra-versailles\/\",\"url\":\"https:\/\/www.erresse-shop.it\/es\/shop\/mobiliario\/articulos-de-decoracion\/toms-drag-alfombra-versailles\/\",\"name\":\"TOM'S DRAG Alfombra Versailles - Erresse Shop\",\"isPartOf\":{\"@id\":\"https:\/\/www.erresse-shop.it\/es\/#website\"},\"datePublished\":\"2025-11-07T07:34:29+00:00\",\"dateModified\":\"2025-11-07T07:45:54+00:00\",\"description\":\"Dimensiones: 120 x 70 cm Material: Poliamida, caucho de nitrilo Felpudos con el dise\u00f1o de Tom's Drag. Estos felpudos estampados de alta calidad combinan\",\"breadcrumb\":{\"@id\":\"https:\/\/www.erresse-shop.it\/es\/shop\/mobiliario\/articulos-de-decoracion\/toms-drag-alfombra-versailles\/#breadcrumb\"},\"inLanguage\":\"es\",\"potentialAction\":[{\"@type\":\"ReadAction\",\"target\":[\"https:\/\/www.erresse-shop.it\/es\/shop\/mobiliario\/articulos-de-decoracion\/toms-drag-alfombra-versailles\/\"]}]},{\"@type\":\"BreadcrumbList\",\"@id\":\"https:\/\/www.erresse-shop.it\/es\/shop\/mobiliario\/articulos-de-decoracion\/toms-drag-alfombra-versailles\/#breadcrumb\",\"itemListElement\":[{\"@type\":\"ListItem\",\"position\":1,\"name\":\"Home\",\"item\":\"https:\/\/www.erresse-shop.it\/es\/\"},{\"@type\":\"ListItem\",\"position\":2,\"name\":\"Shop\",\"item\":\"https:\/\/www.erresse-shop.it\/es\/shop\/\"},{\"@type\":\"ListItem\",\"position\":3,\"name\":\"TOM&#8217;S DRAG Alfombra Versailles\"}]},{\"@type\":\"WebSite\",\"@id\":\"https:\/\/www.erresse-shop.it\/es\/#website\",\"url\":\"https:\/\/www.erresse-shop.it\/es\/\",\"name\":\"Erresse Shop\",\"description\":\"Articoli di qualit\u00e0 per la casa\",\"potentialAction\":[{\"@type\":\"SearchAction\",\"target\":{\"@type\":\"EntryPoint\",\"urlTemplate\":\"https:\/\/www.erresse-shop.it\/es\/?s={search_term_string}\"},\"query-input\":\"required name=search_term_string\"}],\"inLanguage\":\"es\"}]}<\/script>\n<!-- \/ Yoast SEO Premium plugin. -->","yoast_head_json":{"title":"TOM'S DRAG Alfombra Versailles - Erresse Shop","description":"Dimensiones: 120 x 70 cm Material: Poliamida, caucho de nitrilo Felpudos con el dise\u00f1o de Tom's Drag. Estos felpudos estampados de alta calidad combinan","robots":{"index":"index","follow":"follow","max-snippet":"max-snippet:-1","max-image-preview":"max-image-preview:large","max-video-preview":"max-video-preview:-1"},"canonical":"https:\/\/www.erresse-shop.it\/es\/shop\/mobiliario\/articulos-de-decoracion\/toms-drag-alfombra-versailles\/","og_locale":"es_ES","og_type":"article","og_title":"TOM'S DRAG Alfombra Versailles","og_description":"Dimensiones: 120 x 70 cm Material: Poliamida, caucho de nitrilo Felpudos con el dise\u00f1o de Tom's Drag. Estos felpudos estampados de alta calidad combinan","og_url":"https:\/\/www.erresse-shop.it\/es\/shop\/mobiliario\/articulos-de-decoracion\/toms-drag-alfombra-versailles\/","og_site_name":"Erresse Shop","article_modified_time":"2025-11-07T07:45:54+00:00","og_image":[{"width":1200,"height":1200,"url":"https:\/\/www.erresse-shop.it\/wp-content\/uploads\/2025\/11\/TOMS-DRAG-Tappetino-Versailles.jpg","type":"image\/jpeg"}],"twitter_card":"summary_large_image","schema":{"@context":"https:\/\/schema.org","@graph":[{"@type":"WebPage","@id":"https:\/\/www.erresse-shop.it\/es\/shop\/mobiliario\/articulos-de-decoracion\/toms-drag-alfombra-versailles\/","url":"https:\/\/www.erresse-shop.it\/es\/shop\/mobiliario\/articulos-de-decoracion\/toms-drag-alfombra-versailles\/","name":"TOM'S DRAG Alfombra Versailles - Erresse Shop","isPartOf":{"@id":"https:\/\/www.erresse-shop.it\/es\/#website"},"datePublished":"2025-11-07T07:34:29+00:00","dateModified":"2025-11-07T07:45:54+00:00","description":"Dimensiones: 120 x 70 cm Material: Poliamida, caucho de nitrilo Felpudos con el dise\u00f1o de Tom's Drag. Estos felpudos estampados de alta calidad combinan","breadcrumb":{"@id":"https:\/\/www.erresse-shop.it\/es\/shop\/mobiliario\/articulos-de-decoracion\/toms-drag-alfombra-versailles\/#breadcrumb"},"inLanguage":"es","potentialAction":[{"@type":"ReadAction","target":["https:\/\/www.erresse-shop.it\/es\/shop\/mobiliario\/articulos-de-decoracion\/toms-drag-alfombra-versailles\/"]}]},{"@type":"BreadcrumbList","@id":"https:\/\/www.erresse-shop.it\/es\/shop\/mobiliario\/articulos-de-decoracion\/toms-drag-alfombra-versailles\/#breadcrumb","itemListElement":[{"@type":"ListItem","position":1,"name":"Home","item":"https:\/\/www.erresse-shop.it\/es\/"},{"@type":"ListItem","position":2,"name":"Shop","item":"https:\/\/www.erresse-shop.it\/es\/shop\/"},{"@type":"ListItem","position":3,"name":"TOM&#8217;S DRAG Alfombra Versailles"}]},{"@type":"WebSite","@id":"https:\/\/www.erresse-shop.it\/es\/#website","url":"https:\/\/www.erresse-shop.it\/es\/","name":"Erresse Shop","description":"Articoli di qualit\u00e0 per la casa","potentialAction":[{"@type":"SearchAction","target":{"@type":"EntryPoint","urlTemplate":"https:\/\/www.erresse-shop.it\/es\/?s={search_term_string}"},"query-input":"required name=search_term_string"}],"inLanguage":"es"}]}},"df_price":119.95,"df_sale_price":119.95,"df_regular_price":168,"df_image_link":"https:\/\/www.erresse-shop.it\/wp-content\/uploads\/2025\/11\/TOMS-DRAG-Tappetino-Versailles-300x300.jpg","_links":{"self":[{"href":"https:\/\/www.erresse-shop.it\/es\/wp-json\/wp\/v2\/product\/515904"}],"collection":[{"href":"https:\/\/www.erresse-shop.it\/es\/wp-json\/wp\/v2\/product"}],"about":[{"href":"https:\/\/www.erresse-shop.it\/es\/wp-json\/wp\/v2\/types\/product"}],"wp:featuredmedia":[{"embeddable":true,"href":"https:\/\/www.erresse-shop.it\/es\/wp-json\/wp\/v2\/media\/515919"}],"wp:attachment":[{"href":"https:\/\/www.erresse-shop.it\/es\/wp-json\/wp\/v2\/media?parent=515904"}],"wp:term":[{"taxonomy":"product_cat","embeddable":true,"href":"https:\/\/www.erresse-shop.it\/es\/wp-json\/wp\/v2\/product_cat?post=515904"},{"taxonomy":"product_tag","embeddable":true,"href":"https:\/\/www.erresse-shop.it\/es\/wp-json\/wp\/v2\/product_tag?post=515904"}],"curies":[{"name":"wp","href":"https:\/\/api.w.org\/{rel}","templated":true}]}}