{"id":515849,"date":"2025-11-06T13:30:31","date_gmt":"2025-11-06T13:30:37","guid":{"rendered":"https:\/\/www.erresse-shop.it\/?post_type=product&#038;p=515849"},"modified":"2025-11-06T13:39:12","modified_gmt":"2025-11-06T13:39:12","slug":"toms-drag-elefante-jumbo-l","status":"publish","type":"product","link":"https:\/\/www.erresse-shop.it\/es\/shop\/mobiliario\/articulos-de-decoracion\/toms-drag-elefante-jumbo-l\/","title":{"rendered":"TOM&#8217;S DRAG Elefante Jumbo L"},"content":{"rendered":"<p>Un elefante vibrante y lleno de vida.<br \/>\nSu intrincada artesan\u00eda lo convierte en una pieza \u00fanica.<br \/>\nUn toque art\u00edstico para tu hogar.<\/p>\n<p><strong>Dimensiones<\/strong>: 24 x 32 cm (con plumas)<br \/>\n<strong>Material<\/strong>: Marmorin<\/p>\n<p><strong>El elefante &#8220;Jumbo (L)&#8221;<\/strong> es una aut\u00e9ntica joya de Tom&#8217;s Drag. Este s\u00edmbolo de buena suerte y longevidad luce un fant\u00e1stico traje repleto de adornos ex\u00f3ticos y divertidos, y brilla con los colores del arco\u00edris. Con su tocado de plumas, est\u00e1 engalanado como si estuviera en un desfile de carnaval. \u00a1Qu\u00e9 mundo maravilloso!<\/p>\n","protected":false},"excerpt":{"rendered":"<p>Un elefante vibrante y lleno de vida. Su intrincada artesan\u00eda lo convierte en una pieza \u00fanica. Un toque art\u00edstico para<\/p>\n","protected":false},"featured_media":515855,"template":"","meta":{"_acf_changed":false,"inline_featured_image":false},"product_cat":[16026,16016],"product_tag":[16998,17001],"acf":[],"yoast_head":"<!-- This site is optimized with the Yoast SEO Premium plugin v18.6 (Yoast SEO v19.13) - https:\/\/yoast.com\/wordpress\/plugins\/seo\/ -->\n<title>TOM&#039;S DRAG Elefante Jumbo L - Erresse Shop<\/title>\n<meta name=\"description\" content=\"Un elefante vibrante y lleno de vida. Su intrincada artesan\u00eda lo convierte en una pieza \u00fanica. Un toque art\u00edstico para tu hogar. Dimensiones: 24 x 32 cm\" \/>\n<meta name=\"robots\" content=\"index, follow, max-snippet:-1, max-image-preview:large, max-video-preview:-1\" \/>\n<link rel=\"canonical\" href=\"https:\/\/www.erresse-shop.it\/es\/shop\/mobiliario\/articulos-de-decoracion\/toms-drag-elefante-jumbo-l\/\" \/>\n<meta property=\"og:locale\" content=\"es_ES\" \/>\n<meta property=\"og:type\" content=\"article\" \/>\n<meta property=\"og:title\" content=\"TOM&#039;S DRAG Elefante Jumbo L\" \/>\n<meta property=\"og:description\" content=\"Un elefante vibrante y lleno de vida. Su intrincada artesan\u00eda lo convierte en una pieza \u00fanica. Un toque art\u00edstico para tu hogar. Dimensiones: 24 x 32 cm\" \/>\n<meta property=\"og:url\" content=\"https:\/\/www.erresse-shop.it\/es\/shop\/mobiliario\/articulos-de-decoracion\/toms-drag-elefante-jumbo-l\/\" \/>\n<meta property=\"og:site_name\" content=\"Erresse Shop\" \/>\n<meta property=\"article:modified_time\" content=\"2025-11-06T13:39:12+00:00\" \/>\n<meta property=\"og:image\" content=\"https:\/\/www.erresse-shop.it\/wp-content\/uploads\/2025\/11\/TOMS-DRAG-Elefante-Jumbo-L.jpg\" \/>\n\t<meta property=\"og:image:width\" content=\"1200\" \/>\n\t<meta property=\"og:image:height\" content=\"1200\" \/>\n\t<meta property=\"og:image:type\" content=\"image\/jpeg\" \/>\n<meta name=\"twitter:card\" content=\"summary_large_image\" \/>\n<script type=\"application\/ld+json\" class=\"yoast-schema-graph\">{\"@context\":\"https:\/\/schema.org\",\"@graph\":[{\"@type\":\"WebPage\",\"@id\":\"https:\/\/www.erresse-shop.it\/es\/shop\/mobiliario\/articulos-de-decoracion\/toms-drag-elefante-jumbo-l\/\",\"url\":\"https:\/\/www.erresse-shop.it\/es\/shop\/mobiliario\/articulos-de-decoracion\/toms-drag-elefante-jumbo-l\/\",\"name\":\"TOM'S DRAG Elefante Jumbo L - Erresse Shop\",\"isPartOf\":{\"@id\":\"https:\/\/www.erresse-shop.it\/es\/#website\"},\"datePublished\":\"2025-11-06T13:30:37+00:00\",\"dateModified\":\"2025-11-06T13:39:12+00:00\",\"description\":\"Un elefante vibrante y lleno de vida. Su intrincada artesan\u00eda lo convierte en una pieza \u00fanica. Un toque art\u00edstico para tu hogar. Dimensiones: 24 x 32 cm\",\"breadcrumb\":{\"@id\":\"https:\/\/www.erresse-shop.it\/es\/shop\/mobiliario\/articulos-de-decoracion\/toms-drag-elefante-jumbo-l\/#breadcrumb\"},\"inLanguage\":\"es\",\"potentialAction\":[{\"@type\":\"ReadAction\",\"target\":[\"https:\/\/www.erresse-shop.it\/es\/shop\/mobiliario\/articulos-de-decoracion\/toms-drag-elefante-jumbo-l\/\"]}]},{\"@type\":\"BreadcrumbList\",\"@id\":\"https:\/\/www.erresse-shop.it\/es\/shop\/mobiliario\/articulos-de-decoracion\/toms-drag-elefante-jumbo-l\/#breadcrumb\",\"itemListElement\":[{\"@type\":\"ListItem\",\"position\":1,\"name\":\"Home\",\"item\":\"https:\/\/www.erresse-shop.it\/es\/\"},{\"@type\":\"ListItem\",\"position\":2,\"name\":\"Shop\",\"item\":\"https:\/\/www.erresse-shop.it\/es\/shop\/\"},{\"@type\":\"ListItem\",\"position\":3,\"name\":\"TOM&#8217;S DRAG Elefante Jumbo L\"}]},{\"@type\":\"WebSite\",\"@id\":\"https:\/\/www.erresse-shop.it\/es\/#website\",\"url\":\"https:\/\/www.erresse-shop.it\/es\/\",\"name\":\"Erresse Shop\",\"description\":\"Articoli di qualit\u00e0 per la casa\",\"potentialAction\":[{\"@type\":\"SearchAction\",\"target\":{\"@type\":\"EntryPoint\",\"urlTemplate\":\"https:\/\/www.erresse-shop.it\/es\/?s={search_term_string}\"},\"query-input\":\"required name=search_term_string\"}],\"inLanguage\":\"es\"}]}<\/script>\n<!-- \/ Yoast SEO Premium plugin. -->","yoast_head_json":{"title":"TOM'S DRAG Elefante Jumbo L - Erresse Shop","description":"Un elefante vibrante y lleno de vida. Su intrincada artesan\u00eda lo convierte en una pieza \u00fanica. Un toque art\u00edstico para tu hogar. Dimensiones: 24 x 32 cm","robots":{"index":"index","follow":"follow","max-snippet":"max-snippet:-1","max-image-preview":"max-image-preview:large","max-video-preview":"max-video-preview:-1"},"canonical":"https:\/\/www.erresse-shop.it\/es\/shop\/mobiliario\/articulos-de-decoracion\/toms-drag-elefante-jumbo-l\/","og_locale":"es_ES","og_type":"article","og_title":"TOM'S DRAG Elefante Jumbo L","og_description":"Un elefante vibrante y lleno de vida. Su intrincada artesan\u00eda lo convierte en una pieza \u00fanica. Un toque art\u00edstico para tu hogar. Dimensiones: 24 x 32 cm","og_url":"https:\/\/www.erresse-shop.it\/es\/shop\/mobiliario\/articulos-de-decoracion\/toms-drag-elefante-jumbo-l\/","og_site_name":"Erresse Shop","article_modified_time":"2025-11-06T13:39:12+00:00","og_image":[{"width":1200,"height":1200,"url":"https:\/\/www.erresse-shop.it\/wp-content\/uploads\/2025\/11\/TOMS-DRAG-Elefante-Jumbo-L.jpg","type":"image\/jpeg"}],"twitter_card":"summary_large_image","schema":{"@context":"https:\/\/schema.org","@graph":[{"@type":"WebPage","@id":"https:\/\/www.erresse-shop.it\/es\/shop\/mobiliario\/articulos-de-decoracion\/toms-drag-elefante-jumbo-l\/","url":"https:\/\/www.erresse-shop.it\/es\/shop\/mobiliario\/articulos-de-decoracion\/toms-drag-elefante-jumbo-l\/","name":"TOM'S DRAG Elefante Jumbo L - Erresse Shop","isPartOf":{"@id":"https:\/\/www.erresse-shop.it\/es\/#website"},"datePublished":"2025-11-06T13:30:37+00:00","dateModified":"2025-11-06T13:39:12+00:00","description":"Un elefante vibrante y lleno de vida. Su intrincada artesan\u00eda lo convierte en una pieza \u00fanica. Un toque art\u00edstico para tu hogar. Dimensiones: 24 x 32 cm","breadcrumb":{"@id":"https:\/\/www.erresse-shop.it\/es\/shop\/mobiliario\/articulos-de-decoracion\/toms-drag-elefante-jumbo-l\/#breadcrumb"},"inLanguage":"es","potentialAction":[{"@type":"ReadAction","target":["https:\/\/www.erresse-shop.it\/es\/shop\/mobiliario\/articulos-de-decoracion\/toms-drag-elefante-jumbo-l\/"]}]},{"@type":"BreadcrumbList","@id":"https:\/\/www.erresse-shop.it\/es\/shop\/mobiliario\/articulos-de-decoracion\/toms-drag-elefante-jumbo-l\/#breadcrumb","itemListElement":[{"@type":"ListItem","position":1,"name":"Home","item":"https:\/\/www.erresse-shop.it\/es\/"},{"@type":"ListItem","position":2,"name":"Shop","item":"https:\/\/www.erresse-shop.it\/es\/shop\/"},{"@type":"ListItem","position":3,"name":"TOM&#8217;S DRAG Elefante Jumbo L"}]},{"@type":"WebSite","@id":"https:\/\/www.erresse-shop.it\/es\/#website","url":"https:\/\/www.erresse-shop.it\/es\/","name":"Erresse Shop","description":"Articoli di qualit\u00e0 per la casa","potentialAction":[{"@type":"SearchAction","target":{"@type":"EntryPoint","urlTemplate":"https:\/\/www.erresse-shop.it\/es\/?s={search_term_string}"},"query-input":"required name=search_term_string"}],"inLanguage":"es"}]}},"df_price":159.95,"df_sale_price":159.95,"df_regular_price":239,"df_image_link":"https:\/\/www.erresse-shop.it\/wp-content\/uploads\/2025\/11\/TOMS-DRAG-Elefante-Jumbo-L-300x300.jpg","_links":{"self":[{"href":"https:\/\/www.erresse-shop.it\/es\/wp-json\/wp\/v2\/product\/515849"}],"collection":[{"href":"https:\/\/www.erresse-shop.it\/es\/wp-json\/wp\/v2\/product"}],"about":[{"href":"https:\/\/www.erresse-shop.it\/es\/wp-json\/wp\/v2\/types\/product"}],"wp:featuredmedia":[{"embeddable":true,"href":"https:\/\/www.erresse-shop.it\/es\/wp-json\/wp\/v2\/media\/515855"}],"wp:attachment":[{"href":"https:\/\/www.erresse-shop.it\/es\/wp-json\/wp\/v2\/media?parent=515849"}],"wp:term":[{"taxonomy":"product_cat","embeddable":true,"href":"https:\/\/www.erresse-shop.it\/es\/wp-json\/wp\/v2\/product_cat?post=515849"},{"taxonomy":"product_tag","embeddable":true,"href":"https:\/\/www.erresse-shop.it\/es\/wp-json\/wp\/v2\/product_tag?post=515849"}],"curies":[{"name":"wp","href":"https:\/\/api.w.org\/{rel}","templated":true}]}}