{"id":515823,"date":"2025-11-06T13:03:17","date_gmt":"2025-11-06T13:03:23","guid":{"rendered":"https:\/\/www.erresse-shop.it\/?post_type=product&#038;p=515823"},"modified":"2025-11-06T13:14:58","modified_gmt":"2025-11-06T13:14:58","slug":"toms-drag-toro-felipe-m","status":"publish","type":"product","link":"https:\/\/www.erresse-shop.it\/es\/shop\/mobiliario\/articulos-de-decoracion\/toms-drag-toro-felipe-m\/","title":{"rendered":"TOM&#8217;S DRAG Toro Felipe M"},"content":{"rendered":"<p>Toro carism\u00e1tico y temperamental<br \/>\nAcabado con precisi\u00f3n art\u00edstica y colores vibrantes<br \/>\nAporta a tu habitaci\u00f3n una sensaci\u00f3n de equilibrio y seguridad<\/p>\n<p><strong>Dimensiones:<\/strong> 25,5 x 9 cm, 19 cm de alto<br \/>\n<strong>Material:<\/strong> M\u00e1rmol<\/p>\n<p><strong>Felipe M, el toro salvaje.<\/strong> En muchas culturas, simboliza la masculinidad, el poder procreativo y la fertilidad, as\u00ed como la fuerza omnipotente de la rotaci\u00f3n celeste. Coronado y pintado con maestr\u00eda, se convierte en una vibrante obra de arte en el universo de Tom&#8217;s Drags.<\/p>\n","protected":false},"excerpt":{"rendered":"<p>Toro carism\u00e1tico y temperamental Acabado con precisi\u00f3n art\u00edstica y colores vibrantes Aporta a tu habitaci\u00f3n una sensaci\u00f3n de equilibrio y<\/p>\n","protected":false},"featured_media":515829,"template":"","meta":{"_acf_changed":false,"inline_featured_image":false},"product_cat":[16026,16016],"product_tag":[16998,17001],"acf":[],"yoast_head":"<!-- This site is optimized with the Yoast SEO Premium plugin v18.6 (Yoast SEO v19.13) - https:\/\/yoast.com\/wordpress\/plugins\/seo\/ -->\n<title>TOM&#039;S DRAG Toro Felipe M - Erresse Shop<\/title>\n<meta name=\"description\" content=\"Toro carism\u00e1tico y temperamental Acabado con precisi\u00f3n art\u00edstica y colores vibrantes Aporta a tu habitaci\u00f3n una sensaci\u00f3n de equilibrio y seguridad\" \/>\n<meta name=\"robots\" content=\"index, follow, max-snippet:-1, max-image-preview:large, max-video-preview:-1\" \/>\n<link rel=\"canonical\" href=\"https:\/\/www.erresse-shop.it\/es\/shop\/mobiliario\/articulos-de-decoracion\/toms-drag-toro-felipe-m\/\" \/>\n<meta property=\"og:locale\" content=\"es_ES\" \/>\n<meta property=\"og:type\" content=\"article\" \/>\n<meta property=\"og:title\" content=\"TOM&#039;S DRAG Toro Felipe M\" \/>\n<meta property=\"og:description\" content=\"Toro carism\u00e1tico y temperamental Acabado con precisi\u00f3n art\u00edstica y colores vibrantes Aporta a tu habitaci\u00f3n una sensaci\u00f3n de equilibrio y seguridad\" \/>\n<meta property=\"og:url\" content=\"https:\/\/www.erresse-shop.it\/es\/shop\/mobiliario\/articulos-de-decoracion\/toms-drag-toro-felipe-m\/\" \/>\n<meta property=\"og:site_name\" content=\"Erresse Shop\" \/>\n<meta property=\"article:modified_time\" content=\"2025-11-06T13:14:58+00:00\" \/>\n<meta property=\"og:image\" content=\"https:\/\/www.erresse-shop.it\/wp-content\/uploads\/2025\/11\/TOMS-DRAG-Toro-Felipe-M.jpg\" \/>\n\t<meta property=\"og:image:width\" content=\"1200\" \/>\n\t<meta property=\"og:image:height\" content=\"1200\" \/>\n\t<meta property=\"og:image:type\" content=\"image\/jpeg\" \/>\n<meta name=\"twitter:card\" content=\"summary_large_image\" \/>\n<script type=\"application\/ld+json\" class=\"yoast-schema-graph\">{\"@context\":\"https:\/\/schema.org\",\"@graph\":[{\"@type\":\"WebPage\",\"@id\":\"https:\/\/www.erresse-shop.it\/es\/shop\/mobiliario\/articulos-de-decoracion\/toms-drag-toro-felipe-m\/\",\"url\":\"https:\/\/www.erresse-shop.it\/es\/shop\/mobiliario\/articulos-de-decoracion\/toms-drag-toro-felipe-m\/\",\"name\":\"TOM'S DRAG Toro Felipe M - Erresse Shop\",\"isPartOf\":{\"@id\":\"https:\/\/www.erresse-shop.it\/es\/#website\"},\"datePublished\":\"2025-11-06T13:03:23+00:00\",\"dateModified\":\"2025-11-06T13:14:58+00:00\",\"description\":\"Toro carism\u00e1tico y temperamental Acabado con precisi\u00f3n art\u00edstica y colores vibrantes Aporta a tu habitaci\u00f3n una sensaci\u00f3n de equilibrio y seguridad\",\"breadcrumb\":{\"@id\":\"https:\/\/www.erresse-shop.it\/es\/shop\/mobiliario\/articulos-de-decoracion\/toms-drag-toro-felipe-m\/#breadcrumb\"},\"inLanguage\":\"es\",\"potentialAction\":[{\"@type\":\"ReadAction\",\"target\":[\"https:\/\/www.erresse-shop.it\/es\/shop\/mobiliario\/articulos-de-decoracion\/toms-drag-toro-felipe-m\/\"]}]},{\"@type\":\"BreadcrumbList\",\"@id\":\"https:\/\/www.erresse-shop.it\/es\/shop\/mobiliario\/articulos-de-decoracion\/toms-drag-toro-felipe-m\/#breadcrumb\",\"itemListElement\":[{\"@type\":\"ListItem\",\"position\":1,\"name\":\"Home\",\"item\":\"https:\/\/www.erresse-shop.it\/es\/\"},{\"@type\":\"ListItem\",\"position\":2,\"name\":\"Shop\",\"item\":\"https:\/\/www.erresse-shop.it\/es\/shop\/\"},{\"@type\":\"ListItem\",\"position\":3,\"name\":\"TOM&#8217;S DRAG Toro Felipe M\"}]},{\"@type\":\"WebSite\",\"@id\":\"https:\/\/www.erresse-shop.it\/es\/#website\",\"url\":\"https:\/\/www.erresse-shop.it\/es\/\",\"name\":\"Erresse Shop\",\"description\":\"Articoli di qualit\u00e0 per la casa\",\"potentialAction\":[{\"@type\":\"SearchAction\",\"target\":{\"@type\":\"EntryPoint\",\"urlTemplate\":\"https:\/\/www.erresse-shop.it\/es\/?s={search_term_string}\"},\"query-input\":\"required name=search_term_string\"}],\"inLanguage\":\"es\"}]}<\/script>\n<!-- \/ Yoast SEO Premium plugin. -->","yoast_head_json":{"title":"TOM'S DRAG Toro Felipe M - Erresse Shop","description":"Toro carism\u00e1tico y temperamental Acabado con precisi\u00f3n art\u00edstica y colores vibrantes Aporta a tu habitaci\u00f3n una sensaci\u00f3n de equilibrio y seguridad","robots":{"index":"index","follow":"follow","max-snippet":"max-snippet:-1","max-image-preview":"max-image-preview:large","max-video-preview":"max-video-preview:-1"},"canonical":"https:\/\/www.erresse-shop.it\/es\/shop\/mobiliario\/articulos-de-decoracion\/toms-drag-toro-felipe-m\/","og_locale":"es_ES","og_type":"article","og_title":"TOM'S DRAG Toro Felipe M","og_description":"Toro carism\u00e1tico y temperamental Acabado con precisi\u00f3n art\u00edstica y colores vibrantes Aporta a tu habitaci\u00f3n una sensaci\u00f3n de equilibrio y seguridad","og_url":"https:\/\/www.erresse-shop.it\/es\/shop\/mobiliario\/articulos-de-decoracion\/toms-drag-toro-felipe-m\/","og_site_name":"Erresse Shop","article_modified_time":"2025-11-06T13:14:58+00:00","og_image":[{"width":1200,"height":1200,"url":"https:\/\/www.erresse-shop.it\/wp-content\/uploads\/2025\/11\/TOMS-DRAG-Toro-Felipe-M.jpg","type":"image\/jpeg"}],"twitter_card":"summary_large_image","schema":{"@context":"https:\/\/schema.org","@graph":[{"@type":"WebPage","@id":"https:\/\/www.erresse-shop.it\/es\/shop\/mobiliario\/articulos-de-decoracion\/toms-drag-toro-felipe-m\/","url":"https:\/\/www.erresse-shop.it\/es\/shop\/mobiliario\/articulos-de-decoracion\/toms-drag-toro-felipe-m\/","name":"TOM'S DRAG Toro Felipe M - Erresse Shop","isPartOf":{"@id":"https:\/\/www.erresse-shop.it\/es\/#website"},"datePublished":"2025-11-06T13:03:23+00:00","dateModified":"2025-11-06T13:14:58+00:00","description":"Toro carism\u00e1tico y temperamental Acabado con precisi\u00f3n art\u00edstica y colores vibrantes Aporta a tu habitaci\u00f3n una sensaci\u00f3n de equilibrio y seguridad","breadcrumb":{"@id":"https:\/\/www.erresse-shop.it\/es\/shop\/mobiliario\/articulos-de-decoracion\/toms-drag-toro-felipe-m\/#breadcrumb"},"inLanguage":"es","potentialAction":[{"@type":"ReadAction","target":["https:\/\/www.erresse-shop.it\/es\/shop\/mobiliario\/articulos-de-decoracion\/toms-drag-toro-felipe-m\/"]}]},{"@type":"BreadcrumbList","@id":"https:\/\/www.erresse-shop.it\/es\/shop\/mobiliario\/articulos-de-decoracion\/toms-drag-toro-felipe-m\/#breadcrumb","itemListElement":[{"@type":"ListItem","position":1,"name":"Home","item":"https:\/\/www.erresse-shop.it\/es\/"},{"@type":"ListItem","position":2,"name":"Shop","item":"https:\/\/www.erresse-shop.it\/es\/shop\/"},{"@type":"ListItem","position":3,"name":"TOM&#8217;S DRAG Toro Felipe M"}]},{"@type":"WebSite","@id":"https:\/\/www.erresse-shop.it\/es\/#website","url":"https:\/\/www.erresse-shop.it\/es\/","name":"Erresse Shop","description":"Articoli di qualit\u00e0 per la casa","potentialAction":[{"@type":"SearchAction","target":{"@type":"EntryPoint","urlTemplate":"https:\/\/www.erresse-shop.it\/es\/?s={search_term_string}"},"query-input":"required name=search_term_string"}],"inLanguage":"es"}]}},"df_price":129.95,"df_sale_price":129.95,"df_regular_price":199,"df_image_link":"https:\/\/www.erresse-shop.it\/wp-content\/uploads\/2025\/11\/TOMS-DRAG-Toro-Felipe-M-300x300.jpg","_links":{"self":[{"href":"https:\/\/www.erresse-shop.it\/es\/wp-json\/wp\/v2\/product\/515823"}],"collection":[{"href":"https:\/\/www.erresse-shop.it\/es\/wp-json\/wp\/v2\/product"}],"about":[{"href":"https:\/\/www.erresse-shop.it\/es\/wp-json\/wp\/v2\/types\/product"}],"wp:featuredmedia":[{"embeddable":true,"href":"https:\/\/www.erresse-shop.it\/es\/wp-json\/wp\/v2\/media\/515829"}],"wp:attachment":[{"href":"https:\/\/www.erresse-shop.it\/es\/wp-json\/wp\/v2\/media?parent=515823"}],"wp:term":[{"taxonomy":"product_cat","embeddable":true,"href":"https:\/\/www.erresse-shop.it\/es\/wp-json\/wp\/v2\/product_cat?post=515823"},{"taxonomy":"product_tag","embeddable":true,"href":"https:\/\/www.erresse-shop.it\/es\/wp-json\/wp\/v2\/product_tag?post=515823"}],"curies":[{"name":"wp","href":"https:\/\/api.w.org\/{rel}","templated":true}]}}