{"id":515769,"date":"2025-11-06T10:57:31","date_gmt":"2025-11-06T10:57:36","guid":{"rendered":"https:\/\/www.erresse-shop.it\/?post_type=product&#038;p=515769"},"modified":"2025-11-06T11:11:56","modified_gmt":"2025-11-06T11:11:56","slug":"toms-drag-rana-lord-martin-l","status":"publish","type":"product","link":"https:\/\/www.erresse-shop.it\/es\/shop\/mobiliario\/articulos-de-decoracion\/toms-drag-rana-lord-martin-l\/","title":{"rendered":"TOM&#8217;S DRAG Rana Lord Martin L"},"content":{"rendered":"<p>Rana carism\u00e1tica en miniatura<br \/>\nColoreada a mano con gran detalle, muy expresiva<br \/>\nUn regalo ideal para alegrarte el d\u00eda<\/p>\n<p><strong>Material:<\/strong> Marmorino<br \/>\n<strong>Altura:<\/strong> 20 cm<\/p>\n<p><strong>Rana Lord Martin L<\/strong>, un aut\u00e9ntico arist\u00f3crata con corona. Y como a los pr\u00edncipes rana les encanta que los besen, tiene una boquita preciosa, lista para dar besos. \u00bfSer\u00e1 \u00e9l tu pr\u00edncipe azul?<\/p>\n","protected":false},"excerpt":{"rendered":"<p>Rana carism\u00e1tica en miniatura Coloreada a mano con gran detalle, muy expresiva Un regalo ideal para alegrarte el d\u00eda Material:<\/p>\n","protected":false},"featured_media":515775,"template":"","meta":{"_acf_changed":false,"inline_featured_image":false},"product_cat":[16026,16016],"product_tag":[16998,17001,17083],"acf":[],"yoast_head":"<!-- This site is optimized with the Yoast SEO Premium plugin v18.6 (Yoast SEO v19.13) - https:\/\/yoast.com\/wordpress\/plugins\/seo\/ -->\n<title>TOM&#039;S DRAG Rana Lord Martin L - Erresse Shop<\/title>\n<meta name=\"description\" content=\"Rana carism\u00e1tica en miniatura Coloreada a mano con gran detalle, muy expresiva Un regalo ideal para alegrarte el d\u00eda Material: Marmorino Altura: 20 cm\" \/>\n<meta name=\"robots\" content=\"index, follow, max-snippet:-1, max-image-preview:large, max-video-preview:-1\" \/>\n<link rel=\"canonical\" href=\"https:\/\/www.erresse-shop.it\/es\/shop\/mobiliario\/articulos-de-decoracion\/toms-drag-rana-lord-martin-l\/\" \/>\n<meta property=\"og:locale\" content=\"es_ES\" \/>\n<meta property=\"og:type\" content=\"article\" \/>\n<meta property=\"og:title\" content=\"TOM&#039;S DRAG Rana Lord Martin L\" \/>\n<meta property=\"og:description\" content=\"Rana carism\u00e1tica en miniatura Coloreada a mano con gran detalle, muy expresiva Un regalo ideal para alegrarte el d\u00eda Material: Marmorino Altura: 20 cm\" \/>\n<meta property=\"og:url\" content=\"https:\/\/www.erresse-shop.it\/es\/shop\/mobiliario\/articulos-de-decoracion\/toms-drag-rana-lord-martin-l\/\" \/>\n<meta property=\"og:site_name\" content=\"Erresse Shop\" \/>\n<meta property=\"article:modified_time\" content=\"2025-11-06T11:11:56+00:00\" \/>\n<meta property=\"og:image\" content=\"https:\/\/www.erresse-shop.it\/wp-content\/uploads\/2025\/11\/TOMS-DRAG-Rana-Lord-Martin-L.jpg\" \/>\n\t<meta property=\"og:image:width\" content=\"1200\" \/>\n\t<meta property=\"og:image:height\" content=\"1200\" \/>\n\t<meta property=\"og:image:type\" content=\"image\/jpeg\" \/>\n<meta name=\"twitter:card\" content=\"summary_large_image\" \/>\n<script type=\"application\/ld+json\" class=\"yoast-schema-graph\">{\"@context\":\"https:\/\/schema.org\",\"@graph\":[{\"@type\":\"WebPage\",\"@id\":\"https:\/\/www.erresse-shop.it\/es\/shop\/mobiliario\/articulos-de-decoracion\/toms-drag-rana-lord-martin-l\/\",\"url\":\"https:\/\/www.erresse-shop.it\/es\/shop\/mobiliario\/articulos-de-decoracion\/toms-drag-rana-lord-martin-l\/\",\"name\":\"TOM'S DRAG Rana Lord Martin L - Erresse Shop\",\"isPartOf\":{\"@id\":\"https:\/\/www.erresse-shop.it\/es\/#website\"},\"datePublished\":\"2025-11-06T10:57:36+00:00\",\"dateModified\":\"2025-11-06T11:11:56+00:00\",\"description\":\"Rana carism\u00e1tica en miniatura Coloreada a mano con gran detalle, muy expresiva Un regalo ideal para alegrarte el d\u00eda Material: Marmorino Altura: 20 cm\",\"breadcrumb\":{\"@id\":\"https:\/\/www.erresse-shop.it\/es\/shop\/mobiliario\/articulos-de-decoracion\/toms-drag-rana-lord-martin-l\/#breadcrumb\"},\"inLanguage\":\"es\",\"potentialAction\":[{\"@type\":\"ReadAction\",\"target\":[\"https:\/\/www.erresse-shop.it\/es\/shop\/mobiliario\/articulos-de-decoracion\/toms-drag-rana-lord-martin-l\/\"]}]},{\"@type\":\"BreadcrumbList\",\"@id\":\"https:\/\/www.erresse-shop.it\/es\/shop\/mobiliario\/articulos-de-decoracion\/toms-drag-rana-lord-martin-l\/#breadcrumb\",\"itemListElement\":[{\"@type\":\"ListItem\",\"position\":1,\"name\":\"Home\",\"item\":\"https:\/\/www.erresse-shop.it\/es\/\"},{\"@type\":\"ListItem\",\"position\":2,\"name\":\"Shop\",\"item\":\"https:\/\/www.erresse-shop.it\/es\/shop\/\"},{\"@type\":\"ListItem\",\"position\":3,\"name\":\"TOM&#8217;S DRAG Rana Lord Martin L\"}]},{\"@type\":\"WebSite\",\"@id\":\"https:\/\/www.erresse-shop.it\/es\/#website\",\"url\":\"https:\/\/www.erresse-shop.it\/es\/\",\"name\":\"Erresse Shop\",\"description\":\"Articoli di qualit\u00e0 per la casa\",\"potentialAction\":[{\"@type\":\"SearchAction\",\"target\":{\"@type\":\"EntryPoint\",\"urlTemplate\":\"https:\/\/www.erresse-shop.it\/es\/?s={search_term_string}\"},\"query-input\":\"required name=search_term_string\"}],\"inLanguage\":\"es\"}]}<\/script>\n<!-- \/ Yoast SEO Premium plugin. -->","yoast_head_json":{"title":"TOM'S DRAG Rana Lord Martin L - Erresse Shop","description":"Rana carism\u00e1tica en miniatura Coloreada a mano con gran detalle, muy expresiva Un regalo ideal para alegrarte el d\u00eda Material: Marmorino Altura: 20 cm","robots":{"index":"index","follow":"follow","max-snippet":"max-snippet:-1","max-image-preview":"max-image-preview:large","max-video-preview":"max-video-preview:-1"},"canonical":"https:\/\/www.erresse-shop.it\/es\/shop\/mobiliario\/articulos-de-decoracion\/toms-drag-rana-lord-martin-l\/","og_locale":"es_ES","og_type":"article","og_title":"TOM'S DRAG Rana Lord Martin L","og_description":"Rana carism\u00e1tica en miniatura Coloreada a mano con gran detalle, muy expresiva Un regalo ideal para alegrarte el d\u00eda Material: Marmorino Altura: 20 cm","og_url":"https:\/\/www.erresse-shop.it\/es\/shop\/mobiliario\/articulos-de-decoracion\/toms-drag-rana-lord-martin-l\/","og_site_name":"Erresse Shop","article_modified_time":"2025-11-06T11:11:56+00:00","og_image":[{"width":1200,"height":1200,"url":"https:\/\/www.erresse-shop.it\/wp-content\/uploads\/2025\/11\/TOMS-DRAG-Rana-Lord-Martin-L.jpg","type":"image\/jpeg"}],"twitter_card":"summary_large_image","schema":{"@context":"https:\/\/schema.org","@graph":[{"@type":"WebPage","@id":"https:\/\/www.erresse-shop.it\/es\/shop\/mobiliario\/articulos-de-decoracion\/toms-drag-rana-lord-martin-l\/","url":"https:\/\/www.erresse-shop.it\/es\/shop\/mobiliario\/articulos-de-decoracion\/toms-drag-rana-lord-martin-l\/","name":"TOM'S DRAG Rana Lord Martin L - Erresse Shop","isPartOf":{"@id":"https:\/\/www.erresse-shop.it\/es\/#website"},"datePublished":"2025-11-06T10:57:36+00:00","dateModified":"2025-11-06T11:11:56+00:00","description":"Rana carism\u00e1tica en miniatura Coloreada a mano con gran detalle, muy expresiva Un regalo ideal para alegrarte el d\u00eda Material: Marmorino Altura: 20 cm","breadcrumb":{"@id":"https:\/\/www.erresse-shop.it\/es\/shop\/mobiliario\/articulos-de-decoracion\/toms-drag-rana-lord-martin-l\/#breadcrumb"},"inLanguage":"es","potentialAction":[{"@type":"ReadAction","target":["https:\/\/www.erresse-shop.it\/es\/shop\/mobiliario\/articulos-de-decoracion\/toms-drag-rana-lord-martin-l\/"]}]},{"@type":"BreadcrumbList","@id":"https:\/\/www.erresse-shop.it\/es\/shop\/mobiliario\/articulos-de-decoracion\/toms-drag-rana-lord-martin-l\/#breadcrumb","itemListElement":[{"@type":"ListItem","position":1,"name":"Home","item":"https:\/\/www.erresse-shop.it\/es\/"},{"@type":"ListItem","position":2,"name":"Shop","item":"https:\/\/www.erresse-shop.it\/es\/shop\/"},{"@type":"ListItem","position":3,"name":"TOM&#8217;S DRAG Rana Lord Martin L"}]},{"@type":"WebSite","@id":"https:\/\/www.erresse-shop.it\/es\/#website","url":"https:\/\/www.erresse-shop.it\/es\/","name":"Erresse Shop","description":"Articoli di qualit\u00e0 per la casa","potentialAction":[{"@type":"SearchAction","target":{"@type":"EntryPoint","urlTemplate":"https:\/\/www.erresse-shop.it\/es\/?s={search_term_string}"},"query-input":"required name=search_term_string"}],"inLanguage":"es"}]}},"df_price":94.95,"df_sale_price":94.95,"df_regular_price":118,"df_image_link":"https:\/\/www.erresse-shop.it\/wp-content\/uploads\/2025\/11\/TOMS-DRAG-Rana-Lord-Martin-L-300x300.jpg","_links":{"self":[{"href":"https:\/\/www.erresse-shop.it\/es\/wp-json\/wp\/v2\/product\/515769"}],"collection":[{"href":"https:\/\/www.erresse-shop.it\/es\/wp-json\/wp\/v2\/product"}],"about":[{"href":"https:\/\/www.erresse-shop.it\/es\/wp-json\/wp\/v2\/types\/product"}],"wp:featuredmedia":[{"embeddable":true,"href":"https:\/\/www.erresse-shop.it\/es\/wp-json\/wp\/v2\/media\/515775"}],"wp:attachment":[{"href":"https:\/\/www.erresse-shop.it\/es\/wp-json\/wp\/v2\/media?parent=515769"}],"wp:term":[{"taxonomy":"product_cat","embeddable":true,"href":"https:\/\/www.erresse-shop.it\/es\/wp-json\/wp\/v2\/product_cat?post=515769"},{"taxonomy":"product_tag","embeddable":true,"href":"https:\/\/www.erresse-shop.it\/es\/wp-json\/wp\/v2\/product_tag?post=515769"}],"curies":[{"name":"wp","href":"https:\/\/api.w.org\/{rel}","templated":true}]}}