{"id":515060,"date":"2025-10-28T07:48:23","date_gmt":"2025-10-28T07:48:26","guid":{"rendered":"https:\/\/www.erresse-shop.it\/?post_type=product&#038;p=515060"},"modified":"2025-10-28T07:59:27","modified_gmt":"2025-10-28T07:59:27","slug":"toms-drag-comoda-versailles-m","status":"publish","type":"product","link":"https:\/\/www.erresse-shop.it\/es\/shop\/mobiliario\/muebles\/toms-drag-comoda-versailles-m\/","title":{"rendered":"TOM&#8217;S DRAG C\u00f3moda Versailles M"},"content":{"rendered":"<p><strong>Material:<\/strong>MDF<\/p>\n<p><strong>C\u00f3moda Versailles M<br \/>\n<\/strong>\u00bfA qui\u00e9n no le fascina el Palacio de Versalles, la magn\u00edfica obra maestra de la arquitectura barroca? La colecci\u00f3n Versalles de Tom&#8217;s Drag demuestra que el estilo de Tom&#8217;s Drag y las formas barrocas se complementan, con formas opulentas que se fusionan con una explosi\u00f3n de colores y patrones. Incluso en hogares minimalistas, nuestros muebles Versalles crean una simbiosis inesperada con muebles sencillos y lineales. La c\u00f3moda Versalles M cuenta con dos cajones extra\u00edbles. Tenga en cuenta que la p\u00e1tina dorada se aplica deliberadamente a mano (\u00a1no con pulverizador!) y, por lo tanto, presenta algunas irregularidades. Esto contribuye al car\u00e1cter \u00fanico de esta extraordinaria serie.<\/p>\n<p><strong>Dimensiones:<\/strong> \u00a036,5 x 54,5, H 68 cm<\/p>\n","protected":false},"excerpt":{"rendered":"<p>Material:MDF C\u00f3moda Versailles M \u00bfA qui\u00e9n no le fascina el Palacio de Versalles, la magn\u00edfica obra maestra de la arquitectura<\/p>\n","protected":false},"featured_media":515080,"template":"","meta":{"_acf_changed":false,"inline_featured_image":false},"product_cat":[16016,17096],"product_tag":[17136],"acf":[],"yoast_head":"<!-- This site is optimized with the Yoast SEO Premium plugin v18.6 (Yoast SEO v19.13) - https:\/\/yoast.com\/wordpress\/plugins\/seo\/ -->\n<title>TOM&#039;S DRAG C\u00f3moda Versailles M - Erresse Shop<\/title>\n<meta name=\"description\" content=\"Material:MDF C\u00f3moda Versailles M \u00bfA qui\u00e9n no le fascina el Palacio de Versalles, la magn\u00edfica obra maestra de la arquitectura barroca? La colecci\u00f3n\" \/>\n<meta name=\"robots\" content=\"index, follow, max-snippet:-1, max-image-preview:large, max-video-preview:-1\" \/>\n<link rel=\"canonical\" href=\"https:\/\/www.erresse-shop.it\/es\/shop\/mobiliario\/muebles\/toms-drag-comoda-versailles-m\/\" \/>\n<meta property=\"og:locale\" content=\"es_ES\" \/>\n<meta property=\"og:type\" content=\"article\" \/>\n<meta property=\"og:title\" content=\"TOM&#039;S DRAG C\u00f3moda Versailles M\" \/>\n<meta property=\"og:description\" content=\"Material:MDF C\u00f3moda Versailles M \u00bfA qui\u00e9n no le fascina el Palacio de Versalles, la magn\u00edfica obra maestra de la arquitectura barroca? La colecci\u00f3n\" \/>\n<meta property=\"og:url\" content=\"https:\/\/www.erresse-shop.it\/es\/shop\/mobiliario\/muebles\/toms-drag-comoda-versailles-m\/\" \/>\n<meta property=\"og:site_name\" content=\"Erresse Shop\" \/>\n<meta property=\"article:modified_time\" content=\"2025-10-28T07:59:27+00:00\" \/>\n<meta property=\"og:image\" content=\"https:\/\/www.erresse-shop.it\/wp-content\/uploads\/2025\/10\/TOMS-DRAG-Cassettiera-Versailles-M.jpg\" \/>\n\t<meta property=\"og:image:width\" content=\"1200\" \/>\n\t<meta property=\"og:image:height\" content=\"1200\" \/>\n\t<meta property=\"og:image:type\" content=\"image\/jpeg\" \/>\n<meta name=\"twitter:card\" content=\"summary_large_image\" \/>\n<script type=\"application\/ld+json\" class=\"yoast-schema-graph\">{\"@context\":\"https:\/\/schema.org\",\"@graph\":[{\"@type\":\"WebPage\",\"@id\":\"https:\/\/www.erresse-shop.it\/es\/shop\/mobiliario\/muebles\/toms-drag-comoda-versailles-m\/\",\"url\":\"https:\/\/www.erresse-shop.it\/es\/shop\/mobiliario\/muebles\/toms-drag-comoda-versailles-m\/\",\"name\":\"TOM'S DRAG C\u00f3moda Versailles M - Erresse Shop\",\"isPartOf\":{\"@id\":\"https:\/\/www.erresse-shop.it\/es\/#website\"},\"datePublished\":\"2025-10-28T07:48:26+00:00\",\"dateModified\":\"2025-10-28T07:59:27+00:00\",\"description\":\"Material:MDF C\u00f3moda Versailles M \u00bfA qui\u00e9n no le fascina el Palacio de Versalles, la magn\u00edfica obra maestra de la arquitectura barroca? La colecci\u00f3n\",\"breadcrumb\":{\"@id\":\"https:\/\/www.erresse-shop.it\/es\/shop\/mobiliario\/muebles\/toms-drag-comoda-versailles-m\/#breadcrumb\"},\"inLanguage\":\"es\",\"potentialAction\":[{\"@type\":\"ReadAction\",\"target\":[\"https:\/\/www.erresse-shop.it\/es\/shop\/mobiliario\/muebles\/toms-drag-comoda-versailles-m\/\"]}]},{\"@type\":\"BreadcrumbList\",\"@id\":\"https:\/\/www.erresse-shop.it\/es\/shop\/mobiliario\/muebles\/toms-drag-comoda-versailles-m\/#breadcrumb\",\"itemListElement\":[{\"@type\":\"ListItem\",\"position\":1,\"name\":\"Home\",\"item\":\"https:\/\/www.erresse-shop.it\/es\/\"},{\"@type\":\"ListItem\",\"position\":2,\"name\":\"Shop\",\"item\":\"https:\/\/www.erresse-shop.it\/es\/shop\/\"},{\"@type\":\"ListItem\",\"position\":3,\"name\":\"TOM&#8217;S DRAG C\u00f3moda Versailles M\"}]},{\"@type\":\"WebSite\",\"@id\":\"https:\/\/www.erresse-shop.it\/es\/#website\",\"url\":\"https:\/\/www.erresse-shop.it\/es\/\",\"name\":\"Erresse Shop\",\"description\":\"Articoli di qualit\u00e0 per la casa\",\"potentialAction\":[{\"@type\":\"SearchAction\",\"target\":{\"@type\":\"EntryPoint\",\"urlTemplate\":\"https:\/\/www.erresse-shop.it\/es\/?s={search_term_string}\"},\"query-input\":\"required name=search_term_string\"}],\"inLanguage\":\"es\"}]}<\/script>\n<!-- \/ Yoast SEO Premium plugin. -->","yoast_head_json":{"title":"TOM'S DRAG C\u00f3moda Versailles M - Erresse Shop","description":"Material:MDF C\u00f3moda Versailles M \u00bfA qui\u00e9n no le fascina el Palacio de Versalles, la magn\u00edfica obra maestra de la arquitectura barroca? La colecci\u00f3n","robots":{"index":"index","follow":"follow","max-snippet":"max-snippet:-1","max-image-preview":"max-image-preview:large","max-video-preview":"max-video-preview:-1"},"canonical":"https:\/\/www.erresse-shop.it\/es\/shop\/mobiliario\/muebles\/toms-drag-comoda-versailles-m\/","og_locale":"es_ES","og_type":"article","og_title":"TOM'S DRAG C\u00f3moda Versailles M","og_description":"Material:MDF C\u00f3moda Versailles M \u00bfA qui\u00e9n no le fascina el Palacio de Versalles, la magn\u00edfica obra maestra de la arquitectura barroca? La colecci\u00f3n","og_url":"https:\/\/www.erresse-shop.it\/es\/shop\/mobiliario\/muebles\/toms-drag-comoda-versailles-m\/","og_site_name":"Erresse Shop","article_modified_time":"2025-10-28T07:59:27+00:00","og_image":[{"width":1200,"height":1200,"url":"https:\/\/www.erresse-shop.it\/wp-content\/uploads\/2025\/10\/TOMS-DRAG-Cassettiera-Versailles-M.jpg","type":"image\/jpeg"}],"twitter_card":"summary_large_image","schema":{"@context":"https:\/\/schema.org","@graph":[{"@type":"WebPage","@id":"https:\/\/www.erresse-shop.it\/es\/shop\/mobiliario\/muebles\/toms-drag-comoda-versailles-m\/","url":"https:\/\/www.erresse-shop.it\/es\/shop\/mobiliario\/muebles\/toms-drag-comoda-versailles-m\/","name":"TOM'S DRAG C\u00f3moda Versailles M - Erresse Shop","isPartOf":{"@id":"https:\/\/www.erresse-shop.it\/es\/#website"},"datePublished":"2025-10-28T07:48:26+00:00","dateModified":"2025-10-28T07:59:27+00:00","description":"Material:MDF C\u00f3moda Versailles M \u00bfA qui\u00e9n no le fascina el Palacio de Versalles, la magn\u00edfica obra maestra de la arquitectura barroca? La colecci\u00f3n","breadcrumb":{"@id":"https:\/\/www.erresse-shop.it\/es\/shop\/mobiliario\/muebles\/toms-drag-comoda-versailles-m\/#breadcrumb"},"inLanguage":"es","potentialAction":[{"@type":"ReadAction","target":["https:\/\/www.erresse-shop.it\/es\/shop\/mobiliario\/muebles\/toms-drag-comoda-versailles-m\/"]}]},{"@type":"BreadcrumbList","@id":"https:\/\/www.erresse-shop.it\/es\/shop\/mobiliario\/muebles\/toms-drag-comoda-versailles-m\/#breadcrumb","itemListElement":[{"@type":"ListItem","position":1,"name":"Home","item":"https:\/\/www.erresse-shop.it\/es\/"},{"@type":"ListItem","position":2,"name":"Shop","item":"https:\/\/www.erresse-shop.it\/es\/shop\/"},{"@type":"ListItem","position":3,"name":"TOM&#8217;S DRAG C\u00f3moda Versailles M"}]},{"@type":"WebSite","@id":"https:\/\/www.erresse-shop.it\/es\/#website","url":"https:\/\/www.erresse-shop.it\/es\/","name":"Erresse Shop","description":"Articoli di qualit\u00e0 per la casa","potentialAction":[{"@type":"SearchAction","target":{"@type":"EntryPoint","urlTemplate":"https:\/\/www.erresse-shop.it\/es\/?s={search_term_string}"},"query-input":"required name=search_term_string"}],"inLanguage":"es"}]}},"df_price":717.6,"df_sale_price":717.6,"df_regular_price":1380,"df_image_link":"https:\/\/www.erresse-shop.it\/wp-content\/uploads\/2025\/10\/TOMS-DRAG-Cassettiera-Versailles-M-300x300.jpg","_links":{"self":[{"href":"https:\/\/www.erresse-shop.it\/es\/wp-json\/wp\/v2\/product\/515060"}],"collection":[{"href":"https:\/\/www.erresse-shop.it\/es\/wp-json\/wp\/v2\/product"}],"about":[{"href":"https:\/\/www.erresse-shop.it\/es\/wp-json\/wp\/v2\/types\/product"}],"wp:featuredmedia":[{"embeddable":true,"href":"https:\/\/www.erresse-shop.it\/es\/wp-json\/wp\/v2\/media\/515080"}],"wp:attachment":[{"href":"https:\/\/www.erresse-shop.it\/es\/wp-json\/wp\/v2\/media?parent=515060"}],"wp:term":[{"taxonomy":"product_cat","embeddable":true,"href":"https:\/\/www.erresse-shop.it\/es\/wp-json\/wp\/v2\/product_cat?post=515060"},{"taxonomy":"product_tag","embeddable":true,"href":"https:\/\/www.erresse-shop.it\/es\/wp-json\/wp\/v2\/product_tag?post=515060"}],"curies":[{"name":"wp","href":"https:\/\/api.w.org\/{rel}","templated":true}]}}