{"id":514748,"date":"2025-10-27T07:43:21","date_gmt":"2025-10-27T07:43:24","guid":{"rendered":"https:\/\/www.erresse-shop.it\/?post_type=product&#038;p=514748"},"modified":"2025-10-27T08:13:38","modified_gmt":"2025-10-27T08:13:38","slug":"shark-aspirador-sin-cable-wandvac-2-0-copia","status":"publish","type":"product","link":"https:\/\/www.erresse-shop.it\/es\/shop\/pequenos-electrodomesticos\/aspiradoras\/shark-aspirador-sin-cable-wandvac-2-0-copia\/","title":{"rendered":"HOOVER Robot aspirador HG5 Pro"},"content":{"rendered":"<h2 data-start=\"158\" data-end=\"221\"><strong data-start=\"161\" data-end=\"221\">HG5 Pro: El robot aspirador inteligente y aut\u00f3nomo<\/strong><\/h2>\n<p data-start=\"223\" data-end=\"370\">Descansa de la limpieza diaria: <strong data-start=\"268\" data-end=\"279\">HG5 Pro<\/strong> cuida tus suelos de forma totalmente autom\u00e1tica, precisa y personalizada.<\/p>\n<h3 data-start=\"372\" data-end=\"408\"><strong data-start=\"376\" data-end=\"408\">Sin contacto con el polvo<\/strong><\/h3>\n<p data-start=\"409\" data-end=\"614\">Gracias a la <strong data-start=\"421\" data-end=\"452\">base de recogida autom\u00e1tica<\/strong>, el HG5 Pro vac\u00eda el dep\u00f3sito autom\u00e1ticamente despu\u00e9s de cada limpieza. Limpieza. Olv\u00eddate del mantenimiento diario y disfruta de un hogar limpio sin esfuerzo.<\/p>\n<h3 data-start=\"616\" data-end=\"650\"><strong data-start=\"620\" data-end=\"650\">Navegaci\u00f3n l\u00e1ser avanzada<\/strong><\/h3>\n<p data-start=\"651\" data-end=\"924\">El <strong data-start=\"654\" data-end=\"686\">sistema de navegaci\u00f3n l\u00e1ser<\/strong> garantiza rutas optimizadas de forma constante y una cobertura completa de cada habitaci\u00f3n. El robot escanea y actualiza continuamente el mapa de tu hogar, reconociendo escaleras y escalones gracias a sus sensores antica\u00eddas para evitar ca\u00eddas o impactos.<\/p>\n<h3 data-start=\"926\" data-end=\"967\"><strong data-start=\"930\" data-end=\"967\">Potente succi\u00f3n y cepillo XL<\/strong><\/h3>\n<p data-start=\"968\" data-end=\"1278\">El <strong data-start=\"971\" data-end=\"994\">cepillo giratorio XL<\/strong>, combinado con los <strong data-start=\"1009\" data-end=\"1034\">dos cepillos laterales<\/strong>, garantiza la m\u00e1xima recogida de polvo y suciedad, incluso en esquinas y alfombras. Las cerdas y la goma del cepillo principal mejoran la limpieza y ampl\u00edan la superficie cubierta con cada pasada.<\/p>\n<h3 data-start=\"1280\" data-end=\"1331\"><strong data-start=\"1284\" data-end=\"1331\">Limpieza personalizada y mapas inteligentes<\/strong><\/h3>\n<p data-start=\"1332\" data-end=\"1571\">Crea un <strong data-start=\"1340\" data-end=\"1364\">mapa de tu casa<\/strong> directamente desde la app: nombra habitaciones, comb\u00ednalas o sep\u00e1ralas y establece <strong data-start=\"1447\" data-end=\"1479\">paredes virtuales o zonas de exclusi\u00f3n<\/strong>. Puedes programar horarios de limpieza espec\u00edficos para cada habitaci\u00f3n seg\u00fan tus necesidades.<\/p>\n<h3 data-start=\"1573\" data-end=\"1608\"><strong data-start=\"1577\" data-end=\"1608\">Control mediante la app HG Robots<\/strong><\/h3>\n<p data-start=\"1609\" data-end=\"1858\">Descarga la <strong data-start=\"1623\" data-end=\"1636\">app HG Robots<\/strong> y controla tu HG5 Pro desde cualquier lugar. Programa horarios, niveles de succi\u00f3n y fregado, o inicia una limpieza incluso cuando no est\u00e9s en casa. Todas las sesiones se guardan en el registro para una auditor\u00eda completa.<\/p>\n<h3 data-start=\"1860\" data-end=\"1897\"><strong data-start=\"1864\" data-end=\"1897\">Retorno y recarga autom\u00e1ticos<\/strong><\/h3>\n<p data-start=\"1898\" data-end=\"2062\">Al finalizar la limpieza o cuando la bater\u00eda est\u00e1 baja, el robot regresa autom\u00e1ticamente a la base para recargarse y <strong data-start=\"2014\" data-end=\"2059\">reanuda la limpieza donde la dej\u00f3<\/strong>.<\/p>\n<p><strong>CARACTER\u00cdSTICAS T\u00c9CNICAS:<\/strong><\/p>\n<ul>\n<li data-start=\"1898\" data-end=\"2062\"><strong data-start=\"298\" data-end=\"309\">Color:<\/strong> Gris Brillante Ultimate<\/li>\n<li data-start=\"1898\" data-end=\"2062\"><strong data-start=\"332\" data-end=\"359\">Sistema de navegaci\u00f3n: <\/strong>Navegaci\u00f3n l\u00e1ser de 360\u00b0<\/li>\n<li data-start=\"1898\" data-end=\"2062\"><strong data-start=\"389\" data-end=\"403\">Autonom\u00eda: <\/strong>Hasta 90 minutos<\/li>\n<li data-start=\"1898\" data-end=\"2062\"><strong data-start=\"423\" data-end=\"452\">Capacidad del dep\u00f3sito: <\/strong>0,25 L<\/li>\n<li data-start=\"1898\" data-end=\"2062\"><strong data-start=\"462\" data-end=\"478\">Filtraci\u00f3n: <\/strong>Filtro EPA<\/li>\n<li data-start=\"1898\" data-end=\"2062\"><strong data-start=\"492\" data-end=\"519\">Niveles de succi\u00f3n:<\/strong> Low, Mid, High, Max<strong data-start=\"492\" data-end=\"519\"><br \/>\n<\/strong><\/li>\n<li data-start=\"1898\" data-end=\"2062\"><strong data-start=\"542\" data-end=\"569\" data-is-only-node=\"\">Potencia de succi\u00f3n: <\/strong>2,3 kPa<\/li>\n<li data-start=\"1898\" data-end=\"2062\"><strong data-start=\"580\" data-end=\"593\">Bater\u00eda: <\/strong>Iones de litio \u2013 Carga en 4-5 horas<\/li>\n<li data-start=\"1898\" data-end=\"2062\"><strong data-start=\"632\" data-end=\"656\">Carga autom\u00e1tica: <\/strong>mediante base de recolecci\u00f3n de polvo<\/li>\n<li data-start=\"1898\" data-end=\"2062\"><strong data-start=\"692\" data-end=\"721\">Control y conectividad:<\/strong> Wi-Fi con aplicaci\u00f3n dedicada <strong data-start=\"745\" data-end=\"758\">Robots HG<\/strong><\/li>\n<\/ul>\n<p><strong>MEDIDAS:<\/strong><\/p>\n<ul>\n<li data-start=\"1206\" data-end=\"1224\"><strong>Altura:<\/strong> 10,3 cm<\/li>\n<li data-start=\"1227\" data-end=\"1245\"><strong>Ancho:<\/strong> 34 cm<\/li>\n<li data-start=\"1248\" data-end=\"1267\"><strong>Profundidad:<\/strong> 34 cm<\/li>\n<li data-start=\"1270\" data-end=\"1293\"><strong>Peso (robot):<\/strong> 2,93 kg<\/li>\n<li data-start=\"1296\" data-end=\"1317\"><strong>Peso total:<\/strong> 7,7 kilogramos<strong><br \/>\n<\/strong><\/li>\n<\/ul>\n","protected":false},"excerpt":{"rendered":"<p>HG5 Pro: El robot aspirador inteligente y aut\u00f3nomo Descansa de la limpieza diaria: HG5 Pro cuida tus suelos de forma<\/p>\n","protected":false},"featured_media":514795,"template":"","meta":{"_acf_changed":false,"inline_featured_image":false},"product_cat":[23772,16073],"product_tag":[23776,16655],"acf":[],"yoast_head":"<!-- This site is optimized with the Yoast SEO Premium plugin v18.6 (Yoast SEO v19.13) - https:\/\/yoast.com\/wordpress\/plugins\/seo\/ -->\n<title>HOOVER Robot aspirador HG5 Pro - Erresse Shop<\/title>\n<meta name=\"description\" content=\"HG5 Pro: El robot aspirador inteligente y aut\u00f3nomo Descansa de la limpieza diaria: HG5 Pro cuida tus suelos de forma totalmente autom\u00e1tica, precisa y\" \/>\n<meta name=\"robots\" content=\"index, follow, max-snippet:-1, max-image-preview:large, max-video-preview:-1\" \/>\n<link rel=\"canonical\" href=\"https:\/\/www.erresse-shop.it\/es\/shop\/pequenos-electrodomesticos\/aspiradoras\/shark-aspirador-sin-cable-wandvac-2-0-copia\/\" \/>\n<meta property=\"og:locale\" content=\"es_ES\" \/>\n<meta property=\"og:type\" content=\"article\" \/>\n<meta property=\"og:title\" content=\"HOOVER Robot aspirador HG5 Pro\" \/>\n<meta property=\"og:description\" content=\"HG5 Pro: El robot aspirador inteligente y aut\u00f3nomo Descansa de la limpieza diaria: HG5 Pro cuida tus suelos de forma totalmente autom\u00e1tica, precisa y\" \/>\n<meta property=\"og:url\" content=\"https:\/\/www.erresse-shop.it\/es\/shop\/pequenos-electrodomesticos\/aspiradoras\/shark-aspirador-sin-cable-wandvac-2-0-copia\/\" \/>\n<meta property=\"og:site_name\" content=\"Erresse Shop\" \/>\n<meta property=\"article:modified_time\" content=\"2025-10-27T08:13:38+00:00\" \/>\n<meta property=\"og:image\" content=\"https:\/\/www.erresse-shop.it\/wp-content\/uploads\/2025\/10\/HOOVER-Robot-Aspirapolvere-HG5-Pro.jpg\" \/>\n\t<meta property=\"og:image:width\" content=\"1200\" \/>\n\t<meta property=\"og:image:height\" content=\"1200\" \/>\n\t<meta property=\"og:image:type\" content=\"image\/jpeg\" \/>\n<meta name=\"twitter:card\" content=\"summary_large_image\" \/>\n<script type=\"application\/ld+json\" class=\"yoast-schema-graph\">{\"@context\":\"https:\/\/schema.org\",\"@graph\":[{\"@type\":\"WebPage\",\"@id\":\"https:\/\/www.erresse-shop.it\/es\/shop\/pequenos-electrodomesticos\/aspiradoras\/shark-aspirador-sin-cable-wandvac-2-0-copia\/\",\"url\":\"https:\/\/www.erresse-shop.it\/es\/shop\/pequenos-electrodomesticos\/aspiradoras\/shark-aspirador-sin-cable-wandvac-2-0-copia\/\",\"name\":\"HOOVER Robot aspirador HG5 Pro - Erresse Shop\",\"isPartOf\":{\"@id\":\"https:\/\/www.erresse-shop.it\/es\/#website\"},\"datePublished\":\"2025-10-27T07:43:24+00:00\",\"dateModified\":\"2025-10-27T08:13:38+00:00\",\"description\":\"HG5 Pro: El robot aspirador inteligente y aut\u00f3nomo Descansa de la limpieza diaria: HG5 Pro cuida tus suelos de forma totalmente autom\u00e1tica, precisa y\",\"breadcrumb\":{\"@id\":\"https:\/\/www.erresse-shop.it\/es\/shop\/pequenos-electrodomesticos\/aspiradoras\/shark-aspirador-sin-cable-wandvac-2-0-copia\/#breadcrumb\"},\"inLanguage\":\"es\",\"potentialAction\":[{\"@type\":\"ReadAction\",\"target\":[\"https:\/\/www.erresse-shop.it\/es\/shop\/pequenos-electrodomesticos\/aspiradoras\/shark-aspirador-sin-cable-wandvac-2-0-copia\/\"]}]},{\"@type\":\"BreadcrumbList\",\"@id\":\"https:\/\/www.erresse-shop.it\/es\/shop\/pequenos-electrodomesticos\/aspiradoras\/shark-aspirador-sin-cable-wandvac-2-0-copia\/#breadcrumb\",\"itemListElement\":[{\"@type\":\"ListItem\",\"position\":1,\"name\":\"Home\",\"item\":\"https:\/\/www.erresse-shop.it\/es\/\"},{\"@type\":\"ListItem\",\"position\":2,\"name\":\"Shop\",\"item\":\"https:\/\/www.erresse-shop.it\/es\/shop\/\"},{\"@type\":\"ListItem\",\"position\":3,\"name\":\"HOOVER Robot aspirador HG5 Pro\"}]},{\"@type\":\"WebSite\",\"@id\":\"https:\/\/www.erresse-shop.it\/es\/#website\",\"url\":\"https:\/\/www.erresse-shop.it\/es\/\",\"name\":\"Erresse Shop\",\"description\":\"Articoli di qualit\u00e0 per la casa\",\"potentialAction\":[{\"@type\":\"SearchAction\",\"target\":{\"@type\":\"EntryPoint\",\"urlTemplate\":\"https:\/\/www.erresse-shop.it\/es\/?s={search_term_string}\"},\"query-input\":\"required name=search_term_string\"}],\"inLanguage\":\"es\"}]}<\/script>\n<!-- \/ Yoast SEO Premium plugin. -->","yoast_head_json":{"title":"HOOVER Robot aspirador HG5 Pro - Erresse Shop","description":"HG5 Pro: El robot aspirador inteligente y aut\u00f3nomo Descansa de la limpieza diaria: HG5 Pro cuida tus suelos de forma totalmente autom\u00e1tica, precisa y","robots":{"index":"index","follow":"follow","max-snippet":"max-snippet:-1","max-image-preview":"max-image-preview:large","max-video-preview":"max-video-preview:-1"},"canonical":"https:\/\/www.erresse-shop.it\/es\/shop\/pequenos-electrodomesticos\/aspiradoras\/shark-aspirador-sin-cable-wandvac-2-0-copia\/","og_locale":"es_ES","og_type":"article","og_title":"HOOVER Robot aspirador HG5 Pro","og_description":"HG5 Pro: El robot aspirador inteligente y aut\u00f3nomo Descansa de la limpieza diaria: HG5 Pro cuida tus suelos de forma totalmente autom\u00e1tica, precisa y","og_url":"https:\/\/www.erresse-shop.it\/es\/shop\/pequenos-electrodomesticos\/aspiradoras\/shark-aspirador-sin-cable-wandvac-2-0-copia\/","og_site_name":"Erresse Shop","article_modified_time":"2025-10-27T08:13:38+00:00","og_image":[{"width":1200,"height":1200,"url":"https:\/\/www.erresse-shop.it\/wp-content\/uploads\/2025\/10\/HOOVER-Robot-Aspirapolvere-HG5-Pro.jpg","type":"image\/jpeg"}],"twitter_card":"summary_large_image","schema":{"@context":"https:\/\/schema.org","@graph":[{"@type":"WebPage","@id":"https:\/\/www.erresse-shop.it\/es\/shop\/pequenos-electrodomesticos\/aspiradoras\/shark-aspirador-sin-cable-wandvac-2-0-copia\/","url":"https:\/\/www.erresse-shop.it\/es\/shop\/pequenos-electrodomesticos\/aspiradoras\/shark-aspirador-sin-cable-wandvac-2-0-copia\/","name":"HOOVER Robot aspirador HG5 Pro - Erresse Shop","isPartOf":{"@id":"https:\/\/www.erresse-shop.it\/es\/#website"},"datePublished":"2025-10-27T07:43:24+00:00","dateModified":"2025-10-27T08:13:38+00:00","description":"HG5 Pro: El robot aspirador inteligente y aut\u00f3nomo Descansa de la limpieza diaria: HG5 Pro cuida tus suelos de forma totalmente autom\u00e1tica, precisa y","breadcrumb":{"@id":"https:\/\/www.erresse-shop.it\/es\/shop\/pequenos-electrodomesticos\/aspiradoras\/shark-aspirador-sin-cable-wandvac-2-0-copia\/#breadcrumb"},"inLanguage":"es","potentialAction":[{"@type":"ReadAction","target":["https:\/\/www.erresse-shop.it\/es\/shop\/pequenos-electrodomesticos\/aspiradoras\/shark-aspirador-sin-cable-wandvac-2-0-copia\/"]}]},{"@type":"BreadcrumbList","@id":"https:\/\/www.erresse-shop.it\/es\/shop\/pequenos-electrodomesticos\/aspiradoras\/shark-aspirador-sin-cable-wandvac-2-0-copia\/#breadcrumb","itemListElement":[{"@type":"ListItem","position":1,"name":"Home","item":"https:\/\/www.erresse-shop.it\/es\/"},{"@type":"ListItem","position":2,"name":"Shop","item":"https:\/\/www.erresse-shop.it\/es\/shop\/"},{"@type":"ListItem","position":3,"name":"HOOVER Robot aspirador HG5 Pro"}]},{"@type":"WebSite","@id":"https:\/\/www.erresse-shop.it\/es\/#website","url":"https:\/\/www.erresse-shop.it\/es\/","name":"Erresse Shop","description":"Articoli di qualit\u00e0 per la casa","potentialAction":[{"@type":"SearchAction","target":{"@type":"EntryPoint","urlTemplate":"https:\/\/www.erresse-shop.it\/es\/?s={search_term_string}"},"query-input":"required name=search_term_string"}],"inLanguage":"es"}]}},"df_price":239,"df_sale_price":239,"df_regular_price":454.9,"df_image_link":"https:\/\/www.erresse-shop.it\/wp-content\/uploads\/2025\/10\/HOOVER-Robot-Aspirapolvere-HG5-Pro-300x300.jpg","_links":{"self":[{"href":"https:\/\/www.erresse-shop.it\/es\/wp-json\/wp\/v2\/product\/514748"}],"collection":[{"href":"https:\/\/www.erresse-shop.it\/es\/wp-json\/wp\/v2\/product"}],"about":[{"href":"https:\/\/www.erresse-shop.it\/es\/wp-json\/wp\/v2\/types\/product"}],"wp:featuredmedia":[{"embeddable":true,"href":"https:\/\/www.erresse-shop.it\/es\/wp-json\/wp\/v2\/media\/514795"}],"wp:attachment":[{"href":"https:\/\/www.erresse-shop.it\/es\/wp-json\/wp\/v2\/media?parent=514748"}],"wp:term":[{"taxonomy":"product_cat","embeddable":true,"href":"https:\/\/www.erresse-shop.it\/es\/wp-json\/wp\/v2\/product_cat?post=514748"},{"taxonomy":"product_tag","embeddable":true,"href":"https:\/\/www.erresse-shop.it\/es\/wp-json\/wp\/v2\/product_tag?post=514748"}],"curies":[{"name":"wp","href":"https:\/\/api.w.org\/{rel}","templated":true}]}}