{"id":514582,"date":"2025-10-22T12:56:31","date_gmt":"2025-10-22T12:56:35","guid":{"rendered":"https:\/\/www.erresse-shop.it\/?post_type=product&#038;p=514582"},"modified":"2025-10-22T13:17:36","modified_gmt":"2025-10-22T13:17:36","slug":"cookut-mango-extraible-la-merveilleuse-marshmallow","status":"publish","type":"product","link":"https:\/\/www.erresse-shop.it\/es\/shop\/sartenes-y-ollas\/tapas\/cookut-mango-extraible-la-merveilleuse-marshmallow\/","title":{"rendered":"COOKUT Mango extra\u00edble &#8220;La Merveilleuse&#8221; Marshmallow"},"content":{"rendered":"<p>Mango largo extra\u00edble compatible con toda la gama Merveilleuse.<\/p>\n<div class=\"elementor-element elementor-element-a7d6bce elementor-widget elementor-widget-heading\" data-id=\"a7d6bce\" data-element_type=\"widget\" data-widget_type=\"heading.default\">\n<div class=\"elementor-widget-container\">\n<h2 class=\"elementor-heading-title ce-display-large\">Caracter\u00edsticas principales<\/h2>\n<ul>\n<li class=\"elementor-heading-title ce-display-large\">Metal pintado<\/li>\n<li class=\"elementor-heading-title ce-display-large\">Asas de madera<\/li>\n<li class=\"elementor-heading-title ce-display-large\">Asa de aluminio cepillado<\/li>\n<li class=\"elementor-heading-title ce-display-large\">Dimensiones: 19 x \u00d8 3 cm<\/li>\n<li class=\"elementor-heading-title ce-display-large\">No apto para horno; Recuerda retirar primero las asas.<\/li>\n<li class=\"elementor-heading-title ce-display-large\"><strong>Las asas solo son compatibles con las herramientas de la gama Merveilleuse.<\/strong><\/li>\n<\/ul>\n<\/div>\n<\/div>\n<section class=\"Elementor-element Elementor-element-42e09ab Elementor-section-full_width Elementor-section-height-default Elementor-section-height-default Elementor-section Elementor-top-section\" data-id=\"42e09ab\" data-element_type=\"section\">\n<div class=\"elementor-container Elementor-column-gap-wider\">\n<div class=\"elementor-row\">\n<div class=\"elementor-element Elementor-element-142e0e7 ce-widgets-space--gap Elementor-column Elementor-col-50 Elementor-top-column\" data-id=\"142e0e7\" data-element_type=\"column\">\n<div class=\"elementor-column-wrap Elementor-element-populated\">\n<div class=\"elementor-widget-wrap\">\n<div class=\"elementor-element Elementor-element-fd41405 long-description Elementor-widget Elementor-widget-product-description Elementor-widget-text-editor\" data-id=\"fd41405\" data-element_type=\"widget\" data-widget_type=\"product-description.default\">\n<div class=\"elementor-widget-container\">\n<div class=\"Elementor Elementor-1272030101\" data-=\"\">\n<div class=\"elementor-section-wrap\">\n<section id=\"\" class=\"elementor-element Elementor-element-48ca42a Elementor-section-full_width Altura de secci\u00f3n de Elementor predeterminada Altura de secci\u00f3n de Elementor predeterminada Secci\u00f3n de Elementor Secci\u00f3n superior de Elementor\">\n<div class=\"elementor-container Espacio de columna de Elementor predeterminado\">\n<div class=\"elementor-row\">\n<div id=\"\" class=\"elementor-element-f5e6b21 Espacio de widgets de CE - espacio de separaci\u00f3n Columna de Elementor Elementor-col-100 Columna superior de Elementor\">\n<div class=\"elementor-column-wrap Elementor-element-populated\">\n<div class=\"elementor-widget-wrap\">\n<div class=\"elementor-element-bd16dc0 Widget de Elementor Encabezado de widget de Elementor\" data-id=\"bd16dc0\" data-element_type=\"widget\" data-widget_type=\"heading.default\">\n<div class=\"elementor-widget-container\">\n<div class=\"elementor-element Elementor-element-0ccc105 Elementor-Widget Elementor-widget-heading\" data-id=\"0ccc105\" data-element_type=\"widget\" data-widget_type=\"heading.default\">\n<div class=\"elementor-widget-container\">\n<h2 class=\"elementor-heading-title ce-display-large\"><span dir=\"auto\">Sus ventajas<\/span><\/h2>\n<\/div>\n<\/div>\n<div class=\"elementor-element Elementor-element-19a2ae9 Elementor-widget elementor-widget-text-editor\" data-id=\"19a2ae9\" data-element_type=\"widget\" data-widget_type=\"text-editor.default\">\n<div class=\"elementor-widget-container\">\n<div class=\"elementor-text-editor elementor-clearfix\">\n<ul>\n<li><b><span dir=\"auto\">Ahorro de espacio: <\/span><\/b><span dir=\"auto\">Los mangos extra\u00edbles permiten guardar ollas y sartenes de forma compacta, ideal para optimizar el espacio en cajones y armarios.<\/span><\/li>\n<li><strong><span dir=\"auto\">Mayor seguridad: <\/span><\/strong><span dir=\"auto\">Su sistema de fijaci\u00f3n seguro garantiza un agarre firme y estable durante la cocci\u00f3n, evitando el riesgo de quemaduras.<\/span><\/li>\n<li><strong><span dir=\"auto\">F\u00e1cil mantenimiento: <\/span><\/strong><span dir=\"auto\">Los mangos se pueden quitar para facilitar la limpieza y un lavado a mano eficiente.<\/span><\/li>\n<li><strong><span dir=\"auto\">Practicidad: <\/span><\/strong><span dir=\"auto\">Un solo mango puede Permite guardar varios utensilios de la cocina, lo que aligera el equipo.<\/span><\/li>\n<\/ul>\n<\/div>\n<\/div>\n<\/div>\n<\/div>\n<\/div>\n<\/div>\n<\/div>\n<\/div>\n<\/div>\n<\/div>\n<\/section>\n<\/div>\n<\/div>\n<\/div>\n<\/div>\n<\/div>\n<\/div>\n<\/div>\n<\/div>\n<\/div>\n<\/section>\n","protected":false},"excerpt":{"rendered":"<p>Mango largo extra\u00edble compatible con toda la gama Merveilleuse. Caracter\u00edsticas principales Metal pintado Asas de madera Asa de aluminio cepillado<\/p>\n","protected":false},"featured_media":514594,"template":"","meta":{"_acf_changed":false,"inline_featured_image":false},"product_cat":[16058,16061],"product_tag":[17654,16160,16476,16703],"acf":[],"yoast_head":"<!-- This site is optimized with the Yoast SEO Premium plugin v18.6 (Yoast SEO v19.13) - https:\/\/yoast.com\/wordpress\/plugins\/seo\/ -->\n<title>COOKUT Mango extra\u00edble &quot;La Merveilleuse&quot; Marshmallow - Erresse Shop<\/title>\n<meta name=\"description\" content=\"Mango largo extra\u00edble compatible con toda la gama Merveilleuse. Caracter\u00edsticas principales Metal pintado Asas de madera Asa de aluminio cepillado\" \/>\n<meta name=\"robots\" content=\"index, follow, max-snippet:-1, max-image-preview:large, max-video-preview:-1\" \/>\n<link rel=\"canonical\" href=\"https:\/\/www.erresse-shop.it\/es\/shop\/sartenes-y-ollas\/tapas\/cookut-mango-extraible-la-merveilleuse-marshmallow\/\" \/>\n<meta property=\"og:locale\" content=\"es_ES\" \/>\n<meta property=\"og:type\" content=\"article\" \/>\n<meta property=\"og:title\" content=\"COOKUT Mango extra\u00edble &quot;La Merveilleuse&quot; Marshmallow\" \/>\n<meta property=\"og:description\" content=\"Mango largo extra\u00edble compatible con toda la gama Merveilleuse. Caracter\u00edsticas principales Metal pintado Asas de madera Asa de aluminio cepillado\" \/>\n<meta property=\"og:url\" content=\"https:\/\/www.erresse-shop.it\/es\/shop\/sartenes-y-ollas\/tapas\/cookut-mango-extraible-la-merveilleuse-marshmallow\/\" \/>\n<meta property=\"og:site_name\" content=\"Erresse Shop\" \/>\n<meta property=\"article:modified_time\" content=\"2025-10-22T13:17:36+00:00\" \/>\n<meta property=\"og:image\" content=\"https:\/\/www.erresse-shop.it\/wp-content\/uploads\/2025\/10\/COOKUT-Manico-Rimovibile-_La-Meravigliosa_-Marshmallow.jpg\" \/>\n\t<meta property=\"og:image:width\" content=\"1200\" \/>\n\t<meta property=\"og:image:height\" content=\"1200\" \/>\n\t<meta property=\"og:image:type\" content=\"image\/jpeg\" \/>\n<meta name=\"twitter:card\" content=\"summary_large_image\" \/>\n<script type=\"application\/ld+json\" class=\"yoast-schema-graph\">{\"@context\":\"https:\/\/schema.org\",\"@graph\":[{\"@type\":\"WebPage\",\"@id\":\"https:\/\/www.erresse-shop.it\/es\/shop\/sartenes-y-ollas\/tapas\/cookut-mango-extraible-la-merveilleuse-marshmallow\/\",\"url\":\"https:\/\/www.erresse-shop.it\/es\/shop\/sartenes-y-ollas\/tapas\/cookut-mango-extraible-la-merveilleuse-marshmallow\/\",\"name\":\"COOKUT Mango extra\u00edble \\\"La Merveilleuse\\\" Marshmallow - Erresse Shop\",\"isPartOf\":{\"@id\":\"https:\/\/www.erresse-shop.it\/es\/#website\"},\"datePublished\":\"2025-10-22T12:56:35+00:00\",\"dateModified\":\"2025-10-22T13:17:36+00:00\",\"description\":\"Mango largo extra\u00edble compatible con toda la gama Merveilleuse. Caracter\u00edsticas principales Metal pintado Asas de madera Asa de aluminio cepillado\",\"breadcrumb\":{\"@id\":\"https:\/\/www.erresse-shop.it\/es\/shop\/sartenes-y-ollas\/tapas\/cookut-mango-extraible-la-merveilleuse-marshmallow\/#breadcrumb\"},\"inLanguage\":\"es\",\"potentialAction\":[{\"@type\":\"ReadAction\",\"target\":[\"https:\/\/www.erresse-shop.it\/es\/shop\/sartenes-y-ollas\/tapas\/cookut-mango-extraible-la-merveilleuse-marshmallow\/\"]}]},{\"@type\":\"BreadcrumbList\",\"@id\":\"https:\/\/www.erresse-shop.it\/es\/shop\/sartenes-y-ollas\/tapas\/cookut-mango-extraible-la-merveilleuse-marshmallow\/#breadcrumb\",\"itemListElement\":[{\"@type\":\"ListItem\",\"position\":1,\"name\":\"Home\",\"item\":\"https:\/\/www.erresse-shop.it\/es\/\"},{\"@type\":\"ListItem\",\"position\":2,\"name\":\"Shop\",\"item\":\"https:\/\/www.erresse-shop.it\/es\/shop\/\"},{\"@type\":\"ListItem\",\"position\":3,\"name\":\"COOKUT Mango extra\u00edble &#8220;La Merveilleuse&#8221; Marshmallow\"}]},{\"@type\":\"WebSite\",\"@id\":\"https:\/\/www.erresse-shop.it\/es\/#website\",\"url\":\"https:\/\/www.erresse-shop.it\/es\/\",\"name\":\"Erresse Shop\",\"description\":\"Articoli di qualit\u00e0 per la casa\",\"potentialAction\":[{\"@type\":\"SearchAction\",\"target\":{\"@type\":\"EntryPoint\",\"urlTemplate\":\"https:\/\/www.erresse-shop.it\/es\/?s={search_term_string}\"},\"query-input\":\"required name=search_term_string\"}],\"inLanguage\":\"es\"}]}<\/script>\n<!-- \/ Yoast SEO Premium plugin. -->","yoast_head_json":{"title":"COOKUT Mango extra\u00edble \"La Merveilleuse\" Marshmallow - Erresse Shop","description":"Mango largo extra\u00edble compatible con toda la gama Merveilleuse. Caracter\u00edsticas principales Metal pintado Asas de madera Asa de aluminio cepillado","robots":{"index":"index","follow":"follow","max-snippet":"max-snippet:-1","max-image-preview":"max-image-preview:large","max-video-preview":"max-video-preview:-1"},"canonical":"https:\/\/www.erresse-shop.it\/es\/shop\/sartenes-y-ollas\/tapas\/cookut-mango-extraible-la-merveilleuse-marshmallow\/","og_locale":"es_ES","og_type":"article","og_title":"COOKUT Mango extra\u00edble \"La Merveilleuse\" Marshmallow","og_description":"Mango largo extra\u00edble compatible con toda la gama Merveilleuse. Caracter\u00edsticas principales Metal pintado Asas de madera Asa de aluminio cepillado","og_url":"https:\/\/www.erresse-shop.it\/es\/shop\/sartenes-y-ollas\/tapas\/cookut-mango-extraible-la-merveilleuse-marshmallow\/","og_site_name":"Erresse Shop","article_modified_time":"2025-10-22T13:17:36+00:00","og_image":[{"width":1200,"height":1200,"url":"https:\/\/www.erresse-shop.it\/wp-content\/uploads\/2025\/10\/COOKUT-Manico-Rimovibile-_La-Meravigliosa_-Marshmallow.jpg","type":"image\/jpeg"}],"twitter_card":"summary_large_image","schema":{"@context":"https:\/\/schema.org","@graph":[{"@type":"WebPage","@id":"https:\/\/www.erresse-shop.it\/es\/shop\/sartenes-y-ollas\/tapas\/cookut-mango-extraible-la-merveilleuse-marshmallow\/","url":"https:\/\/www.erresse-shop.it\/es\/shop\/sartenes-y-ollas\/tapas\/cookut-mango-extraible-la-merveilleuse-marshmallow\/","name":"COOKUT Mango extra\u00edble \"La Merveilleuse\" Marshmallow - Erresse Shop","isPartOf":{"@id":"https:\/\/www.erresse-shop.it\/es\/#website"},"datePublished":"2025-10-22T12:56:35+00:00","dateModified":"2025-10-22T13:17:36+00:00","description":"Mango largo extra\u00edble compatible con toda la gama Merveilleuse. Caracter\u00edsticas principales Metal pintado Asas de madera Asa de aluminio cepillado","breadcrumb":{"@id":"https:\/\/www.erresse-shop.it\/es\/shop\/sartenes-y-ollas\/tapas\/cookut-mango-extraible-la-merveilleuse-marshmallow\/#breadcrumb"},"inLanguage":"es","potentialAction":[{"@type":"ReadAction","target":["https:\/\/www.erresse-shop.it\/es\/shop\/sartenes-y-ollas\/tapas\/cookut-mango-extraible-la-merveilleuse-marshmallow\/"]}]},{"@type":"BreadcrumbList","@id":"https:\/\/www.erresse-shop.it\/es\/shop\/sartenes-y-ollas\/tapas\/cookut-mango-extraible-la-merveilleuse-marshmallow\/#breadcrumb","itemListElement":[{"@type":"ListItem","position":1,"name":"Home","item":"https:\/\/www.erresse-shop.it\/es\/"},{"@type":"ListItem","position":2,"name":"Shop","item":"https:\/\/www.erresse-shop.it\/es\/shop\/"},{"@type":"ListItem","position":3,"name":"COOKUT Mango extra\u00edble &#8220;La Merveilleuse&#8221; Marshmallow"}]},{"@type":"WebSite","@id":"https:\/\/www.erresse-shop.it\/es\/#website","url":"https:\/\/www.erresse-shop.it\/es\/","name":"Erresse Shop","description":"Articoli di qualit\u00e0 per la casa","potentialAction":[{"@type":"SearchAction","target":{"@type":"EntryPoint","urlTemplate":"https:\/\/www.erresse-shop.it\/es\/?s={search_term_string}"},"query-input":"required name=search_term_string"}],"inLanguage":"es"}]}},"df_price":34,"df_sale_price":34,"df_regular_price":34.9,"df_image_link":"https:\/\/www.erresse-shop.it\/wp-content\/uploads\/2025\/10\/COOKUT-Manico-Rimovibile-_La-Meravigliosa_-Marshmallow-300x300.jpg","_links":{"self":[{"href":"https:\/\/www.erresse-shop.it\/es\/wp-json\/wp\/v2\/product\/514582"}],"collection":[{"href":"https:\/\/www.erresse-shop.it\/es\/wp-json\/wp\/v2\/product"}],"about":[{"href":"https:\/\/www.erresse-shop.it\/es\/wp-json\/wp\/v2\/types\/product"}],"wp:featuredmedia":[{"embeddable":true,"href":"https:\/\/www.erresse-shop.it\/es\/wp-json\/wp\/v2\/media\/514594"}],"wp:attachment":[{"href":"https:\/\/www.erresse-shop.it\/es\/wp-json\/wp\/v2\/media?parent=514582"}],"wp:term":[{"taxonomy":"product_cat","embeddable":true,"href":"https:\/\/www.erresse-shop.it\/es\/wp-json\/wp\/v2\/product_cat?post=514582"},{"taxonomy":"product_tag","embeddable":true,"href":"https:\/\/www.erresse-shop.it\/es\/wp-json\/wp\/v2\/product_tag?post=514582"}],"curies":[{"name":"wp","href":"https:\/\/api.w.org\/{rel}","templated":true}]}}