{"id":514510,"date":"2025-10-22T10:32:56","date_gmt":"2025-10-22T10:33:00","guid":{"rendered":"https:\/\/www.erresse-shop.it\/?post_type=product&#038;p=514510"},"modified":"2025-10-22T10:43:33","modified_gmt":"2025-10-22T10:43:33","slug":"cookut-tapa-la-merveilleuse-20-cm-arandanos","status":"publish","type":"product","link":"https:\/\/www.erresse-shop.it\/es\/shop\/sartenes-y-ollas\/tapas\/cookut-tapa-la-merveilleuse-20-cm-arandanos\/","title":{"rendered":"COOKUT Tapa &#8220;La Merveilleuse&#8221; 20 cm Ar\u00e1ndanos"},"content":{"rendered":"<h4>Tapa de 20 cm adecuada para la cacerola \u201cLa Meravigliosa\u201d de 20 cm<\/h4>\n<div class=\"elementor-element Elementor-element-a7d6bce Elementor-widget Elementor-widget-heading\" data-id=\"a7d6bce\" data-element_type=\"widget\" data-widget_type=\"heading.default\">\n<div class=\"elementor-widget-container\">\n<h2 class=\"elementor-heading-title ce-display-large\"><span dir=\"auto\">Caracter\u00edsticas principales<\/span><\/h2>\n<\/div>\n<\/div>\n<div class=\"elementor-element Elementor-element-6a16ca0 Elementor-widget Elementor-widget-text-editor\" data-id=\"6a16ca0\" data-element_type=\"widget\" data-widget_type=\"text-editor.default\">\n<div class=\"elementor-widget-container\">\n<div class=\"elementor-text-editor elementor-clearfix\">\n<ul>\n<li><strong><span dir=\"auto\">Material:<\/span><\/strong><span dir=\"auto\">Acero inoxidable sin n\u00edquel*<\/span><\/li>\n<li><strong><span dir=\"auto\">Dimensiones:<\/span><\/strong><span dir=\"auto\"> \u00a0: 21 x 21 x 6 cm<\/span><\/li>\n<li><strong><span dir=\"auto\">Ahorro de calor y energ\u00eda:<\/span><\/strong><span dir=\"auto\">\u00a0\u00a0: Retiene el calor, reduciendo los tiempos de cocci\u00f3n y limitando el consumo de energ\u00eda.<\/span><\/li>\n<li><strong><span dir=\"auto\">Conservaci\u00f3n de sabores y humedad<\/span><\/strong><span dir=\"auto\">\u00a0\u00a0: Retiene la humedad de los alimentos e intensifica los sabores al conservar los aromas.<\/span><\/li>\n<li><strong><span dir=\"auto\">Seguridad<\/span><\/strong><span dir=\"auto\">: Reduce el riesgo de desbordamiento gracias al sistema de evacuaci\u00f3n de vapor.<\/span><\/li>\n<\/ul>\n<p><em><span dir=\"auto\">*Sin n\u00edquel a\u00f1adido. Las trazas de n\u00edquel medidas en la capa de contacto con alimentos son inferiores al 0,16 %.<\/span><\/em><\/p>\n<\/div>\n<\/div>\n<\/div>\n<section class=\"Elementor-element Elementor-element-42e09ab Elementor-section-full_width Elementor-section-height-default Elementor-section-height-default Elementor-section Elementor-top-section\" data-id=\"42e09ab\" data-element_type=\"section\">\n<div class=\"elementor-container Elementor-column-gap-wider\">\n<div class=\"elementor-row\">\n<div class=\"Elementor-Element Elementor-Element-142e0e7 ce-widgets-space--gap Elementor-Column Elementor-col-50 Elementor-Top-Column\" data-id=\"142e0e7\" data-element_type=\"column\">\n<div data-id=\"fd41405\" data-element_type=\"widget\" data-widget_type=\"product-description.default\">\n<div data-=\"\">\n<div>\n<div>\n<div id=\"\">\n<div>\n<div>\n<div id=\"\">\n<div class=\"elementor-widget-container\">\n<h2 class=\"elementor-heading-title ce-display-large\"><span dir=\"auto\">Uso<\/span><\/h2>\n<\/div>\n<\/div>\n<div class=\"elementor-element Elementor-element-5d36a82 Elementor-Widget Elementor-widget-text-editor\" data-id=\"5d36a82\" data-element_type=\"widget\" data-widget_type=\"text-editor.default\">\n<div class=\"elementor-widget-container\">\n<div class=\"elementor-text-editor elementor-clearfix\">\n<ul>\n<li><strong><span dir=\"auto\">Apto para horno<\/span><\/strong><span dir=\"auto\">: La tapa se puede usar en el horno hasta una temperatura m\u00e1xima de 220 \u00b0C. Aseg\u00farese de que la superficie exterior est\u00e9 completamente limpia antes de colocarla en el horno para evitar que se manchen.<\/span><\/li>\n<li><strong><span dir=\"auto\">Manipulaci\u00f3n<\/span><\/strong><span dir=\"auto\">: Use agarraderas o guantes de cocina al manipular la tapa despu\u00e9s de un uso prolongado o despu\u00e9s de sacarla del horno.<\/span><\/li>\n<li><strong><span dir=\"auto\">Precauciones generales<\/span><\/strong><span dir=\"auto\">: Nunca deje la tapa sobre una fuente de calor directa sin la olla y evite golpes que puedan da\u00f1arla.<\/span><\/li>\n<\/ul>\n<\/div>\n<\/div>\n<\/div>\n<\/div>\n<\/div>\n<\/div>\n<\/div>\n<\/div>\n<\/div>\n<\/div>\n<\/div>\n<\/div>\n<\/div>\n<\/section>\n<section class=\"&quot;Elementor-element\"><\/section>\n","protected":false},"excerpt":{"rendered":"<p>Tapa de 20 cm adecuada para la cacerola \u201cLa Meravigliosa\u201d de 20 cm Caracter\u00edsticas principales Material:Acero inoxidable sin n\u00edquel* Dimensiones:<\/p>\n","protected":false},"featured_media":514528,"template":"","meta":{"_acf_changed":false,"inline_featured_image":false},"product_cat":[16058,16061],"product_tag":[17654,16160,16476,16703],"acf":[],"yoast_head":"<!-- This site is optimized with the Yoast SEO Premium plugin v18.6 (Yoast SEO v19.13) - https:\/\/yoast.com\/wordpress\/plugins\/seo\/ -->\n<title>COOKUT Tapa &quot;La Merveilleuse&quot; 20 cm Ar\u00e1ndanos - Erresse Shop<\/title>\n<meta name=\"description\" content=\"Tapa de 20 cm adecuada para la cacerola \u201cLa Meravigliosa\u201d de 20 cm Caracter\u00edsticas principales Material:Acero inoxidable sin n\u00edquel* Dimensiones: \u00a0: 21 x\" \/>\n<meta name=\"robots\" content=\"index, follow, max-snippet:-1, max-image-preview:large, max-video-preview:-1\" \/>\n<link rel=\"canonical\" href=\"https:\/\/www.erresse-shop.it\/es\/shop\/sartenes-y-ollas\/tapas\/cookut-tapa-la-merveilleuse-20-cm-arandanos\/\" \/>\n<meta property=\"og:locale\" content=\"es_ES\" \/>\n<meta property=\"og:type\" content=\"article\" \/>\n<meta property=\"og:title\" content=\"COOKUT Tapa &quot;La Merveilleuse&quot; 20 cm Ar\u00e1ndanos\" \/>\n<meta property=\"og:description\" content=\"Tapa de 20 cm adecuada para la cacerola \u201cLa Meravigliosa\u201d de 20 cm Caracter\u00edsticas principales Material:Acero inoxidable sin n\u00edquel* Dimensiones: \u00a0: 21 x\" \/>\n<meta property=\"og:url\" content=\"https:\/\/www.erresse-shop.it\/es\/shop\/sartenes-y-ollas\/tapas\/cookut-tapa-la-merveilleuse-20-cm-arandanos\/\" \/>\n<meta property=\"og:site_name\" content=\"Erresse Shop\" \/>\n<meta property=\"article:modified_time\" content=\"2025-10-22T10:43:33+00:00\" \/>\n<meta property=\"og:image\" content=\"https:\/\/www.erresse-shop.it\/wp-content\/uploads\/2025\/10\/COOKUT-Coperchio-_La-Meravigliosa_-20-cm-Mirtillo.jpg\" \/>\n\t<meta property=\"og:image:width\" content=\"1200\" \/>\n\t<meta property=\"og:image:height\" content=\"1200\" \/>\n\t<meta property=\"og:image:type\" content=\"image\/jpeg\" \/>\n<meta name=\"twitter:card\" content=\"summary_large_image\" \/>\n<script type=\"application\/ld+json\" class=\"yoast-schema-graph\">{\"@context\":\"https:\/\/schema.org\",\"@graph\":[{\"@type\":\"WebPage\",\"@id\":\"https:\/\/www.erresse-shop.it\/es\/shop\/sartenes-y-ollas\/tapas\/cookut-tapa-la-merveilleuse-20-cm-arandanos\/\",\"url\":\"https:\/\/www.erresse-shop.it\/es\/shop\/sartenes-y-ollas\/tapas\/cookut-tapa-la-merveilleuse-20-cm-arandanos\/\",\"name\":\"COOKUT Tapa \\\"La Merveilleuse\\\" 20 cm Ar\u00e1ndanos - Erresse Shop\",\"isPartOf\":{\"@id\":\"https:\/\/www.erresse-shop.it\/es\/#website\"},\"datePublished\":\"2025-10-22T10:33:00+00:00\",\"dateModified\":\"2025-10-22T10:43:33+00:00\",\"description\":\"Tapa de 20 cm adecuada para la cacerola \u201cLa Meravigliosa\u201d de 20 cm Caracter\u00edsticas principales Material:Acero inoxidable sin n\u00edquel* Dimensiones: \u00a0: 21 x\",\"breadcrumb\":{\"@id\":\"https:\/\/www.erresse-shop.it\/es\/shop\/sartenes-y-ollas\/tapas\/cookut-tapa-la-merveilleuse-20-cm-arandanos\/#breadcrumb\"},\"inLanguage\":\"es\",\"potentialAction\":[{\"@type\":\"ReadAction\",\"target\":[\"https:\/\/www.erresse-shop.it\/es\/shop\/sartenes-y-ollas\/tapas\/cookut-tapa-la-merveilleuse-20-cm-arandanos\/\"]}]},{\"@type\":\"BreadcrumbList\",\"@id\":\"https:\/\/www.erresse-shop.it\/es\/shop\/sartenes-y-ollas\/tapas\/cookut-tapa-la-merveilleuse-20-cm-arandanos\/#breadcrumb\",\"itemListElement\":[{\"@type\":\"ListItem\",\"position\":1,\"name\":\"Home\",\"item\":\"https:\/\/www.erresse-shop.it\/es\/\"},{\"@type\":\"ListItem\",\"position\":2,\"name\":\"Shop\",\"item\":\"https:\/\/www.erresse-shop.it\/es\/shop\/\"},{\"@type\":\"ListItem\",\"position\":3,\"name\":\"COOKUT Tapa &#8220;La Merveilleuse&#8221; 20 cm Ar\u00e1ndanos\"}]},{\"@type\":\"WebSite\",\"@id\":\"https:\/\/www.erresse-shop.it\/es\/#website\",\"url\":\"https:\/\/www.erresse-shop.it\/es\/\",\"name\":\"Erresse Shop\",\"description\":\"Articoli di qualit\u00e0 per la casa\",\"potentialAction\":[{\"@type\":\"SearchAction\",\"target\":{\"@type\":\"EntryPoint\",\"urlTemplate\":\"https:\/\/www.erresse-shop.it\/es\/?s={search_term_string}\"},\"query-input\":\"required name=search_term_string\"}],\"inLanguage\":\"es\"}]}<\/script>\n<!-- \/ Yoast SEO Premium plugin. -->","yoast_head_json":{"title":"COOKUT Tapa \"La Merveilleuse\" 20 cm Ar\u00e1ndanos - Erresse Shop","description":"Tapa de 20 cm adecuada para la cacerola \u201cLa Meravigliosa\u201d de 20 cm Caracter\u00edsticas principales Material:Acero inoxidable sin n\u00edquel* Dimensiones: \u00a0: 21 x","robots":{"index":"index","follow":"follow","max-snippet":"max-snippet:-1","max-image-preview":"max-image-preview:large","max-video-preview":"max-video-preview:-1"},"canonical":"https:\/\/www.erresse-shop.it\/es\/shop\/sartenes-y-ollas\/tapas\/cookut-tapa-la-merveilleuse-20-cm-arandanos\/","og_locale":"es_ES","og_type":"article","og_title":"COOKUT Tapa \"La Merveilleuse\" 20 cm Ar\u00e1ndanos","og_description":"Tapa de 20 cm adecuada para la cacerola \u201cLa Meravigliosa\u201d de 20 cm Caracter\u00edsticas principales Material:Acero inoxidable sin n\u00edquel* Dimensiones: \u00a0: 21 x","og_url":"https:\/\/www.erresse-shop.it\/es\/shop\/sartenes-y-ollas\/tapas\/cookut-tapa-la-merveilleuse-20-cm-arandanos\/","og_site_name":"Erresse Shop","article_modified_time":"2025-10-22T10:43:33+00:00","og_image":[{"width":1200,"height":1200,"url":"https:\/\/www.erresse-shop.it\/wp-content\/uploads\/2025\/10\/COOKUT-Coperchio-_La-Meravigliosa_-20-cm-Mirtillo.jpg","type":"image\/jpeg"}],"twitter_card":"summary_large_image","schema":{"@context":"https:\/\/schema.org","@graph":[{"@type":"WebPage","@id":"https:\/\/www.erresse-shop.it\/es\/shop\/sartenes-y-ollas\/tapas\/cookut-tapa-la-merveilleuse-20-cm-arandanos\/","url":"https:\/\/www.erresse-shop.it\/es\/shop\/sartenes-y-ollas\/tapas\/cookut-tapa-la-merveilleuse-20-cm-arandanos\/","name":"COOKUT Tapa \"La Merveilleuse\" 20 cm Ar\u00e1ndanos - Erresse Shop","isPartOf":{"@id":"https:\/\/www.erresse-shop.it\/es\/#website"},"datePublished":"2025-10-22T10:33:00+00:00","dateModified":"2025-10-22T10:43:33+00:00","description":"Tapa de 20 cm adecuada para la cacerola \u201cLa Meravigliosa\u201d de 20 cm Caracter\u00edsticas principales Material:Acero inoxidable sin n\u00edquel* Dimensiones: \u00a0: 21 x","breadcrumb":{"@id":"https:\/\/www.erresse-shop.it\/es\/shop\/sartenes-y-ollas\/tapas\/cookut-tapa-la-merveilleuse-20-cm-arandanos\/#breadcrumb"},"inLanguage":"es","potentialAction":[{"@type":"ReadAction","target":["https:\/\/www.erresse-shop.it\/es\/shop\/sartenes-y-ollas\/tapas\/cookut-tapa-la-merveilleuse-20-cm-arandanos\/"]}]},{"@type":"BreadcrumbList","@id":"https:\/\/www.erresse-shop.it\/es\/shop\/sartenes-y-ollas\/tapas\/cookut-tapa-la-merveilleuse-20-cm-arandanos\/#breadcrumb","itemListElement":[{"@type":"ListItem","position":1,"name":"Home","item":"https:\/\/www.erresse-shop.it\/es\/"},{"@type":"ListItem","position":2,"name":"Shop","item":"https:\/\/www.erresse-shop.it\/es\/shop\/"},{"@type":"ListItem","position":3,"name":"COOKUT Tapa &#8220;La Merveilleuse&#8221; 20 cm Ar\u00e1ndanos"}]},{"@type":"WebSite","@id":"https:\/\/www.erresse-shop.it\/es\/#website","url":"https:\/\/www.erresse-shop.it\/es\/","name":"Erresse Shop","description":"Articoli di qualit\u00e0 per la casa","potentialAction":[{"@type":"SearchAction","target":{"@type":"EntryPoint","urlTemplate":"https:\/\/www.erresse-shop.it\/es\/?s={search_term_string}"},"query-input":"required name=search_term_string"}],"inLanguage":"es"}]}},"df_price":29,"df_sale_price":29,"df_regular_price":29.9,"df_image_link":"https:\/\/www.erresse-shop.it\/wp-content\/uploads\/2025\/10\/COOKUT-Coperchio-_La-Meravigliosa_-20-cm-Mirtillo-300x300.jpg","_links":{"self":[{"href":"https:\/\/www.erresse-shop.it\/es\/wp-json\/wp\/v2\/product\/514510"}],"collection":[{"href":"https:\/\/www.erresse-shop.it\/es\/wp-json\/wp\/v2\/product"}],"about":[{"href":"https:\/\/www.erresse-shop.it\/es\/wp-json\/wp\/v2\/types\/product"}],"wp:featuredmedia":[{"embeddable":true,"href":"https:\/\/www.erresse-shop.it\/es\/wp-json\/wp\/v2\/media\/514528"}],"wp:attachment":[{"href":"https:\/\/www.erresse-shop.it\/es\/wp-json\/wp\/v2\/media?parent=514510"}],"wp:term":[{"taxonomy":"product_cat","embeddable":true,"href":"https:\/\/www.erresse-shop.it\/es\/wp-json\/wp\/v2\/product_cat?post=514510"},{"taxonomy":"product_tag","embeddable":true,"href":"https:\/\/www.erresse-shop.it\/es\/wp-json\/wp\/v2\/product_tag?post=514510"}],"curies":[{"name":"wp","href":"https:\/\/api.w.org\/{rel}","templated":true}]}}