{"id":514225,"date":"2025-10-21T10:13:54","date_gmt":"2025-10-21T10:13:57","guid":{"rendered":"https:\/\/www.erresse-shop.it\/?post_type=product&#038;p=514225"},"modified":"2025-10-21T10:27:09","modified_gmt":"2025-10-21T10:27:09","slug":"le-creuset-parrilla-rectangular-de-hierro-fundido-32x22-cm-nuit","status":"publish","type":"product","link":"https:\/\/www.erresse-shop.it\/es\/shop\/sartenes-y-ollas\/parrillas\/le-creuset-parrilla-rectangular-de-hierro-fundido-32x22-cm-nuit\/","title":{"rendered":"LE CREUSET Parrilla rectangular de hierro fundido 32\u00d722 cm Nuit"},"content":{"rendered":"<p>Disfruta de todos los aromas y olores de una parrilla al aire libre en tu cocina. Con esta parrilla de hierro fundido esmaltado, asa f\u00e1cilmente pollo, filetes, pescado, verduras y mucho m\u00e1s, conservando sabores y aromas, y obteniendo el efecto de una parrilla perfecta. Gracias a su forma, ocupa poco espacio.<\/p>\n<ul>\n<li>Versatilidad: este producto es apto para horno, estufa y horno en modo grill.<\/li>\n<li>Comida deliciosa: el hierro fundido esmaltado retiene el calor para una cocci\u00f3n y dorado uniformes. Tus deliciosas creaciones tambi\u00e9n se mantendr\u00e1n calientes por m\u00e1s tiempo en la mesa.<\/li>\n<li>Ranuras de parrilla: Crea aut\u00e9nticas rayas de barbacoa para una comida con un aspecto incre\u00edble.<\/li>\n<li>No demasiado caliente: Cocina a fuego lento o medio constante para cuidar tu producto de hierro fundido esmaltado y lograr resultados deliciosos.<\/li>\n<li>Mejora con el tiempo: El interior esmaltado desarrolla una p\u00e1tina natural que act\u00faa casi como una superficie antiadherente. Su acabado tiene propiedades que evitan que los alimentos se peguen incluso con peque\u00f1as cantidades de aceite. Lave el producto \u00fanicamente con agua para que se desarrolle la p\u00e1tina.<\/li>\n<\/ul>\n<p>Excelente en su clase: Nuestros productos se fabrican con los mejores materiales en f\u00e1bricas de todo el mundo para garantizar la calidad que espera de Le Creuset.<\/p>\n<p>Material: Hierro fundido vitrificado<br \/>\nHecho en: Francia<br \/>\nGarant\u00eda: De por vida<\/p>\n<p><strong>Fuente de calor:<\/strong><\/p>\n<ul>\n<li>Horno<\/li>\n<li>Horno grill<\/li>\n<li>Placa el\u00e9ctrica<\/li>\n<li>Vitrocer\u00e1mica<\/li>\n<li>Placa de gas<\/li>\n<li>Placa de inducci\u00f3n<\/li>\n<\/ul>\n<p><strong>Limpieza y cuidado:<\/strong><\/p>\n<ul>\n<li>Espere a que el producto se enfr\u00ede por completo antes de comenzar a limpiarlo.<\/li>\n<li>Elimine cualquier residuo de la base y los laterales del producto. Para residuos de comida dif\u00edciles, llene el producto con agua tibia y jab\u00f3n y d\u00e9jelo en remojo de 15 a 20 minutos antes de lavarlo como de costumbre.<\/li>\n<li>No utilice detergentes abrasivos ni metal, esponjas abrasivas ni cepillos muy duros o r\u00edgidos para limpiar ninguna de las superficies.<\/li>\n<li>Despu\u00e9s del lavado, seque bien el producto y gu\u00e1rdelo en un lugar seco.<\/li>\n<\/ul>\n","protected":false},"excerpt":{"rendered":"<p>Disfruta de todos los aromas y olores de una parrilla al aire libre en tu cocina. Con esta parrilla de<\/p>\n","protected":false},"featured_media":514251,"template":"","meta":{"_acf_changed":false,"inline_featured_image":false},"product_cat":[16060,16058],"product_tag":[25090,21537,16139,16248,16158,16654,16138,16168,25023],"acf":[],"yoast_head":"<!-- This site is optimized with the Yoast SEO Premium plugin v18.6 (Yoast SEO v19.13) - https:\/\/yoast.com\/wordpress\/plugins\/seo\/ -->\n<title>LE CREUSET Parrilla rectangular de hierro fundido 32\u00d722 cm Nuit - Erresse Shop<\/title>\n<meta name=\"description\" content=\"Disfruta de todos los aromas y olores de una parrilla al aire libre en tu cocina. Con esta parrilla de hierro fundido esmaltado, asa f\u00e1cilmente pollo,\" \/>\n<meta name=\"robots\" content=\"index, follow, max-snippet:-1, max-image-preview:large, max-video-preview:-1\" \/>\n<link rel=\"canonical\" href=\"https:\/\/www.erresse-shop.it\/es\/shop\/sartenes-y-ollas\/parrillas\/le-creuset-parrilla-rectangular-de-hierro-fundido-32x22-cm-nuit\/\" \/>\n<meta property=\"og:locale\" content=\"es_ES\" \/>\n<meta property=\"og:type\" content=\"article\" \/>\n<meta property=\"og:title\" content=\"LE CREUSET Parrilla rectangular de hierro fundido 32\u00d722 cm Nuit\" \/>\n<meta property=\"og:description\" content=\"Disfruta de todos los aromas y olores de una parrilla al aire libre en tu cocina. Con esta parrilla de hierro fundido esmaltado, asa f\u00e1cilmente pollo,\" \/>\n<meta property=\"og:url\" content=\"https:\/\/www.erresse-shop.it\/es\/shop\/sartenes-y-ollas\/parrillas\/le-creuset-parrilla-rectangular-de-hierro-fundido-32x22-cm-nuit\/\" \/>\n<meta property=\"og:site_name\" content=\"Erresse Shop\" \/>\n<meta property=\"article:modified_time\" content=\"2025-10-21T10:27:09+00:00\" \/>\n<meta property=\"og:image\" content=\"https:\/\/www.erresse-shop.it\/wp-content\/uploads\/2025\/10\/LE-CREUSET-Griglia-Rettangolare-in-Ghisa-32-22-cm-Nuit.jpg\" \/>\n\t<meta property=\"og:image:width\" content=\"1200\" \/>\n\t<meta property=\"og:image:height\" content=\"1200\" \/>\n\t<meta property=\"og:image:type\" content=\"image\/jpeg\" \/>\n<meta name=\"twitter:card\" content=\"summary_large_image\" \/>\n<script type=\"application\/ld+json\" class=\"yoast-schema-graph\">{\"@context\":\"https:\/\/schema.org\",\"@graph\":[{\"@type\":\"WebPage\",\"@id\":\"https:\/\/www.erresse-shop.it\/es\/shop\/sartenes-y-ollas\/parrillas\/le-creuset-parrilla-rectangular-de-hierro-fundido-32x22-cm-nuit\/\",\"url\":\"https:\/\/www.erresse-shop.it\/es\/shop\/sartenes-y-ollas\/parrillas\/le-creuset-parrilla-rectangular-de-hierro-fundido-32x22-cm-nuit\/\",\"name\":\"LE CREUSET Parrilla rectangular de hierro fundido 32\u00d722 cm Nuit - Erresse Shop\",\"isPartOf\":{\"@id\":\"https:\/\/www.erresse-shop.it\/es\/#website\"},\"datePublished\":\"2025-10-21T10:13:57+00:00\",\"dateModified\":\"2025-10-21T10:27:09+00:00\",\"description\":\"Disfruta de todos los aromas y olores de una parrilla al aire libre en tu cocina. Con esta parrilla de hierro fundido esmaltado, asa f\u00e1cilmente pollo,\",\"breadcrumb\":{\"@id\":\"https:\/\/www.erresse-shop.it\/es\/shop\/sartenes-y-ollas\/parrillas\/le-creuset-parrilla-rectangular-de-hierro-fundido-32x22-cm-nuit\/#breadcrumb\"},\"inLanguage\":\"es\",\"potentialAction\":[{\"@type\":\"ReadAction\",\"target\":[\"https:\/\/www.erresse-shop.it\/es\/shop\/sartenes-y-ollas\/parrillas\/le-creuset-parrilla-rectangular-de-hierro-fundido-32x22-cm-nuit\/\"]}]},{\"@type\":\"BreadcrumbList\",\"@id\":\"https:\/\/www.erresse-shop.it\/es\/shop\/sartenes-y-ollas\/parrillas\/le-creuset-parrilla-rectangular-de-hierro-fundido-32x22-cm-nuit\/#breadcrumb\",\"itemListElement\":[{\"@type\":\"ListItem\",\"position\":1,\"name\":\"Home\",\"item\":\"https:\/\/www.erresse-shop.it\/es\/\"},{\"@type\":\"ListItem\",\"position\":2,\"name\":\"Shop\",\"item\":\"https:\/\/www.erresse-shop.it\/es\/shop\/\"},{\"@type\":\"ListItem\",\"position\":3,\"name\":\"LE CREUSET Parrilla rectangular de hierro fundido 32\u00d722 cm Nuit\"}]},{\"@type\":\"WebSite\",\"@id\":\"https:\/\/www.erresse-shop.it\/es\/#website\",\"url\":\"https:\/\/www.erresse-shop.it\/es\/\",\"name\":\"Erresse Shop\",\"description\":\"Articoli di qualit\u00e0 per la casa\",\"potentialAction\":[{\"@type\":\"SearchAction\",\"target\":{\"@type\":\"EntryPoint\",\"urlTemplate\":\"https:\/\/www.erresse-shop.it\/es\/?s={search_term_string}\"},\"query-input\":\"required name=search_term_string\"}],\"inLanguage\":\"es\"}]}<\/script>\n<!-- \/ Yoast SEO Premium plugin. -->","yoast_head_json":{"title":"LE CREUSET Parrilla rectangular de hierro fundido 32\u00d722 cm Nuit - Erresse Shop","description":"Disfruta de todos los aromas y olores de una parrilla al aire libre en tu cocina. Con esta parrilla de hierro fundido esmaltado, asa f\u00e1cilmente pollo,","robots":{"index":"index","follow":"follow","max-snippet":"max-snippet:-1","max-image-preview":"max-image-preview:large","max-video-preview":"max-video-preview:-1"},"canonical":"https:\/\/www.erresse-shop.it\/es\/shop\/sartenes-y-ollas\/parrillas\/le-creuset-parrilla-rectangular-de-hierro-fundido-32x22-cm-nuit\/","og_locale":"es_ES","og_type":"article","og_title":"LE CREUSET Parrilla rectangular de hierro fundido 32\u00d722 cm Nuit","og_description":"Disfruta de todos los aromas y olores de una parrilla al aire libre en tu cocina. Con esta parrilla de hierro fundido esmaltado, asa f\u00e1cilmente pollo,","og_url":"https:\/\/www.erresse-shop.it\/es\/shop\/sartenes-y-ollas\/parrillas\/le-creuset-parrilla-rectangular-de-hierro-fundido-32x22-cm-nuit\/","og_site_name":"Erresse Shop","article_modified_time":"2025-10-21T10:27:09+00:00","og_image":[{"width":1200,"height":1200,"url":"https:\/\/www.erresse-shop.it\/wp-content\/uploads\/2025\/10\/LE-CREUSET-Griglia-Rettangolare-in-Ghisa-32-22-cm-Nuit.jpg","type":"image\/jpeg"}],"twitter_card":"summary_large_image","schema":{"@context":"https:\/\/schema.org","@graph":[{"@type":"WebPage","@id":"https:\/\/www.erresse-shop.it\/es\/shop\/sartenes-y-ollas\/parrillas\/le-creuset-parrilla-rectangular-de-hierro-fundido-32x22-cm-nuit\/","url":"https:\/\/www.erresse-shop.it\/es\/shop\/sartenes-y-ollas\/parrillas\/le-creuset-parrilla-rectangular-de-hierro-fundido-32x22-cm-nuit\/","name":"LE CREUSET Parrilla rectangular de hierro fundido 32\u00d722 cm Nuit - Erresse Shop","isPartOf":{"@id":"https:\/\/www.erresse-shop.it\/es\/#website"},"datePublished":"2025-10-21T10:13:57+00:00","dateModified":"2025-10-21T10:27:09+00:00","description":"Disfruta de todos los aromas y olores de una parrilla al aire libre en tu cocina. Con esta parrilla de hierro fundido esmaltado, asa f\u00e1cilmente pollo,","breadcrumb":{"@id":"https:\/\/www.erresse-shop.it\/es\/shop\/sartenes-y-ollas\/parrillas\/le-creuset-parrilla-rectangular-de-hierro-fundido-32x22-cm-nuit\/#breadcrumb"},"inLanguage":"es","potentialAction":[{"@type":"ReadAction","target":["https:\/\/www.erresse-shop.it\/es\/shop\/sartenes-y-ollas\/parrillas\/le-creuset-parrilla-rectangular-de-hierro-fundido-32x22-cm-nuit\/"]}]},{"@type":"BreadcrumbList","@id":"https:\/\/www.erresse-shop.it\/es\/shop\/sartenes-y-ollas\/parrillas\/le-creuset-parrilla-rectangular-de-hierro-fundido-32x22-cm-nuit\/#breadcrumb","itemListElement":[{"@type":"ListItem","position":1,"name":"Home","item":"https:\/\/www.erresse-shop.it\/es\/"},{"@type":"ListItem","position":2,"name":"Shop","item":"https:\/\/www.erresse-shop.it\/es\/shop\/"},{"@type":"ListItem","position":3,"name":"LE CREUSET Parrilla rectangular de hierro fundido 32\u00d722 cm Nuit"}]},{"@type":"WebSite","@id":"https:\/\/www.erresse-shop.it\/es\/#website","url":"https:\/\/www.erresse-shop.it\/es\/","name":"Erresse Shop","description":"Articoli di qualit\u00e0 per la casa","potentialAction":[{"@type":"SearchAction","target":{"@type":"EntryPoint","urlTemplate":"https:\/\/www.erresse-shop.it\/es\/?s={search_term_string}"},"query-input":"required name=search_term_string"}],"inLanguage":"es"}]}},"df_price":60.75,"df_sale_price":60.75,"df_regular_price":135,"df_image_link":"https:\/\/www.erresse-shop.it\/wp-content\/uploads\/2025\/10\/LE-CREUSET-Griglia-Rettangolare-in-Ghisa-32-22-cm-Nuit-300x300.jpg","_links":{"self":[{"href":"https:\/\/www.erresse-shop.it\/es\/wp-json\/wp\/v2\/product\/514225"}],"collection":[{"href":"https:\/\/www.erresse-shop.it\/es\/wp-json\/wp\/v2\/product"}],"about":[{"href":"https:\/\/www.erresse-shop.it\/es\/wp-json\/wp\/v2\/types\/product"}],"wp:featuredmedia":[{"embeddable":true,"href":"https:\/\/www.erresse-shop.it\/es\/wp-json\/wp\/v2\/media\/514251"}],"wp:attachment":[{"href":"https:\/\/www.erresse-shop.it\/es\/wp-json\/wp\/v2\/media?parent=514225"}],"wp:term":[{"taxonomy":"product_cat","embeddable":true,"href":"https:\/\/www.erresse-shop.it\/es\/wp-json\/wp\/v2\/product_cat?post=514225"},{"taxonomy":"product_tag","embeddable":true,"href":"https:\/\/www.erresse-shop.it\/es\/wp-json\/wp\/v2\/product_tag?post=514225"}],"curies":[{"name":"wp","href":"https:\/\/api.w.org\/{rel}","templated":true}]}}