{"id":512980,"date":"2025-10-02T09:29:29","date_gmt":"2025-10-02T09:29:34","guid":{"rendered":"https:\/\/www.erresse-shop.it\/?post_type=product&#038;p=512980"},"modified":"2025-10-02T09:35:49","modified_gmt":"2025-10-02T09:35:49","slug":"le-creuset-molde-de-pan-de-hierro-fundido-negro","status":"publish","type":"product","link":"https:\/\/www.erresse-shop.it\/es\/shop\/sartenes-y-ollas\/ollas-y-bandejas-de-horno\/le-creuset-molde-de-pan-de-hierro-fundido-negro\/","title":{"rendered":"LE CREUSET Molde de pan de hierro fundido Negro"},"content":{"rendered":"<p>Experimenta con diferentes recetas con tu molde para pan Evolution. Fabricado en hierro fundido con interior de esmalte negro, cuenta con lados y esquinas rectas para un horneado f\u00e1cil y uniforme, y asas curvas para un agarre seguro. \u00dasalo para preparar pan, pasteles, hogazas y mucho m\u00e1s.<\/p>\n<div><\/div>\n<div class=\"long-desc pt-1-2\">\n<p>Detalles:<\/p>\n<div class=\"col-12 d-flex flex-column p-0 pt-1-2 border-image-top-2 border-image-bottom-2\">\n<div class=\"p-0 description-message t-style-2 t-swiss\">\n<ul>\n<li class=\"m-0\">Versatilidad: Este producto es apto para horno, estufa y asador.<\/li>\n<li class=\"m-0\">Comida deliciosa: El hierro fundido esmaltado retiene el calor para una cocci\u00f3n y un dorado uniformes. Tus deliciosas creaciones se mantendr\u00e1n calientes por m\u00e1s tiempo, incluso en la mesa.<\/li>\n<li class=\"m-0\">Mejora con el tiempo: el interior esmaltado desarrolla una p\u00e1tina natural que act\u00faa casi como una superficie antiadherente. Su acabado evita que los alimentos se peguen, incluso con una peque\u00f1a cantidad de aceite. Se recomienda lavar el producto solo con agua.<\/li>\n<li class=\"m-0\">Excelente en su clase: Nuestros productos se fabrican con los mejores materiales en f\u00e1bricas de todo el mundo para garantizar la calidad que espera de Le Creuset.<\/li>\n<\/ul>\n<\/div>\n<\/div>\n<p>Material: Hierro fundido vitrificado<br \/>\nHecho en: Francia<br \/>\nGarant\u00eda: De por vida<\/p>\n<p><strong>Fuente de calor:<\/strong><\/p>\n<ul>\n<li>Horno<\/li>\n<li>Modo grill<\/li>\n<li>Placa el\u00e9ctrica<\/li>\n<li>Vitrocer\u00e1mica<\/li>\n<li>Placa de gas<\/li>\n<li>Placa de inducci\u00f3n<\/li>\n<\/ul>\n<p><strong>Limpieza y cuidado:<\/strong><\/p>\n<ul>\n<li>Espere a que el producto se enfr\u00ede antes de limpiarlo.<\/li>\n<li>Limpie cualquier residuo de la base y los laterales del producto. Si se atasca alg\u00fan alimento, llene el producto con agua tibia y jab\u00f3n y d\u00e9jelo en remojo de 15 a 20 minutos antes de lavarlo como de costumbre.No utilice limpiadores abrasivos ni esponjas o cepillos met\u00e1licos, abrasivos o muy duros en ninguna de las superficies.\n<p>Seque bien despu\u00e9s del lavado y gu\u00e1rdelo en un lugar seco.<\/li>\n<\/ul>\n<\/div>\n","protected":false},"excerpt":{"rendered":"<p>Experimenta con diferentes recetas con tu molde para pan Evolution. Fabricado en hierro fundido con interior de esmalte negro, cuenta<\/p>\n","protected":false},"featured_media":513010,"template":"","meta":{"_acf_changed":false,"inline_featured_image":false},"product_cat":[16068,16058],"product_tag":[25090,19089,16755,21537,17104,16248,16158,16654,25023],"acf":[],"yoast_head":"<!-- This site is optimized with the Yoast SEO Premium plugin v18.6 (Yoast SEO v19.13) - https:\/\/yoast.com\/wordpress\/plugins\/seo\/ -->\n<title>LE CREUSET Molde de pan de hierro fundido Negro - Erresse Shop<\/title>\n<meta name=\"description\" content=\"Experimenta con diferentes recetas con tu molde para pan Evolution. Fabricado en hierro fundido con interior de esmalte negro, cuenta con lados y esquinas\" \/>\n<meta name=\"robots\" content=\"index, follow, max-snippet:-1, max-image-preview:large, max-video-preview:-1\" \/>\n<link rel=\"canonical\" href=\"https:\/\/www.erresse-shop.it\/es\/shop\/sartenes-y-ollas\/ollas-y-bandejas-de-horno\/le-creuset-molde-de-pan-de-hierro-fundido-negro\/\" \/>\n<meta property=\"og:locale\" content=\"es_ES\" \/>\n<meta property=\"og:type\" content=\"article\" \/>\n<meta property=\"og:title\" content=\"LE CREUSET Molde de pan de hierro fundido Negro\" \/>\n<meta property=\"og:description\" content=\"Experimenta con diferentes recetas con tu molde para pan Evolution. Fabricado en hierro fundido con interior de esmalte negro, cuenta con lados y esquinas\" \/>\n<meta property=\"og:url\" content=\"https:\/\/www.erresse-shop.it\/es\/shop\/sartenes-y-ollas\/ollas-y-bandejas-de-horno\/le-creuset-molde-de-pan-de-hierro-fundido-negro\/\" \/>\n<meta property=\"og:site_name\" content=\"Erresse Shop\" \/>\n<meta property=\"article:modified_time\" content=\"2025-10-02T09:35:49+00:00\" \/>\n<meta property=\"og:image\" content=\"https:\/\/www.erresse-shop.it\/wp-content\/uploads\/2025\/10\/LE-CREUSET-Stampo-Pane-in-ghisa-vetrificata-23-cm-Nero.jpg\" \/>\n\t<meta property=\"og:image:width\" content=\"1200\" \/>\n\t<meta property=\"og:image:height\" content=\"1200\" \/>\n\t<meta property=\"og:image:type\" content=\"image\/jpeg\" \/>\n<meta name=\"twitter:card\" content=\"summary_large_image\" \/>\n<script type=\"application\/ld+json\" class=\"yoast-schema-graph\">{\"@context\":\"https:\/\/schema.org\",\"@graph\":[{\"@type\":\"WebPage\",\"@id\":\"https:\/\/www.erresse-shop.it\/es\/shop\/sartenes-y-ollas\/ollas-y-bandejas-de-horno\/le-creuset-molde-de-pan-de-hierro-fundido-negro\/\",\"url\":\"https:\/\/www.erresse-shop.it\/es\/shop\/sartenes-y-ollas\/ollas-y-bandejas-de-horno\/le-creuset-molde-de-pan-de-hierro-fundido-negro\/\",\"name\":\"LE CREUSET Molde de pan de hierro fundido Negro - Erresse Shop\",\"isPartOf\":{\"@id\":\"https:\/\/www.erresse-shop.it\/es\/#website\"},\"datePublished\":\"2025-10-02T09:29:34+00:00\",\"dateModified\":\"2025-10-02T09:35:49+00:00\",\"description\":\"Experimenta con diferentes recetas con tu molde para pan Evolution. Fabricado en hierro fundido con interior de esmalte negro, cuenta con lados y esquinas\",\"breadcrumb\":{\"@id\":\"https:\/\/www.erresse-shop.it\/es\/shop\/sartenes-y-ollas\/ollas-y-bandejas-de-horno\/le-creuset-molde-de-pan-de-hierro-fundido-negro\/#breadcrumb\"},\"inLanguage\":\"es\",\"potentialAction\":[{\"@type\":\"ReadAction\",\"target\":[\"https:\/\/www.erresse-shop.it\/es\/shop\/sartenes-y-ollas\/ollas-y-bandejas-de-horno\/le-creuset-molde-de-pan-de-hierro-fundido-negro\/\"]}]},{\"@type\":\"BreadcrumbList\",\"@id\":\"https:\/\/www.erresse-shop.it\/es\/shop\/sartenes-y-ollas\/ollas-y-bandejas-de-horno\/le-creuset-molde-de-pan-de-hierro-fundido-negro\/#breadcrumb\",\"itemListElement\":[{\"@type\":\"ListItem\",\"position\":1,\"name\":\"Home\",\"item\":\"https:\/\/www.erresse-shop.it\/es\/\"},{\"@type\":\"ListItem\",\"position\":2,\"name\":\"Shop\",\"item\":\"https:\/\/www.erresse-shop.it\/es\/shop\/\"},{\"@type\":\"ListItem\",\"position\":3,\"name\":\"LE CREUSET Molde de pan de hierro fundido Negro\"}]},{\"@type\":\"WebSite\",\"@id\":\"https:\/\/www.erresse-shop.it\/es\/#website\",\"url\":\"https:\/\/www.erresse-shop.it\/es\/\",\"name\":\"Erresse Shop\",\"description\":\"Articoli di qualit\u00e0 per la casa\",\"potentialAction\":[{\"@type\":\"SearchAction\",\"target\":{\"@type\":\"EntryPoint\",\"urlTemplate\":\"https:\/\/www.erresse-shop.it\/es\/?s={search_term_string}\"},\"query-input\":\"required name=search_term_string\"}],\"inLanguage\":\"es\"}]}<\/script>\n<!-- \/ Yoast SEO Premium plugin. -->","yoast_head_json":{"title":"LE CREUSET Molde de pan de hierro fundido Negro - Erresse Shop","description":"Experimenta con diferentes recetas con tu molde para pan Evolution. Fabricado en hierro fundido con interior de esmalte negro, cuenta con lados y esquinas","robots":{"index":"index","follow":"follow","max-snippet":"max-snippet:-1","max-image-preview":"max-image-preview:large","max-video-preview":"max-video-preview:-1"},"canonical":"https:\/\/www.erresse-shop.it\/es\/shop\/sartenes-y-ollas\/ollas-y-bandejas-de-horno\/le-creuset-molde-de-pan-de-hierro-fundido-negro\/","og_locale":"es_ES","og_type":"article","og_title":"LE CREUSET Molde de pan de hierro fundido Negro","og_description":"Experimenta con diferentes recetas con tu molde para pan Evolution. Fabricado en hierro fundido con interior de esmalte negro, cuenta con lados y esquinas","og_url":"https:\/\/www.erresse-shop.it\/es\/shop\/sartenes-y-ollas\/ollas-y-bandejas-de-horno\/le-creuset-molde-de-pan-de-hierro-fundido-negro\/","og_site_name":"Erresse Shop","article_modified_time":"2025-10-02T09:35:49+00:00","og_image":[{"width":1200,"height":1200,"url":"https:\/\/www.erresse-shop.it\/wp-content\/uploads\/2025\/10\/LE-CREUSET-Stampo-Pane-in-ghisa-vetrificata-23-cm-Nero.jpg","type":"image\/jpeg"}],"twitter_card":"summary_large_image","schema":{"@context":"https:\/\/schema.org","@graph":[{"@type":"WebPage","@id":"https:\/\/www.erresse-shop.it\/es\/shop\/sartenes-y-ollas\/ollas-y-bandejas-de-horno\/le-creuset-molde-de-pan-de-hierro-fundido-negro\/","url":"https:\/\/www.erresse-shop.it\/es\/shop\/sartenes-y-ollas\/ollas-y-bandejas-de-horno\/le-creuset-molde-de-pan-de-hierro-fundido-negro\/","name":"LE CREUSET Molde de pan de hierro fundido Negro - Erresse Shop","isPartOf":{"@id":"https:\/\/www.erresse-shop.it\/es\/#website"},"datePublished":"2025-10-02T09:29:34+00:00","dateModified":"2025-10-02T09:35:49+00:00","description":"Experimenta con diferentes recetas con tu molde para pan Evolution. Fabricado en hierro fundido con interior de esmalte negro, cuenta con lados y esquinas","breadcrumb":{"@id":"https:\/\/www.erresse-shop.it\/es\/shop\/sartenes-y-ollas\/ollas-y-bandejas-de-horno\/le-creuset-molde-de-pan-de-hierro-fundido-negro\/#breadcrumb"},"inLanguage":"es","potentialAction":[{"@type":"ReadAction","target":["https:\/\/www.erresse-shop.it\/es\/shop\/sartenes-y-ollas\/ollas-y-bandejas-de-horno\/le-creuset-molde-de-pan-de-hierro-fundido-negro\/"]}]},{"@type":"BreadcrumbList","@id":"https:\/\/www.erresse-shop.it\/es\/shop\/sartenes-y-ollas\/ollas-y-bandejas-de-horno\/le-creuset-molde-de-pan-de-hierro-fundido-negro\/#breadcrumb","itemListElement":[{"@type":"ListItem","position":1,"name":"Home","item":"https:\/\/www.erresse-shop.it\/es\/"},{"@type":"ListItem","position":2,"name":"Shop","item":"https:\/\/www.erresse-shop.it\/es\/shop\/"},{"@type":"ListItem","position":3,"name":"LE CREUSET Molde de pan de hierro fundido Negro"}]},{"@type":"WebSite","@id":"https:\/\/www.erresse-shop.it\/es\/#website","url":"https:\/\/www.erresse-shop.it\/es\/","name":"Erresse Shop","description":"Articoli di qualit\u00e0 per la casa","potentialAction":[{"@type":"SearchAction","target":{"@type":"EntryPoint","urlTemplate":"https:\/\/www.erresse-shop.it\/es\/?s={search_term_string}"},"query-input":"required name=search_term_string"}],"inLanguage":"es"}]}},"df_price":117,"df_sale_price":117,"df_regular_price":195,"df_image_link":"https:\/\/www.erresse-shop.it\/wp-content\/uploads\/2025\/10\/LE-CREUSET-Stampo-Pane-in-ghisa-vetrificata-23-cm-Nero-300x300.jpg","_links":{"self":[{"href":"https:\/\/www.erresse-shop.it\/es\/wp-json\/wp\/v2\/product\/512980"}],"collection":[{"href":"https:\/\/www.erresse-shop.it\/es\/wp-json\/wp\/v2\/product"}],"about":[{"href":"https:\/\/www.erresse-shop.it\/es\/wp-json\/wp\/v2\/types\/product"}],"wp:featuredmedia":[{"embeddable":true,"href":"https:\/\/www.erresse-shop.it\/es\/wp-json\/wp\/v2\/media\/513010"}],"wp:attachment":[{"href":"https:\/\/www.erresse-shop.it\/es\/wp-json\/wp\/v2\/media?parent=512980"}],"wp:term":[{"taxonomy":"product_cat","embeddable":true,"href":"https:\/\/www.erresse-shop.it\/es\/wp-json\/wp\/v2\/product_cat?post=512980"},{"taxonomy":"product_tag","embeddable":true,"href":"https:\/\/www.erresse-shop.it\/es\/wp-json\/wp\/v2\/product_tag?post=512980"}],"curies":[{"name":"wp","href":"https:\/\/api.w.org\/{rel}","templated":true}]}}