{"id":511837,"date":"2025-09-09T09:48:32","date_gmt":"2025-09-09T09:48:36","guid":{"rendered":"https:\/\/www.erresse-shop.it\/?post_type=product&#038;p=511837"},"modified":"2025-10-23T08:56:57","modified_gmt":"2025-10-23T08:56:57","slug":"cookut-cacerola-la-merveilleuse-24-cm-blanco","status":"publish","type":"product","link":"https:\/\/www.erresse-shop.it\/es\/shop\/sartenes-y-ollas\/sartenes\/cookut-cacerola-la-merveilleuse-24-cm-blanco\/","title":{"rendered":"COOKUT Sart\u00e9n &#8220;La Merveilleuse&#8221; 24 cm Blanco"},"content":{"rendered":"<h3>LA HERMOSA GAMA DE ACERO INOXIDABLE<\/h3>\n<h4>COCINA SALUDABLE Y F\u00c1CIL<\/h4>\n<p>Acero inoxidable multicapa, sin n\u00edquel, PFOA ni PFAS, para una cocci\u00f3n saludable, r\u00e1pida, precisa y uniforme.<\/p>\n<h4>APTO PARA TODAS LAS PLACAS, INCLUIDO EL HORNO<\/h4>\n<p>Compatible con inducci\u00f3n, gas, el\u00e9ctrico, vitrocer\u00e1mica y hornos, incluyendo grill hasta 220 \u00b0C.<\/p>\n<h4>DISE\u00d1O CONTEMPOR\u00c1NEO Y COLORIDO<\/h4>\n<p>Una gama completa de sartenes y cacerolas en varios colores<\/p>\n<h4>ASAS DESMONTABLES<\/h4>\n<p>Elegantes e innovadoras. Cuentan con un mecanismo de clip invisible. Este mecanismo, sencillo y robusto, permite un uso f\u00e1cil con una sola mano.<\/p>\n<p><strong>El acero inoxidable La Meravigliosa est\u00e1 reforzado con cobre y titanio:<\/strong><\/p>\n<ul>\n<li>Acero inoxidable multicapa sin n\u00edquel, con la etiqueta STEEL GREEN (Verde Acero)<\/li>\n<li>Reforzado con cobre: \u200b\u200bFacilita una cocci\u00f3n r\u00e1pida y uniforme.<\/li>\n<li>Reforzado con titanio: Mejora la resistencia y la durabilidad.<\/li>\n<li>Sin PFAS: Cocinar en acero inoxidable est\u00e1 naturalmente libre de PFAS.<\/li>\n<\/ul>\n<p><strong>24 cm (2 a 4 personas, 1,8 L)<\/strong><\/p>\n<h2><span style=\"font-size: 14pt;\"><em><strong>El producto solo incluye la sart\u00e9n. El mango y la tapa no est\u00e1n incluidos y deben adquirirse por separado.<\/strong><\/em><\/span><\/h2>\n","protected":false},"excerpt":{"rendered":"<p>LA HERMOSA GAMA DE ACERO INOXIDABLE COCINA SALUDABLE Y F\u00c1CIL Acero inoxidable multicapa, sin n\u00edquel, PFOA ni PFAS, para una<\/p>\n","protected":false},"featured_media":512019,"template":"","meta":{"_acf_changed":false,"inline_featured_image":false},"product_cat":[16066,16058],"product_tag":[17654,16160],"acf":[],"yoast_head":"<!-- This site is optimized with the Yoast SEO Premium plugin v18.6 (Yoast SEO v19.13) - https:\/\/yoast.com\/wordpress\/plugins\/seo\/ -->\n<title>COOKUT Sart\u00e9n &quot;La Merveilleuse&quot; 24 cm Blanco - Erresse Shop<\/title>\n<meta name=\"description\" content=\"LA HERMOSA GAMA DE ACERO INOXIDABLE COCINA SALUDABLE Y F\u00c1CIL Acero inoxidable multicapa, sin n\u00edquel, PFOA ni PFAS, para una cocci\u00f3n saludable, r\u00e1pida,\" \/>\n<meta name=\"robots\" content=\"index, follow, max-snippet:-1, max-image-preview:large, max-video-preview:-1\" \/>\n<link rel=\"canonical\" href=\"https:\/\/www.erresse-shop.it\/es\/shop\/sartenes-y-ollas\/sartenes\/cookut-cacerola-la-merveilleuse-24-cm-blanco\/\" \/>\n<meta property=\"og:locale\" content=\"es_ES\" \/>\n<meta property=\"og:type\" content=\"article\" \/>\n<meta property=\"og:title\" content=\"COOKUT Sart\u00e9n &quot;La Merveilleuse&quot; 24 cm Blanco\" \/>\n<meta property=\"og:description\" content=\"LA HERMOSA GAMA DE ACERO INOXIDABLE COCINA SALUDABLE Y F\u00c1CIL Acero inoxidable multicapa, sin n\u00edquel, PFOA ni PFAS, para una cocci\u00f3n saludable, r\u00e1pida,\" \/>\n<meta property=\"og:url\" content=\"https:\/\/www.erresse-shop.it\/es\/shop\/sartenes-y-ollas\/sartenes\/cookut-cacerola-la-merveilleuse-24-cm-blanco\/\" \/>\n<meta property=\"og:site_name\" content=\"Erresse Shop\" \/>\n<meta property=\"article:modified_time\" content=\"2025-10-23T08:56:57+00:00\" \/>\n<meta property=\"og:image\" content=\"https:\/\/www.erresse-shop.it\/wp-content\/uploads\/2025\/09\/COOKUT-Padella-La-Meravigliosa-24-cm-Bianco-3.jpg\" \/>\n\t<meta property=\"og:image:width\" content=\"1200\" \/>\n\t<meta property=\"og:image:height\" content=\"1200\" \/>\n\t<meta property=\"og:image:type\" content=\"image\/jpeg\" \/>\n<meta name=\"twitter:card\" content=\"summary_large_image\" \/>\n<script type=\"application\/ld+json\" class=\"yoast-schema-graph\">{\"@context\":\"https:\/\/schema.org\",\"@graph\":[{\"@type\":\"WebPage\",\"@id\":\"https:\/\/www.erresse-shop.it\/es\/shop\/sartenes-y-ollas\/sartenes\/cookut-cacerola-la-merveilleuse-24-cm-blanco\/\",\"url\":\"https:\/\/www.erresse-shop.it\/es\/shop\/sartenes-y-ollas\/sartenes\/cookut-cacerola-la-merveilleuse-24-cm-blanco\/\",\"name\":\"COOKUT Sart\u00e9n \\\"La Merveilleuse\\\" 24 cm Blanco - Erresse Shop\",\"isPartOf\":{\"@id\":\"https:\/\/www.erresse-shop.it\/es\/#website\"},\"datePublished\":\"2025-09-09T09:48:36+00:00\",\"dateModified\":\"2025-10-23T08:56:57+00:00\",\"description\":\"LA HERMOSA GAMA DE ACERO INOXIDABLE COCINA SALUDABLE Y F\u00c1CIL Acero inoxidable multicapa, sin n\u00edquel, PFOA ni PFAS, para una cocci\u00f3n saludable, r\u00e1pida,\",\"breadcrumb\":{\"@id\":\"https:\/\/www.erresse-shop.it\/es\/shop\/sartenes-y-ollas\/sartenes\/cookut-cacerola-la-merveilleuse-24-cm-blanco\/#breadcrumb\"},\"inLanguage\":\"es\",\"potentialAction\":[{\"@type\":\"ReadAction\",\"target\":[\"https:\/\/www.erresse-shop.it\/es\/shop\/sartenes-y-ollas\/sartenes\/cookut-cacerola-la-merveilleuse-24-cm-blanco\/\"]}]},{\"@type\":\"BreadcrumbList\",\"@id\":\"https:\/\/www.erresse-shop.it\/es\/shop\/sartenes-y-ollas\/sartenes\/cookut-cacerola-la-merveilleuse-24-cm-blanco\/#breadcrumb\",\"itemListElement\":[{\"@type\":\"ListItem\",\"position\":1,\"name\":\"Home\",\"item\":\"https:\/\/www.erresse-shop.it\/es\/\"},{\"@type\":\"ListItem\",\"position\":2,\"name\":\"Shop\",\"item\":\"https:\/\/www.erresse-shop.it\/es\/shop\/\"},{\"@type\":\"ListItem\",\"position\":3,\"name\":\"COOKUT Sart\u00e9n &#8220;La Merveilleuse&#8221; 24 cm Blanco\"}]},{\"@type\":\"WebSite\",\"@id\":\"https:\/\/www.erresse-shop.it\/es\/#website\",\"url\":\"https:\/\/www.erresse-shop.it\/es\/\",\"name\":\"Erresse Shop\",\"description\":\"Articoli di qualit\u00e0 per la casa\",\"potentialAction\":[{\"@type\":\"SearchAction\",\"target\":{\"@type\":\"EntryPoint\",\"urlTemplate\":\"https:\/\/www.erresse-shop.it\/es\/?s={search_term_string}\"},\"query-input\":\"required name=search_term_string\"}],\"inLanguage\":\"es\"}]}<\/script>\n<!-- \/ Yoast SEO Premium plugin. -->","yoast_head_json":{"title":"COOKUT Sart\u00e9n \"La Merveilleuse\" 24 cm Blanco - Erresse Shop","description":"LA HERMOSA GAMA DE ACERO INOXIDABLE COCINA SALUDABLE Y F\u00c1CIL Acero inoxidable multicapa, sin n\u00edquel, PFOA ni PFAS, para una cocci\u00f3n saludable, r\u00e1pida,","robots":{"index":"index","follow":"follow","max-snippet":"max-snippet:-1","max-image-preview":"max-image-preview:large","max-video-preview":"max-video-preview:-1"},"canonical":"https:\/\/www.erresse-shop.it\/es\/shop\/sartenes-y-ollas\/sartenes\/cookut-cacerola-la-merveilleuse-24-cm-blanco\/","og_locale":"es_ES","og_type":"article","og_title":"COOKUT Sart\u00e9n \"La Merveilleuse\" 24 cm Blanco","og_description":"LA HERMOSA GAMA DE ACERO INOXIDABLE COCINA SALUDABLE Y F\u00c1CIL Acero inoxidable multicapa, sin n\u00edquel, PFOA ni PFAS, para una cocci\u00f3n saludable, r\u00e1pida,","og_url":"https:\/\/www.erresse-shop.it\/es\/shop\/sartenes-y-ollas\/sartenes\/cookut-cacerola-la-merveilleuse-24-cm-blanco\/","og_site_name":"Erresse Shop","article_modified_time":"2025-10-23T08:56:57+00:00","og_image":[{"width":1200,"height":1200,"url":"https:\/\/www.erresse-shop.it\/wp-content\/uploads\/2025\/09\/COOKUT-Padella-La-Meravigliosa-24-cm-Bianco-3.jpg","type":"image\/jpeg"}],"twitter_card":"summary_large_image","schema":{"@context":"https:\/\/schema.org","@graph":[{"@type":"WebPage","@id":"https:\/\/www.erresse-shop.it\/es\/shop\/sartenes-y-ollas\/sartenes\/cookut-cacerola-la-merveilleuse-24-cm-blanco\/","url":"https:\/\/www.erresse-shop.it\/es\/shop\/sartenes-y-ollas\/sartenes\/cookut-cacerola-la-merveilleuse-24-cm-blanco\/","name":"COOKUT Sart\u00e9n \"La Merveilleuse\" 24 cm Blanco - Erresse Shop","isPartOf":{"@id":"https:\/\/www.erresse-shop.it\/es\/#website"},"datePublished":"2025-09-09T09:48:36+00:00","dateModified":"2025-10-23T08:56:57+00:00","description":"LA HERMOSA GAMA DE ACERO INOXIDABLE COCINA SALUDABLE Y F\u00c1CIL Acero inoxidable multicapa, sin n\u00edquel, PFOA ni PFAS, para una cocci\u00f3n saludable, r\u00e1pida,","breadcrumb":{"@id":"https:\/\/www.erresse-shop.it\/es\/shop\/sartenes-y-ollas\/sartenes\/cookut-cacerola-la-merveilleuse-24-cm-blanco\/#breadcrumb"},"inLanguage":"es","potentialAction":[{"@type":"ReadAction","target":["https:\/\/www.erresse-shop.it\/es\/shop\/sartenes-y-ollas\/sartenes\/cookut-cacerola-la-merveilleuse-24-cm-blanco\/"]}]},{"@type":"BreadcrumbList","@id":"https:\/\/www.erresse-shop.it\/es\/shop\/sartenes-y-ollas\/sartenes\/cookut-cacerola-la-merveilleuse-24-cm-blanco\/#breadcrumb","itemListElement":[{"@type":"ListItem","position":1,"name":"Home","item":"https:\/\/www.erresse-shop.it\/es\/"},{"@type":"ListItem","position":2,"name":"Shop","item":"https:\/\/www.erresse-shop.it\/es\/shop\/"},{"@type":"ListItem","position":3,"name":"COOKUT Sart\u00e9n &#8220;La Merveilleuse&#8221; 24 cm Blanco"}]},{"@type":"WebSite","@id":"https:\/\/www.erresse-shop.it\/es\/#website","url":"https:\/\/www.erresse-shop.it\/es\/","name":"Erresse Shop","description":"Articoli di qualit\u00e0 per la casa","potentialAction":[{"@type":"SearchAction","target":{"@type":"EntryPoint","urlTemplate":"https:\/\/www.erresse-shop.it\/es\/?s={search_term_string}"},"query-input":"required name=search_term_string"}],"inLanguage":"es"}]}},"df_price":59,"df_sale_price":59,"df_regular_price":79.9,"df_image_link":"https:\/\/www.erresse-shop.it\/wp-content\/uploads\/2025\/09\/COOKUT-Padella-La-Meravigliosa-24-cm-Bianco-3-300x300.jpg","_links":{"self":[{"href":"https:\/\/www.erresse-shop.it\/es\/wp-json\/wp\/v2\/product\/511837"}],"collection":[{"href":"https:\/\/www.erresse-shop.it\/es\/wp-json\/wp\/v2\/product"}],"about":[{"href":"https:\/\/www.erresse-shop.it\/es\/wp-json\/wp\/v2\/types\/product"}],"wp:featuredmedia":[{"embeddable":true,"href":"https:\/\/www.erresse-shop.it\/es\/wp-json\/wp\/v2\/media\/512019"}],"wp:attachment":[{"href":"https:\/\/www.erresse-shop.it\/es\/wp-json\/wp\/v2\/media?parent=511837"}],"wp:term":[{"taxonomy":"product_cat","embeddable":true,"href":"https:\/\/www.erresse-shop.it\/es\/wp-json\/wp\/v2\/product_cat?post=511837"},{"taxonomy":"product_tag","embeddable":true,"href":"https:\/\/www.erresse-shop.it\/es\/wp-json\/wp\/v2\/product_tag?post=511837"}],"curies":[{"name":"wp","href":"https:\/\/api.w.org\/{rel}","templated":true}]}}