{"id":511702,"date":"2025-09-08T13:00:52","date_gmt":"2025-09-08T13:00:52","guid":{"rendered":"https:\/\/www.erresse-shop.it\/?post_type=product&#038;p=511702"},"modified":"2025-09-08T13:14:58","modified_gmt":"2025-09-08T13:14:58","slug":"caso-design-enfriador-de-vino-winecaseone-inox","status":"publish","type":"product","link":"https:\/\/www.erresse-shop.it\/es\/shop\/pequenos-electrodomesticos\/caso-design-enfriador-de-vino-winecaseone-inox\/","title":{"rendered":"CASO DESIGN Enfriador de vino WineCaseOne Inox"},"content":{"rendered":"<p><strong>Vinoteca CASO Design: Vino perfectamente fr\u00edo durante horas.<\/strong><\/p>\n<p>La WineCase One de CASO Design mantiene una botella de vino, espumoso u otras bebidas a la temperatura ideal para servir directamente en la mesa. Ideal para todos los amantes del vino y una excelente idea de regalo.<\/p>\n<p><strong>Hay muchas ocasiones para disfrutar de una buena botella de vino. Y a\u00fan mejor cuando est\u00e1 a la temperatura perfecta.<\/strong><\/p>\n<p>Una velada acogedora con buenos amigos y una copa de vino perfectamente fr\u00eda: con la vinoteca &#8220;WineCase One&#8221; de CASO Design, el vino preenfriado se mantiene a la temperatura \u00f3ptima para servir directamente en la mesa. Al mismo tiempo, su vino favorito se presenta a la perfecci\u00f3n.<\/p>\n<p>La temperatura se puede ajustar entre 5 y 18 \u00b0C en incrementos de 1 \u00b0C mediante el panel de control t\u00e1ctil.<\/p>\n<p>Incluso el vino tinto se mantiene a una temperatura \u00f3ptima para servir, entre 15 y 18 \u00b0C, incluso con temperaturas exteriores m\u00e1s altas. Como alternativa, el CASO WineCase One tambi\u00e9n permite guardar vino espumoso, champ\u00e1n, bebidas carbonatadas y similares.<\/p>\n<p><strong>Dimensiones:<\/strong> 28,5 x 13,5 x 24,5 cm<br \/>\n<strong>Peso:<\/strong> 2,3 kg<br \/>\n<strong>Potencia (vatios):<\/strong> 72<br \/>\n<strong>Voltaje:<\/strong> 100-240 V<\/p>\n","protected":false},"excerpt":{"rendered":"<p>Vinoteca CASO Design: Vino perfectamente fr\u00edo durante horas. La WineCase One de CASO Design mantiene una botella de vino, espumoso<\/p>\n","protected":false},"featured_media":511720,"template":"","meta":{"_acf_changed":false,"inline_featured_image":false},"product_cat":[16073],"product_tag":[21417,16259,16887],"acf":[],"yoast_head":"<!-- This site is optimized with the Yoast SEO Premium plugin v18.6 (Yoast SEO v19.13) - https:\/\/yoast.com\/wordpress\/plugins\/seo\/ -->\n<title>CASO DESIGN Enfriador de vino WineCaseOne Inox - Erresse Shop<\/title>\n<meta name=\"description\" content=\"Vinoteca CASO Design: Vino perfectamente fr\u00edo durante horas. La WineCase One de CASO Design mantiene una botella de vino, espumoso u otras bebidas a la\" \/>\n<meta name=\"robots\" content=\"index, follow, max-snippet:-1, max-image-preview:large, max-video-preview:-1\" \/>\n<link rel=\"canonical\" href=\"https:\/\/www.erresse-shop.it\/es\/shop\/pequenos-electrodomesticos\/caso-design-enfriador-de-vino-winecaseone-inox\/\" \/>\n<meta property=\"og:locale\" content=\"es_ES\" \/>\n<meta property=\"og:type\" content=\"article\" \/>\n<meta property=\"og:title\" content=\"CASO DESIGN Enfriador de vino WineCaseOne Inox\" \/>\n<meta property=\"og:description\" content=\"Vinoteca CASO Design: Vino perfectamente fr\u00edo durante horas. La WineCase One de CASO Design mantiene una botella de vino, espumoso u otras bebidas a la\" \/>\n<meta property=\"og:url\" content=\"https:\/\/www.erresse-shop.it\/es\/shop\/pequenos-electrodomesticos\/caso-design-enfriador-de-vino-winecaseone-inox\/\" \/>\n<meta property=\"og:site_name\" content=\"Erresse Shop\" \/>\n<meta property=\"article:modified_time\" content=\"2025-09-08T13:14:58+00:00\" \/>\n<meta property=\"og:image\" content=\"https:\/\/www.erresse-shop.it\/wp-content\/uploads\/2025\/09\/CASO-DESIGN-Raffreddatore-di-vino-WineCaseOne-Inox.jpg\" \/>\n\t<meta property=\"og:image:width\" content=\"1200\" \/>\n\t<meta property=\"og:image:height\" content=\"1200\" \/>\n\t<meta property=\"og:image:type\" content=\"image\/jpeg\" \/>\n<meta name=\"twitter:card\" content=\"summary_large_image\" \/>\n<script type=\"application\/ld+json\" class=\"yoast-schema-graph\">{\"@context\":\"https:\/\/schema.org\",\"@graph\":[{\"@type\":\"WebPage\",\"@id\":\"https:\/\/www.erresse-shop.it\/es\/shop\/pequenos-electrodomesticos\/caso-design-enfriador-de-vino-winecaseone-inox\/\",\"url\":\"https:\/\/www.erresse-shop.it\/es\/shop\/pequenos-electrodomesticos\/caso-design-enfriador-de-vino-winecaseone-inox\/\",\"name\":\"CASO DESIGN Enfriador de vino WineCaseOne Inox - Erresse Shop\",\"isPartOf\":{\"@id\":\"https:\/\/www.erresse-shop.it\/es\/#website\"},\"datePublished\":\"2025-09-08T13:00:52+00:00\",\"dateModified\":\"2025-09-08T13:14:58+00:00\",\"description\":\"Vinoteca CASO Design: Vino perfectamente fr\u00edo durante horas. La WineCase One de CASO Design mantiene una botella de vino, espumoso u otras bebidas a la\",\"breadcrumb\":{\"@id\":\"https:\/\/www.erresse-shop.it\/es\/shop\/pequenos-electrodomesticos\/caso-design-enfriador-de-vino-winecaseone-inox\/#breadcrumb\"},\"inLanguage\":\"es\",\"potentialAction\":[{\"@type\":\"ReadAction\",\"target\":[\"https:\/\/www.erresse-shop.it\/es\/shop\/pequenos-electrodomesticos\/caso-design-enfriador-de-vino-winecaseone-inox\/\"]}]},{\"@type\":\"BreadcrumbList\",\"@id\":\"https:\/\/www.erresse-shop.it\/es\/shop\/pequenos-electrodomesticos\/caso-design-enfriador-de-vino-winecaseone-inox\/#breadcrumb\",\"itemListElement\":[{\"@type\":\"ListItem\",\"position\":1,\"name\":\"Home\",\"item\":\"https:\/\/www.erresse-shop.it\/es\/\"},{\"@type\":\"ListItem\",\"position\":2,\"name\":\"Shop\",\"item\":\"https:\/\/www.erresse-shop.it\/es\/shop\/\"},{\"@type\":\"ListItem\",\"position\":3,\"name\":\"CASO DESIGN Enfriador de vino WineCaseOne Inox\"}]},{\"@type\":\"WebSite\",\"@id\":\"https:\/\/www.erresse-shop.it\/es\/#website\",\"url\":\"https:\/\/www.erresse-shop.it\/es\/\",\"name\":\"Erresse Shop\",\"description\":\"Articoli di qualit\u00e0 per la casa\",\"potentialAction\":[{\"@type\":\"SearchAction\",\"target\":{\"@type\":\"EntryPoint\",\"urlTemplate\":\"https:\/\/www.erresse-shop.it\/es\/?s={search_term_string}\"},\"query-input\":\"required name=search_term_string\"}],\"inLanguage\":\"es\"}]}<\/script>\n<!-- \/ Yoast SEO Premium plugin. -->","yoast_head_json":{"title":"CASO DESIGN Enfriador de vino WineCaseOne Inox - Erresse Shop","description":"Vinoteca CASO Design: Vino perfectamente fr\u00edo durante horas. La WineCase One de CASO Design mantiene una botella de vino, espumoso u otras bebidas a la","robots":{"index":"index","follow":"follow","max-snippet":"max-snippet:-1","max-image-preview":"max-image-preview:large","max-video-preview":"max-video-preview:-1"},"canonical":"https:\/\/www.erresse-shop.it\/es\/shop\/pequenos-electrodomesticos\/caso-design-enfriador-de-vino-winecaseone-inox\/","og_locale":"es_ES","og_type":"article","og_title":"CASO DESIGN Enfriador de vino WineCaseOne Inox","og_description":"Vinoteca CASO Design: Vino perfectamente fr\u00edo durante horas. La WineCase One de CASO Design mantiene una botella de vino, espumoso u otras bebidas a la","og_url":"https:\/\/www.erresse-shop.it\/es\/shop\/pequenos-electrodomesticos\/caso-design-enfriador-de-vino-winecaseone-inox\/","og_site_name":"Erresse Shop","article_modified_time":"2025-09-08T13:14:58+00:00","og_image":[{"width":1200,"height":1200,"url":"https:\/\/www.erresse-shop.it\/wp-content\/uploads\/2025\/09\/CASO-DESIGN-Raffreddatore-di-vino-WineCaseOne-Inox.jpg","type":"image\/jpeg"}],"twitter_card":"summary_large_image","schema":{"@context":"https:\/\/schema.org","@graph":[{"@type":"WebPage","@id":"https:\/\/www.erresse-shop.it\/es\/shop\/pequenos-electrodomesticos\/caso-design-enfriador-de-vino-winecaseone-inox\/","url":"https:\/\/www.erresse-shop.it\/es\/shop\/pequenos-electrodomesticos\/caso-design-enfriador-de-vino-winecaseone-inox\/","name":"CASO DESIGN Enfriador de vino WineCaseOne Inox - Erresse Shop","isPartOf":{"@id":"https:\/\/www.erresse-shop.it\/es\/#website"},"datePublished":"2025-09-08T13:00:52+00:00","dateModified":"2025-09-08T13:14:58+00:00","description":"Vinoteca CASO Design: Vino perfectamente fr\u00edo durante horas. La WineCase One de CASO Design mantiene una botella de vino, espumoso u otras bebidas a la","breadcrumb":{"@id":"https:\/\/www.erresse-shop.it\/es\/shop\/pequenos-electrodomesticos\/caso-design-enfriador-de-vino-winecaseone-inox\/#breadcrumb"},"inLanguage":"es","potentialAction":[{"@type":"ReadAction","target":["https:\/\/www.erresse-shop.it\/es\/shop\/pequenos-electrodomesticos\/caso-design-enfriador-de-vino-winecaseone-inox\/"]}]},{"@type":"BreadcrumbList","@id":"https:\/\/www.erresse-shop.it\/es\/shop\/pequenos-electrodomesticos\/caso-design-enfriador-de-vino-winecaseone-inox\/#breadcrumb","itemListElement":[{"@type":"ListItem","position":1,"name":"Home","item":"https:\/\/www.erresse-shop.it\/es\/"},{"@type":"ListItem","position":2,"name":"Shop","item":"https:\/\/www.erresse-shop.it\/es\/shop\/"},{"@type":"ListItem","position":3,"name":"CASO DESIGN Enfriador de vino WineCaseOne Inox"}]},{"@type":"WebSite","@id":"https:\/\/www.erresse-shop.it\/es\/#website","url":"https:\/\/www.erresse-shop.it\/es\/","name":"Erresse Shop","description":"Articoli di qualit\u00e0 per la casa","potentialAction":[{"@type":"SearchAction","target":{"@type":"EntryPoint","urlTemplate":"https:\/\/www.erresse-shop.it\/es\/?s={search_term_string}"},"query-input":"required name=search_term_string"}],"inLanguage":"es"}]}},"df_price":129.99,"df_sale_price":129.99,"df_regular_price":129.99,"df_image_link":"https:\/\/www.erresse-shop.it\/wp-content\/uploads\/2025\/09\/CASO-DESIGN-Raffreddatore-di-vino-WineCaseOne-Inox-300x300.jpg","_links":{"self":[{"href":"https:\/\/www.erresse-shop.it\/es\/wp-json\/wp\/v2\/product\/511702"}],"collection":[{"href":"https:\/\/www.erresse-shop.it\/es\/wp-json\/wp\/v2\/product"}],"about":[{"href":"https:\/\/www.erresse-shop.it\/es\/wp-json\/wp\/v2\/types\/product"}],"wp:featuredmedia":[{"embeddable":true,"href":"https:\/\/www.erresse-shop.it\/es\/wp-json\/wp\/v2\/media\/511720"}],"wp:attachment":[{"href":"https:\/\/www.erresse-shop.it\/es\/wp-json\/wp\/v2\/media?parent=511702"}],"wp:term":[{"taxonomy":"product_cat","embeddable":true,"href":"https:\/\/www.erresse-shop.it\/es\/wp-json\/wp\/v2\/product_cat?post=511702"},{"taxonomy":"product_tag","embeddable":true,"href":"https:\/\/www.erresse-shop.it\/es\/wp-json\/wp\/v2\/product_tag?post=511702"}],"curies":[{"name":"wp","href":"https:\/\/api.w.org\/{rel}","templated":true}]}}