{"id":511675,"date":"2025-09-08T06:18:48","date_gmt":"2025-09-08T06:18:48","guid":{"rendered":"https:\/\/www.erresse-shop.it\/?post_type=product&#038;p=511675"},"modified":"2025-09-08T06:38:10","modified_gmt":"2025-09-08T06:38:10","slug":"caso-design-espumador-de-leche-cappulatte","status":"publish","type":"product","link":"https:\/\/www.erresse-shop.it\/es\/shop\/pequenos-electrodomesticos\/espumadores-de-leche\/caso-design-espumador-de-leche-cappulatte\/","title":{"rendered":"CASO DESIGN Espumador de leche CappuLatte"},"content":{"rendered":"<h4>CASO CappuLatte &#8211; Espuma de leche perfecta para momentos inolvidables<\/h4>\n<p>El espumador de leche de dise\u00f1o CappuLatte lleva el placer de una espuma de leche perfecta a tu cocina.<\/p>\n<p>Tanto si te encanta el cappuccino, el latte macchiato como un cremoso chai latte, este espumador de leche el\u00e9ctrico crea una espuma suave y arom\u00e1tica en un abrir y cerrar de ojos.<\/p>\n<p>Gracias a su versatilidad, es compatible tanto con leche de vaca como con alternativas vegetales como la de avena, almendras o soja. Su dise\u00f1o de vidrio de alta calidad no solo realza su elegancia, sino que tambi\u00e9n garantiza un aspecto moderno y elegante.<\/p>\n<h4>Un espumador de leche el\u00e9ctrico para un disfrute vers\u00e1til<\/h4>\n<p>Este espumador de leche es m\u00e1s que un simple electrodom\u00e9stico: es un todoterreno para bebidas con leche fr\u00edas y calientes.<\/p>\n<p>Con cinco funciones diferentes, puedes preparar espuma de leche caliente, chocolate caliente o especialidades fr\u00edas como frapp\u00e9s en un abrir y cerrar de ojos. Especialmente pr\u00e1ctico: la jarra de vidrio extra\u00edble permite verter la leche con precisi\u00f3n, como en las cafeter\u00edas profesionales.<\/p>\n<p>Perfecto para esos momentos en los que quieres impresionar a tus invitados o darte un capricho.<\/p>\n<h4>Higi\u00e9nico, pr\u00e1ctico y f\u00e1cil de usar<\/h4>\n<p>Gracias a sus componentes aptos para lavavajillas (dep\u00f3sito para espumar leche, tapa y agitador), la limpieza es facil\u00edsima.<\/p>\n<p>Su manejo intuitivo con un solo toque convierte al espumador de leche el\u00e9ctrico en el compa\u00f1ero ideal para el d\u00eda a d\u00eda. Con una capacidad de hasta 250 ml para espumar leche y hasta 400 ml para calentar leche sin espumar, tambi\u00e9n es ideal para porciones m\u00e1s grandes.<\/p>\n<h4>Espuma de leche f\u00e1cil, para todos los gustos<\/h4>\n<p>CappuLatte te da la libertad de preparar tus bebidas favoritas individualmente.<\/p>\n<p>Ya sea extra espumoso para un capuchino o suave y cremoso para un latte macchiato, el resultado siempre est\u00e1 perfectamente equilibrado.<\/p>\n<p>Este espumador de leche el\u00e9ctrico tambi\u00e9n es la mejor opci\u00f3n para chocolate caliente, chai latte o como sustituto de la nata. La pantalla LED de funciones y el apagado autom\u00e1tico garantizan facilidad de uso y m\u00e1xima seguridad.<\/p>\n<h4>El mejor espumador de leche para tus momentos de placer<\/h4>\n<p>Elige el espumador de leche el\u00e9ctrico CappuLatte y disfruta de la combinaci\u00f3n perfecta de dise\u00f1o, rendimiento y facilidad de uso.<\/p>\n<p>Este aparato compacto es ideal para toda la familia y un imprescindible para quienes desean llevar el disfrute de su caf\u00e9 al siguiente nivel. \u00a1C\u00f3mpralo ahora y disfr\u00fatalo cada d\u00eda como en la cafeter\u00eda!<\/p>\n<p><strong>Dimensiones: <\/strong>11,5 x 14,5 x 20,5<br \/>\n<strong>Capacidad: <\/strong>400 ml<br \/>\n<strong>Peso: <\/strong>0,9 kg<br \/>\n<strong>Potencia (vatios): <\/strong>600<br \/>\n<strong>Voltaje: <\/strong>220-240 V~, 50-60 Hz<\/p>\n","protected":false},"excerpt":{"rendered":"<p>CASO CappuLatte &#8211; Espuma de leche perfecta para momentos inolvidables El espumador de leche de dise\u00f1o CappuLatte lleva el placer<\/p>\n","protected":false},"featured_media":511693,"template":"","meta":{"_acf_changed":false,"inline_featured_image":false},"product_cat":[20621,16073],"product_tag":[16259,16392],"acf":[],"yoast_head":"<!-- This site is optimized with the Yoast SEO Premium plugin v18.6 (Yoast SEO v19.13) - https:\/\/yoast.com\/wordpress\/plugins\/seo\/ -->\n<title>CASO DESIGN Espumador de leche CappuLatte - Erresse Shop<\/title>\n<meta name=\"description\" content=\"CASO CappuLatte - Espuma de leche perfecta para momentos inolvidables El espumador de leche de dise\u00f1o CappuLatte lleva el placer de una espuma de leche\" \/>\n<meta name=\"robots\" content=\"index, follow, max-snippet:-1, max-image-preview:large, max-video-preview:-1\" \/>\n<link rel=\"canonical\" href=\"https:\/\/www.erresse-shop.it\/es\/shop\/pequenos-electrodomesticos\/espumadores-de-leche\/caso-design-espumador-de-leche-cappulatte\/\" \/>\n<meta property=\"og:locale\" content=\"es_ES\" \/>\n<meta property=\"og:type\" content=\"article\" \/>\n<meta property=\"og:title\" content=\"CASO DESIGN Espumador de leche CappuLatte\" \/>\n<meta property=\"og:description\" content=\"CASO CappuLatte - Espuma de leche perfecta para momentos inolvidables El espumador de leche de dise\u00f1o CappuLatte lleva el placer de una espuma de leche\" \/>\n<meta property=\"og:url\" content=\"https:\/\/www.erresse-shop.it\/es\/shop\/pequenos-electrodomesticos\/espumadores-de-leche\/caso-design-espumador-de-leche-cappulatte\/\" \/>\n<meta property=\"og:site_name\" content=\"Erresse Shop\" \/>\n<meta property=\"article:modified_time\" content=\"2025-09-08T06:38:10+00:00\" \/>\n<meta property=\"og:image\" content=\"https:\/\/www.erresse-shop.it\/wp-content\/uploads\/2025\/09\/CASO-DESIGN-Montalatte-CappuLatte.jpg\" \/>\n\t<meta property=\"og:image:width\" content=\"1200\" \/>\n\t<meta property=\"og:image:height\" content=\"1200\" \/>\n\t<meta property=\"og:image:type\" content=\"image\/jpeg\" \/>\n<meta name=\"twitter:card\" content=\"summary_large_image\" \/>\n<script type=\"application\/ld+json\" class=\"yoast-schema-graph\">{\"@context\":\"https:\/\/schema.org\",\"@graph\":[{\"@type\":\"WebPage\",\"@id\":\"https:\/\/www.erresse-shop.it\/es\/shop\/pequenos-electrodomesticos\/espumadores-de-leche\/caso-design-espumador-de-leche-cappulatte\/\",\"url\":\"https:\/\/www.erresse-shop.it\/es\/shop\/pequenos-electrodomesticos\/espumadores-de-leche\/caso-design-espumador-de-leche-cappulatte\/\",\"name\":\"CASO DESIGN Espumador de leche CappuLatte - Erresse Shop\",\"isPartOf\":{\"@id\":\"https:\/\/www.erresse-shop.it\/es\/#website\"},\"datePublished\":\"2025-09-08T06:18:48+00:00\",\"dateModified\":\"2025-09-08T06:38:10+00:00\",\"description\":\"CASO CappuLatte - Espuma de leche perfecta para momentos inolvidables El espumador de leche de dise\u00f1o CappuLatte lleva el placer de una espuma de leche\",\"breadcrumb\":{\"@id\":\"https:\/\/www.erresse-shop.it\/es\/shop\/pequenos-electrodomesticos\/espumadores-de-leche\/caso-design-espumador-de-leche-cappulatte\/#breadcrumb\"},\"inLanguage\":\"es\",\"potentialAction\":[{\"@type\":\"ReadAction\",\"target\":[\"https:\/\/www.erresse-shop.it\/es\/shop\/pequenos-electrodomesticos\/espumadores-de-leche\/caso-design-espumador-de-leche-cappulatte\/\"]}]},{\"@type\":\"BreadcrumbList\",\"@id\":\"https:\/\/www.erresse-shop.it\/es\/shop\/pequenos-electrodomesticos\/espumadores-de-leche\/caso-design-espumador-de-leche-cappulatte\/#breadcrumb\",\"itemListElement\":[{\"@type\":\"ListItem\",\"position\":1,\"name\":\"Home\",\"item\":\"https:\/\/www.erresse-shop.it\/es\/\"},{\"@type\":\"ListItem\",\"position\":2,\"name\":\"Shop\",\"item\":\"https:\/\/www.erresse-shop.it\/es\/shop\/\"},{\"@type\":\"ListItem\",\"position\":3,\"name\":\"CASO DESIGN Espumador de leche CappuLatte\"}]},{\"@type\":\"WebSite\",\"@id\":\"https:\/\/www.erresse-shop.it\/es\/#website\",\"url\":\"https:\/\/www.erresse-shop.it\/es\/\",\"name\":\"Erresse Shop\",\"description\":\"Articoli di qualit\u00e0 per la casa\",\"potentialAction\":[{\"@type\":\"SearchAction\",\"target\":{\"@type\":\"EntryPoint\",\"urlTemplate\":\"https:\/\/www.erresse-shop.it\/es\/?s={search_term_string}\"},\"query-input\":\"required name=search_term_string\"}],\"inLanguage\":\"es\"}]}<\/script>\n<!-- \/ Yoast SEO Premium plugin. -->","yoast_head_json":{"title":"CASO DESIGN Espumador de leche CappuLatte - Erresse Shop","description":"CASO CappuLatte - Espuma de leche perfecta para momentos inolvidables El espumador de leche de dise\u00f1o CappuLatte lleva el placer de una espuma de leche","robots":{"index":"index","follow":"follow","max-snippet":"max-snippet:-1","max-image-preview":"max-image-preview:large","max-video-preview":"max-video-preview:-1"},"canonical":"https:\/\/www.erresse-shop.it\/es\/shop\/pequenos-electrodomesticos\/espumadores-de-leche\/caso-design-espumador-de-leche-cappulatte\/","og_locale":"es_ES","og_type":"article","og_title":"CASO DESIGN Espumador de leche CappuLatte","og_description":"CASO CappuLatte - Espuma de leche perfecta para momentos inolvidables El espumador de leche de dise\u00f1o CappuLatte lleva el placer de una espuma de leche","og_url":"https:\/\/www.erresse-shop.it\/es\/shop\/pequenos-electrodomesticos\/espumadores-de-leche\/caso-design-espumador-de-leche-cappulatte\/","og_site_name":"Erresse Shop","article_modified_time":"2025-09-08T06:38:10+00:00","og_image":[{"width":1200,"height":1200,"url":"https:\/\/www.erresse-shop.it\/wp-content\/uploads\/2025\/09\/CASO-DESIGN-Montalatte-CappuLatte.jpg","type":"image\/jpeg"}],"twitter_card":"summary_large_image","schema":{"@context":"https:\/\/schema.org","@graph":[{"@type":"WebPage","@id":"https:\/\/www.erresse-shop.it\/es\/shop\/pequenos-electrodomesticos\/espumadores-de-leche\/caso-design-espumador-de-leche-cappulatte\/","url":"https:\/\/www.erresse-shop.it\/es\/shop\/pequenos-electrodomesticos\/espumadores-de-leche\/caso-design-espumador-de-leche-cappulatte\/","name":"CASO DESIGN Espumador de leche CappuLatte - Erresse Shop","isPartOf":{"@id":"https:\/\/www.erresse-shop.it\/es\/#website"},"datePublished":"2025-09-08T06:18:48+00:00","dateModified":"2025-09-08T06:38:10+00:00","description":"CASO CappuLatte - Espuma de leche perfecta para momentos inolvidables El espumador de leche de dise\u00f1o CappuLatte lleva el placer de una espuma de leche","breadcrumb":{"@id":"https:\/\/www.erresse-shop.it\/es\/shop\/pequenos-electrodomesticos\/espumadores-de-leche\/caso-design-espumador-de-leche-cappulatte\/#breadcrumb"},"inLanguage":"es","potentialAction":[{"@type":"ReadAction","target":["https:\/\/www.erresse-shop.it\/es\/shop\/pequenos-electrodomesticos\/espumadores-de-leche\/caso-design-espumador-de-leche-cappulatte\/"]}]},{"@type":"BreadcrumbList","@id":"https:\/\/www.erresse-shop.it\/es\/shop\/pequenos-electrodomesticos\/espumadores-de-leche\/caso-design-espumador-de-leche-cappulatte\/#breadcrumb","itemListElement":[{"@type":"ListItem","position":1,"name":"Home","item":"https:\/\/www.erresse-shop.it\/es\/"},{"@type":"ListItem","position":2,"name":"Shop","item":"https:\/\/www.erresse-shop.it\/es\/shop\/"},{"@type":"ListItem","position":3,"name":"CASO DESIGN Espumador de leche CappuLatte"}]},{"@type":"WebSite","@id":"https:\/\/www.erresse-shop.it\/es\/#website","url":"https:\/\/www.erresse-shop.it\/es\/","name":"Erresse Shop","description":"Articoli di qualit\u00e0 per la casa","potentialAction":[{"@type":"SearchAction","target":{"@type":"EntryPoint","urlTemplate":"https:\/\/www.erresse-shop.it\/es\/?s={search_term_string}"},"query-input":"required name=search_term_string"}],"inLanguage":"es"}]}},"df_price":69.99,"df_sale_price":69.99,"df_regular_price":69.99,"df_image_link":"https:\/\/www.erresse-shop.it\/wp-content\/uploads\/2025\/09\/CASO-DESIGN-Montalatte-CappuLatte-300x300.jpg","_links":{"self":[{"href":"https:\/\/www.erresse-shop.it\/es\/wp-json\/wp\/v2\/product\/511675"}],"collection":[{"href":"https:\/\/www.erresse-shop.it\/es\/wp-json\/wp\/v2\/product"}],"about":[{"href":"https:\/\/www.erresse-shop.it\/es\/wp-json\/wp\/v2\/types\/product"}],"wp:featuredmedia":[{"embeddable":true,"href":"https:\/\/www.erresse-shop.it\/es\/wp-json\/wp\/v2\/media\/511693"}],"wp:attachment":[{"href":"https:\/\/www.erresse-shop.it\/es\/wp-json\/wp\/v2\/media?parent=511675"}],"wp:term":[{"taxonomy":"product_cat","embeddable":true,"href":"https:\/\/www.erresse-shop.it\/es\/wp-json\/wp\/v2\/product_cat?post=511675"},{"taxonomy":"product_tag","embeddable":true,"href":"https:\/\/www.erresse-shop.it\/es\/wp-json\/wp\/v2\/product_tag?post=511675"}],"curies":[{"name":"wp","href":"https:\/\/api.w.org\/{rel}","templated":true}]}}