{"id":511652,"date":"2025-09-08T06:00:05","date_gmt":"2025-09-08T06:00:05","guid":{"rendered":"https:\/\/www.erresse-shop.it\/?post_type=product&#038;p=511652"},"modified":"2025-09-08T06:15:50","modified_gmt":"2025-09-08T06:15:50","slug":"caso-design-espumador-de-leche-crema-choco-black","status":"publish","type":"product","link":"https:\/\/www.erresse-shop.it\/es\/shop\/pequenos-electrodomesticos\/espumadores-de-leche\/caso-design-espumador-de-leche-crema-choco-black\/","title":{"rendered":"CASO DESIGN Espumador de leche Crema &#038; Choco Black"},"content":{"rendered":"<h4>Caf\u00e9 y chocolate caliente como un profesional &#8211; con CASO Crema &amp; Choco Black<\/h4>\n<p>Una espuma de leche seductora que convierte cada bebida en una experiencia \u00fanica: eso es lo que ofrece CASO Crema &amp; Choco Black.<\/p>\n<p>Este espumador de leche de dise\u00f1o combina un dise\u00f1o elegante con tecnolog\u00eda de vanguardia para preparar f\u00e1cilmente bebidas con leche, tanto fr\u00edas como calientes.<\/p>\n<p>Ya sea capuchino, latte macchiato, chocolate caliente o caf\u00e9 helado, este espumador de leche proporciona resultados perfectamente espumosos y cremosos en solo minutos. Disfruta de tus bebidas favoritas con calidad de cafeter\u00eda cuando quieras.<\/p>\n<h4>Versatilidad para diferentes tipos de leche<\/h4>\n<p>Gracias a su preciso control de temperatura y sus funciones especiales, el Crema &amp; Choco Black es apto no solo para leche de vaca normal, sino tambi\u00e9n para alternativas vegetales.<\/p>\n<p>Disfruta de la misma deliciosa espuma de leche con leche de avena, almendras o soja. Este espumador de leche es lo suficientemente vers\u00e1til como para satisfacer las necesidades de las leches vegetales sin comprometer la calidad de la espuma.<\/p>\n<p>Preparar bebidas calientes con leche, como el caf\u00e9 macchiato o el chocolate caliente, es igual de f\u00e1cil. Da rienda suelta a tu creatividad y crea deliciosas bebidas que alegrar\u00e1n tu d\u00eda.<\/p>\n<h4>F\u00e1cil de usar y dise\u00f1o elegante<\/h4>\n<p>El manejo intuitivo con un solo toque y la pantalla LED hacen que usar el CASO Crema &amp; Choco Black sea m\u00e1s f\u00e1cil que nunca.<\/p>\n<p>Con un solo clic, puedes seleccionar la funci\u00f3n deseada: ya sea espuma de leche caliente o leche caliente, los insertos magn\u00e9ticos integrados del dispositivo se encargar\u00e1n del resto.<\/p>\n<p>El elegante dise\u00f1o negro y el frontal de acero inoxidable de alta calidad le dan al dispositivo un aspecto moderno que se adapta perfectamente a cualquier cocina. La base giratoria de 360\u00b0 garantiza un uso c\u00f3modo y flexible.<\/p>\n<h4>Funcionalidad y ligereza<\/h4>\n<p>CASO Crema &amp; Choco Black no solo es potente, sino tambi\u00e9n pr\u00e1ctico. Con una capacidad de hasta 250 ml de espuma de leche y 350 ml de leche caliente, es perfecta para el d\u00eda a d\u00eda, incluso con prisa.<\/p>\n<p>El recipiente de acero inoxidable con asa termoaislante garantiza un uso seguro en todo momento.<\/p>\n<p>Despu\u00e9s de usarla, los insertos magn\u00e9ticos, el recipiente de acero inoxidable y la tapa se pueden lavar f\u00e1cilmente en el lavavajillas, lo que te da m\u00e1s tiempo para disfrutar de tus bebidas.<\/p>\n<h4>Resultados perfectos para disfrutar al m\u00e1ximo de tu caf\u00e9<\/h4>\n<p>Ya sea un capuchino perfecto, un frapp\u00e9 cremoso o tu chocolate caliente favorito, Crema &amp; Choco Black siempre te ofrece resultados excelentes.<\/p>\n<p>El apagado autom\u00e1tico te evita preocuparte por el sobrecalentamiento: una funci\u00f3n de seguridad adicional que hace que el uso diario sea a\u00fan m\u00e1s agradable.<\/p>\n<p>Disfruta de una espuma de leche perfecta y leche caliente con solo pulsar un bot\u00f3n, cuando quieras.<\/p>\n<p><strong>Dimensiones:<\/strong> 12,5 x 16,5 x 22 cm<br \/>\n<strong>Capacidad:<\/strong> 350 ml<br \/>\n<strong>Peso:<\/strong> 0,9 kg<br \/>\n<strong>Potencia (vatios):<\/strong> 500 W<br \/>\n<strong>Voltaje:<\/strong> 220-240 V~, 50-60 Hz<\/p>\n","protected":false},"excerpt":{"rendered":"<p>Caf\u00e9 y chocolate caliente como un profesional &#8211; con CASO Crema &amp; Choco Black Una espuma de leche seductora que<\/p>\n","protected":false},"featured_media":511670,"template":"","meta":{"_acf_changed":false,"inline_featured_image":false},"product_cat":[20621,16073],"product_tag":[16259,16392],"acf":[],"yoast_head":"<!-- This site is optimized with the Yoast SEO Premium plugin v18.6 (Yoast SEO v19.13) - https:\/\/yoast.com\/wordpress\/plugins\/seo\/ -->\n<title>CASO DESIGN Espumador de leche Crema &amp; Choco Black - Erresse Shop<\/title>\n<meta name=\"description\" content=\"Caf\u00e9 y chocolate caliente como un profesional - con CASO Crema &amp; Choco Black Una espuma de leche seductora que convierte cada bebida en una\" \/>\n<meta name=\"robots\" content=\"index, follow, max-snippet:-1, max-image-preview:large, max-video-preview:-1\" \/>\n<link rel=\"canonical\" href=\"https:\/\/www.erresse-shop.it\/es\/shop\/pequenos-electrodomesticos\/espumadores-de-leche\/caso-design-espumador-de-leche-crema-choco-black\/\" \/>\n<meta property=\"og:locale\" content=\"es_ES\" \/>\n<meta property=\"og:type\" content=\"article\" \/>\n<meta property=\"og:title\" content=\"CASO DESIGN Espumador de leche Crema &amp; Choco Black\" \/>\n<meta property=\"og:description\" content=\"Caf\u00e9 y chocolate caliente como un profesional - con CASO Crema &amp; Choco Black Una espuma de leche seductora que convierte cada bebida en una\" \/>\n<meta property=\"og:url\" content=\"https:\/\/www.erresse-shop.it\/es\/shop\/pequenos-electrodomesticos\/espumadores-de-leche\/caso-design-espumador-de-leche-crema-choco-black\/\" \/>\n<meta property=\"og:site_name\" content=\"Erresse Shop\" \/>\n<meta property=\"article:modified_time\" content=\"2025-09-08T06:15:50+00:00\" \/>\n<meta property=\"og:image\" content=\"https:\/\/www.erresse-shop.it\/wp-content\/uploads\/2025\/09\/CASO-DESIGN-Montalatte-Crema-e-Choco-Black.jpg\" \/>\n\t<meta property=\"og:image:width\" content=\"1200\" \/>\n\t<meta property=\"og:image:height\" content=\"1200\" \/>\n\t<meta property=\"og:image:type\" content=\"image\/jpeg\" \/>\n<meta name=\"twitter:card\" content=\"summary_large_image\" \/>\n<script type=\"application\/ld+json\" class=\"yoast-schema-graph\">{\"@context\":\"https:\/\/schema.org\",\"@graph\":[{\"@type\":\"WebPage\",\"@id\":\"https:\/\/www.erresse-shop.it\/es\/shop\/pequenos-electrodomesticos\/espumadores-de-leche\/caso-design-espumador-de-leche-crema-choco-black\/\",\"url\":\"https:\/\/www.erresse-shop.it\/es\/shop\/pequenos-electrodomesticos\/espumadores-de-leche\/caso-design-espumador-de-leche-crema-choco-black\/\",\"name\":\"CASO DESIGN Espumador de leche Crema & Choco Black - Erresse Shop\",\"isPartOf\":{\"@id\":\"https:\/\/www.erresse-shop.it\/es\/#website\"},\"datePublished\":\"2025-09-08T06:00:05+00:00\",\"dateModified\":\"2025-09-08T06:15:50+00:00\",\"description\":\"Caf\u00e9 y chocolate caliente como un profesional - con CASO Crema &amp; Choco Black Una espuma de leche seductora que convierte cada bebida en una\",\"breadcrumb\":{\"@id\":\"https:\/\/www.erresse-shop.it\/es\/shop\/pequenos-electrodomesticos\/espumadores-de-leche\/caso-design-espumador-de-leche-crema-choco-black\/#breadcrumb\"},\"inLanguage\":\"es\",\"potentialAction\":[{\"@type\":\"ReadAction\",\"target\":[\"https:\/\/www.erresse-shop.it\/es\/shop\/pequenos-electrodomesticos\/espumadores-de-leche\/caso-design-espumador-de-leche-crema-choco-black\/\"]}]},{\"@type\":\"BreadcrumbList\",\"@id\":\"https:\/\/www.erresse-shop.it\/es\/shop\/pequenos-electrodomesticos\/espumadores-de-leche\/caso-design-espumador-de-leche-crema-choco-black\/#breadcrumb\",\"itemListElement\":[{\"@type\":\"ListItem\",\"position\":1,\"name\":\"Home\",\"item\":\"https:\/\/www.erresse-shop.it\/es\/\"},{\"@type\":\"ListItem\",\"position\":2,\"name\":\"Shop\",\"item\":\"https:\/\/www.erresse-shop.it\/es\/shop\/\"},{\"@type\":\"ListItem\",\"position\":3,\"name\":\"CASO DESIGN Espumador de leche Crema &#038; Choco Black\"}]},{\"@type\":\"WebSite\",\"@id\":\"https:\/\/www.erresse-shop.it\/es\/#website\",\"url\":\"https:\/\/www.erresse-shop.it\/es\/\",\"name\":\"Erresse Shop\",\"description\":\"Articoli di qualit\u00e0 per la casa\",\"potentialAction\":[{\"@type\":\"SearchAction\",\"target\":{\"@type\":\"EntryPoint\",\"urlTemplate\":\"https:\/\/www.erresse-shop.it\/es\/?s={search_term_string}\"},\"query-input\":\"required name=search_term_string\"}],\"inLanguage\":\"es\"}]}<\/script>\n<!-- \/ Yoast SEO Premium plugin. -->","yoast_head_json":{"title":"CASO DESIGN Espumador de leche Crema & Choco Black - Erresse Shop","description":"Caf\u00e9 y chocolate caliente como un profesional - con CASO Crema &amp; Choco Black Una espuma de leche seductora que convierte cada bebida en una","robots":{"index":"index","follow":"follow","max-snippet":"max-snippet:-1","max-image-preview":"max-image-preview:large","max-video-preview":"max-video-preview:-1"},"canonical":"https:\/\/www.erresse-shop.it\/es\/shop\/pequenos-electrodomesticos\/espumadores-de-leche\/caso-design-espumador-de-leche-crema-choco-black\/","og_locale":"es_ES","og_type":"article","og_title":"CASO DESIGN Espumador de leche Crema & Choco Black","og_description":"Caf\u00e9 y chocolate caliente como un profesional - con CASO Crema &amp; Choco Black Una espuma de leche seductora que convierte cada bebida en una","og_url":"https:\/\/www.erresse-shop.it\/es\/shop\/pequenos-electrodomesticos\/espumadores-de-leche\/caso-design-espumador-de-leche-crema-choco-black\/","og_site_name":"Erresse Shop","article_modified_time":"2025-09-08T06:15:50+00:00","og_image":[{"width":1200,"height":1200,"url":"https:\/\/www.erresse-shop.it\/wp-content\/uploads\/2025\/09\/CASO-DESIGN-Montalatte-Crema-e-Choco-Black.jpg","type":"image\/jpeg"}],"twitter_card":"summary_large_image","schema":{"@context":"https:\/\/schema.org","@graph":[{"@type":"WebPage","@id":"https:\/\/www.erresse-shop.it\/es\/shop\/pequenos-electrodomesticos\/espumadores-de-leche\/caso-design-espumador-de-leche-crema-choco-black\/","url":"https:\/\/www.erresse-shop.it\/es\/shop\/pequenos-electrodomesticos\/espumadores-de-leche\/caso-design-espumador-de-leche-crema-choco-black\/","name":"CASO DESIGN Espumador de leche Crema & Choco Black - Erresse Shop","isPartOf":{"@id":"https:\/\/www.erresse-shop.it\/es\/#website"},"datePublished":"2025-09-08T06:00:05+00:00","dateModified":"2025-09-08T06:15:50+00:00","description":"Caf\u00e9 y chocolate caliente como un profesional - con CASO Crema &amp; Choco Black Una espuma de leche seductora que convierte cada bebida en una","breadcrumb":{"@id":"https:\/\/www.erresse-shop.it\/es\/shop\/pequenos-electrodomesticos\/espumadores-de-leche\/caso-design-espumador-de-leche-crema-choco-black\/#breadcrumb"},"inLanguage":"es","potentialAction":[{"@type":"ReadAction","target":["https:\/\/www.erresse-shop.it\/es\/shop\/pequenos-electrodomesticos\/espumadores-de-leche\/caso-design-espumador-de-leche-crema-choco-black\/"]}]},{"@type":"BreadcrumbList","@id":"https:\/\/www.erresse-shop.it\/es\/shop\/pequenos-electrodomesticos\/espumadores-de-leche\/caso-design-espumador-de-leche-crema-choco-black\/#breadcrumb","itemListElement":[{"@type":"ListItem","position":1,"name":"Home","item":"https:\/\/www.erresse-shop.it\/es\/"},{"@type":"ListItem","position":2,"name":"Shop","item":"https:\/\/www.erresse-shop.it\/es\/shop\/"},{"@type":"ListItem","position":3,"name":"CASO DESIGN Espumador de leche Crema &#038; Choco Black"}]},{"@type":"WebSite","@id":"https:\/\/www.erresse-shop.it\/es\/#website","url":"https:\/\/www.erresse-shop.it\/es\/","name":"Erresse Shop","description":"Articoli di qualit\u00e0 per la casa","potentialAction":[{"@type":"SearchAction","target":{"@type":"EntryPoint","urlTemplate":"https:\/\/www.erresse-shop.it\/es\/?s={search_term_string}"},"query-input":"required name=search_term_string"}],"inLanguage":"es"}]}},"df_price":69.99,"df_sale_price":69.99,"df_regular_price":69.99,"df_image_link":"https:\/\/www.erresse-shop.it\/wp-content\/uploads\/2025\/09\/CASO-DESIGN-Montalatte-Crema-e-Choco-Black-300x300.jpg","_links":{"self":[{"href":"https:\/\/www.erresse-shop.it\/es\/wp-json\/wp\/v2\/product\/511652"}],"collection":[{"href":"https:\/\/www.erresse-shop.it\/es\/wp-json\/wp\/v2\/product"}],"about":[{"href":"https:\/\/www.erresse-shop.it\/es\/wp-json\/wp\/v2\/types\/product"}],"wp:featuredmedia":[{"embeddable":true,"href":"https:\/\/www.erresse-shop.it\/es\/wp-json\/wp\/v2\/media\/511670"}],"wp:attachment":[{"href":"https:\/\/www.erresse-shop.it\/es\/wp-json\/wp\/v2\/media?parent=511652"}],"wp:term":[{"taxonomy":"product_cat","embeddable":true,"href":"https:\/\/www.erresse-shop.it\/es\/wp-json\/wp\/v2\/product_cat?post=511652"},{"taxonomy":"product_tag","embeddable":true,"href":"https:\/\/www.erresse-shop.it\/es\/wp-json\/wp\/v2\/product_tag?post=511652"}],"curies":[{"name":"wp","href":"https:\/\/api.w.org\/{rel}","templated":true}]}}