{"id":511597,"date":"2025-09-05T12:38:28","date_gmt":"2025-09-05T12:38:28","guid":{"rendered":"https:\/\/www.erresse-shop.it\/?post_type=product&#038;p=511597"},"modified":"2025-09-05T12:47:54","modified_gmt":"2025-09-05T12:47:54","slug":"caso-design-maquina-de-picar-carne-chop-go","status":"publish","type":"product","link":"https:\/\/www.erresse-shop.it\/es\/shop\/pequenos-electrodomesticos\/procesadores-de-alimentos\/caso-design-maquina-de-picar-carne-chop-go\/","title":{"rendered":"CASO DESIGN m\u00e1quina de picar carne Chop &#038; Go"},"content":{"rendered":"<p>Picadora multiusos &#8220;Chop &#038; Go&#8221; de CASO Design: Lista para usar en cualquier lugar<br \/>\nPica, mezcla y tritura donde y cuando quieras: \u00a1con la picadora multiusos inal\u00e1mbrica &#8220;Chop &#038; Go&#8221; de CASO Design!<\/p>\n<p>\u00a1Se acabaron los enredos de cables!<\/p>\n<p>La picadora multiusos inal\u00e1mbrica est\u00e1 lista para usar en cualquier lugar. Esto te deja un amplio espacio para la creatividad y para trabajar.<\/p>\n<p>El conjunto de cuatro cuchillas de acero inoxidable pica y hace pur\u00e9 verduras, fruta, carne, pescado, frutos secos y mucho m\u00e1s de forma r\u00e1pida y sencilla.<\/p>\n<p>La pr\u00e1ctica &#8220;Chop &#038; Go&#8221; incluye un recipiente de vidrio de 1 litro, una alfombrilla antideslizante y una tapa de almacenamiento, lo que te facilita el trabajo: \u00a1perfecta para el uso diario en la cocina e ideal para llevar! Con disco emulsionador para batir y mezclar<br \/>\nEl elegante procesador de alimentos &#8220;Chop &#038; Go&#8221; ofrece dos velocidades (hasta 2300 rpm) y un disco emulsionador para batir y mezclar, como crema batida, salsas o aderezos.<\/p>\n<p>Tambi\u00e9n incluye una esp\u00e1tula y un cable de carga USB-C. La bater\u00eda de iones de litio de larga duraci\u00f3n dura hasta 60 minutos, dependiendo del tama\u00f1o del relleno y la velocidad.<\/p>\n<p>Para una mejor visi\u00f3n general, incorpora un indicador de bater\u00eda blanco con indicador de carga.<\/p>\n<p>Dimensiones: 14 x 14 x 23,5 cm<br \/>\nPeso: 1,63 kg<\/p>\n","protected":false},"excerpt":{"rendered":"<p>Picadora multiusos &#8220;Chop &#038; Go&#8221; de CASO Design: Lista para usar en cualquier lugar Pica, mezcla y tritura donde y<\/p>\n","protected":false},"featured_media":511621,"template":"","meta":{"_acf_changed":false,"inline_featured_image":false},"product_cat":[16073,16077],"product_tag":[16259,20900],"acf":[],"yoast_head":"<!-- This site is optimized with the Yoast SEO Premium plugin v18.6 (Yoast SEO v19.13) - https:\/\/yoast.com\/wordpress\/plugins\/seo\/ -->\n<title>CASO DESIGN m\u00e1quina de picar carne Chop &amp; Go - Erresse Shop<\/title>\n<meta name=\"description\" content=\"Picadora multiusos &quot;Chop &amp; Go&quot; de CASO Design: Lista para usar en cualquier lugar Pica, mezcla y tritura donde y cuando quieras: \u00a1con la picadora\" \/>\n<meta name=\"robots\" content=\"index, follow, max-snippet:-1, max-image-preview:large, max-video-preview:-1\" \/>\n<link rel=\"canonical\" href=\"https:\/\/www.erresse-shop.it\/es\/shop\/pequenos-electrodomesticos\/procesadores-de-alimentos\/caso-design-maquina-de-picar-carne-chop-go\/\" \/>\n<meta property=\"og:locale\" content=\"es_ES\" \/>\n<meta property=\"og:type\" content=\"article\" \/>\n<meta property=\"og:title\" content=\"CASO DESIGN m\u00e1quina de picar carne Chop &amp; Go\" \/>\n<meta property=\"og:description\" content=\"Picadora multiusos &quot;Chop &amp; Go&quot; de CASO Design: Lista para usar en cualquier lugar Pica, mezcla y tritura donde y cuando quieras: \u00a1con la picadora\" \/>\n<meta property=\"og:url\" content=\"https:\/\/www.erresse-shop.it\/es\/shop\/pequenos-electrodomesticos\/procesadores-de-alimentos\/caso-design-maquina-de-picar-carne-chop-go\/\" \/>\n<meta property=\"og:site_name\" content=\"Erresse Shop\" \/>\n<meta property=\"article:modified_time\" content=\"2025-09-05T12:47:54+00:00\" \/>\n<meta property=\"og:image\" content=\"https:\/\/www.erresse-shop.it\/wp-content\/uploads\/2025\/09\/CASO-DESIGN-Tritatutto-Chop-Go.jpg\" \/>\n\t<meta property=\"og:image:width\" content=\"1200\" \/>\n\t<meta property=\"og:image:height\" content=\"1200\" \/>\n\t<meta property=\"og:image:type\" content=\"image\/jpeg\" \/>\n<meta name=\"twitter:card\" content=\"summary_large_image\" \/>\n<script type=\"application\/ld+json\" class=\"yoast-schema-graph\">{\"@context\":\"https:\/\/schema.org\",\"@graph\":[{\"@type\":\"WebPage\",\"@id\":\"https:\/\/www.erresse-shop.it\/es\/shop\/pequenos-electrodomesticos\/procesadores-de-alimentos\/caso-design-maquina-de-picar-carne-chop-go\/\",\"url\":\"https:\/\/www.erresse-shop.it\/es\/shop\/pequenos-electrodomesticos\/procesadores-de-alimentos\/caso-design-maquina-de-picar-carne-chop-go\/\",\"name\":\"CASO DESIGN m\u00e1quina de picar carne Chop & Go - Erresse Shop\",\"isPartOf\":{\"@id\":\"https:\/\/www.erresse-shop.it\/es\/#website\"},\"datePublished\":\"2025-09-05T12:38:28+00:00\",\"dateModified\":\"2025-09-05T12:47:54+00:00\",\"description\":\"Picadora multiusos \\\"Chop & Go\\\" de CASO Design: Lista para usar en cualquier lugar Pica, mezcla y tritura donde y cuando quieras: \u00a1con la picadora\",\"breadcrumb\":{\"@id\":\"https:\/\/www.erresse-shop.it\/es\/shop\/pequenos-electrodomesticos\/procesadores-de-alimentos\/caso-design-maquina-de-picar-carne-chop-go\/#breadcrumb\"},\"inLanguage\":\"es\",\"potentialAction\":[{\"@type\":\"ReadAction\",\"target\":[\"https:\/\/www.erresse-shop.it\/es\/shop\/pequenos-electrodomesticos\/procesadores-de-alimentos\/caso-design-maquina-de-picar-carne-chop-go\/\"]}]},{\"@type\":\"BreadcrumbList\",\"@id\":\"https:\/\/www.erresse-shop.it\/es\/shop\/pequenos-electrodomesticos\/procesadores-de-alimentos\/caso-design-maquina-de-picar-carne-chop-go\/#breadcrumb\",\"itemListElement\":[{\"@type\":\"ListItem\",\"position\":1,\"name\":\"Home\",\"item\":\"https:\/\/www.erresse-shop.it\/es\/\"},{\"@type\":\"ListItem\",\"position\":2,\"name\":\"Shop\",\"item\":\"https:\/\/www.erresse-shop.it\/es\/shop\/\"},{\"@type\":\"ListItem\",\"position\":3,\"name\":\"CASO DESIGN m\u00e1quina de picar carne Chop &#038; Go\"}]},{\"@type\":\"WebSite\",\"@id\":\"https:\/\/www.erresse-shop.it\/es\/#website\",\"url\":\"https:\/\/www.erresse-shop.it\/es\/\",\"name\":\"Erresse Shop\",\"description\":\"Articoli di qualit\u00e0 per la casa\",\"potentialAction\":[{\"@type\":\"SearchAction\",\"target\":{\"@type\":\"EntryPoint\",\"urlTemplate\":\"https:\/\/www.erresse-shop.it\/es\/?s={search_term_string}\"},\"query-input\":\"required name=search_term_string\"}],\"inLanguage\":\"es\"}]}<\/script>\n<!-- \/ Yoast SEO Premium plugin. -->","yoast_head_json":{"title":"CASO DESIGN m\u00e1quina de picar carne Chop & Go - Erresse Shop","description":"Picadora multiusos \"Chop & Go\" de CASO Design: Lista para usar en cualquier lugar Pica, mezcla y tritura donde y cuando quieras: \u00a1con la picadora","robots":{"index":"index","follow":"follow","max-snippet":"max-snippet:-1","max-image-preview":"max-image-preview:large","max-video-preview":"max-video-preview:-1"},"canonical":"https:\/\/www.erresse-shop.it\/es\/shop\/pequenos-electrodomesticos\/procesadores-de-alimentos\/caso-design-maquina-de-picar-carne-chop-go\/","og_locale":"es_ES","og_type":"article","og_title":"CASO DESIGN m\u00e1quina de picar carne Chop & Go","og_description":"Picadora multiusos \"Chop & Go\" de CASO Design: Lista para usar en cualquier lugar Pica, mezcla y tritura donde y cuando quieras: \u00a1con la picadora","og_url":"https:\/\/www.erresse-shop.it\/es\/shop\/pequenos-electrodomesticos\/procesadores-de-alimentos\/caso-design-maquina-de-picar-carne-chop-go\/","og_site_name":"Erresse Shop","article_modified_time":"2025-09-05T12:47:54+00:00","og_image":[{"width":1200,"height":1200,"url":"https:\/\/www.erresse-shop.it\/wp-content\/uploads\/2025\/09\/CASO-DESIGN-Tritatutto-Chop-Go.jpg","type":"image\/jpeg"}],"twitter_card":"summary_large_image","schema":{"@context":"https:\/\/schema.org","@graph":[{"@type":"WebPage","@id":"https:\/\/www.erresse-shop.it\/es\/shop\/pequenos-electrodomesticos\/procesadores-de-alimentos\/caso-design-maquina-de-picar-carne-chop-go\/","url":"https:\/\/www.erresse-shop.it\/es\/shop\/pequenos-electrodomesticos\/procesadores-de-alimentos\/caso-design-maquina-de-picar-carne-chop-go\/","name":"CASO DESIGN m\u00e1quina de picar carne Chop & Go - Erresse Shop","isPartOf":{"@id":"https:\/\/www.erresse-shop.it\/es\/#website"},"datePublished":"2025-09-05T12:38:28+00:00","dateModified":"2025-09-05T12:47:54+00:00","description":"Picadora multiusos \"Chop & Go\" de CASO Design: Lista para usar en cualquier lugar Pica, mezcla y tritura donde y cuando quieras: \u00a1con la picadora","breadcrumb":{"@id":"https:\/\/www.erresse-shop.it\/es\/shop\/pequenos-electrodomesticos\/procesadores-de-alimentos\/caso-design-maquina-de-picar-carne-chop-go\/#breadcrumb"},"inLanguage":"es","potentialAction":[{"@type":"ReadAction","target":["https:\/\/www.erresse-shop.it\/es\/shop\/pequenos-electrodomesticos\/procesadores-de-alimentos\/caso-design-maquina-de-picar-carne-chop-go\/"]}]},{"@type":"BreadcrumbList","@id":"https:\/\/www.erresse-shop.it\/es\/shop\/pequenos-electrodomesticos\/procesadores-de-alimentos\/caso-design-maquina-de-picar-carne-chop-go\/#breadcrumb","itemListElement":[{"@type":"ListItem","position":1,"name":"Home","item":"https:\/\/www.erresse-shop.it\/es\/"},{"@type":"ListItem","position":2,"name":"Shop","item":"https:\/\/www.erresse-shop.it\/es\/shop\/"},{"@type":"ListItem","position":3,"name":"CASO DESIGN m\u00e1quina de picar carne Chop &#038; Go"}]},{"@type":"WebSite","@id":"https:\/\/www.erresse-shop.it\/es\/#website","url":"https:\/\/www.erresse-shop.it\/es\/","name":"Erresse Shop","description":"Articoli di qualit\u00e0 per la casa","potentialAction":[{"@type":"SearchAction","target":{"@type":"EntryPoint","urlTemplate":"https:\/\/www.erresse-shop.it\/es\/?s={search_term_string}"},"query-input":"required name=search_term_string"}],"inLanguage":"es"}]}},"df_price":69.99,"df_sale_price":69.99,"df_regular_price":69.99,"df_image_link":"https:\/\/www.erresse-shop.it\/wp-content\/uploads\/2025\/09\/CASO-DESIGN-Tritatutto-Chop-Go-300x300.jpg","_links":{"self":[{"href":"https:\/\/www.erresse-shop.it\/es\/wp-json\/wp\/v2\/product\/511597"}],"collection":[{"href":"https:\/\/www.erresse-shop.it\/es\/wp-json\/wp\/v2\/product"}],"about":[{"href":"https:\/\/www.erresse-shop.it\/es\/wp-json\/wp\/v2\/types\/product"}],"wp:featuredmedia":[{"embeddable":true,"href":"https:\/\/www.erresse-shop.it\/es\/wp-json\/wp\/v2\/media\/511621"}],"wp:attachment":[{"href":"https:\/\/www.erresse-shop.it\/es\/wp-json\/wp\/v2\/media?parent=511597"}],"wp:term":[{"taxonomy":"product_cat","embeddable":true,"href":"https:\/\/www.erresse-shop.it\/es\/wp-json\/wp\/v2\/product_cat?post=511597"},{"taxonomy":"product_tag","embeddable":true,"href":"https:\/\/www.erresse-shop.it\/es\/wp-json\/wp\/v2\/product_tag?post=511597"}],"curies":[{"name":"wp","href":"https:\/\/api.w.org\/{rel}","templated":true}]}}